{"id":600,"date":"2014-04-07T12:17:28","date_gmt":"2014-04-07T12:17:28","guid":{"rendered":"http:\/\/centros.unileon.es\/cienciasdeltrabajo\/?page_id=600"},"modified":"2023-09-12T09:31:53","modified_gmt":"2023-09-12T09:31:53","slug":"p-e-master-en-gestion-de-personal-y-practica-laboral","status":"publish","type":"page","link":"https:\/\/centros.unileon.es\/cienciasdeltrabajo\/p-e-master-en-gestion-de-personal-y-practica-laboral\/","title":{"rendered":"P.E. M\u00e1ster en Gesti\u00f3n de Personal y Pr\u00e1ctica Laboral"},"content":{"rendered":"","protected":false},"excerpt":{"rendered":"","protected":false},"author":88,"featured_media":0,"parent":0,"menu_order":0,"comment_status":"closed","ping_status":"open","template":"","meta":{"footnotes":""},"class_list":["post-600","page","type-page","status-publish","hentry"],"_links":{"self":[{"href":"https:\/\/centros.unileon.es\/cienciasdeltrabajo\/wp-json\/wp\/v2\/pages\/600","targetHints":{"allow":["GET"]}}],"collection":[{"href":"https:\/\/centros.unileon.es\/cienciasdeltrabajo\/wp-json\/wp\/v2\/pages"}],"about":[{"href":"https:\/\/centros.unileon.es\/cienciasdeltrabajo\/wp-json\/wp\/v2\/types\/page"}],"author":[{"embeddable":true,"href":"https:\/\/centros.unileon.es\/cienciasdeltrabajo\/wp-json\/wp\/v2\/users\/88"}],"replies":[{"embeddable":true,"href":"https:\/\/centros.unileon.es\/cienciasdeltrabajo\/wp-json\/wp\/v2\/comments?post=600"}],"version-history":[{"count":21,"href":"https:\/\/centros.unileon.es\/cienciasdeltrabajo\/wp-json\/wp\/v2\/pages\/600\/revisions"}],"predecessor-version":[{"id":2837,"href":"https:\/\/centros.unileon.es\/cienciasdeltrabajo\/wp-json\/wp\/v2\/pages\/600\/revisions\/2837"}],"wp:attachment":[{"href":"https:\/\/centros.unileon.es\/cienciasdeltrabajo\/wp-json\/wp\/v2\/media?parent=600"}],"curies":[{"name":"wp","href":"https:\/\/api.w.org\/{rel}","templated":true}]}}