{"id":6,"date":"2010-10-08T10:50:20","date_gmt":"2010-10-08T10:50:20","guid":{"rendered":"http:\/\/centros.unileon.es\/cienciasdeltrabajo\/"},"modified":"2026-01-26T10:15:26","modified_gmt":"2026-01-26T10:15:26","slug":"organos-directivos-y-de-representacion","status":"publish","type":"page","link":"https:\/\/centros.unileon.es\/cienciasdeltrabajo\/organos-directivos-y-de-representacion\/","title":{"rendered":"\u00d3rganos Directivos y de Representaci\u00f3n"},"content":{"rendered":"<h2><strong>\u00d3RGANOS DIRECTIVOS<\/strong><\/h2>\r\n<table style=\"width: 103.426%; height: 417px;\" cellspacing=\"1\" align=\"center\">\r\n<tbody>\r\n<tr style=\"height: 96px;\">\r\n<th style=\"width: 34.5708%; height: 96px;\">Decano de la Facultad<\/th>\r\n<td style=\"width: 30.0464%; height: 96px;\">\r\n<p>D.\u00a0Jos\u00e9 Gustavo Quir\u00f3s Hidalgo<\/p>\r\n<p>fctdec@unileon.es<\/p>\r\n<\/td>\r\n<td style=\"width: 19.5142%; height: 96px;\">987293428<\/td>\r\n<\/tr>\r\n<tr style=\"height: 107px;\">\r\n<th style=\"width: 34.5708%; height: 107px;\">Vicedecana 1\u00aa de la Facultad<\/th>\r\n<td style=\"width: 30.0464%; height: 107px;\">\r\n<p>D\u00aa. Beatriz Agra Viforcos<\/p>\r\n<p>bagrv@unileon.es<\/p>\r\n<\/td>\r\n<td style=\"width: 19.5142%; height: 107px;\">987293430<\/td>\r\n<\/tr>\r\n<tr style=\"height: 107px;\">\r\n<th style=\"width: 34.5708%; height: 107px;\">Vicedecano 2\u00ba de la Facultad<\/th>\r\n<td style=\"width: 30.0464%; height: 107px;\">\r\n<p>D. Rodrigo Tasc\u00f3n L\u00f3pez<\/p>\r\n<p>rtasl@unileon.es<\/p>\r\n<\/td>\r\n<td style=\"width: 19.5142%; height: 107px;\">987291447<\/td>\r\n<\/tr>\r\n<tr style=\"height: 107px;\">\r\n<th class=\"ACargo\" style=\"width: 34.5708%; height: 107px;\">Secretario de la Facultad<\/th>\r\n<td style=\"width: 30.0464%; height: 107px;\">\r\n<p>D. David Carrizo Aguado<\/p>\r\n<p>dcara@unileon.es<\/p>\r\n<\/td>\r\n<td style=\"width: 19.5142%; height: 107px;\">987291402<\/td>\r\n<\/tr>\r\n<\/tbody>\r\n<\/table>\r\n<h2>\u00a0<\/h2>\r\n<h2><span style=\"text-decoration: underline;\"><strong>\u00d3RGANOS DE REPRESENTACI\u00d3N<\/strong><\/span><\/h2>\r\n<p>&nbsp;<\/p>\r\n<p><a href=\"https:\/\/centros.unileon.es\/cienciasdeltrabajo\/files\/2026\/01\/Composicion-de-la-Junta-de-Facultad-CCTT-curso-25-26.pdf\">Composici\u00f3n de la Junta de Centro de la Facultad de Ciencias del Trabajo y de sus Comisiones Delegadas 2026<\/a><\/p>\r\n<p>&nbsp;<\/p>\r\n<p style=\"padding-left: 30px;\">\u00a0<\/p>","protected":false},"excerpt":{"rendered":"<p>\u00d3RGANOS DIRECTIVOS Decano de la Facultad D.\u00a0Jos\u00e9 Gustavo Quir\u00f3s Hidalgo fctdec@unileon.es 987293428 Vicedecana 1\u00aa de la Facultad D\u00aa. Beatriz Agra Viforcos bagrv@unileon.es 987293430 Vicedecano 2\u00ba de la Facultad D. Rodrigo Tasc\u00f3n L\u00f3pez rtasl@unileon.es 987291447 Secretario de la Facultad D. David Carrizo Aguado dcara@unileon.es 987291402 \u00a0 \u00d3RGANOS DE REPRESENTACI\u00d3N &nbsp; Composici\u00f3n de la Junta de Centro [&hellip;]<\/p>\n","protected":false},"author":44,"featured_media":0,"parent":0,"menu_order":0,"comment_status":"closed","ping_status":"closed","template":"","meta":{"footnotes":""},"class_list":["post-6","page","type-page","status-publish","hentry"],"_links":{"self":[{"href":"https:\/\/centros.unileon.es\/cienciasdeltrabajo\/wp-json\/wp\/v2\/pages\/6","targetHints":{"allow":["GET"]}}],"collection":[{"href":"https:\/\/centros.unileon.es\/cienciasdeltrabajo\/wp-json\/wp\/v2\/pages"}],"about":[{"href":"https:\/\/centros.unileon.es\/cienciasdeltrabajo\/wp-json\/wp\/v2\/types\/page"}],"author":[{"embeddable":true,"href":"https:\/\/centros.unileon.es\/cienciasdeltrabajo\/wp-json\/wp\/v2\/users\/44"}],"replies":[{"embeddable":true,"href":"https:\/\/centros.unileon.es\/cienciasdeltrabajo\/wp-json\/wp\/v2\/comments?post=6"}],"version-history":[{"count":65,"href":"https:\/\/centros.unileon.es\/cienciasdeltrabajo\/wp-json\/wp\/v2\/pages\/6\/revisions"}],"predecessor-version":[{"id":3373,"href":"https:\/\/centros.unileon.es\/cienciasdeltrabajo\/wp-json\/wp\/v2\/pages\/6\/revisions\/3373"}],"wp:attachment":[{"href":"https:\/\/centros.unileon.es\/cienciasdeltrabajo\/wp-json\/wp\/v2\/media?parent=6"}],"curies":[{"name":"wp","href":"https:\/\/api.w.org\/{rel}","templated":true}]}}