{"id":598,"date":"2014-04-07T12:16:49","date_gmt":"2014-04-07T12:16:49","guid":{"rendered":"http:\/\/centros.unileon.es\/cienciasdeltrabajo\/?page_id=598"},"modified":"2025-11-04T12:11:53","modified_gmt":"2025-11-04T12:11:53","slug":"p-e-master-en-gestion-de-la-prevencion-de-riesgos-laborales","status":"publish","type":"page","link":"https:\/\/centros.unileon.es\/cienciasdeltrabajo\/p-e-master-en-gestion-de-la-prevencion-de-riesgos-laborales\/","title":{"rendered":"P.E. M\u00e1ster en Gesti\u00f3n de la Prevenci\u00f3n de Riesgos Laborales"},"content":{"rendered":"<p>&nbsp;<\/p>\r\n<p><a href=\"http:\/\/centros.unileon.es\/cienciasdeltrabajo\/files\/2014\/04\/Lista-de-empresas-colaboradoras-para-la-realizaci\u00f3n-de-las-Pr\u00e1cticas-Externas-curriculares-del-M\u00e1ster-en-Gesti\u00f3n-de-la-Prevenci\u00f3n-de-Riesgos-Laborales.pdf\">Lista de empresas colaboradoras para la realizaci\u00f3n de las Pr\u00e1cticas Externas (curriculares) del M\u00e1ster en Gesti\u00f3n de la Prevenci\u00f3n de Riesgos Laborales<\/a><\/p>\r\n<p>La Fundaci\u00f3n SEPI, de conformidad con los t\u00e9rminos del convenio de colaboraci\u00f3n de fecha 20 de mayo de 2015 suscrito con RED EL\u00c9CTRICA DE ESPA\u00d1A, S.A.U., convoca 54 becas correspondientes al Programa RED EL\u00c9CTRICA DE ESPA\u00d1A Practica+ 2015.<br \/>\r\nLas entrevistas se realizar\u00e1n, previsiblemente, la segunda quincena de septiembre.<br \/>\r\n(1) Bases de la Convocatoria: Bases de la Convocatoria<br \/>\r\n(2) Las entrevistas se realizar\u00e1n en MADRID<br \/>\r\n(3) Formulario de Solicitud para titulados<br \/>\r\n(4) Recepci\u00f3n de solicitudes hasta el Viernes 31 de julio de 2015<\/p>\r\n<p>Para m\u00e1s informaci\u00f3n pinchar en el siguiente enlace:<\/p>\r\n<p><a href=\"http:\/\/centros.unileon.es\/derecho\/files\/2012\/12\/BasesREEP2015.pdf\">Convocatoria Becas Fundaci\u00f3n SEPI 2015<\/a>.<\/p>\r\n<p>M\u00e1s informaci\u00f3n: http:\/\/www.fundacionsepi.es\/becas\/reep-fsepi.asp<\/p>","protected":false},"excerpt":{"rendered":"<p>&nbsp; Lista de empresas colaboradoras para la realizaci\u00f3n de las Pr\u00e1cticas Externas (curriculares) del M\u00e1ster en Gesti\u00f3n de la Prevenci\u00f3n de Riesgos Laborales La Fundaci\u00f3n SEPI, de conformidad con los t\u00e9rminos del convenio de colaboraci\u00f3n de fecha 20 de mayo de 2015 suscrito con RED EL\u00c9CTRICA DE ESPA\u00d1A, S.A.U., convoca 54 becas correspondientes al Programa [&hellip;]<\/p>\n","protected":false},"author":88,"featured_media":0,"parent":0,"menu_order":0,"comment_status":"closed","ping_status":"open","template":"","meta":{"footnotes":""},"class_list":["post-598","page","type-page","status-publish","hentry"],"_links":{"self":[{"href":"https:\/\/centros.unileon.es\/cienciasdeltrabajo\/wp-json\/wp\/v2\/pages\/598","targetHints":{"allow":["GET"]}}],"collection":[{"href":"https:\/\/centros.unileon.es\/cienciasdeltrabajo\/wp-json\/wp\/v2\/pages"}],"about":[{"href":"https:\/\/centros.unileon.es\/cienciasdeltrabajo\/wp-json\/wp\/v2\/types\/page"}],"author":[{"embeddable":true,"href":"https:\/\/centros.unileon.es\/cienciasdeltrabajo\/wp-json\/wp\/v2\/users\/88"}],"replies":[{"embeddable":true,"href":"https:\/\/centros.unileon.es\/cienciasdeltrabajo\/wp-json\/wp\/v2\/comments?post=598"}],"version-history":[{"count":7,"href":"https:\/\/centros.unileon.es\/cienciasdeltrabajo\/wp-json\/wp\/v2\/pages\/598\/revisions"}],"predecessor-version":[{"id":3321,"href":"https:\/\/centros.unileon.es\/cienciasdeltrabajo\/wp-json\/wp\/v2\/pages\/598\/revisions\/3321"}],"wp:attachment":[{"href":"https:\/\/centros.unileon.es\/cienciasdeltrabajo\/wp-json\/wp\/v2\/media?parent=598"}],"curies":[{"name":"wp","href":"https:\/\/api.w.org\/{rel}","templated":true}]}}