{"id":540,"date":"2014-02-26T12:44:59","date_gmt":"2014-02-26T12:44:59","guid":{"rendered":"http:\/\/centros.unileon.es\/cienciasdeltrabajo\/?page_id=540"},"modified":"2026-04-16T08:23:07","modified_gmt":"2026-04-16T08:23:07","slug":"trabajo-fin-de-grado-de-relaciones-laborares-y-recursos-humanos","status":"publish","type":"page","link":"https:\/\/centros.unileon.es\/cienciasdeltrabajo\/trabajo-fin-de-grado-de-relaciones-laborares-y-recursos-humanos\/","title":{"rendered":"Trabajo Fin de Grado de Relaciones Laborales y Recursos Humanos"},"content":{"rendered":"<h2><span style=\"color: #993300;\"><strong><span style=\"text-decoration: underline;\">CURSO 2024\/2025<\/span>:<\/strong><\/span><\/h2>\r\n<p><a href=\"\/\/www.unileon.es\/estudiantes\/estudiantes-grado\/matricula\/normativa#matricula-trabajos-fin-grado\" target=\"_blank\" rel=\"noopener noreferrer\">Matr\u00edcula TFG<\/a><\/p>\r\n<p><a href=\"https:\/\/centros.unileon.es\/cienciasdeltrabajo\/files\/2025\/11\/Reglamento-TFG-ULE.pdf\">Reglamento TFG ULE<\/a><\/p>\r\n<p><a href=\"https:\/\/centros.unileon.es\/cienciasdeltrabajo\/files\/2021\/12\/Reglamento-TFG-Facultad-Ciencias-del-Trabajo.pdf\">Reglamento TFG Facultad Ciencias del Trabajo.<\/a><\/p>\r\n<p>&nbsp;<\/p>\r\n<p><a href=\"https:\/\/centros.unileon.es\/cienciasdeltrabajo\/files\/2026\/04\/ASIGNACION-DE-TUTORES-TFG-GRADO-EN-RRLL-y-RRHH.pdf\">Asignaci\u00f3n de Tutores TFG Grado en RRLL y RRHH 2025-2026 (primer semestre)<\/a><\/p>\r\n<p><a href=\"https:\/\/centros.unileon.es\/cienciasdeltrabajo\/files\/2025\/03\/ASIGNACION-DE-TUTORES-DEL-TRABAJO-FIN-DE-GRADO-EN-RELACIONES-LABORAES-Y-RECURSOS-HUMANOS-2024-2025.pdf\">Asignaci\u00f3n de Tutores TFG Grado en RRLL y RRHH 2024-2025 (primer y segundo semestre)<\/a><\/p>\r\n<p>&nbsp;<\/p>\r\n<p><a href=\"https:\/\/centros.unileon.es\/cienciasdeltrabajo\/files\/2021\/12\/ANEXO-1.-Modelo-de-solicitud-de-tutor-para-el-TFG.docx\">ANEXO 1.- Modelo de solicitud de tutor para el TFG<\/a><\/p>\r\n<p><a href=\"https:\/\/centros.unileon.es\/cienciasdeltrabajo\/files\/2023\/02\/ANEXO-2.-Cambio-de-tutor-tema-de-trabajo-solicitud-del-estudiante-1.docx\">ANEXO 2.- Cambio de tutor &#8211; tema de trabajo (solicitud del estudiante)<\/a><\/p>\r\n<p><a href=\"https:\/\/centros.unileon.es\/cienciasdeltrabajo\/files\/2023\/02\/ANEXO-3.-Cambio-de-alumno-asignado-solicitud-del-tutor-1.docx\">ANEXO 3.- Cambio de alumno asignado (solicitud del tutor)<\/a><\/p>\r\n<p><a href=\"https:\/\/centros.unileon.es\/cienciasdeltrabajo\/files\/2021\/12\/ANEXO-4.-Portada-TFG.docx\">ANEXO 4.- Portada TFG<\/a><\/p>\r\n<p><a href=\"https:\/\/centros.unileon.es\/cienciasdeltrabajo\/files\/2021\/12\/ANEXO-5.-Autorizacion-para-publicacion-en-abierto-del-TFG.docx\">ANEXO 5.- Autorizaci\u00f3n del alumno para publicaci\u00f3n en abierto del TFG<\/a><\/p>\r\n<p><a href=\"https:\/\/centros.unileon.es\/cienciasdeltrabajo\/files\/2025\/07\/Modelo-de-informe-y-calificacion-del-Tutor-TFG-1.doc\">Modelo de informe y calificaci\u00f3n del Tutor TFG<\/a><\/p>\r\n<p>&nbsp;<\/p>\r\n<h3><strong>Convocatoria TFG febrero 2026<\/strong><\/h3>\r\n<ul>\r\n\t<li><strong>Plazo para solicitar la convocatoria: <\/strong>del 16 al 20 de febrero de 2026\u00a0<\/li>\r\n\t<li class=\"first-child\"><strong>Plazo de Dep\u00f3sito:<\/strong> del 21 al 25 de febrero de 2026 (hasta las 14:00 horas del 25 de febrero), a trav\u00e9s de la plataforma: <a href=\"https:\/\/tfg.unileon.es\/\" target=\"_blank\" rel=\"noopener\" data-saferedirecturl=\"https:\/\/www.google.com\/url?q=https:\/\/tfg.unileon.es&amp;source=gmail&amp;ust=1747913413560000&amp;usg=AOvVaw2G_ftJ7BPbQkAYlInh7l2P\">https:\/\/tfg.unileon.es<\/a>.<\/li>\r\n\t<li class=\"first-child\"><strong>Defensa:\u00a0 <\/strong>3 de marzo de 2026. 10:00 horas. Comisi\u00f3n A: Aula 7; Comisi\u00f3n B: Sala de Juntas.<\/li>\r\n\t<li class=\"last-child\"><strong>Cierre de Actas:<\/strong> 6 de marzo de 2026.<\/li>\r\n<\/ul>\r\n<p>&nbsp;<\/p>\r\n<p><strong><em><u>Comisiones de Evaluaci\u00f3n Trabajo Fin de Grado (2025)<\/u><\/em><\/strong><\/p>\r\n<p><strong>Comisi\u00f3n A:<\/strong><\/p>\r\n<p><strong>\u00a0<\/strong><strong>Titulares:<\/strong><\/p>\r\n<p>D. Elicio D\u00cdAZ G\u00d3MEZ<br \/>\r\nD\u00f1a. Leticia FL\u00d3REZ MARCOS<br \/>\r\nD. Francisco P\u00c9REZ DEL AMO<\/p>\r\n<p><strong>\u00a0<\/strong><strong>Suplentes:<\/strong><\/p>\r\n<p>D\u00f1a. Mar\u00eda Anunciaci\u00f3n TRAPERO BARREALES<br \/>\r\nD\u00f1a. Ana CASTRO FRANCO<br \/>\r\nD. David CARRIZO AGUADO<\/p>\r\n<p><strong>\u00a0<\/strong><strong>Comisi\u00f3n B:<\/strong><\/p>\r\n<p><strong>\u00a0<\/strong><strong>Titulares:<\/strong><\/p>\r\n<p>D\u00f1a. Mar\u00eda Jos\u00e9 F\u00cdNEZ SILVA<br \/>\r\nD\u00f1a. Cristina GONZ\u00c1LEZ VIDALES<br \/>\r\nD. Carlos CARBAJO NOGAL<\/p>\r\n<p><strong>\u00a0<\/strong><strong>Suplentes:<\/strong><\/p>\r\n<p>D\u00f1a. Beatriz AGRA VIFORCOS<br \/>\r\nD\u00f1a. Elvira DELGADO M\u00c1RQUEZ<br \/>\r\nD. Francisco Xabiere G\u00d3MEZ GARC\u00cdA<\/p>\r\n<p><strong><u>Comisi\u00f3n de Reclamaciones del Trabajo Fin de Grado<\/u><\/strong><\/p>\r\n<p>D\u00f1a. Mar\u00eda de los Reyes MART\u00cdNEZ BARROSO<br \/>\r\nD. Roberto FERN\u00c1NDEZ FERN\u00c1NDEZ<br \/>\r\nD. Jos\u00e9 Gustavo QUIR\u00d3S HIDALGO<\/p>","protected":false},"excerpt":{"rendered":"<p>CURSO 2024\/2025: Matr\u00edcula TFG Reglamento TFG ULE Reglamento TFG Facultad Ciencias del Trabajo. &nbsp; Asignaci\u00f3n de Tutores TFG Grado en RRLL y RRHH 2025-2026 (primer semestre) Asignaci\u00f3n de Tutores TFG Grado en RRLL y RRHH 2024-2025 (primer y segundo semestre) &nbsp; ANEXO 1.- Modelo de solicitud de tutor para el TFG ANEXO 2.- Cambio de [&hellip;]<\/p>\n","protected":false},"author":44,"featured_media":0,"parent":0,"menu_order":0,"comment_status":"closed","ping_status":"closed","template":"","meta":{"footnotes":""},"class_list":["post-540","page","type-page","status-publish","hentry"],"_links":{"self":[{"href":"https:\/\/centros.unileon.es\/cienciasdeltrabajo\/wp-json\/wp\/v2\/pages\/540","targetHints":{"allow":["GET"]}}],"collection":[{"href":"https:\/\/centros.unileon.es\/cienciasdeltrabajo\/wp-json\/wp\/v2\/pages"}],"about":[{"href":"https:\/\/centros.unileon.es\/cienciasdeltrabajo\/wp-json\/wp\/v2\/types\/page"}],"author":[{"embeddable":true,"href":"https:\/\/centros.unileon.es\/cienciasdeltrabajo\/wp-json\/wp\/v2\/users\/44"}],"replies":[{"embeddable":true,"href":"https:\/\/centros.unileon.es\/cienciasdeltrabajo\/wp-json\/wp\/v2\/comments?post=540"}],"version-history":[{"count":213,"href":"https:\/\/centros.unileon.es\/cienciasdeltrabajo\/wp-json\/wp\/v2\/pages\/540\/revisions"}],"predecessor-version":[{"id":3453,"href":"https:\/\/centros.unileon.es\/cienciasdeltrabajo\/wp-json\/wp\/v2\/pages\/540\/revisions\/3453"}],"wp:attachment":[{"href":"https:\/\/centros.unileon.es\/cienciasdeltrabajo\/wp-json\/wp\/v2\/media?parent=540"}],"curies":[{"name":"wp","href":"https:\/\/api.w.org\/{rel}","templated":true}]}}