{"id":462,"date":"2014-02-15T16:47:39","date_gmt":"2014-02-15T16:47:39","guid":{"rendered":"http:\/\/centros.unileon.es\/cienciasdeltrabajo\/?page_id=462"},"modified":"2017-02-20T11:40:32","modified_gmt":"2017-02-20T11:40:32","slug":"organos-gobierno-c-adaptacion-grado","status":"publish","type":"page","link":"https:\/\/centros.unileon.es\/cienciasdeltrabajo\/organos-gobierno-c-adaptacion-grado\/","title":{"rendered":"Coordinaci\u00f3n\/Comisiones (C. Adaptaci\u00f3n Grado)"},"content":{"rendered":"Coordinadora del Curso de Adaptaci\u00f3n al Grado:\r\n<ul style=\"list-style-type: square;\">\r\n \t<li><strong>Dra. D\u00f1a.\u00a0Natalia Ord\u00f3\u00f1ez Pascua<\/strong><\/li>\r\n<\/ul>\r\nTodo lo referente a <strong>Trabajos Fin de Grado<\/strong> en la pesta\u00f1a de \u00abGrado en Relaciones Laborales y Recursos Humanos\u00bb\r\n\r\n<strong>Comisiones (enlace):<\/strong>\r\n\r\n<blockquote class=\"wp-embedded-content\" data-secret=\"vy0w4XziXa\"><a href=\"https:\/\/centros.unileon.es\/cienciasdeltrabajo\/organos-directivos-y-de-representacion\/\">\u00d3rganos Directivos y de Representaci\u00f3n<\/a><\/blockquote><iframe loading=\"lazy\" class=\"wp-embedded-content\" sandbox=\"allow-scripts\" security=\"restricted\" style=\"position: absolute; clip: rect(1px, 1px, 1px, 1px);\" title=\"\u00ab\u00d3rganos Directivos y de Representaci\u00f3n\u00bb \u2014 Facultad de Ciencias del Trabajo\" src=\"https:\/\/centros.unileon.es\/cienciasdeltrabajo\/organos-directivos-y-de-representacion\/embed\/#?secret=bp4n8JxMMu#?secret=vy0w4XziXa\" data-secret=\"vy0w4XziXa\" width=\"600\" height=\"338\" frameborder=\"0\" marginwidth=\"0\" marginheight=\"0\" scrolling=\"no\"><\/iframe>\r\n\r\n&nbsp;\r\n\r\n&nbsp;\r\n\r\n&nbsp;\r\n\r\n&nbsp;","protected":false},"excerpt":{"rendered":"<p>Coordinadora del Curso de Adaptaci\u00f3n al Grado: Dra. D\u00f1a.\u00a0Natalia Ord\u00f3\u00f1ez Pascua Todo lo referente a Trabajos Fin de Grado en la pesta\u00f1a de \u00abGrado en Relaciones Laborales y Recursos Humanos\u00bb Comisiones (enlace): \u00d3rganos Directivos y de Representaci\u00f3n &nbsp; &nbsp; &nbsp; &nbsp;<\/p>\n","protected":false},"author":88,"featured_media":0,"parent":0,"menu_order":0,"comment_status":"closed","ping_status":"open","template":"","meta":{"footnotes":""},"class_list":["post-462","page","type-page","status-publish","hentry"],"_links":{"self":[{"href":"https:\/\/centros.unileon.es\/cienciasdeltrabajo\/wp-json\/wp\/v2\/pages\/462","targetHints":{"allow":["GET"]}}],"collection":[{"href":"https:\/\/centros.unileon.es\/cienciasdeltrabajo\/wp-json\/wp\/v2\/pages"}],"about":[{"href":"https:\/\/centros.unileon.es\/cienciasdeltrabajo\/wp-json\/wp\/v2\/types\/page"}],"author":[{"embeddable":true,"href":"https:\/\/centros.unileon.es\/cienciasdeltrabajo\/wp-json\/wp\/v2\/users\/88"}],"replies":[{"embeddable":true,"href":"https:\/\/centros.unileon.es\/cienciasdeltrabajo\/wp-json\/wp\/v2\/comments?post=462"}],"version-history":[{"count":15,"href":"https:\/\/centros.unileon.es\/cienciasdeltrabajo\/wp-json\/wp\/v2\/pages\/462\/revisions"}],"predecessor-version":[{"id":1488,"href":"https:\/\/centros.unileon.es\/cienciasdeltrabajo\/wp-json\/wp\/v2\/pages\/462\/revisions\/1488"}],"wp:attachment":[{"href":"https:\/\/centros.unileon.es\/cienciasdeltrabajo\/wp-json\/wp\/v2\/media?parent=462"}],"curies":[{"name":"wp","href":"https:\/\/api.w.org\/{rel}","templated":true}]}}