{"id":453,"date":"2014-02-15T16:24:03","date_gmt":"2014-02-15T16:24:03","guid":{"rendered":"http:\/\/centros.unileon.es\/cienciasdeltrabajo\/?page_id=453"},"modified":"2025-09-09T11:54:37","modified_gmt":"2025-09-09T11:54:37","slug":"organos-gobierno-grado","status":"publish","type":"page","link":"https:\/\/centros.unileon.es\/cienciasdeltrabajo\/organos-gobierno-grado\/","title":{"rendered":"Coordinaci\u00f3n\/Comisiones (Grado)"},"content":{"rendered":"Coordinadora del T\u00edtulo de Grado:\r\n<ul>\r\n \t<li><strong>Dr. D. Rodrigo Tasc\u00f3n L\u00f3pez<\/strong><\/li>\r\n<\/ul>\r\nCoordinadores de Cursos:\r\n<ul>\r\n \t<li>Curso 1\u00ba: <strong>Dr. D. Francisco P\u00e9rez del Amo<\/strong><\/li>\r\n \t<li>Curso 2\u00ba: <strong>Dra.<\/strong> <strong>D\u00f1a. Cristina Gonz\u00e1lez Vidales<\/strong><\/li>\r\n \t<li>Curso 3\u00ba: <strong>Dr. D. Francisco Xabiere G\u00f3mez Garc\u00eda<\/strong><\/li>\r\n \t<li>Curso 4\u00ba: <strong>Dr. D. Elicio D\u00edaz G\u00f3mez<\/strong><\/li>\r\n<\/ul>\r\nTutores del PAT:\r\n<ul style=\"list-style-type: square;\">\r\n \t<li>Curso 1\u00ba: <strong>Dra. D\u00f1a. Mar\u00eda del Rosario Marcos Santiago<\/strong><\/li>\r\n \t<li>Curso 2\u00ba: <strong>Dra. D\u00f1a. Ana Mar\u00eda Castro Franco<\/strong><\/li>\r\n<\/ul>\r\n&nbsp;\r\n\r\n<strong>Comisiones (enlace):<\/strong>\r\n\r\n<blockquote class=\"wp-embedded-content\" data-secret=\"XgizLA2AZI\"><a href=\"https:\/\/centros.unileon.es\/cienciasdeltrabajo\/organos-directivos-y-de-representacion\/\">\u00d3rganos Directivos y de Representaci\u00f3n<\/a><\/blockquote><iframe loading=\"lazy\" class=\"wp-embedded-content\" sandbox=\"allow-scripts\" security=\"restricted\" style=\"position: absolute; visibility: hidden;\" title=\"\u00ab\u00d3rganos Directivos y de Representaci\u00f3n\u00bb \u2014 Facultad de Ciencias del Trabajo\" src=\"https:\/\/centros.unileon.es\/cienciasdeltrabajo\/organos-directivos-y-de-representacion\/embed\/#?secret=1KMCOre3Dz#?secret=XgizLA2AZI\" data-secret=\"XgizLA2AZI\" width=\"600\" height=\"338\" frameborder=\"0\" marginwidth=\"0\" marginheight=\"0\" scrolling=\"no\"><\/iframe>\r\n\r\n&nbsp;\r\n\r\n&nbsp;","protected":false},"excerpt":{"rendered":"<p>Coordinadora del T\u00edtulo de Grado: Dr. D. Rodrigo Tasc\u00f3n L\u00f3pez Coordinadores de Cursos: Curso 1\u00ba: Dr. D. Francisco P\u00e9rez del Amo Curso 2\u00ba: Dra. D\u00f1a. Cristina Gonz\u00e1lez Vidales Curso 3\u00ba: Dr. D. Francisco Xabiere G\u00f3mez Garc\u00eda Curso 4\u00ba: Dr. D. Elicio D\u00edaz G\u00f3mez Tutores del PAT: Curso 1\u00ba: Dra. D\u00f1a. Mar\u00eda del Rosario Marcos Santiago [&hellip;]<\/p>\n","protected":false},"author":88,"featured_media":0,"parent":0,"menu_order":0,"comment_status":"closed","ping_status":"open","template":"","meta":{"footnotes":""},"class_list":["post-453","page","type-page","status-publish","hentry"],"_links":{"self":[{"href":"https:\/\/centros.unileon.es\/cienciasdeltrabajo\/wp-json\/wp\/v2\/pages\/453","targetHints":{"allow":["GET"]}}],"collection":[{"href":"https:\/\/centros.unileon.es\/cienciasdeltrabajo\/wp-json\/wp\/v2\/pages"}],"about":[{"href":"https:\/\/centros.unileon.es\/cienciasdeltrabajo\/wp-json\/wp\/v2\/types\/page"}],"author":[{"embeddable":true,"href":"https:\/\/centros.unileon.es\/cienciasdeltrabajo\/wp-json\/wp\/v2\/users\/88"}],"replies":[{"embeddable":true,"href":"https:\/\/centros.unileon.es\/cienciasdeltrabajo\/wp-json\/wp\/v2\/comments?post=453"}],"version-history":[{"count":30,"href":"https:\/\/centros.unileon.es\/cienciasdeltrabajo\/wp-json\/wp\/v2\/pages\/453\/revisions"}],"predecessor-version":[{"id":3262,"href":"https:\/\/centros.unileon.es\/cienciasdeltrabajo\/wp-json\/wp\/v2\/pages\/453\/revisions\/3262"}],"wp:attachment":[{"href":"https:\/\/centros.unileon.es\/cienciasdeltrabajo\/wp-json\/wp\/v2\/media?parent=453"}],"curies":[{"name":"wp","href":"https:\/\/api.w.org\/{rel}","templated":true}]}}