{"id":415,"date":"2014-02-07T10:55:36","date_gmt":"2014-02-07T10:55:36","guid":{"rendered":"http:\/\/centros.unileon.es\/cienciasdeltrabajo\/?page_id=415"},"modified":"2026-01-26T10:19:03","modified_gmt":"2026-01-26T10:19:03","slug":"tfm_g_prevencion","status":"publish","type":"page","link":"https:\/\/centros.unileon.es\/cienciasdeltrabajo\/tfm_g_prevencion\/","title":{"rendered":"Trabajo Fin de M\u00e1ster en Gesti\u00f3n de Prevenci\u00f3n de Riesgos Laborales"},"content":{"rendered":"<p><a href=\"https:\/\/centros.unileon.es\/cienciasdeltrabajo\/files\/2025\/11\/Reglamento-TFM-ULE-1.pdf\">Reglamento TFM ULE<\/a><\/p>\r\n<p><a href=\"https:\/\/centros.unileon.es\/cienciasdeltrabajo\/files\/2021\/12\/Reglamento-TFM-Gestion-de-Prevencion-de-Riesgos-Laborales.pdf\">Reglamento TFM Gesti\u00f3n de Prevenci\u00f3n de Riesgos Laborales.<\/a><\/p>\r\n<p>&nbsp;<\/p>\r\n<p><a href=\"https:\/\/centros.unileon.es\/cienciasdeltrabajo\/files\/2021\/12\/ANEXO-1.-Cambio-de-tutor-tema-de-trabajo-solicitud-del-estudiante.docx\">ANEXO 1.- Cambio de tutor &#8211; tema de trabajo (solicitud del estudiante)<\/a><\/p>\r\n<p><a href=\"https:\/\/centros.unileon.es\/cienciasdeltrabajo\/files\/2021\/12\/ANEXO-2.-Cambio-de-alumno-asignado-solicitud-del-tutor.docx\">ANEXO 2.- Cambio de alumno asignado (solicitud del tutor)<\/a><\/p>\r\n<p><a href=\"https:\/\/centros.unileon.es\/cienciasdeltrabajo\/files\/2021\/12\/ANEXO-3.-Portada-TFM.docx\">ANEXO 3.- Portada TFM<\/a><\/p>\r\n<p><a href=\"https:\/\/centros.unileon.es\/cienciasdeltrabajo\/files\/2021\/12\/ANEXO-4.-Autorizacion-del-alumno-para-la-publicacion-en-abierto-del-TFM.docx\">ANEXO 4.- Autorizaci\u00f3n del alumno para la publicaci\u00f3n en abierto del TFM<\/a><\/p>\r\n<p>&nbsp;<\/p>\r\n<p><a href=\"https:\/\/centros.unileon.es\/cienciasdeltrabajo\/files\/2021\/12\/Modelo-de-informe-y-calificacion-del-Tutor-TFM.doc\">Modelo de informe y calificaci\u00f3n del Tutor TFM<\/a><\/p>\r\n<p>&nbsp;<\/p>\r\n<h3><strong>Convocatoria TFM marzo 2026<\/strong><\/h3>\r\n<ul>\r\n\t<li class=\"first-child\"><strong>Plazo de Dep\u00f3sito:<\/strong>\u00a0del 23 al 27 de febrero de 2026 (hasta las 14:00 horas del 27 de febrero), a trav\u00e9s de la plataforma:\u00a0<a href=\"https:\/\/tfg.unileon.es\/\" target=\"_blank\" rel=\"noopener\" data-saferedirecturl=\"https:\/\/www.google.com\/url?q=https:\/\/tfg.unileon.es&amp;source=gmail&amp;ust=1747913413560000&amp;usg=AOvVaw2G_ftJ7BPbQkAYlInh7l2P\">https:\/\/tfg.unileon.es<\/a>.<\/li>\r\n\t<li class=\"first-child\"><strong>Defensa:\u00a0<\/strong>5 de marzo de 2026; 10:30 horas. Sala de Juntas<\/li>\r\n\t<li class=\"last-child\"><strong>Cierre de Actas:<\/strong>\u00a013 de marzo de 2026.<\/li>\r\n<\/ul>\r\n<p>&nbsp;<\/p>\r\n<p><strong><u>Comisiones de Evaluaci\u00f3n de los Trabajos Fin de M\u00e1ster Universitario de Gesti\u00f3n de la Prevenci\u00f3n de Riesgos Laborales (2025)<\/u><\/strong><\/p>\r\n<p><strong>Comisi\u00f3n A (Ciencias Sociales, Econ\u00f3micas y Jur\u00eddicas):<\/strong><\/p>\r\n<p><strong>Titulares:<\/strong><\/p>\r\n<p>D\u00f1a. Henar \u00c1LVAREZ CUESTA<\/p>\r\n<p>D. Jos\u00e9 Luis V\u00c1ZQUEZ BURGUETE<\/p>\r\n<p>D. Jorge MAGDALENO MARCO<\/p>\r\n<p><strong>Suplentes:<\/strong><\/p>\r\n<p>D. Ana Isabel SALVADOR CHAMORRO<br \/>\r\nD\u00f1a. Beatriz AGRA VIFORCOS<br \/>\r\nD. Javier FERN\u00c1NDEZ-COSTALES MU\u00d1IZ<\/p>\r\n<p><strong>Comisi\u00f3n B (Ciencias T\u00e9cnicas, Experimentales y de la Salud):<\/strong><\/p>\r\n<p><strong>Titulares: <\/strong><\/p>\r\n<p>D. C\u00e9sar Bernardo GUTI\u00c9RREZ MART\u00cdN<br \/>\r\nD. Vicente MART\u00cdN S\u00c1NCHEZ<br \/>\r\nD. Jes\u00fas Ramiro CEPEDA RIA\u00d1O<\/p>\r\n<p><strong>Suplentes:<\/strong><\/p>\r\n<p>D. Roberto FERN\u00c1NDEZ FERN\u00c1NDEZ<br \/>\r\nD. Roberto L\u00d3PEZ GONZ\u00c1LEZ<br \/>\r\nD\u00f1a. Cristina GONZ\u00c1LEZ VIDALES<\/p>\r\n<p><strong><u>Comisi\u00f3n de Reclamaciones\u00a0<\/u><\/strong><strong><u>Trabajos Fin de M\u00e1ster en Gesti\u00f3n de la Prevenci\u00f3n de Riesgos Laborales<\/u><\/strong><strong>:<\/strong><\/p>\r\n<p>D\u00f1a. Susana RODR\u00cdGUEZ ESCANCIANO<br \/>\r\nD. Jos\u00e9 Gustavo QUIR\u00d3S HIDALGO<br \/>\r\nD\u00f1a. Natalia ORD\u00d3\u00d1EZ PASCUA<\/p>\r\n<p>&nbsp;<\/p>","protected":false},"excerpt":{"rendered":"<p>Reglamento TFM ULE Reglamento TFM Gesti\u00f3n de Prevenci\u00f3n de Riesgos Laborales. &nbsp; ANEXO 1.- Cambio de tutor &#8211; tema de trabajo (solicitud del estudiante) ANEXO 2.- Cambio de alumno asignado (solicitud del tutor) ANEXO 3.- Portada TFM ANEXO 4.- Autorizaci\u00f3n del alumno para la publicaci\u00f3n en abierto del TFM &nbsp; Modelo de informe y calificaci\u00f3n [&hellip;]<\/p>\n","protected":false},"author":44,"featured_media":0,"parent":0,"menu_order":0,"comment_status":"closed","ping_status":"closed","template":"","meta":{"footnotes":""},"class_list":["post-415","page","type-page","status-publish","hentry"],"_links":{"self":[{"href":"https:\/\/centros.unileon.es\/cienciasdeltrabajo\/wp-json\/wp\/v2\/pages\/415","targetHints":{"allow":["GET"]}}],"collection":[{"href":"https:\/\/centros.unileon.es\/cienciasdeltrabajo\/wp-json\/wp\/v2\/pages"}],"about":[{"href":"https:\/\/centros.unileon.es\/cienciasdeltrabajo\/wp-json\/wp\/v2\/types\/page"}],"author":[{"embeddable":true,"href":"https:\/\/centros.unileon.es\/cienciasdeltrabajo\/wp-json\/wp\/v2\/users\/44"}],"replies":[{"embeddable":true,"href":"https:\/\/centros.unileon.es\/cienciasdeltrabajo\/wp-json\/wp\/v2\/comments?post=415"}],"version-history":[{"count":103,"href":"https:\/\/centros.unileon.es\/cienciasdeltrabajo\/wp-json\/wp\/v2\/pages\/415\/revisions"}],"predecessor-version":[{"id":3375,"href":"https:\/\/centros.unileon.es\/cienciasdeltrabajo\/wp-json\/wp\/v2\/pages\/415\/revisions\/3375"}],"wp:attachment":[{"href":"https:\/\/centros.unileon.es\/cienciasdeltrabajo\/wp-json\/wp\/v2\/media?parent=415"}],"curies":[{"name":"wp","href":"https:\/\/api.w.org\/{rel}","templated":true}]}}