{"id":392,"date":"2013-12-16T18:49:44","date_gmt":"2013-12-16T18:49:44","guid":{"rendered":"http:\/\/centros.unileon.es\/cienciasdeltrabajo\/?page_id=392"},"modified":"2026-01-26T10:16:52","modified_gmt":"2026-01-26T10:16:52","slug":"tfm_mgppl","status":"publish","type":"page","link":"https:\/\/centros.unileon.es\/cienciasdeltrabajo\/tfm_mgppl\/","title":{"rendered":"Trabajo Fin de M\u00e1ster en Gesti\u00f3n de Personal y Pr\u00e1ctica Laboral"},"content":{"rendered":"<p><a href=\"https:\/\/centros.unileon.es\/cienciasdeltrabajo\/files\/2025\/11\/Reglamento-TFM-ULE.pdf\">Reglamento TFM ULE<\/a><\/p>\r\n<p><a href=\"https:\/\/centros.unileon.es\/cienciasdeltrabajo\/files\/2021\/12\/Reglamento-TFM-Gestion-de-personal-y-practica-laboral-1.pdf\">Reglamento TFM Gesti\u00f3n de Personal y Pr\u00e1ctica Laboral<\/a><\/p>\r\n<p>&nbsp;<\/p>\r\n<p><a href=\"https:\/\/centros.unileon.es\/cienciasdeltrabajo\/files\/2021\/12\/ANEXO-1.-Cambio-de-tutor-tema-de-trabajo-solicitud-del-estudiante.docx\">ANEXO 1.- Cambio de tutor &#8211; tema de trabajo (solicitud del estudiante)<\/a><\/p>\r\n<p><a href=\"https:\/\/centros.unileon.es\/cienciasdeltrabajo\/files\/2021\/12\/ANEXO-2.-Cambio-de-alumno-asignado-solicitud-del-tutor.docx\">ANEXO 2.- Cambio de alumno asignado (solicitud del tutor)<\/a><\/p>\r\n<p><a href=\"https:\/\/centros.unileon.es\/cienciasdeltrabajo\/files\/2021\/12\/ANEXO-3.-Portada-TFM.docx\">ANEXO 3.- Portada TFM<\/a><\/p>\r\n<p><a href=\"https:\/\/centros.unileon.es\/cienciasdeltrabajo\/files\/2021\/12\/ANEXO-4.-Autorizacion-del-alumno-para-la-publicacion-en-abierto-del-TFM.docx\">ANEXO 4.- Autorizaci\u00f3n del alumno para la publicaci\u00f3n en abierto del TFM<\/a><\/p>\r\n<p>&nbsp;<\/p>\r\n<p><a href=\"https:\/\/centros.unileon.es\/cienciasdeltrabajo\/files\/2021\/12\/Modelo-de-informe-y-calificacion-del-Tutor-TFM-1.doc\">Modelo de informe y calificaci\u00f3n del Tutor TFM<\/a><\/p>\r\n<p>&nbsp;<\/p>\r\n<p><a href=\"https:\/\/centros.unileon.es\/cienciasdeltrabajo\/files\/2025\/05\/Listado-de-alumnos-y-tutores-TFM-2024-2025-II.doc\">Asignaci\u00f3n de Tutores TFM. Curso 2024-2025<\/a><\/p>\r\n<p>&nbsp;<\/p>\r\n<h3><strong>Convocatoria TFM marzo 2026<\/strong><\/h3>\r\n<ul>\r\n\t<li class=\"first-child\"><strong>Plazo de Dep\u00f3sito:<\/strong> del 23 al 27 de febrero de 2026 (hasta las 14:00 horas del 27 de febrero), a trav\u00e9s de la plataforma: <a href=\"https:\/\/tfg.unileon.es\/\" target=\"_blank\" rel=\"noopener\" data-saferedirecturl=\"https:\/\/www.google.com\/url?q=https:\/\/tfg.unileon.es&amp;source=gmail&amp;ust=1747913413560000&amp;usg=AOvVaw2G_ftJ7BPbQkAYlInh7l2P\">https:\/\/tfg.unileon.es<\/a>.<\/li>\r\n\t<li class=\"first-child\"><strong>Defensa: <\/strong>5 de marzo de 2026; 10:00 horas. Aula 7<\/li>\r\n\t<li class=\"last-child\"><strong>Cierre de Actas:<\/strong> 13 de marzo de 2026.<\/li>\r\n<\/ul>\r\n<p>&nbsp;<\/p>\r\n<p><strong><u>Comisiones Evaluadoras de los Trabajos Fin de M\u00e1ster en Gesti\u00f3n de Personal y Pr\u00e1ctica Laboral (2025)<\/u><\/strong><\/p>\r\n<p><strong>Comisi\u00f3n A:<\/strong><\/p>\r\n<p><strong>\u00a0<\/strong><strong>Titulares:<\/strong><\/p>\r\n<p>D\u00f1a. Mar\u00eda Jos\u00e9 F\u00ednez Silva<\/p>\r\n<p>D. Francisco Xabiere G\u00f3mez Garc\u00eda<\/p>\r\n<p>D\u00f1a. Beatriz Garc\u00eda Prieto<\/p>\r\n<p><strong>\u00a0<\/strong><strong>Suplentes:<\/strong><\/p>\r\n<p>D\u00f1a. Mar\u00eda de los Reyes Mart\u00ednez Barroso<\/p>\r\n<p>D\u00f1a. Adelina Rodr\u00edguez Pacios<\/p>\r\n<p>D\u00f1a. Mar\u00eda Jos\u00e9 Saiz Rodr\u00edguez<\/p>\r\n<p><strong>\u00a0<\/strong><strong>Comisi\u00f3n B:<\/strong><\/p>\r\n<p><strong>\u00a0<\/strong><strong>Titulares:<\/strong><\/p>\r\n<p>D\u00f1a. Henar \u00c1lvarez Cuesta<\/p>\r\n<p>D. Jos\u00e9 Luis V\u00e1zquez Burguete<\/p>\r\n<p>D. Jos\u00e9 Gustavo Quir\u00f3s Hidalgo<\/p>\r\n<p><strong>Suplentes:<\/strong><\/p>\r\n<p>D\u00f1a. Beatriz Agra Viforcos<\/p>\r\n<p>D. Vicente Mart\u00edn S\u00e1nchez<\/p>\r\n<p>D\u00f1a. Cristina Gonz\u00e1lez Vidales<\/p>\r\n<p><strong><u>Comisi\u00f3n de Reclamaciones Trabajos Fin de M\u00e1ster en Gesti\u00f3n de Personal y Pr\u00e1ctica Laboral<\/u><\/strong><\/p>\r\n<p>D\u00f1a. Susana Rodr\u00edguez Escanciano<\/p>\r\n<p>D. Javier Fern\u00e1ndez-Costales Mu\u00f1iz<\/p>\r\n<p>D. Roberto Fern\u00e1ndez Fern\u00e1ndez<\/p>\r\n<p>&nbsp;<\/p>","protected":false},"excerpt":{"rendered":"<p>Reglamento TFM ULE Reglamento TFM Gesti\u00f3n de Personal y Pr\u00e1ctica Laboral &nbsp; ANEXO 1.- Cambio de tutor &#8211; tema de trabajo (solicitud del estudiante) ANEXO 2.- Cambio de alumno asignado (solicitud del tutor) ANEXO 3.- Portada TFM ANEXO 4.- Autorizaci\u00f3n del alumno para la publicaci\u00f3n en abierto del TFM &nbsp; Modelo de informe y calificaci\u00f3n [&hellip;]<\/p>\n","protected":false},"author":88,"featured_media":0,"parent":0,"menu_order":0,"comment_status":"closed","ping_status":"open","template":"","meta":{"footnotes":""},"class_list":["post-392","page","type-page","status-publish","hentry"],"_links":{"self":[{"href":"https:\/\/centros.unileon.es\/cienciasdeltrabajo\/wp-json\/wp\/v2\/pages\/392","targetHints":{"allow":["GET"]}}],"collection":[{"href":"https:\/\/centros.unileon.es\/cienciasdeltrabajo\/wp-json\/wp\/v2\/pages"}],"about":[{"href":"https:\/\/centros.unileon.es\/cienciasdeltrabajo\/wp-json\/wp\/v2\/types\/page"}],"author":[{"embeddable":true,"href":"https:\/\/centros.unileon.es\/cienciasdeltrabajo\/wp-json\/wp\/v2\/users\/88"}],"replies":[{"embeddable":true,"href":"https:\/\/centros.unileon.es\/cienciasdeltrabajo\/wp-json\/wp\/v2\/comments?post=392"}],"version-history":[{"count":158,"href":"https:\/\/centros.unileon.es\/cienciasdeltrabajo\/wp-json\/wp\/v2\/pages\/392\/revisions"}],"predecessor-version":[{"id":3374,"href":"https:\/\/centros.unileon.es\/cienciasdeltrabajo\/wp-json\/wp\/v2\/pages\/392\/revisions\/3374"}],"wp:attachment":[{"href":"https:\/\/centros.unileon.es\/cienciasdeltrabajo\/wp-json\/wp\/v2\/media?parent=392"}],"curies":[{"name":"wp","href":"https:\/\/api.w.org\/{rel}","templated":true}]}}