{"id":337,"date":"2013-09-24T09:30:47","date_gmt":"2013-09-24T09:30:47","guid":{"rendered":"http:\/\/centros.unileon.es\/cienciasdeltrabajo\/?page_id=337"},"modified":"2017-02-20T11:37:14","modified_gmt":"2017-02-20T11:37:14","slug":"normativa_mgppl","status":"publish","type":"page","link":"https:\/\/centros.unileon.es\/cienciasdeltrabajo\/normativa_mgppl\/","title":{"rendered":"Coordinaci\u00f3n\/Comisiones (M_Perso)"},"content":{"rendered":"Coordinador del T\u00edtulo de M\u00e1ster:\r\n<ul>\r\n \t<li><strong>Dr. D. Jos\u00e9 Gustavo Quir\u00f3s Hidalgo<\/strong><\/li>\r\n<\/ul>\r\nTutor de pr\u00e1cticas y del PAT:\r\n<ul>\r\n \t<li><strong>Dr. D. Jos\u00e9 Gustavo Quir\u00f3s Hidalgo<\/strong><\/li>\r\n<\/ul>\r\n&nbsp;\r\n\r\n<strong>Comisiones (enlace):<\/strong>\r\n\r\n<blockquote class=\"wp-embedded-content\" data-secret=\"DW0p54oaiI\"><a href=\"https:\/\/centros.unileon.es\/cienciasdeltrabajo\/organos-directivos-y-de-representacion\/\">\u00d3rganos Directivos y de Representaci\u00f3n<\/a><\/blockquote><iframe loading=\"lazy\" class=\"wp-embedded-content\" sandbox=\"allow-scripts\" security=\"restricted\" style=\"position: absolute; clip: rect(1px, 1px, 1px, 1px);\" title=\"\u00ab\u00d3rganos Directivos y de Representaci\u00f3n\u00bb \u2014 Facultad de Ciencias del Trabajo\" src=\"https:\/\/centros.unileon.es\/cienciasdeltrabajo\/organos-directivos-y-de-representacion\/embed\/#?secret=WeMvdOa1M8#?secret=DW0p54oaiI\" data-secret=\"DW0p54oaiI\" width=\"600\" height=\"338\" frameborder=\"0\" marginwidth=\"0\" marginheight=\"0\" scrolling=\"no\"><\/iframe>\r\n\r\n&nbsp;","protected":false},"excerpt":{"rendered":"<p>Coordinador del T\u00edtulo de M\u00e1ster: Dr. D. Jos\u00e9 Gustavo Quir\u00f3s Hidalgo Tutor de pr\u00e1cticas y del PAT: Dr. D. Jos\u00e9 Gustavo Quir\u00f3s Hidalgo &nbsp; Comisiones (enlace): \u00d3rganos Directivos y de Representaci\u00f3n &nbsp;<\/p>\n","protected":false},"author":88,"featured_media":0,"parent":0,"menu_order":0,"comment_status":"closed","ping_status":"open","template":"","meta":{"footnotes":""},"class_list":["post-337","page","type-page","status-publish","hentry"],"_links":{"self":[{"href":"https:\/\/centros.unileon.es\/cienciasdeltrabajo\/wp-json\/wp\/v2\/pages\/337","targetHints":{"allow":["GET"]}}],"collection":[{"href":"https:\/\/centros.unileon.es\/cienciasdeltrabajo\/wp-json\/wp\/v2\/pages"}],"about":[{"href":"https:\/\/centros.unileon.es\/cienciasdeltrabajo\/wp-json\/wp\/v2\/types\/page"}],"author":[{"embeddable":true,"href":"https:\/\/centros.unileon.es\/cienciasdeltrabajo\/wp-json\/wp\/v2\/users\/88"}],"replies":[{"embeddable":true,"href":"https:\/\/centros.unileon.es\/cienciasdeltrabajo\/wp-json\/wp\/v2\/comments?post=337"}],"version-history":[{"count":20,"href":"https:\/\/centros.unileon.es\/cienciasdeltrabajo\/wp-json\/wp\/v2\/pages\/337\/revisions"}],"predecessor-version":[{"id":1486,"href":"https:\/\/centros.unileon.es\/cienciasdeltrabajo\/wp-json\/wp\/v2\/pages\/337\/revisions\/1486"}],"wp:attachment":[{"href":"https:\/\/centros.unileon.es\/cienciasdeltrabajo\/wp-json\/wp\/v2\/media?parent=337"}],"curies":[{"name":"wp","href":"https:\/\/api.w.org\/{rel}","templated":true}]}}