{"id":332,"date":"2013-09-24T09:25:06","date_gmt":"2013-09-24T09:25:06","guid":{"rendered":"http:\/\/centros.unileon.es\/cienciasdeltrabajo\/?page_id=332"},"modified":"2019-05-07T10:33:32","modified_gmt":"2019-05-07T10:33:32","slug":"normativa-mgprl","status":"publish","type":"page","link":"https:\/\/centros.unileon.es\/cienciasdeltrabajo\/normativa-mgprl\/","title":{"rendered":"Coordinaci\u00f3n\/Comisiones (M_Prev.)"},"content":{"rendered":"Coordinadora del T\u00edtulo de M\u00e1ster:\r\n<ul>\r\n \t<li><strong>Dra. D\u00f1a. Natalia Ord\u00f3\u00f1ez Pascua<\/strong><\/li>\r\n<\/ul>\r\nTutora de pr\u00e1cticas:\r\n<ul>\r\n \t<li><strong>Dra. D\u00f1a.\u00a0Natalia Ord\u00f3\u00f1ez Pascua<\/strong><\/li>\r\n<\/ul>\r\nTutora PAT:\r\n<ul>\r\n \t<li><strong>Dra. D\u00f1a. Natalia Ord\u00f3\u00f1ez Pascua<\/strong><\/li>\r\n<\/ul>\r\n&nbsp;\r\n\r\n<strong>Comisiones (enlace):<\/strong>\r\n\r\n<blockquote class=\"wp-embedded-content\" data-secret=\"U6Ky7RHNil\"><a href=\"https:\/\/centros.unileon.es\/cienciasdeltrabajo\/organos-directivos-y-de-representacion\/\">\u00d3rganos Directivos y de Representaci\u00f3n<\/a><\/blockquote><iframe loading=\"lazy\" class=\"wp-embedded-content\" sandbox=\"allow-scripts\" security=\"restricted\" style=\"position: absolute; clip: rect(1px, 1px, 1px, 1px);\" title=\"\u00ab\u00d3rganos Directivos y de Representaci\u00f3n\u00bb \u2014 Facultad de Ciencias del Trabajo\" src=\"https:\/\/centros.unileon.es\/cienciasdeltrabajo\/organos-directivos-y-de-representacion\/embed\/#?secret=ZK2eVzPngN#?secret=U6Ky7RHNil\" data-secret=\"U6Ky7RHNil\" width=\"600\" height=\"338\" frameborder=\"0\" marginwidth=\"0\" marginheight=\"0\" scrolling=\"no\"><\/iframe>\r\n\r\n&nbsp;","protected":false},"excerpt":{"rendered":"<p>Coordinadora del T\u00edtulo de M\u00e1ster: Dra. D\u00f1a. Natalia Ord\u00f3\u00f1ez Pascua Tutora de pr\u00e1cticas: Dra. D\u00f1a.\u00a0Natalia Ord\u00f3\u00f1ez Pascua Tutora PAT: Dra. D\u00f1a. Natalia Ord\u00f3\u00f1ez Pascua &nbsp; Comisiones (enlace): \u00d3rganos Directivos y de Representaci\u00f3n &nbsp;<\/p>\n","protected":false},"author":88,"featured_media":0,"parent":0,"menu_order":0,"comment_status":"closed","ping_status":"open","template":"","meta":{"footnotes":""},"class_list":["post-332","page","type-page","status-publish","hentry"],"_links":{"self":[{"href":"https:\/\/centros.unileon.es\/cienciasdeltrabajo\/wp-json\/wp\/v2\/pages\/332","targetHints":{"allow":["GET"]}}],"collection":[{"href":"https:\/\/centros.unileon.es\/cienciasdeltrabajo\/wp-json\/wp\/v2\/pages"}],"about":[{"href":"https:\/\/centros.unileon.es\/cienciasdeltrabajo\/wp-json\/wp\/v2\/types\/page"}],"author":[{"embeddable":true,"href":"https:\/\/centros.unileon.es\/cienciasdeltrabajo\/wp-json\/wp\/v2\/users\/88"}],"replies":[{"embeddable":true,"href":"https:\/\/centros.unileon.es\/cienciasdeltrabajo\/wp-json\/wp\/v2\/comments?post=332"}],"version-history":[{"count":21,"href":"https:\/\/centros.unileon.es\/cienciasdeltrabajo\/wp-json\/wp\/v2\/pages\/332\/revisions"}],"predecessor-version":[{"id":1878,"href":"https:\/\/centros.unileon.es\/cienciasdeltrabajo\/wp-json\/wp\/v2\/pages\/332\/revisions\/1878"}],"wp:attachment":[{"href":"https:\/\/centros.unileon.es\/cienciasdeltrabajo\/wp-json\/wp\/v2\/media?parent=332"}],"curies":[{"name":"wp","href":"https:\/\/api.w.org\/{rel}","templated":true}]}}