{"id":3042,"date":"2024-09-11T11:26:28","date_gmt":"2024-09-11T11:26:28","guid":{"rendered":"https:\/\/centros.unileon.es\/cienciasdeltrabajo\/?page_id=3042"},"modified":"2025-11-03T09:19:21","modified_gmt":"2025-11-03T09:19:21","slug":"elecciones-a-decanato-2024","status":"publish","type":"page","link":"https:\/\/centros.unileon.es\/cienciasdeltrabajo\/elecciones-a-decanato-2024\/","title":{"rendered":"Elecciones a Decanato 2024"},"content":{"rendered":"<p><a href=\"https:\/\/centros.unileon.es\/cienciasdeltrabajo\/files\/2024\/09\/Convocatoria-elecciones-Decano-Facuultad-CCTT-2024.pdf\">Convocatoria<\/a><\/p>\r\n<p><a href=\"https:\/\/centros.unileon.es\/cienciasdeltrabajo\/files\/2024\/09\/Constitucion-Comision-Electoral-1.pdf\">Constituci\u00f3n Comisi\u00f3n Electoral<\/a><\/p>\r\n<p><a href=\"https:\/\/centros.unileon.es\/cienciasdeltrabajo\/files\/2024\/09\/Calendario-Electoral.pdf\">Calendario Electoral<\/a><\/p>\r\n<p><a href=\"https:\/\/centros.unileon.es\/cienciasdeltrabajo\/files\/2024\/09\/Censo-Electoral-provisional-16-septiembre-a-18-octubre.pdf\">Censo Electoral provisional<\/a>. Las reclamaciones al censo electoral provisional podr\u00e1n presentarse desde el 16 de septiembre hasta las 14:00 horas del 18 de octubre de 2024 en la Secretar\u00eda de a Facultad. Deber\u00e1n ser formuladas por escrito e ir dirigidas a la Presidenta de la Comisi\u00f3n Electoral de la Facultad, acompa\u00f1ando fotocopia del DNI u otro documento suficientemente acreditativo, as\u00ed como los documentos u otras pruebas que fundamenten la reclamaci\u00f3n<\/p>\r\n<p><a href=\"https:\/\/centros.unileon.es\/cienciasdeltrabajo\/files\/2024\/10\/Censo-electoral-definitivo-1.pdf\">Censo electoral definitivo<\/a><\/p>\r\n<p><a href=\"https:\/\/centros.unileon.es\/cienciasdeltrabajo\/files\/2024\/11\/Proclamacion-provisional-de-candidaturas.pdf\">Proclamaci\u00f3n provisional de candidaturas<\/a><\/p>\r\n<p><a href=\"https:\/\/centros.unileon.es\/cienciasdeltrabajo\/files\/2024\/11\/Proclamacion-definitiva-de-candidaturas.pdf\">Proclamaci\u00f3n definitiva de candidaturas<\/a><\/p>\r\n<p><a href=\"https:\/\/centros.unileon.es\/cienciasdeltrabajo\/files\/2024\/10\/Normas-para-la-votacion.pdf\">Normas para la votaci\u00f3n<\/a><\/p>\r\n<p><a href=\"https:\/\/centros.unileon.es\/cienciasdeltrabajo\/files\/2024\/11\/Papeleta-de-voto.pdf\">Papeleta de voto<\/a><\/p>\r\n<p><a href=\"https:\/\/centros.unileon.es\/cienciasdeltrabajo\/files\/2024\/11\/Resultado-elecciones.pdf\">Acta de escrutinio y proclamaci\u00f3n de candidato electo<\/a><\/p>","protected":false},"excerpt":{"rendered":"<p>Convocatoria Constituci\u00f3n Comisi\u00f3n Electoral Calendario Electoral Censo Electoral provisional. Las reclamaciones al censo electoral provisional podr\u00e1n presentarse desde el 16 de septiembre hasta las 14:00 horas del 18 de octubre de 2024 en la Secretar\u00eda de a Facultad. Deber\u00e1n ser formuladas por escrito e ir dirigidas a la Presidenta de la Comisi\u00f3n Electoral de la [&hellip;]<\/p>\n","protected":false},"author":106,"featured_media":0,"parent":0,"menu_order":0,"comment_status":"closed","ping_status":"closed","template":"","meta":{"footnotes":""},"class_list":["post-3042","page","type-page","status-publish","hentry"],"_links":{"self":[{"href":"https:\/\/centros.unileon.es\/cienciasdeltrabajo\/wp-json\/wp\/v2\/pages\/3042","targetHints":{"allow":["GET"]}}],"collection":[{"href":"https:\/\/centros.unileon.es\/cienciasdeltrabajo\/wp-json\/wp\/v2\/pages"}],"about":[{"href":"https:\/\/centros.unileon.es\/cienciasdeltrabajo\/wp-json\/wp\/v2\/types\/page"}],"author":[{"embeddable":true,"href":"https:\/\/centros.unileon.es\/cienciasdeltrabajo\/wp-json\/wp\/v2\/users\/106"}],"replies":[{"embeddable":true,"href":"https:\/\/centros.unileon.es\/cienciasdeltrabajo\/wp-json\/wp\/v2\/comments?post=3042"}],"version-history":[{"count":18,"href":"https:\/\/centros.unileon.es\/cienciasdeltrabajo\/wp-json\/wp\/v2\/pages\/3042\/revisions"}],"predecessor-version":[{"id":3307,"href":"https:\/\/centros.unileon.es\/cienciasdeltrabajo\/wp-json\/wp\/v2\/pages\/3042\/revisions\/3307"}],"wp:attachment":[{"href":"https:\/\/centros.unileon.es\/cienciasdeltrabajo\/wp-json\/wp\/v2\/media?parent=3042"}],"curies":[{"name":"wp","href":"https:\/\/api.w.org\/{rel}","templated":true}]}}