{"id":281,"date":"2013-07-22T10:05:00","date_gmt":"2013-07-22T10:05:00","guid":{"rendered":"http:\/\/centros.unileon.es\/cienciasdeltrabajo\/?page_id=281"},"modified":"2026-03-09T10:25:45","modified_gmt":"2026-03-09T10:25:45","slug":"horarios-master-en-gestion-de-personal-y-practica-laboral","status":"publish","type":"page","link":"https:\/\/centros.unileon.es\/cienciasdeltrabajo\/horarios-master-en-gestion-de-personal-y-practica-laboral\/","title":{"rendered":"Horarios y Convocatorias (M\u00e1ster en Gesti\u00f3n de Personal y Pr\u00e1ctica Laboral)"},"content":{"rendered":"<h1><strong>Curso 2025-2026:<\/strong><\/h1>\r\n<h3><a href=\"https:\/\/centros.unileon.es\/cienciasdeltrabajo\/files\/2026\/03\/Horario-y-Convocatorias-Master-en-Gestion-de-Personal-25-26.pdf\">Horarios y Calendario de Ex\u00e1menes del M\u00e1ster en Gesti\u00f3n de Personal y Pr\u00e1ctica Laboral \u2013 Curso 2025-2026<\/a><\/h3>\r\n<h1>\u00a0<\/h1>\r\n<h1><strong>Curso 2024-2025:<\/strong><\/h1>\r\n<h3><a href=\"https:\/\/centros.unileon.es\/cienciasdeltrabajo\/files\/2024\/09\/Horario-y-Convocatorias-Master-en-Gestion-de-Personal-24-25.docx\">Horarios y Calendario de Ex\u00e1menes del M\u00e1ster en Gesti\u00f3n de Personal y Pr\u00e1ctica Laboral \u2013 Curso 2024-2025<\/a><\/h3>\r\n<h1>\u00a0<\/h1>\r\n<h1><strong>Curso 2023-2024:<\/strong><\/h1>\r\n<h3><a href=\"https:\/\/centros.unileon.es\/cienciasdeltrabajo\/files\/2023\/06\/Horario-y-Convocatorias-Master-en-Gestion-de-Personal-23-24.pdf\">Horarios y Calendario de Ex\u00e1menes del M\u00e1ster en Gesti\u00f3n de Personal y Pr\u00e1ctica Laboral &#8211; Curso 2023-2024<\/a><\/h3>\r\n<h1>\u00a0<\/h1>\r\n<h1><strong>Curso 2022-2023:<\/strong><\/h1>\r\n<h3><a href=\"https:\/\/centros.unileon.es\/cienciasdeltrabajo\/files\/2022\/05\/Horario-y-Convocatorias-Master-en-Gestion-de-Personal-22-23.pdf\">Horarios y Calendario de Ex\u00e1menes del M\u00e1ster en Gesti\u00f3n de Personal y Pr\u00e1ctica Laboral &#8211; Curso 2022-2023<\/a><\/h3>\r\n<h1>\u00a0<\/h1>\r\n<h1><strong>Curso 2021-2022:<\/strong><\/h1>\r\n<h3><a href=\"https:\/\/centros.unileon.es\/cienciasdeltrabajo\/files\/2021\/05\/Horario-y-Convocatorias-Master-en-Gestion-de-Personal-21-22.doc\">Horarios y Calendario de Ex\u00e1menes del M\u00e1ster en Gesti\u00f3n de Personal y Pr\u00e1ctica Laboral &#8211; Curso 2021-2022<\/a><\/h3>\r\n<h1>\u00a0<\/h1>\r\n<h1><strong>Curso 2020-2021:<\/strong><\/h1>\r\n<h3><a href=\"https:\/\/centros.unileon.es\/cienciasdeltrabajo\/files\/2020\/09\/Horario-y-Convocatorias-Master-en-Gestion-de-Personal-20-21.doc\">Horarios y Calendario de Ex\u00e1menes del M\u00e1ster en Gesti\u00f3n de Personal y Pr\u00e1ctica Laboral &#8211; Curso 2020-2021<\/a><\/h3>\r\n<h2>\u00a0<\/h2>\r\n<h2 style=\"text-align: justify;\">NORMATIVA SOBRE CONVOCATORIAS<\/h2>\r\n<p style=\"text-align: justify;\">De\u00a0conformidad al Reglamento de Evaluaci\u00f3n y Calificaci\u00f3n del Aprendizaje, aprobado por Acuerdo del consejo de Gobierno de 14-05-19:<\/p>\r\n<p style=\"text-align: justify;\">&#8211; En\u00a0cada asignatura se programar\u00e1n por cada curso dos convocatorias de pruebas de evaluaci\u00f3n, excepto en los Trabajos Fin de Grado (en adelante TFG) que se programar\u00e1n tres.<\/p>\r\n<p style=\"text-align: justify;\">&#8211;\u00a0A\u00a0las asignaturas\u00a0del primer semestre, le corresponder\u00e1n las convocatorias de enero y febrero, y a las del\u00a0segundo semestre o anuales, las de junio y julio.<\/p>\r\n<p style=\"text-align: justify;\">\u00a0A<span lang=\"ES-TRAD\">l TFG<\/span><span lang=\"ES-TRAD\">, las de febrero, julio y septiembre, y por defecto, se le asignar\u00e1n las convocatorias de julio y septiembre, siendo el estudiante el que podr\u00e1 optar por la de febrero.<\/span><\/p>\r\n<p style=\"text-align: justify;\">CONVOCATORIA EXTRAORDINARIA\u00a0 DE DICIEMBRE<\/p>\r\n<p style=\"text-align: justify;\">Podr\u00e1n concurrir \u00fanicamente los estudiantes que re\u00fanan los requisitos acad\u00e9micos y administrativos que a continuaci\u00f3n se indican.<\/p>\r\n<p style=\"text-align: justify;\">Requisitos acad\u00e9micos: se requerir\u00e1 que los estudiantes interesados tengan pendiente para la finalizaci\u00f3n de sus estudios un m\u00e1ximo de una asignatura y el Trabajo Fin de Grado.<\/p>\r\n<p style=\"text-align: justify;\">Requisitos administrativos: deber\u00e1n matricularse en el plazo de julio\/septiembre. Asimismo manifestar\u00e1n expresamente su deseo de participar en dicha convocatoria, solicit\u00e1ndolo en la Administraci\u00f3n de Centro en los plazos que establezcan (mes de noviembre).<\/p>\r\n<p style=\"text-align: justify;\">L<span lang=\"ES-TRAD\">os estudiantes que soliciten esta convocatoria, en caso de no presentarse o no superar una asignatura del primer semestre, tendr\u00e1n asignada la convocatoria de febrero, pudiendo optar por enero previa solicitud en la Administraci\u00f3n del Centro en los plazos establecidos (diciembre). Si es anual o del segundo semestre, por defecto tendr\u00e1 asignada la convocatoria de julio, pudiendo optar por junio, previa solicitud en la Administraci\u00f3n del Centro en los plazos establecidos (mayo).<\/span><\/p>\r\n<p style=\"text-align: justify;\"><span lang=\"ES-TRAD\">P<\/span><span lang=\"ES-TRAD\">ara el TFG, en caso de no presentarse o no superarlo, se mantendr\u00e1 como segunda convocatoria la de septiembre, siendo el estudiante el que podr\u00e1 optar por la de febrero o julio mediante el dep\u00f3sito del mismo en los plazos que se se\u00f1alen para dichas convocatorias.<\/span><\/p>\r\n<p>&nbsp;<\/p>\r\n<p><iframe loading=\"lazy\" style=\"border-width: 0;\" src=\"\/\/calendar.google.com\/calendar\/embed?title=M%C3%A1ster%20Gesti%C3%B3n%20de%20Personal%20y%20Pr%C3%A1ctica%20Laboral&amp;mode=WEEK&amp;height=500&amp;wkst=2&amp;bgcolor=%23FFFFFF&amp;src=calendario.lectivo.ule%40gmail.com&amp;color=%23711616&amp;src=bgedq9dkvveocl5ghopsfnf4ck%40group.calendar.google.com&amp;color=%23182C57&amp;src=malqj2caeb814dukf954fionoo%40group.calendar.google.com&amp;color=%235229A3&amp;src=hglegk3qeecsmpq7t96e6sqi1c%40group.calendar.google.com&amp;color=%23AB8B00&amp;src=gmljecpdp6at17tieffj35fpu8%40group.calendar.google.com&amp;color=%23B1365F&amp;src=iu0lj9dfui3b13ttd6nlihhjeo%40group.calendar.google.com&amp;color=%23711616&amp;src=pemes0l9o21frakvmfg0npi3rg%40group.calendar.google.com&amp;color=%2329527A&amp;src=2ocun3sj47u2rj92q0s0i8jm08%40group.calendar.google.com&amp;color=%23875509&amp;src=p3oqkfvu7c4i0krm178pk89idg%40group.calendar.google.com&amp;color=%2323164E&amp;src=cclp75ttc0cdhkk2o1ki4aggq4%40group.calendar.google.com&amp;color=%230F4B38&amp;src=qq3kil33kpc7n77j616j6m4nt4%40group.calendar.google.com&amp;color=%235F6B02&amp;src=0ncir21ehp2lpb7qiaod4qt6s8%40group.calendar.google.com&amp;color=%23B1440E&amp;src=uhvjcbcrmaa1hkhbl1np70otoc%40group.calendar.google.com&amp;color=%232F6309&amp;src=53freptar5v73eo106qk2cf9mo%40group.calendar.google.com&amp;color=%23711616&amp;src=jgquih%40unileon.es&amp;color=%23B1365F&amp;ctz=Europe%2FMadrid\" width=\"600\" height=\"500\" frameborder=\"0\" scrolling=\"no\"><\/iframe><\/p>\r\n<p>&nbsp;<\/p>","protected":false},"excerpt":{"rendered":"<p>Curso 2025-2026: Horarios y Calendario de Ex\u00e1menes del M\u00e1ster en Gesti\u00f3n de Personal y Pr\u00e1ctica Laboral \u2013 Curso 2025-2026 \u00a0 Curso 2024-2025: Horarios y Calendario de Ex\u00e1menes del M\u00e1ster en Gesti\u00f3n de Personal y Pr\u00e1ctica Laboral \u2013 Curso 2024-2025 \u00a0 Curso 2023-2024: Horarios y Calendario de Ex\u00e1menes del M\u00e1ster en Gesti\u00f3n de Personal y Pr\u00e1ctica [&hellip;]<\/p>\n","protected":false},"author":1,"featured_media":0,"parent":0,"menu_order":0,"comment_status":"closed","ping_status":"open","template":"","meta":{"footnotes":""},"class_list":["post-281","page","type-page","status-publish","hentry"],"_links":{"self":[{"href":"https:\/\/centros.unileon.es\/cienciasdeltrabajo\/wp-json\/wp\/v2\/pages\/281","targetHints":{"allow":["GET"]}}],"collection":[{"href":"https:\/\/centros.unileon.es\/cienciasdeltrabajo\/wp-json\/wp\/v2\/pages"}],"about":[{"href":"https:\/\/centros.unileon.es\/cienciasdeltrabajo\/wp-json\/wp\/v2\/types\/page"}],"author":[{"embeddable":true,"href":"https:\/\/centros.unileon.es\/cienciasdeltrabajo\/wp-json\/wp\/v2\/users\/1"}],"replies":[{"embeddable":true,"href":"https:\/\/centros.unileon.es\/cienciasdeltrabajo\/wp-json\/wp\/v2\/comments?post=281"}],"version-history":[{"count":49,"href":"https:\/\/centros.unileon.es\/cienciasdeltrabajo\/wp-json\/wp\/v2\/pages\/281\/revisions"}],"predecessor-version":[{"id":3450,"href":"https:\/\/centros.unileon.es\/cienciasdeltrabajo\/wp-json\/wp\/v2\/pages\/281\/revisions\/3450"}],"wp:attachment":[{"href":"https:\/\/centros.unileon.es\/cienciasdeltrabajo\/wp-json\/wp\/v2\/media?parent=281"}],"curies":[{"name":"wp","href":"https:\/\/api.w.org\/{rel}","templated":true}]}}