{"id":274,"date":"2013-07-22T09:56:26","date_gmt":"2013-07-22T09:56:26","guid":{"rendered":"http:\/\/centros.unileon.es\/cienciasdeltrabajo\/?page_id=274"},"modified":"2017-06-15T09:51:39","modified_gmt":"2017-06-15T09:51:39","slug":"horarios-curso-de-adaptacion-al-grado","status":"publish","type":"page","link":"https:\/\/centros.unileon.es\/cienciasdeltrabajo\/horarios-curso-de-adaptacion-al-grado\/","title":{"rendered":"Horarios (Curso de adaptaci\u00f3n al grado)"},"content":{"rendered":"<p style=\"text-align: left;\"><strong>El curso acad\u00e9mico 2017-2018 no se oferta el Curso de Adaptaci\u00f3n al Grado en Relaciones Laborales y Recursos Humanos, por lo que no se admitir\u00e1n nuevas matr\u00edculas. Los alumnos matriculados en cursos anteriores tienen un plazo de dos cursos acad\u00e9micos para finalizar el Curso de Adaptaci\u00f3n.<\/strong><\/p>\r\n<p style=\"text-align: left;\"><strong>\r\n<\/strong><strong>HORARIOS Y CONVOCATORIA DE EX\u00c1MENES CURSO ADAPTACI\u00d3N AL GRADO (2016-2017)<\/strong><\/p>\r\n\r\n<ul>\r\n \t<li style=\"text-align: left;\"><a href=\"http:\/\/centros.unileon.es\/cienciasdeltrabajo\/files\/2013\/07\/HORARIOS-ADAPAPTACI\u00d3N-GRADO-RLRH-.-2016-2017.pdf\">Horarios y Ex\u00e1menes &#8211; Curso Adaptaci\u00f3n al Grado RL y RH . 2016-2017<\/a><\/li>\r\n<\/ul>\r\n&nbsp;\r\n<ul>\r\n \t<li style=\"text-align: left;\"><strong>Fechas de Dep\u00f3sito y Defensa de los Trabajos Fin de Grado en la pesta\u00f1a TFG<\/strong><\/li>\r\n<\/ul>\r\n&nbsp;\r\n\r\n&nbsp;\r\n\r\n<span style=\"text-decoration: underline;\">Cursos Anteriores:<\/span>\r\n<ul>\r\n \t<li style=\"text-align: left;\"><a href=\"http:\/\/centros.unileon.es\/cienciasdeltrabajo\/files\/2013\/07\/Horarios-y-Ex\u00e1menes-Curso-Adaptaci\u00f3n-al-Grado-R.L-y-R.H.-2015-2016.pdf\">Curso 2015-2016<\/a><\/li>\r\n \t<li style=\"text-align: left;\"><a href=\"http:\/\/centros.unileon.es\/cienciasdeltrabajo\/files\/2013\/07\/Horarios-y-Ex\u00e1menes-Curso-Adaptaci\u00f3n-al-Grado-R.L-y-R.H.-web-2014-2015.pdf\">Curso 2014-2015<\/a><\/li>\r\n<\/ul>\r\n&nbsp;","protected":false},"excerpt":{"rendered":"<p>El curso acad\u00e9mico 2017-2018 no se oferta el Curso de Adaptaci\u00f3n al Grado en Relaciones Laborales y Recursos Humanos, por lo que no se admitir\u00e1n nuevas matr\u00edculas. Los alumnos matriculados en cursos anteriores tienen un plazo de dos cursos acad\u00e9micos para finalizar el Curso de Adaptaci\u00f3n. HORARIOS Y CONVOCATORIA DE EX\u00c1MENES CURSO ADAPTACI\u00d3N AL GRADO [&hellip;]<\/p>\n","protected":false},"author":44,"featured_media":0,"parent":0,"menu_order":0,"comment_status":"closed","ping_status":"closed","template":"","meta":{"footnotes":""},"class_list":["post-274","page","type-page","status-publish","hentry"],"_links":{"self":[{"href":"https:\/\/centros.unileon.es\/cienciasdeltrabajo\/wp-json\/wp\/v2\/pages\/274","targetHints":{"allow":["GET"]}}],"collection":[{"href":"https:\/\/centros.unileon.es\/cienciasdeltrabajo\/wp-json\/wp\/v2\/pages"}],"about":[{"href":"https:\/\/centros.unileon.es\/cienciasdeltrabajo\/wp-json\/wp\/v2\/types\/page"}],"author":[{"embeddable":true,"href":"https:\/\/centros.unileon.es\/cienciasdeltrabajo\/wp-json\/wp\/v2\/users\/44"}],"replies":[{"embeddable":true,"href":"https:\/\/centros.unileon.es\/cienciasdeltrabajo\/wp-json\/wp\/v2\/comments?post=274"}],"version-history":[{"count":13,"href":"https:\/\/centros.unileon.es\/cienciasdeltrabajo\/wp-json\/wp\/v2\/pages\/274\/revisions"}],"predecessor-version":[{"id":1562,"href":"https:\/\/centros.unileon.es\/cienciasdeltrabajo\/wp-json\/wp\/v2\/pages\/274\/revisions\/1562"}],"wp:attachment":[{"href":"https:\/\/centros.unileon.es\/cienciasdeltrabajo\/wp-json\/wp\/v2\/media?parent=274"}],"curies":[{"name":"wp","href":"https:\/\/api.w.org\/{rel}","templated":true}]}}