{"id":265,"date":"2013-07-22T09:25:11","date_gmt":"2013-07-22T09:25:11","guid":{"rendered":"http:\/\/centros.unileon.es\/cienciasdeltrabajo\/?page_id=265"},"modified":"2015-07-17T08:34:09","modified_gmt":"2015-07-17T08:34:09","slug":"informacion-academica-general","status":"publish","type":"page","link":"https:\/\/centros.unileon.es\/cienciasdeltrabajo\/informacion-academica-general\/","title":{"rendered":"Informaci\u00f3n General"},"content":{"rendered":"<h2><strong>CARNET UNIVERSITARIO &#8211; Curso 2015\/16<\/strong><\/h2>\r\n<a href=\"http:\/\/centros.unileon.es\/cienciasdeltrabajo\/files\/2013\/07\/Carnet-Universitario-Normativa.pdf\">Carnet Universitario &#8211; Normativa<\/a>\r\n<h2><strong>PR\u00c1CTICAS EN EMPRESA<\/strong> &#8211; Curso 2015\/16<\/h2>\r\n(Optativa de 4\u00ba curso del Grado en Relaciones Laborales y Recursos Humanos)\r\n\r\nCriterios de la asignatura de Pr\u00e1cticas\r\n<h2><strong>CONVOCATORIA DE EX\u00c1MENES DE FEBRERO<\/strong> &#8211; <span style=\"text-decoration: underline;\">Titulaciones de 1er. y 2\u00ba ciclo &#8211; <strong>Curso 2014\/15<\/strong><\/span><\/h2>\r\nC<a href=\"http:\/\/centros.unileon.es\/cienciasdeltrabajo\/files\/2013\/07\/convocatoria-febrero-Diplomaturas-y-Licenciaturas-curso-2014-15.pdf\">onvocatoria-Febrero Diplomaturas y Licenciaturas &#8211; Curso 2014-15<\/a>\r\n<h2><span style=\"text-decoration: underline;\"><strong>ESTUDIOS DE GRADO Y M\u00c1STER &#8211; Curso 2014\/2015<\/strong><\/span><\/h2>\r\n<p style=\"text-align: center;\"><strong>NO ES NECESARIO RENUNCIAR A CONVOCATORIAS<\/strong><\/p>\r\nDe acuerdo a la nueva normativa de permanencia, desaparece el n\u00famero de convocatorias por asignatura, en consecuencia \u00a0desaparece el procedimiento de renuncia de convocatoria. En el siguiente enlace se encuentra la normativa que lo regula:\r\n\r\n<a href=\"http:\/\/centros.unileon.es\/cienciasdeltrabajo\/files\/2013\/07\/Regimen-academico-de-permanencia-en-las-titulaciones-de-grado-y-master.pdf\">R\u00e9gimen acad\u00e9mico de permanencia en las titulaciones de Grado y Master<\/a>\r\n<p style=\"text-align: center;\">&#8212;&#8212;&#8212;&#8212;&#8212;&#8212;&#8212;&#8212;&#8212;&#8212;&#8212;&#8212;&#8212;&#8212;&#8212;&#8212;&#8212;<\/p>\r\n\r\n<h2><span style=\"text-decoration: underline;\"><strong>Seguro obligatorio para los estudiantes no cubiertos por el seguro escolar<\/strong><\/span><\/h2>\r\n<ul>\r\n\t<li>La Universidad de Le\u00f3n ha considerado necesario que todos los estudiantes en ella matriculados tengan la cobertura que les ampare frente a las contingencias derivadas de accidente escolar.A dichos efectos el Acuerdo de Consejo de Gobierno, de fecha 15 de mayo de 2014, estableci\u00f3 la obligatoriedad de que todos los estudiantes matriculados en la Universidad de Le\u00f3n esten amparados por el Seguro Escolar o bien suscriban el seguro \u201cOncampus\u201d.S\u00f3lo quedar\u00e1n exceptuados, aquellos que acrediten en la Administraci\u00f3n del Centro estar en situaci\u00f3n de alta en el sistema espa\u00f1ol de Seguridad Social, en el momento de la matr\u00edcula. La acreditaci\u00f3n se efectuar\u00e1 a trav\u00e9s de alguno de los informes que incluyan dicho dato (informe de vida laboral, de alta laboral a fecha concreta, de situaci\u00f3n actual del trabajador, etc) que puede obtener por Internet, en la p\u00e1gina web <a href=\"http:\/\/www.seg-social.es\/\"><span style=\"color: #930000;\">www.seg-social.es<\/span><\/a> en la ruta SEDE ELECTR\u00d3NICA \u2192 SERVICIOS EN L\u00cdNEA\/CIUDADANOS \u2192 SERVICIOS V\u00cdA SMS.En consecuencia, los estudiantes que se matriculen en la Universidad de Le\u00f3n, durante el curso acad\u00e9mico 2014\/2015, han de ajustarse a lo siguiente:\r\n<ol>\r\n\t<li>Los estudiantes que no est\u00e9n amparados por el R\u00e9gimen Especial del Seguro Escolar , deber\u00e1n acreditar que han concertado la p\u00f3liza del seguro ONCAMPUS, o la situaci\u00f3n de alta en la Seguridad Social, en el momento de la matr\u00edcula.<\/li>\r\n\t<li>Opcionalmente,\u00a0los estudiantes protegidos por el Seguro Escolar tambi\u00e9n podr\u00e1n acogerse al seguro ONCAMPUS.<\/li>\r\n\t<li>El coste de dicho seguro es de 19 euros.<\/li>\r\n\t<li>La contrataci\u00f3n se puede efectuar a trav\u00e9s del siguiente enlace:\u00a0<a title=\"blocked::http:\/\/oncampus.es\/common\/alumnos\" href=\"http:\/\/oncampus.es\/common\/alumnos\" target=\"_blank\"><span style=\"color: #930000;\">http:\/\/oncampus.es\/common\/alumnos<\/span><\/a><\/li>\r\n\t<li>Para acreditar que ha formalizado este seguro, el estudiante proceder\u00e1 de la siguiente forma:\r\n<ul>\r\n\t<li>Si elige pago por transferencia, debe de entregar en la Administraci\u00f3n el Certificado de Seguro con el justificante de pago que le dan en el banco. El certificado se\u00f1ala que \u201cNO TENDR\u00c1 VALIDEZ SIN APORTAR JUSTICANTE DE PAGO\u201d<\/li>\r\n\t<li>Si el estudiante elige pago tarjeta bancaria, el certificado de cobertura, en principio,es justificante de formalizaci\u00f3n.<\/li>\r\n<\/ul>\r\n<\/li>\r\n\t<li><a href=\"http:\/\/www.unileon.es\/files\/condiciones-generales-oncampus-2014.pdf\"><span style=\"color: #930000;\">Caracter\u00edsticas y las contingencias<\/span><\/a> cubiertas por dicho seguro .<\/li>\r\n<\/ol>\r\nPara abonar el coste del seguro ONCAMPUS los estudiantes podr\u00e1n hacerlo por transferencia bancaria o por tarjeta de cr\u00e9dito. A continuaci\u00f3n se indica el procedimiento a seguir en cada caso.\r\n\r\nSi el estudiante opta por transferencia bancaria:\r\n<ol>\r\n\t<li>El estudiante descargar\u00e1 e imprimir\u00e1 el pdf con el resumen de coberturas de la p\u00f3liza ONCAMPUS.<\/li>\r\n\t<li>Efectuar\u00e1 un ingreso de 19 euros o transferencia bancaria al n\u00ba de cta del Banco Santander ( ES03.0049.1467.20.2910410509) indicando su nombre, apellidos y dni.<\/li>\r\n\t<li>Para hacer efectivo las garant\u00edas de la p\u00f3liza el estudiante deber\u00e1 aportar en la Administraci\u00f3n de Centro,el resguardo de liquidaci\u00f3n del banco donde conste el abono de este seguro.S\u00d3LO TENDR\u00c1 VALIDEZ SI\u00a0 APORTA EL JUSTIFICANTE DE PAGO.<\/li>\r\n<\/ol>\r\nSi el estudiante opta por pago con tarjeta bancaria:\r\n<ol>\r\n\t<li>El estudiante cumplimentar\u00e1 los datos del formulario existente en el enlace web.<\/li>\r\n\t<li>Har\u00e1 efectivo el pago de\u00a019 euros<strong>\u00a0<\/strong>mediante tarjeta bancaria.<\/li>\r\n\t<li>Descargar\u00e1 el pdf \u201cCertificado de cobertura\u201d que se crear\u00e1 con sus datos personales.<\/li>\r\n<\/ol>\r\n<\/li>\r\n<\/ul>","protected":false},"excerpt":{"rendered":"<p>CARNET UNIVERSITARIO &#8211; Curso 2015\/16 Carnet Universitario &#8211; Normativa PR\u00c1CTICAS EN EMPRESA &#8211; Curso 2015\/16 (Optativa de 4\u00ba curso del Grado en Relaciones Laborales y Recursos Humanos) Criterios de la asignatura de Pr\u00e1cticas CONVOCATORIA DE EX\u00c1MENES DE FEBRERO &#8211; Titulaciones de 1er. y 2\u00ba ciclo &#8211; Curso 2014\/15 Convocatoria-Febrero Diplomaturas y Licenciaturas &#8211; Curso 2014-15 [&hellip;]<\/p>\n","protected":false},"author":44,"featured_media":0,"parent":0,"menu_order":0,"comment_status":"closed","ping_status":"closed","template":"","meta":{"footnotes":""},"class_list":["post-265","page","type-page","status-publish","hentry"],"_links":{"self":[{"href":"https:\/\/centros.unileon.es\/cienciasdeltrabajo\/wp-json\/wp\/v2\/pages\/265","targetHints":{"allow":["GET"]}}],"collection":[{"href":"https:\/\/centros.unileon.es\/cienciasdeltrabajo\/wp-json\/wp\/v2\/pages"}],"about":[{"href":"https:\/\/centros.unileon.es\/cienciasdeltrabajo\/wp-json\/wp\/v2\/types\/page"}],"author":[{"embeddable":true,"href":"https:\/\/centros.unileon.es\/cienciasdeltrabajo\/wp-json\/wp\/v2\/users\/44"}],"replies":[{"embeddable":true,"href":"https:\/\/centros.unileon.es\/cienciasdeltrabajo\/wp-json\/wp\/v2\/comments?post=265"}],"version-history":[{"count":14,"href":"https:\/\/centros.unileon.es\/cienciasdeltrabajo\/wp-json\/wp\/v2\/pages\/265\/revisions"}],"predecessor-version":[{"id":1042,"href":"https:\/\/centros.unileon.es\/cienciasdeltrabajo\/wp-json\/wp\/v2\/pages\/265\/revisions\/1042"}],"wp:attachment":[{"href":"https:\/\/centros.unileon.es\/cienciasdeltrabajo\/wp-json\/wp\/v2\/media?parent=265"}],"curies":[{"name":"wp","href":"https:\/\/api.w.org\/{rel}","templated":true}]}}