{"id":2033,"date":"2020-03-19T11:19:54","date_gmt":"2020-03-19T11:19:54","guid":{"rendered":"https:\/\/centros.unileon.es\/cienciasdeltrabajo\/?page_id=2033"},"modified":"2021-01-19T21:01:07","modified_gmt":"2021-01-19T21:01:07","slug":"coronavirus-suspension-de-la-actividad-lectiva","status":"publish","type":"page","link":"https:\/\/centros.unileon.es\/cienciasdeltrabajo\/coronavirus-suspension-de-la-actividad-lectiva\/","title":{"rendered":"COVID-19"},"content":{"rendered":"La docencia en el curso acad\u00e9mico 2020-2021 se llevar\u00e1 a cabo de forma presencial en todos los t\u00edtulos impartidos en la Facultad de Ciencias del Trabajo, en los horarios y en las aulas indicados en el documento disponible en cada concreto t\u00edtulo. No obstante, si por motivos sanitarios y para el cumplimiento de las reglas de aforo y distanciamiento establecidas por Rectorado fuera necesario, se adoptar\u00e1n las medidas oportunas, tales como la retransmisi\u00f3n s\u00edncrona o la docencia online.\r\n\r\nEn cualquier caso, se ruega a los alumnos, al profesorado, y al personal de administraci\u00f3n y servicios el estricto cumplimiento de las instrucciones recibidas de las autoridades sanitarias, del Rectorado y de la direcci\u00f3n de la Facultad.\r\n\r\n<strong>Unidad de Vigilancia Epidemiol\u00f3gica de la Facultad de Ciencias del Trabajo<\/strong>\r\n\r\nMAR\u00cdA DE LOS REYES MART\u00cdNEZ BARROSO (DECANA). JOS\u00c9 GUSTAVO QUIR\u00d3S HIDALGO (SUPLENTE)\r\n\r\nBEATRIZ AGRA VIFORCOS (PDI).\u00a0RODRIGO TASC\u00d3N L\u00d3PEZ (SUPLENTE)\r\n\r\nMERCEDES MART\u00cdNEZ REGUERA (PAS).\u00a0LAURA LLAMAZARES BAY\u00d3N (SUPLENTE)\r\n\r\nHENAR MEJ\u00cdA VEC\u00cdN (ESTUDIANTE).\u00a0IRENE FUERTES MARTINO (SUPLENTE)\r\n\r\n&nbsp;\r\n\r\n<strong>PLAN DE ADAPTACI\u00d3N DE LA DOCENCIA Y PROTOCOLO DE VIGILANCIA Y ACTUACI\u00d3N<\/strong>\r\n\r\n<strong>La Universidad de Le\u00f3n cuenta con un\u00a0<em>Plan de Actuaci\u00f3n para adaptar la docencia del Curso 2020\/2021 a la situaci\u00f3n sanitaria<\/em>\u00a0y un\u00a0<em>Protocolo de vigilancia y actuaci\u00f3n en caso de detecci\u00f3n de casos de COVID-19\u00a0<\/em>(aprobados en Consejo de Gobierno de 14 de julio de 2020, actualizados en Consejo de Gobierno de 10 de septiembre de 2020):\r\n<\/strong>\r\n<ul>\r\n \t<li class=\"first-child\"><a href=\"https:\/\/centros.unileon.es\/derecho\/files\/2020\/09\/Plan_actuacion_ule_docencia_curso_2020-21_Actualizado_10.09.2020.pdf\">Plan de Actuaci\u00f3n para adaptar la docencia del Curso 2020\/21 (actualizado a 10\/09\/2020)<\/a><\/li>\r\n \t<li class=\"last-child\"><a href=\"https:\/\/centros.unileon.es\/derecho\/files\/2020\/09\/Protocolo_covid19_ule_curso_20-21_Actualizado_10.09.2020.pdf\">Protocolo de vigilancia y actuaci\u00f3n en caso de detecci\u00f3n de casos de COVID-19 (actualizado a 10\/09\/2020)<\/a>.<\/li>\r\n<\/ul>\r\n<strong>CRITERIOS DE LA ACSUCYL<\/strong>\r\n<ul>\r\n \t<li class=\"first-child last-child\"><a href=\"https:\/\/centros.unileon.es\/derecho\/files\/2020\/08\/criterios_generales_planificacion_docencia_2020-21_1docx_def.pdf\">Criterios generales para la adaptaci\u00f3n de la docencia durante el Curso 2020\/2021 a la situaci\u00f3n sanitaria (de 22\/06\/2020).<\/a><\/li>\r\n<\/ul>\r\n<strong>NORMATIVA Y RECOMENDACIONES DE LA JUNTA DE CASTILLA Y LE\u00d3N<\/strong>\r\n<ul>\r\n \t<li class=\"first-child last-child\"><a href=\"https:\/\/centros.unileon.es\/derecho\/files\/2020\/08\/BOCYL-D-20062020-1.pdf\">Acuerdo 29\/2020, de 19 de junio, de la Junta de Castilla y Le\u00f3n, por el que se aprueba el Plan de Medidas de Prevenci\u00f3n y Control para hacer frente a la crisis sanitaria ocasionada por la COVID-19, en la Comunidad de Castilla y Le\u00f3n<\/a>\u00a0(19\/06\/2020).<\/li>\r\n<\/ul>\r\n<strong>NORMATIVA Y RECOMENDACIONES DEL ESTADO<\/strong>\r\n<ul>\r\n \t<li class=\"first-child\"><a href=\"https:\/\/centros.unileon.es\/derecho\/files\/2020\/08\/BOE-A-2020-5895.pdf\">Real Decreto-ley 21\/2020, de 9 de junio, de medidas urgentes de prevenci\u00f3n, contenci\u00f3n y coordinaci\u00f3n para hacer frente a la crisis sanitaria ocasionada por el COVID-19<\/a>\u00a0(09\/06\/2020).<\/li>\r\n \t<li class=\"last-child\"><a href=\"https:\/\/centros.unileon.es\/derecho\/files\/2020\/09\/Recomendaciones-Ministerio-de-Universidades-para-adaptar-la-docencia-a-Presencialidad-adaptada.pdf\">Recomendaciones Ministerio de Universidades para adaptar la docencia a Presencialidad adaptada<\/a>\u00a0(actualizado a 31\/08\/2020).<\/li>\r\n<\/ul>\r\n<h1><\/h1>\r\n<h1 class=\"entry-title\">Emergencia Sanitaria<\/h1>\r\n<div class=\"entry-content\">\r\n<h3><strong>TEL\u00c9FONO ANTE S\u00cdNTOMAS:\u00a0<span class=\"st\">900 222 000<\/span><\/strong><a href=\"https:\/\/centros.unileon.es\/derecho\/files\/2020\/03\/Infografia_nuevo_coronavirus.jpg\"><img loading=\"lazy\" decoding=\"async\" class=\"wp-image-3401 alignnone\" src=\"https:\/\/centros.unileon.es\/derecho\/files\/2020\/03\/Infografia_nuevo_coronavirus.jpg\" alt=\"\" width=\"563\" height=\"751\" \/><\/a><\/h3>\r\n<h3><\/h3>\r\n<h3><strong>PREVENCI\u00d3N DE RIESGOS LABORALES:<\/strong><\/h3>\r\n<a href=\"https:\/\/centros.unileon.es\/derecho\/files\/2020\/03\/informacion_empresas_covid19.jpg\"><img loading=\"lazy\" decoding=\"async\" class=\"alignnone wp-image-3481\" src=\"https:\/\/centros.unileon.es\/derecho\/files\/2020\/03\/informacion_empresas_covid19.jpg\" alt=\"\" width=\"612\" height=\"433\" \/><\/a>\r\n<h3><\/h3>\r\n<h3><strong>AISLAMIENTO DOMICILIARIO:<\/strong><\/h3>\r\n<a href=\"https:\/\/centros.unileon.es\/derecho\/files\/2020\/03\/aislamiento_domicilio_covid19.jpg\"><img loading=\"lazy\" decoding=\"async\" class=\"wp-image-3478 aligncenter\" src=\"https:\/\/centros.unileon.es\/derecho\/files\/2020\/03\/aislamiento_domicilio_covid19.jpg\" alt=\"\" width=\"575\" height=\"799\" \/><\/a>\r\n\r\n&nbsp;\r\n\r\n<strong>INFORMACI\u00d3N ACTUALIZADA:<\/strong>\r\n<ul>\r\n \t<li class=\"first-child\"><a href=\"https:\/\/www.mscbs.gob.es\/profesionales\/saludPublica\/ccayes\/alertasActual\/nCov-China\/home.htm\">Ministerio de Sanidad<\/a><\/li>\r\n \t<li><a href=\"https:\/\/comunicacion.jcyl.es\/web\/es\/coronavirus.html\">Comunicados Junta de Castilla y Le\u00f3n<\/a><\/li>\r\n \t<li class=\"last-child\"><a href=\"https:\/\/www.saludcastillayleon.es\/profesionales\/es?locale=es_ES\">Informaci\u00f3n Junta de Castilla y Le\u00f3n<\/a><\/li>\r\n \t<li class=\"last-child\"><a href=\"http:\/\/servicios.unileon.es\/unidad-prevencion-riesgos-laborales\/\">Universidad de Le\u00f3n: Unidad de prevenci\u00f3n de riesgoslaborales<\/a><\/li>\r\n<\/ul>\r\n<strong>COMUNICACI\u00d3N DE INCIDENCIAS COVID-19 (ESTUDIANTES):<\/strong> <a href=\"https:\/\/docs.google.com\/forms\/d\/e\/1FAIpQLSczrFXaN1fbvlqUrg_V7hCnLRwFT3O1W9dGA6K86h0R0rIbqw\/viewform?embedded=true\">https:\/\/docs.google.com\/forms\/d\/e\/1FAIpQLSczrFXaN1fbvlqUrg_V7hCnLRwFT3O1W9dGA6K86h0R0rIbqw\/viewform?embedded=true<\/a>\r\n\r\n<strong>COMUNICACI\u00d3N DE INCIDENCIAS COVID-19 (PDI-PAS):\u00a0<\/strong><a href=\"https:\/\/docs.google.com\/forms\/d\/e\/1FAIpQLSfSOFjfmCiiBzPYUeKNtiBRZ9Xbeuh9Nq6XdLOxCKVyxlQoow\/viewform\">https:\/\/docs.google.com\/forms\/d\/e\/1FAIpQLSfSOFjfmCiiBzPYUeKNtiBRZ9Xbeuh9Nq6XdLOxCKVyxlQoow\/viewform<\/a>\r\n\r\n<\/div>","protected":false},"excerpt":{"rendered":"<p>La docencia en el curso acad\u00e9mico 2020-2021 se llevar\u00e1 a cabo de forma presencial en todos los t\u00edtulos impartidos en la Facultad de Ciencias del Trabajo, en los horarios y en las aulas indicados en el documento disponible en cada concreto t\u00edtulo. No obstante, si por motivos sanitarios y para el cumplimiento de las reglas [&hellip;]<\/p>\n","protected":false},"author":106,"featured_media":0,"parent":0,"menu_order":0,"comment_status":"closed","ping_status":"closed","template":"","meta":{"footnotes":""},"class_list":["post-2033","page","type-page","status-publish","hentry"],"_links":{"self":[{"href":"https:\/\/centros.unileon.es\/cienciasdeltrabajo\/wp-json\/wp\/v2\/pages\/2033","targetHints":{"allow":["GET"]}}],"collection":[{"href":"https:\/\/centros.unileon.es\/cienciasdeltrabajo\/wp-json\/wp\/v2\/pages"}],"about":[{"href":"https:\/\/centros.unileon.es\/cienciasdeltrabajo\/wp-json\/wp\/v2\/types\/page"}],"author":[{"embeddable":true,"href":"https:\/\/centros.unileon.es\/cienciasdeltrabajo\/wp-json\/wp\/v2\/users\/106"}],"replies":[{"embeddable":true,"href":"https:\/\/centros.unileon.es\/cienciasdeltrabajo\/wp-json\/wp\/v2\/comments?post=2033"}],"version-history":[{"count":14,"href":"https:\/\/centros.unileon.es\/cienciasdeltrabajo\/wp-json\/wp\/v2\/pages\/2033\/revisions"}],"predecessor-version":[{"id":2313,"href":"https:\/\/centros.unileon.es\/cienciasdeltrabajo\/wp-json\/wp\/v2\/pages\/2033\/revisions\/2313"}],"wp:attachment":[{"href":"https:\/\/centros.unileon.es\/cienciasdeltrabajo\/wp-json\/wp\/v2\/media?parent=2033"}],"curies":[{"name":"wp","href":"https:\/\/api.w.org\/{rel}","templated":true}]}}