{"id":1946,"date":"2019-07-12T10:25:25","date_gmt":"2019-07-12T10:25:25","guid":{"rendered":"http:\/\/centros.unileon.es\/cienciasdeltrabajo\/?page_id=1946"},"modified":"2026-03-05T11:20:41","modified_gmt":"2026-03-05T11:20:41","slug":"cursos-y-jornadas","status":"publish","type":"page","link":"https:\/\/centros.unileon.es\/cienciasdeltrabajo\/cursos-y-jornadas\/","title":{"rendered":"Cursos y Jornadas"},"content":{"rendered":"<p><span style=\"text-decoration: underline;\"><strong>&#8212; Curso 2019-2020<\/strong><\/span><\/p>\r\n<p><a href=\"https:\/\/centros.unileon.es\/cienciasdeltrabajo\/files\/2019\/09\/Curso-actualizqcion-tecnicos.pdf\">Curso para actualizaci\u00f3n de T\u00e9cnicos Superiores de Prevenci\u00f3n de Riesgos Laborales y asimilados. Facultad de Derecho &#8211; Facultad de Ciencias del Trabajo. Universidad de Le\u00f3n, 12, 13, 19 y 20 de septiembre de 2019.<\/a><\/p>\r\n<p><a href=\"https:\/\/centros.unileon.es\/cienciasdeltrabajo\/files\/2019\/09\/Curso-PRL.pdf\">Curso sobre \u00abClaves para afrontar riesgos laborales emergentes: el futuro de la prevenci\u00f3n\u00bb. Facultad de Derecho &#8211; Facultad de Ciencias del Trabajo. Universidad de Le\u00f3n. 23-26 de septiembre de 2019.<\/a><\/p>\r\n<p><a href=\"https:\/\/centros.unileon.es\/cienciasdeltrabajo\/files\/2019\/10\/JOrnada-Tecnica-Semana-Europea-PRL.pdf\">Jornada T\u00e9cnica &#8211; Semana Europea de la Seguridad y Salud en el Trabajo &#8211; Trabajos saludables: alerta frente a sustancias peligrosas. Centro de Seguridad y Salud Laboral de Castilla y Le\u00f3n. Le\u00f3n, 17 de octubre de 2019. <\/a>.<\/p>\r\n<p>Conferencia \u00abprevenci\u00f3n de riesgos en los procesos de pintado\u00bb. Spies Hecker Leon Pinutr. IES Giner de los R\u00edos. 24 de octubre de 2019. 18:30.\u00a0<a href=\"https:\/\/www.youtube.com\/watch?v=joIFnRzHVtw\">https:\/\/www.youtube.com\/watch?v=joIFnRzHVtw<\/a><\/p>\r\n<p><u>Jornada de Prevenci\u00f3n de Riesgos Laborales en el sector farmac\u00e9utico y biotecnol\u00f3gico.\u00a0<\/u><a href=\"https:\/\/centros.unileon.es\/cienciasdeltrabajo\/files\/2019\/10\/Programa.pdf\">Programa.\u00a0<\/a>Centro Regional de Seguridad y Salud Laboral. C\/ Fraga Iribarne, esquina Avda. Portugal. 14 de noviembre de 2019. 10:00.\u00a0<a href=\"https:\/\/trabajoyprevencion.jcyl.es\/web\/jcyl\/TrabajoYPrevencion\/es\/Plantilla100Detalle\/1255645269725\/_\/1284846682730\/Propuesta\">https:\/\/trabajoyprevencion.jcyl.es\/web\/jcyl\/TrabajoYPrevencion\/es\/Plantilla100Detalle\/1255645269725\/_\/1284846682730\/Propuesta<\/a><\/p>\r\n<p>II Jornada Prevenci\u00f3n de Riesgos Laborales en Tr\u00e1fico. 18 de marzo de 2020. Sal\u00f3n de Actos de la Consejer\u00eda de Empleo e Industria. Valladolid.<a href=\"https:\/\/centros.unileon.es\/cienciasdeltrabajo\/files\/2020\/03\/II-Jornada-PRL-en-tr\u00e1fico.pdf\">II Jornada PRL en Tr\u00e1fico<\/a><\/p>\r\n<p><span style=\"text-decoration: underline;\"><strong>&#8212; Curso 2020-2021<\/strong><\/span><\/p>\r\n<p><a href=\"https:\/\/centros.unileon.es\/cienciasdeltrabajo\/files\/2020\/12\/Jornadas-Cerrando-brechas-por-razon-de-genero.docx\">Cerrando brechas por raz\u00f3n de g\u00e9nero: impulso desde la Responsabilidad Social Empresarial en el escenario post-COVID19. 16 y 17 de diciembre de 2020. Facultades de Derecho y de Ciencias del Trabajo. Universidad de Le\u00f3n.<\/a><\/p>\r\n<p><span style=\"text-decoration: underline;\"><strong>&#8212; Curso 2021-2022<\/strong><\/span><\/p>\r\n<p><a href=\"https:\/\/centros.unileon.es\/cienciasdeltrabajo\/files\/2021\/08\/Programa.docx\">Jornada \u00abProtagonistas y riesgos en el sector agrario Castellano y Leon\u00e9s: la prevenci\u00f3n como motor de sostenibilidad social, econ\u00f3mica y ambiental\u00bb. Facultades de Derecho y Ciencias del Trabajo. Universidad de Le\u00f3n. 15, 16, 22 y 23 de septiembre de 2021<\/a><\/p>\r\n<p><a href=\"https:\/\/centros.unileon.es\/cienciasdeltrabajo\/files\/2021\/09\/DIPTICO-Curso-TSPRL-1-1.pdf\">Curso para actualizaci\u00f3n de T\u00e9cnicos Superiores de Prevenci\u00f3n de Riesgos Laborales y asimilados. \u201cLa prevenci\u00f3n de riesgos laborales cl\u00e1sicos y emergentes: an\u00e1lisis de colectivos espec\u00edficos y con perspectiva de g\u00e9nero\u201d. Facultades de Derecho y de Ciencias del Trabajo. Universidad de Le\u00f3n. 14,15, 21 y 22 de octubre de 2021<\/a><\/p>\r\n<p><span style=\"text-decoration: underline;\"><strong>&#8212; Curso 2022-2023<\/strong><\/span><\/p>\r\n<p data-kb-block=\"kb-adv-heading_478ba2-44\"><a href=\"https:\/\/centros.unileon.es\/cienciasdeltrabajo\/files\/2022\/09\/Curso.pdf\">Curso para actualizaci\u00f3n de T\u00e9cnicos Superiores de Prevenci\u00f3n de Riesgos Laborales y asimilados. \u201cVulneraci\u00f3n frente al riesgo laboral y mecanismos de prevenci\u00f3n\u201d. Facultades de Derecho y de Ciencias del Trabajo. Universidad de Le\u00f3n. 14,15, 21 y 22 de septiembre de 2022<\/a><\/p>\r\n<p style=\"text-align: justify;\" data-kb-block=\"kb-adv-heading_478ba2-44\"><a href=\"https:\/\/centros.unileon.es\/cienciasdeltrabajo\/files\/2022\/09\/PROGRAMA-JORNADAS-LEON-2022-1.docx\">Jornada \u00abProtecci\u00f3n de la seguridad y salud laboral en los sectores productivos estrat\u00e9gicos en Castilla y Le\u00f3n: colectivos especialmente sensibles y riesgos heredados y emergentes\u00bb. Facultades de Derecho y Ciencias del Trabajo. Universidad de Le\u00f3n. 15, 16, 22 y 23 de septiembre de 2022<\/a><\/p>\r\n<p data-kb-block=\"kb-adv-heading_478ba2-44\"><a href=\"https:\/\/centros.unileon.es\/cienciasdeltrabajo\/files\/2022\/11\/Curso-sobre-Prevencion-de-riesgos-laborales-y-vigilancia-de-la-salud-de-los-trabajadores.-Marco-teorico-y-aplicacion-practica.-24-de-noviembre-de-2022.-1.pdf\">Curso sobre \u00abPrevenci\u00f3n de riesgos laborales y vigilancia de la salud de los trabajadores. Marco te\u00f3rico y aplicaci\u00f3n pr\u00e1ctica\u00bb. Facultad de Ciencias del Trabajo. Universidad de Le\u00f3n. 24 de noviembre de 2022.<\/a><\/p>\r\n<p data-kb-block=\"kb-adv-heading_478ba2-44\"><span style=\"text-decoration: underline;\"><strong>&#8212; Curso 2023-2024<\/strong><\/span><\/p>\r\n<p data-kb-block=\"kb-adv-heading_478ba2-44\"><a href=\"https:\/\/centros.unileon.es\/cienciasdeltrabajo\/files\/2023\/09\/Retos-juridicos-sector-sanitario.pdf\">I Jornada \u00abRetos jur\u00eddicos del sector sanitario frente a la rob\u00f3tica, la inteligencia artificial y el cambio clim\u00e1tico. UN enfoque laboral y sanitario. Facultad de Ciencias del Trabajo. Universidad de Le\u00f3n. 16 y 17 de octubre de 2023.<\/a><\/p>\r\n<p data-kb-block=\"kb-adv-heading_478ba2-44\">Visita de los alumnos del M\u00e1ster en Gesti\u00f3n de Prevenci\u00f3n de Riesgos Laborales al Departamento de Seguridad e Higiene de los Laboratorios Le\u00f3n Farma. 11 de enero de 2024. Organizado conjuntamente por la Coordinaci\u00f3n del M\u00e1ster y los Profesores de la asignatura \u00abEconom\u00eda de la Prevenci\u00f3n\u00bb.<\/p>\r\n<p data-kb-block=\"kb-adv-heading_478ba2-44\"><span style=\"text-decoration: underline;\"><strong>&#8212; Curso 2024-2025<\/strong><\/span><\/p>\r\n<p data-kb-block=\"kb-adv-heading_478ba2-44\"><a href=\"https:\/\/centros.unileon.es\/cienciasdeltrabajo\/files\/2024\/10\/II-Jornadas-Retos-juridicos-del-sector-sanitario-Zonas-de-dificil-cobertura-y-enfermedades-cronicas-15-y-16-septiembre-2024.docx\">II Jornada \u00abRetos jur\u00eddicos del sector sanitario. Zonas de dif\u00edcil cobertura y enfermedades cr\u00f3nicas. Facultad de Ciencias del Trabajo. Universidad de Le\u00f3n. 15 y 16 de octubre de 2024.<\/a><\/p>\r\n<p><span style=\"text-decoration: underline;\"><strong>&#8212; Curso 2025-2026<\/strong><\/span><\/p>\r\n<p>Webinario (online) sobre Herramientas del INSST para la gesti\u00f3n de los riesgos psicosociales. 11 de marzo de 2026. 10:00 &#8211; 12:00 horas (https:\/\/www.insst.es\/formacion\/cnvm-bizkaia\/herramientas-del-insst-para-la-gestion-de-los-riesgos-psicosociales-2026).<\/p>\r\n<p><a href=\"https:\/\/centros.unileon.es\/cienciasdeltrabajo\/files\/2026\/03\/Jornada-riesgos-psicosociales-4-marzo-MPRL.pdf\">Jornada sobre riesgos psicosociales (Asepeyo). 4 de marzo de 2026. <\/a><\/p>","protected":false},"excerpt":{"rendered":"<p>&#8212; Curso 2019-2020 Curso para actualizaci\u00f3n de T\u00e9cnicos Superiores de Prevenci\u00f3n de Riesgos Laborales y asimilados. Facultad de Derecho &#8211; Facultad de Ciencias del Trabajo. Universidad de Le\u00f3n, 12, 13, 19 y 20 de septiembre de 2019. Curso sobre \u00abClaves para afrontar riesgos laborales emergentes: el futuro de la prevenci\u00f3n\u00bb. Facultad de Derecho &#8211; Facultad [&hellip;]<\/p>\n","protected":false},"author":106,"featured_media":0,"parent":0,"menu_order":0,"comment_status":"closed","ping_status":"closed","template":"","meta":{"footnotes":""},"class_list":["post-1946","page","type-page","status-publish","hentry"],"_links":{"self":[{"href":"https:\/\/centros.unileon.es\/cienciasdeltrabajo\/wp-json\/wp\/v2\/pages\/1946","targetHints":{"allow":["GET"]}}],"collection":[{"href":"https:\/\/centros.unileon.es\/cienciasdeltrabajo\/wp-json\/wp\/v2\/pages"}],"about":[{"href":"https:\/\/centros.unileon.es\/cienciasdeltrabajo\/wp-json\/wp\/v2\/types\/page"}],"author":[{"embeddable":true,"href":"https:\/\/centros.unileon.es\/cienciasdeltrabajo\/wp-json\/wp\/v2\/users\/106"}],"replies":[{"embeddable":true,"href":"https:\/\/centros.unileon.es\/cienciasdeltrabajo\/wp-json\/wp\/v2\/comments?post=1946"}],"version-history":[{"count":34,"href":"https:\/\/centros.unileon.es\/cienciasdeltrabajo\/wp-json\/wp\/v2\/pages\/1946\/revisions"}],"predecessor-version":[{"id":3393,"href":"https:\/\/centros.unileon.es\/cienciasdeltrabajo\/wp-json\/wp\/v2\/pages\/1946\/revisions\/3393"}],"wp:attachment":[{"href":"https:\/\/centros.unileon.es\/cienciasdeltrabajo\/wp-json\/wp\/v2\/media?parent=1946"}],"curies":[{"name":"wp","href":"https:\/\/api.w.org\/{rel}","templated":true}]}}