{"id":168,"date":"2012-11-23T08:38:19","date_gmt":"2012-11-23T08:38:19","guid":{"rendered":"http:\/\/centros.unileon.es\/cienciasdeltrabajo\/?page_id=168"},"modified":"2020-09-24T10:37:48","modified_gmt":"2020-09-24T10:37:48","slug":"informacion-general-2","status":"publish","type":"page","link":"https:\/\/centros.unileon.es\/cienciasdeltrabajo\/informacion-general-2\/","title":{"rendered":"Otra Informaci\u00f3n"},"content":{"rendered":"<code><\/code><!--more-->\r\n<div style=\"text-align: justify;\" align=\"LEFT\"><strong style=\"font-size: 1.8em;\">SEGURO OBLIGATORIO<\/strong><\/div>\r\n<p id=\"seguroobligatorio\"><strong>Seguro obligatorio para los estudiantes no cubiertos por el seguro escolar<\/strong><\/p>\r\nLa Universidad de Le\u00f3n ha considerado necesario que todos los estudiantes en ella matriculados tengan la cobertura que les ampare frente a las contingencias derivadas de accidente escolar.\r\n\r\nA dichos efectos el Acuerdo de Consejo de Gobierno, de fecha 15 de mayo de 2014, estableci\u00f3 la obligatoriedad de que todos los estudiantes matriculados en la Universidad de Le\u00f3n esten amparados por el Seguro Escolar o bien suscriban el seguro \u201cOncampus\u201d.\r\n\r\nS\u00f3lo quedar\u00e1n exceptuados, aquellos que acrediten en la Administraci\u00f3n del Centro estar en situaci\u00f3n de alta en el sistema espa\u00f1ol de Seguridad Social, en el momento de la matr\u00edcula. La acreditaci\u00f3n se efectuar\u00e1 a trav\u00e9s de alguno de los informes que incluyan dicho dato (informe de vida laboral, de alta laboral a fecha concreta, de situaci\u00f3n actual del trabajador, etc) que puede obtener por Internet, en la p\u00e1gina web <a href=\"http:\/\/www.seg-social.es\/\">www.seg-social.es<\/a> en la ruta SEDE ELECTR\u00d3NICA \u2192 SERVICIOS EN L\u00cdNEA\/CIUDADANOS \u2192 SERVICIOS V\u00cdA SMS.\r\n\r\nEn consecuencia, los estudiantes que se matriculen en la Universidad de Le\u00f3n, durante el curso acad\u00e9mico 2016\/2017, han de ajustarse a lo siguiente:\r\n<ol>\r\n \t<li>Los estudiantes que no est\u00e9n amparados por el R\u00e9gimen Especial del Seguro Escolar , deber\u00e1n acreditar que han concertado la p\u00f3liza del seguro ONCAMPUS, o la situaci\u00f3n de alta en la Seguridad Social, en el momento de la matr\u00edcula.<\/li>\r\n \t<li>Opcionalmente,\u00a0los estudiantes protegidos por el Seguro Escolar tambi\u00e9n podr\u00e1n acogerse al seguro ONCAMPUS.<\/li>\r\n \t<li>El coste de dicho seguro es de 19 euros.<\/li>\r\n \t<li>La contrataci\u00f3n se puede efectuar a trav\u00e9s del siguiente enlace:\u00a0<a title=\"blocked::http:\/\/oncampus.es\/common\/alumnos\" href=\"http:\/\/oncampus.es\/common\/alumnos\" target=\"_blank\" rel=\"noopener noreferrer\">http:\/\/oncampus.es\/common\/alumnos<\/a><\/li>\r\n \t<li>Para acreditar que ha formalizado este seguro, el estudiante proceder\u00e1 de la siguiente forma:\r\n<ul>\r\n \t<li>Si elige pago por transferencia, debe de entregar en la Administraci\u00f3n el Certificado de Seguro con el justificante de pago que le dan en el banco. El certificado se\u00f1ala que \u00abNO TENDR\u00c1 VALIDEZ SIN APORTAR JUSTICANTE DE PAGO\u00bb<\/li>\r\n \t<li>Si el estudiante elige pago tarjeta bancaria, el certificado de cobertura, en principio,es justificante de formalizaci\u00f3n.<\/li>\r\n<\/ul>\r\n<\/li>\r\n \t<li><a href=\"http:\/\/www.unileon.es\/files\/condiciones-generales-oncampus-2014.pdf\">Caracter\u00edsticas y las contingencias<\/a> cubiertas por dicho seguro .<\/li>\r\n<\/ol>\r\nPara abonar el coste del seguro ONCAMPUS los estudiantes podr\u00e1n hacerlo por transferencia bancaria o por tarjeta de cr\u00e9dito. A continuaci\u00f3n se indica el procedimiento a seguir en cada caso.\r\n\r\nSi el estudiante opta por transferencia bancaria:\r\n<ol>\r\n \t<li>El estudiante descargar\u00e1 e imprimir\u00e1 el pdf con el resumen de coberturas de la p\u00f3liza ONCAMPUS.<\/li>\r\n \t<li>Efectuar\u00e1 un ingreso de 19 euros o transferencia bancaria al n\u00ba de cta del Banco Santander ( ES03.0049.1467.20.2910410509) indicando su nombre, apellidos y dni.<\/li>\r\n \t<li>Para hacer efectivo las garant\u00edas de la p\u00f3liza el estudiante deber\u00e1 aportar en la Administraci\u00f3n de Centro,el resguardo de liquidaci\u00f3n del banco donde conste el abono de este seguro.S\u00d3LO TENDR\u00c1 VALIDEZ SI\u00a0 APORTA EL JUSTIFICANTE DE PAGO.<\/li>\r\n<\/ol>\r\nSi el estudiante opta por pago con tarjeta bancaria:\r\n<ol>\r\n \t<li>El estudiante cumplimentar\u00e1 los datos del formulario existente en el enlace web.<\/li>\r\n \t<li>Har\u00e1 efectivo el pago de\u00a019 euros<strong>\u00a0<\/strong>mediante tarjeta bancaria.<\/li>\r\n \t<li>Descargar\u00e1 el pdf \u201cCertificado de cobertura\u201d que se crear\u00e1 con sus datos personales.<\/li>\r\n<\/ol>\r\n<p style=\"text-align: justify;\" align=\"left\"><\/p>","protected":false},"excerpt":{"rendered":"","protected":false},"author":44,"featured_media":0,"parent":0,"menu_order":0,"comment_status":"closed","ping_status":"open","template":"","meta":{"footnotes":""},"class_list":["post-168","page","type-page","status-publish","hentry"],"_links":{"self":[{"href":"https:\/\/centros.unileon.es\/cienciasdeltrabajo\/wp-json\/wp\/v2\/pages\/168","targetHints":{"allow":["GET"]}}],"collection":[{"href":"https:\/\/centros.unileon.es\/cienciasdeltrabajo\/wp-json\/wp\/v2\/pages"}],"about":[{"href":"https:\/\/centros.unileon.es\/cienciasdeltrabajo\/wp-json\/wp\/v2\/types\/page"}],"author":[{"embeddable":true,"href":"https:\/\/centros.unileon.es\/cienciasdeltrabajo\/wp-json\/wp\/v2\/users\/44"}],"replies":[{"embeddable":true,"href":"https:\/\/centros.unileon.es\/cienciasdeltrabajo\/wp-json\/wp\/v2\/comments?post=168"}],"version-history":[{"count":25,"href":"https:\/\/centros.unileon.es\/cienciasdeltrabajo\/wp-json\/wp\/v2\/pages\/168\/revisions"}],"predecessor-version":[{"id":2198,"href":"https:\/\/centros.unileon.es\/cienciasdeltrabajo\/wp-json\/wp\/v2\/pages\/168\/revisions\/2198"}],"wp:attachment":[{"href":"https:\/\/centros.unileon.es\/cienciasdeltrabajo\/wp-json\/wp\/v2\/media?parent=168"}],"curies":[{"name":"wp","href":"https:\/\/api.w.org\/{rel}","templated":true}]}}