{"id":1640,"date":"2017-09-28T08:51:00","date_gmt":"2017-09-28T08:51:00","guid":{"rendered":"http:\/\/centros.unileon.es\/cienciasdeltrabajo\/?page_id=1640"},"modified":"2025-11-04T12:09:10","modified_gmt":"2025-11-04T12:09:10","slug":"becas-de-la-fundacion-cepa-gonzalez-diez-para-estudios-de-master-2","status":"publish","type":"page","link":"https:\/\/centros.unileon.es\/cienciasdeltrabajo\/becas-de-la-fundacion-cepa-gonzalez-diez-para-estudios-de-master-2\/","title":{"rendered":"Becas y ofertas de trabajo"},"content":{"rendered":"<p>Becas de la Fundaci\u00f3n CEPA Gonz\u00e1lez D\u00edez para estudios de M\u00e1ster:\u00a0<a href=\"http:\/\/www.unileon.es\/estudiantes\/estudiantes-que-desean-acceder\/becas-y-ayudas\/fundaciones\">http:\/\/www.unileon.es\/estudiantes\/estudiantes-que-desean-acceder\/becas-y-ayudas\/fundaciones<\/a><\/p>\r\n<p>5 Becas del Programa formativo para personas licenciadas y\/o diplomadas universitarias y\/o graduadas con el t\u00edtulo de T\u00e9cnico Superior en Prevenci\u00f3n de Riesgos Laborales o asimilado, licenciados y\/o diplomados en Medicina del Trabajo o en Enfermer\u00eda del Trabajo y T\u00e9cnicos Superiores en Prevenci\u00f3n de Riesgos Profesionales de Grado Superior de Formaci\u00f3n Profesional de la Comunidad de Castilla y Le\u00f3n (9 meses, 1.600 \u20ac\/mes):\u00a0<a href=\"https:\/\/www.tramitacastillayleon.jcyl.es\/web\/jcyl\/AdministracionElectronica\/es\/Plantilla100Detalle\/1251181050732\/Ayuda012\/1285013500129\/Propuesta\">https:\/\/www.tramitacastillayleon.jcyl.es\/web\/jcyl\/AdministracionElectronica\/es\/Plantilla100Detalle\/1251181050732\/Ayuda012\/1285013500129\/Propuesta<\/a><\/p>\r\n<p>Beca FGULEM para titulados en el M\u00e1ster de Prevenci\u00f3n de Riesgos Laborales (diciembre 2020): <a href=\"http:\/\/fgulem.unileon.es\/fgulem\/destacado.aspx?id=1349\">http:\/\/fgulem.unileon.es\/fgulem\/destacado.aspx?id=1349<\/a><\/p>\r\n<p>Beca FGULEM para Graduados en rama de Ciencias y M\u00e1ster en Prevenci\u00f3n de Riesgos Laborales (enero 2021): <a href=\"http:\/\/fgulem.unileon.es\/fgulem\/destacado.aspx?id=1354\">http:\/\/fgulem.unileon.es\/fgulem\/destacado.aspx?id=1354<\/a><\/p>\r\n<p>Beca COIE para Graduados con M\u00e1ster en Prevenci\u00f3n de Riesgos Laborales (febrero 2021): <a href=\"https:\/\/centros.unileon.es\/cienciasdeltrabajo\/files\/2021\/02\/OFERTA-DE-EMPLEO-No291457-PIONEER-HI-BRED-AGROSERVICIOS-SPAIN-para-Master-en-Prev.Riesgos-Laborales.pdf\">Bolsa empleo COIE<\/a><\/p>\r\n<p>Beca FGULEM para titulados en el M\u00e1ster de Prevenci\u00f3n de Riesgos Laborales (febrero 2021):\u00a0<a href=\"http:\/\/fgulem.unileon.es\/fgulem\/destacado.aspx?id=1366\">http:\/\/fgulem.unileon.es\/fgulem\/destacado.aspx?id=1366<\/a><\/p>\r\n<p>Oferta de empleo (contrato por obra o servicio) en Le\u00f3n para Titulados industriales con M\u00e1ster en PRL (febrero 2021): <a href=\"https:\/\/centros.unileon.es\/cienciasdeltrabajo\/files\/2021\/02\/Oferta-contrato-COIE.doc\">Oferta de empleo<\/a><\/p>\r\n<p><a href=\"https:\/\/www.insst.es\/el-instituto\/trabaja-con-nosotros\/oposiciones-insst\">Oposiciones al Instituto Nacional de Seguridad e Higiene en el Trabajo (Titulado Superior. Grupo A1)<\/a><\/p>\r\n<p>Beca FGULEM para titulados en el M\u00e1ster de Prevenci\u00f3n de Riesgos Laborales (noviembre 2022. Toral de los Vados).<\/p>\r\n<p><a href=\"https:\/\/centros.unileon.es\/cienciasdeltrabajo\/files\/2024\/03\/Perfil-Tecnico-PRL-Riego-de-la-Vega.pdf\">Oferta de trabajo T\u00e9cnico Prevenci\u00f3n de Riesgos Laborales. Marzo 2024<\/a><\/p>\r\n<p><a href=\"https:\/\/www.tragsa.es\/_layouts\/15\/GrupoTragsa\/ficha-oferta-empleo.aspx?tipo=FTG&amp;jobid=51075\">Oferta de trabajo de T\u00e9cnico de Prevenci\u00f3n de Riesgos Laborales. Octubre 2025.<\/a><\/p>\r\n<p><a href=\"https:\/\/centros.unileon.es\/cienciasdeltrabajo\/files\/2025\/10\/Folleto-digital-DEFINITIVO.pdf\">Oposiciones del Grupo A1 a la Escala de Titulados Superiores del Instituto Nacional de Seguridad y Salud en el Trabajo (INSST)<\/a> &#8211;\u00a0<a href=\"https:\/\/www.insst.es\/el-instituto\/trabaja-con-nosotros\/oposiciones-insst\">https:\/\/www.insst.es\/el-instituto\/trabaja-con-nosotros\/oposiciones-insst<\/a><\/p>","protected":false},"excerpt":{"rendered":"<p>Becas de la Fundaci\u00f3n CEPA Gonz\u00e1lez D\u00edez para estudios de M\u00e1ster:\u00a0http:\/\/www.unileon.es\/estudiantes\/estudiantes-que-desean-acceder\/becas-y-ayudas\/fundaciones 5 Becas del Programa formativo para personas licenciadas y\/o diplomadas universitarias y\/o graduadas con el t\u00edtulo de T\u00e9cnico Superior en Prevenci\u00f3n de Riesgos Laborales o asimilado, licenciados y\/o diplomados en Medicina del Trabajo o en Enfermer\u00eda del Trabajo y T\u00e9cnicos Superiores en Prevenci\u00f3n de [&hellip;]<\/p>\n","protected":false},"author":106,"featured_media":0,"parent":0,"menu_order":0,"comment_status":"closed","ping_status":"closed","template":"","meta":{"footnotes":""},"class_list":["post-1640","page","type-page","status-publish","hentry"],"_links":{"self":[{"href":"https:\/\/centros.unileon.es\/cienciasdeltrabajo\/wp-json\/wp\/v2\/pages\/1640","targetHints":{"allow":["GET"]}}],"collection":[{"href":"https:\/\/centros.unileon.es\/cienciasdeltrabajo\/wp-json\/wp\/v2\/pages"}],"about":[{"href":"https:\/\/centros.unileon.es\/cienciasdeltrabajo\/wp-json\/wp\/v2\/types\/page"}],"author":[{"embeddable":true,"href":"https:\/\/centros.unileon.es\/cienciasdeltrabajo\/wp-json\/wp\/v2\/users\/106"}],"replies":[{"embeddable":true,"href":"https:\/\/centros.unileon.es\/cienciasdeltrabajo\/wp-json\/wp\/v2\/comments?post=1640"}],"version-history":[{"count":19,"href":"https:\/\/centros.unileon.es\/cienciasdeltrabajo\/wp-json\/wp\/v2\/pages\/1640\/revisions"}],"predecessor-version":[{"id":3313,"href":"https:\/\/centros.unileon.es\/cienciasdeltrabajo\/wp-json\/wp\/v2\/pages\/1640\/revisions\/3313"}],"wp:attachment":[{"href":"https:\/\/centros.unileon.es\/cienciasdeltrabajo\/wp-json\/wp\/v2\/media?parent=1640"}],"curies":[{"name":"wp","href":"https:\/\/api.w.org\/{rel}","templated":true}]}}