{"id":1634,"date":"2017-09-28T08:49:08","date_gmt":"2017-09-28T08:49:08","guid":{"rendered":"http:\/\/centros.unileon.es\/cienciasdeltrabajo\/?page_id=1634"},"modified":"2025-11-04T12:11:19","modified_gmt":"2025-11-04T12:11:19","slug":"becas-de-la-fundacion-cepa-gonzalez-diez-para-estudios-de-master","status":"publish","type":"page","link":"https:\/\/centros.unileon.es\/cienciasdeltrabajo\/becas-de-la-fundacion-cepa-gonzalez-diez-para-estudios-de-master\/","title":{"rendered":"Becas"},"content":{"rendered":"<p>Becas de la Fundaci\u00f3n CEPA Gonz\u00e1lez D\u00edez para estudios de M\u00e1ster:\u00a0<a href=\"http:\/\/www.unileon.es\/estudiantes\/estudiantes-que-desean-acceder\/becas-y-ayudas\/fundaciones\">http:\/\/www.unileon.es\/estudiantes\/estudiantes-que-desean-acceder\/becas-y-ayudas\/fundaciones<\/a><\/p>\r\n<p>5 Becas del Programa formativo para personas licenciadas y\/o diplomadas universitarias y\/o graduadas con el t\u00edtulo de T\u00e9cnico Superior en Prevenci\u00f3n de Riesgos Laborales o asimilado, licenciados y\/o diplomados en Medicina del Trabajo o en Enfermer\u00eda del Trabajo y T\u00e9cnicos Superiores en Prevenci\u00f3n de Riesgos Profesionales de Grado Superior de Formaci\u00f3n Profesional de la Comunidad de Castilla y Le\u00f3n (9 meses, 1.600 \u20ac\/mes):\u00a0<a href=\"https:\/\/www.tramitacastillayleon.jcyl.es\/web\/jcyl\/AdministracionElectronica\/es\/Plantilla100Detalle\/1251181050732\/Ayuda012\/1285013500129\/Propuesta\">https:\/\/www.tramitacastillayleon.jcyl.es\/web\/jcyl\/AdministracionElectronica\/es\/Plantilla100Detalle\/1251181050732\/Ayuda012\/1285013500129\/Propuesta<\/a><\/p>\r\n<p>&nbsp;<\/p>","protected":false},"excerpt":{"rendered":"<p>Becas de la Fundaci\u00f3n CEPA Gonz\u00e1lez D\u00edez para estudios de M\u00e1ster:\u00a0http:\/\/www.unileon.es\/estudiantes\/estudiantes-que-desean-acceder\/becas-y-ayudas\/fundaciones 5 Becas del Programa formativo para personas licenciadas y\/o diplomadas universitarias y\/o graduadas con el t\u00edtulo de T\u00e9cnico Superior en Prevenci\u00f3n de Riesgos Laborales o asimilado, licenciados y\/o diplomados en Medicina del Trabajo o en Enfermer\u00eda del Trabajo y T\u00e9cnicos Superiores en Prevenci\u00f3n de [&hellip;]<\/p>\n","protected":false},"author":106,"featured_media":0,"parent":0,"menu_order":0,"comment_status":"closed","ping_status":"closed","template":"","meta":{"footnotes":""},"class_list":["post-1634","page","type-page","status-publish","hentry"],"_links":{"self":[{"href":"https:\/\/centros.unileon.es\/cienciasdeltrabajo\/wp-json\/wp\/v2\/pages\/1634","targetHints":{"allow":["GET"]}}],"collection":[{"href":"https:\/\/centros.unileon.es\/cienciasdeltrabajo\/wp-json\/wp\/v2\/pages"}],"about":[{"href":"https:\/\/centros.unileon.es\/cienciasdeltrabajo\/wp-json\/wp\/v2\/types\/page"}],"author":[{"embeddable":true,"href":"https:\/\/centros.unileon.es\/cienciasdeltrabajo\/wp-json\/wp\/v2\/users\/106"}],"replies":[{"embeddable":true,"href":"https:\/\/centros.unileon.es\/cienciasdeltrabajo\/wp-json\/wp\/v2\/comments?post=1634"}],"version-history":[{"count":6,"href":"https:\/\/centros.unileon.es\/cienciasdeltrabajo\/wp-json\/wp\/v2\/pages\/1634\/revisions"}],"predecessor-version":[{"id":3319,"href":"https:\/\/centros.unileon.es\/cienciasdeltrabajo\/wp-json\/wp\/v2\/pages\/1634\/revisions\/3319"}],"wp:attachment":[{"href":"https:\/\/centros.unileon.es\/cienciasdeltrabajo\/wp-json\/wp\/v2\/media?parent=1634"}],"curies":[{"name":"wp","href":"https:\/\/api.w.org\/{rel}","templated":true}]}}