{"id":15,"date":"2010-10-08T11:02:29","date_gmt":"2010-10-08T11:02:29","guid":{"rendered":"http:\/\/centros.unileon.es\/cienciasdeltrabajo\/"},"modified":"2014-06-03T15:59:50","modified_gmt":"2014-06-03T15:59:50","slug":"departamentos","status":"publish","type":"page","link":"https:\/\/centros.unileon.es\/cienciasdeltrabajo\/departamentos\/","title":{"rendered":"Departamentos"},"content":{"rendered":"<ul>\r\n\t<li><a href=\"http:\/\/departamentos.unileon.es\/derecho-privado-y-de-la-empresa\/\">Departamento de Derecho Privado y de la Empresa<\/a><\/li>\r\n\t<li><a href=\"http:\/\/departamentos.unileon.es\/derecho-publico\/\">Departamento de Derecho P\u00fablico<\/a><\/li>\r\n\t<li><a href=\"http:\/\/departamentos.unileon.es\/direccion-y-economia-de-la-empresa\/\">Departamento de Direcci\u00f3n y Econom\u00eda de la Empresa<\/a><\/li>\r\n\t<li><a href=\"http:\/\/departamentos.unileon.es\/economia-y-estadistica\/\">Departamento de Econom\u00eda y Estad\u00edstica<\/a><\/li>\r\n\t<li><a href=\"http:\/\/departamentos.unileon.es\/historia\/\">Departamento de Historia<\/a><\/li>\r\n\t<li><a href=\"http:\/\/departamentos.unileon.es\/psicologia-sociologia-y-filosofia\/equipo-directivo\/\">Departamento de Psicolog\u00eda, Sociolog\u00eda y Filosof\u00eda<\/a><\/li>\r\n\t<li>Departamento de Filolog\u00eda Moderna<\/li>\r\n\t<li>Departamento de Matem\u00e1ticas<\/li>\r\n\t<li>Departamento de Qu\u00edmica y F\u00edsica Aplicadas<\/li>\r\n\t<li>Departamento de Sanidad Animal<\/li>\r\n\t<li>Departamento de Ciencias Biom\u00e9dicas<\/li>\r\n\t<li>Departamento de Biodiversidad y Gesti\u00f3n Ambiental<\/li>\r\n<\/ul>","protected":false},"excerpt":{"rendered":"<p>Departamento de Derecho Privado y de la Empresa Departamento de Derecho P\u00fablico Departamento de Direcci\u00f3n y Econom\u00eda de la Empresa Departamento de Econom\u00eda y Estad\u00edstica Departamento de Historia Departamento de Psicolog\u00eda, Sociolog\u00eda y Filosof\u00eda Departamento de Filolog\u00eda Moderna Departamento de Matem\u00e1ticas Departamento de Qu\u00edmica y F\u00edsica Aplicadas Departamento de Sanidad Animal Departamento de Ciencias Biom\u00e9dicas [&hellip;]<\/p>\n","protected":false},"author":1,"featured_media":0,"parent":0,"menu_order":0,"comment_status":"closed","ping_status":"open","template":"","meta":{"footnotes":""},"class_list":["post-15","page","type-page","status-publish","hentry"],"_links":{"self":[{"href":"https:\/\/centros.unileon.es\/cienciasdeltrabajo\/wp-json\/wp\/v2\/pages\/15","targetHints":{"allow":["GET"]}}],"collection":[{"href":"https:\/\/centros.unileon.es\/cienciasdeltrabajo\/wp-json\/wp\/v2\/pages"}],"about":[{"href":"https:\/\/centros.unileon.es\/cienciasdeltrabajo\/wp-json\/wp\/v2\/types\/page"}],"author":[{"embeddable":true,"href":"https:\/\/centros.unileon.es\/cienciasdeltrabajo\/wp-json\/wp\/v2\/users\/1"}],"replies":[{"embeddable":true,"href":"https:\/\/centros.unileon.es\/cienciasdeltrabajo\/wp-json\/wp\/v2\/comments?post=15"}],"version-history":[{"count":7,"href":"https:\/\/centros.unileon.es\/cienciasdeltrabajo\/wp-json\/wp\/v2\/pages\/15\/revisions"}],"predecessor-version":[{"id":635,"href":"https:\/\/centros.unileon.es\/cienciasdeltrabajo\/wp-json\/wp\/v2\/pages\/15\/revisions\/635"}],"wp:attachment":[{"href":"https:\/\/centros.unileon.es\/cienciasdeltrabajo\/wp-json\/wp\/v2\/media?parent=15"}],"curies":[{"name":"wp","href":"https:\/\/api.w.org\/{rel}","templated":true}]}}