{"id":1493,"date":"2017-03-07T09:30:04","date_gmt":"2017-03-07T09:30:04","guid":{"rendered":"http:\/\/centros.unileon.es\/cienciasdeltrabajo\/?page_id=1493"},"modified":"2017-03-07T09:30:04","modified_gmt":"2017-03-07T09:30:04","slug":"premio-magistrado-jose-rodriguez-quiros","status":"publish","type":"page","link":"https:\/\/centros.unileon.es\/cienciasdeltrabajo\/premio-magistrado-jose-rodriguez-quiros\/","title":{"rendered":"Premio Magistrado Jos\u00e9 Rodr\u00edguez Quir\u00f3s"},"content":{"rendered":"De conformidad con el Convenio marco de colaboraci\u00f3n entre la Universidad de Le\u00f3n y el Excmo. Colegio Oficial de Graduados Sociales de Le\u00f3n se instaur\u00f3 el reconocimiento oficial al mejor expediente acad\u00e9mico de las sucesivas promociones egresadas del Grado en Relaciones Laborales y Recursos Humanos impartido en la Facultad de Ciencias del Trabajo de la Universidad de Le\u00f3n.\r\n\r\nLa distinci\u00f3n consistir\u00e1 en un diploma acreditativo y una retribuci\u00f3n econ\u00f3mica a tanto alzado de mil euros (1.000 \u20ac), todo lo cual ser\u00e1 entregado bajo la denominaci\u00f3n de \u201cPREMIO MAGISTRADO JOS\u00c9 RODR\u00cdGUEZ QUIR\u00d3S, DEL EXCMO. COLEGIO OFICIAL DE GRADUADOS SOCIALES DE LE\u00d3N\u201d en el acto oficial de la festividad de la Universidad de Le\u00f3n, d\u00eda de San Isidoro de Sevilla, o en la fecha acordada por la propia Universidad de Le\u00f3n y oportunamente comunicada al Excmo. Colegio Oficial de Graduados Sociales de Le\u00f3n.\r\n\r\nLa propuesta de concesi\u00f3n del premio ser\u00e1 efectuada por la Facultad de Ciencias del Trabajo de la Universidad de Le\u00f3n en base a los criterios utilizados en el mismo sobre valoraci\u00f3n para la determinaci\u00f3n del mejor expediente acad\u00e9mico.\r\n\r\n&nbsp;","protected":false},"excerpt":{"rendered":"<p>De conformidad con el Convenio marco de colaboraci\u00f3n entre la Universidad de Le\u00f3n y el Excmo. Colegio Oficial de Graduados Sociales de Le\u00f3n se instaur\u00f3 el reconocimiento oficial al mejor expediente acad\u00e9mico de las sucesivas promociones egresadas del Grado en Relaciones Laborales y Recursos Humanos impartido en la Facultad de Ciencias del Trabajo de la [&hellip;]<\/p>\n","protected":false},"author":106,"featured_media":0,"parent":0,"menu_order":0,"comment_status":"closed","ping_status":"closed","template":"","meta":{"footnotes":""},"class_list":["post-1493","page","type-page","status-publish","hentry"],"_links":{"self":[{"href":"https:\/\/centros.unileon.es\/cienciasdeltrabajo\/wp-json\/wp\/v2\/pages\/1493","targetHints":{"allow":["GET"]}}],"collection":[{"href":"https:\/\/centros.unileon.es\/cienciasdeltrabajo\/wp-json\/wp\/v2\/pages"}],"about":[{"href":"https:\/\/centros.unileon.es\/cienciasdeltrabajo\/wp-json\/wp\/v2\/types\/page"}],"author":[{"embeddable":true,"href":"https:\/\/centros.unileon.es\/cienciasdeltrabajo\/wp-json\/wp\/v2\/users\/106"}],"replies":[{"embeddable":true,"href":"https:\/\/centros.unileon.es\/cienciasdeltrabajo\/wp-json\/wp\/v2\/comments?post=1493"}],"version-history":[{"count":1,"href":"https:\/\/centros.unileon.es\/cienciasdeltrabajo\/wp-json\/wp\/v2\/pages\/1493\/revisions"}],"predecessor-version":[{"id":1494,"href":"https:\/\/centros.unileon.es\/cienciasdeltrabajo\/wp-json\/wp\/v2\/pages\/1493\/revisions\/1494"}],"wp:attachment":[{"href":"https:\/\/centros.unileon.es\/cienciasdeltrabajo\/wp-json\/wp\/v2\/media?parent=1493"}],"curies":[{"name":"wp","href":"https:\/\/api.w.org\/{rel}","templated":true}]}}