{"id":1307,"date":"2016-10-28T07:36:48","date_gmt":"2016-10-28T07:36:48","guid":{"rendered":"http:\/\/centros.unileon.es\/cienciasdeltrabajo\/?page_id=1307"},"modified":"2026-02-11T11:22:22","modified_gmt":"2026-02-11T11:22:22","slug":"congreso-aerelabo","status":"publish","type":"page","link":"https:\/\/centros.unileon.es\/cienciasdeltrabajo\/congreso-aerelabo\/","title":{"rendered":"Congresos, Jornadas, Premios y Becas"},"content":{"rendered":"<h2><span style=\"text-decoration: underline;\"><strong>PREMIOS, BECAS y AYUDAS<\/strong><\/span><\/h2>\r\n<p>&nbsp;<\/p>\r\n<ul>\r\n\t<li><strong><a href=\"https:\/\/centros.unileon.es\/cienciasdeltrabajo\/files\/2021\/04\/Premio-Excelencia-al-mejor-TFM-del-Grado-en-RRLLy-RRHH-Fundacion-Justicia-Social-2.pdf\">Premio Excelencia al mejor TFM del Grado en RRLLy RRHH &#8211; Fundaci\u00f3n Justicia Social<\/a><\/strong><\/li>\r\n<\/ul>\r\n<p>&nbsp;<\/p>\r\n<ul>\r\n\t<li><strong>Becas de la Fundaci\u00f3n CEPA Gonz\u00e1lez D\u00edez para estudios de M\u00e1ster:\u00a0<a href=\"http:\/\/www.unileon.es\/estudiantes\/estudiantes-que-desean-acceder\/becas-y-ayudas\/fundaciones\">http:\/\/www.unileon.es\/estudiantes\/estudiantes-que-desean-acceder\/becas-y-ayudas\/fundaciones<\/a><\/strong><\/li>\r\n<\/ul>\r\n<p>&nbsp;<\/p>\r\n<ul>\r\n\t<li><strong>5 Becas del Programa formativo para personas licenciadas y\/o diplomadas universitarias y\/o graduadas con el t\u00edtulo de T\u00e9cnico Superior en Prevenci\u00f3n de Riesgos Laborales o asimilado, licenciados y\/o diplomados en Medicina del Trabajo o en Enfermer\u00eda del Trabajo y T\u00e9cnicos Superiores en Prevenci\u00f3n de Riesgos Profesionales de Grado Superior de Formaci\u00f3n Profesional de la Comunidad de Castilla y Le\u00f3n (9 meses, 1.600 \u20ac\/mes):\u00a0<a href=\"https:\/\/www.tramitacastillayleon.jcyl.es\/web\/jcyl\/AdministracionElectronica\/es\/Plantilla100Detalle\/1251181050732\/Ayuda012\/1285013500129\/Propuesta\">https:\/\/www.tramitacastillayleon.jcyl.es\/web\/jcyl\/AdministracionElectronica\/es\/Plantilla100Detalle\/1251181050732\/Ayuda012\/1285013500129\/Propuesta<\/a><\/strong><\/li>\r\n<\/ul>\r\n<p>&nbsp;<\/p>\r\n<ul>\r\n\t<li><strong>Competici\u00f3n Global Management Challenge de simulaci\u00f3n de estrategia y gesti\u00f3n empresarial (2019-2020):\u00a0<a href=\"http:\/\/www.gmcspain.com\/\">http:\/\/www.gmcspain.com\/<\/a><\/strong><\/li>\r\n<\/ul>\r\n<p>&nbsp;<\/p>\r\n<ul>\r\n\t<li><strong>Ayudas al Estudio por Escasez de Recursos y Emergencia Social:\u00a0<a href=\"\/\/www.unileon.es\/estudiantes\/estudiantes-que-desean-acceder\/becas-y-ayudas\/escasez-recursos\">https:\/\/www.unileon.es\/estudiantes\/estudiantes-que-desean-acceder\/becas-y-ayudas\/escasez-recursos<\/a><\/strong><\/li>\r\n<\/ul>\r\n<p>&nbsp;<\/p>\r\n<ul>\r\n\t<li><strong>Becas de la Fundaci\u00f3n CEPA Gonz\u00e1lez D\u00edez para estudios de M\u00e1ster<\/strong>:\u00a0<a href=\"\/\/www.unileon.es\/estudiantes\/estudiantes-que-desean-acceder\/becas-y-ayudas\/fundaciones\">http:\/\/www.unileon.es\/estudiantes\/estudiantes-que-desean-acceder\/becas-y-ayudas\/fundaciones<\/a><\/li>\r\n<\/ul>\r\n<p>&nbsp;<\/p>\r\n<ul>\r\n\t<li>IV Premio de Investigaci\u00f3n en Ciencias Laborales (2018-2019), convocado por ARELCIT para TFG y TFM en materia de Relaciones Laborales y Recursos Humanos presentados con posterioridad a 1 de enero de 2016 (fin plazo presentaci\u00f3n: 29 marzo 2019).<a href=\"\/\/centros.unileon.es\/cienciasdeltrabajo\/files\/2018\/11\/bases-IV-premios-ciencias-laborales-2018-2019.pdf\">bases-IV-premios-ciencias-laborales-2018-2019.pdf<\/a><\/li>\r\n<\/ul>\r\n<p>&nbsp;<\/p>\r\n<ul>\r\n\t<li>\u00abBeca para ahorradores\u00bb.\u00a0<em>La \u00abbeca para ahorradores\u00bb est\u00e1 destinada a aquellos estudiantes que logran sin problemas llegar a fin de mes con tan solo poco dinero. Las 3 becas incluyen una ayuda econ\u00f3mica mensual de 300 \u20ac durante un a\u00f1o entero:\u00a0<\/em><a href=\"\/\/www.cupones.es\/beca\">https:\/\/www.cupones.es\/beca<\/a>.<\/li>\r\n<\/ul>\r\n<p style=\"text-align: left;\">\u00a0 \u00a0 \u00a0 \u00a0 \u00a0 \u00a0 \u00a0 \u00a0 Beca idealo para para estudiantes \u00a0 \u00a0 \u00a0 \u00a0 \u00a0 \u00a0 \u00a0 \u00a0 \u00a0 \u00a0 extraordinarios:\u00a0<a href=\"\/\/www.idealo.es\/empresa\/empleos\/becas\/\">https:\/\/www.idealo.es\/empresa\/empleos\/becas\/<\/a><\/p>\r\n<p style=\"text-align: left;\"><em>\u00a0 \u00a0 \u00a0 \u00a0 \u00a0 \u00a0 \u00a0 \u00a0 \u00a0Otras 12.000 becas para todo el mundo: <\/em><a href=\"\/\/www.european-funding-guide.eu\/es\"><em>http:\/\/www.european-funding-guide.eu\/es<\/em><\/a><\/p>\r\n<h2>\u00a0<\/h2>\r\n<h2><span style=\"text-decoration: underline;\"><strong>JORNADAS, CURSOS, CONGRESOS y SEMINARIOS<\/strong><\/span><\/h2>\r\n<p><a href=\"\/\/centros.unileon.es\/cienciasdeltrabajo\/files\/2019\/03\/PROGRAMA-La-igualdad-de-oportunidades-entre-mujers-y-hombres-y-las-acciones-de-responsabilidad-social-en-las-empresas.pdf\">Seminario sobre \u00abLa igualdad de oportunidades entre mujeres y hombres y las acciones de responsabilidad social en las empresas\u00bb. Facultad de Derecho &#8211; Facultad de Ciencias del Trabajo. Universidad de Le\u00f3n, 1, 2 y 3 de abril de 2019.\u00a0<\/a><\/p>\r\n<p><a href=\"https:\/\/centros.unileon.es\/cienciasdeltrabajo\/files\/2019\/09\/Curso-actualizqcion-tecnicos.pdf\">Curso para actualizaci\u00f3n de T\u00e9cnicos Superiores de Prevenci\u00f3n de Riesgos Laborales y asimilados. Facultad de Derecho &#8211; Facultad de Ciencias del Trabajo. Universidad de Le\u00f3n, 12, 13, 19 y 20 de septiembre de 2019.<\/a><\/p>\r\n<p><a href=\"https:\/\/centros.unileon.es\/cienciasdeltrabajo\/files\/2019\/09\/Curso-PRL.pdf\">Curso sobre \u00abClaves para afrontar riesgos laborales emergentes: el futuro de la prevenci\u00f3n\u00bb. Facultad de Derecho &#8211; Facultad de Ciencias del Trabajo. Universidad de Le\u00f3n. 23-26 de septiembre de 2019.<\/a><\/p>\r\n<p><a href=\"https:\/\/centros.unileon.es\/cienciasdeltrabajo\/files\/2019\/12\/Ciclo-de-Conferencias-sobre-Cambio-Clim\u00e1tico.-Facultades-de-Derecho-y-de-Ciencias-del-Trabajo.-10-de-diciembre-de-2019.-12-30-horas..pdf\">Ciclo de Conferencias sobre Cambio Clim\u00e1tico. Facultades de Derecho y de Ciencias del Trabajo. 10 de diciembre de 2019. 12:30 horas.<\/a><\/p>\r\n<p><a href=\"https:\/\/centros.unileon.es\/cienciasdeltrabajo\/files\/2019\/12\/JORNADAS-RESP-SOCIAL\u00c7.pdf\">Jornadas sobre responsabilidad social en las empresas de econom\u00eda social como v\u00eda para lograr la igualdad de g\u00e9nero. Facultad de Derecho &#8211; Facultad de Ciencias del Trabajo. Universidad de Le\u00f3n. 18 de diciembre de 2019<\/a><\/p>\r\n<p><a href=\"https:\/\/centros.unileon.es\/cienciasdeltrabajo\/files\/2020\/05\/JORNADA-SALIDA-de-PROFESIONALES-2020-1.docx\">Jornada sobre salidas profesionales para los estudiantes de los t\u00edtulos de la Facultad de Ciencias del Trabajo. 20 de mayo 2020; 17:00 horas<\/a><\/p>\r\n<p><a href=\"https:\/\/centros.unileon.es\/cienciasdeltrabajo\/files\/2020\/12\/Jornadas-Cerrando-brechas-por-razon-de-genero.docx\">Cerrando brechas por raz\u00f3n de g\u00e9nero: impulso desde la Responsabilidad Social Empresarial en el escenario post-COVID19. 16 y 17 de diciembre de 2020. Facultades de Derecho y de Ciencias del Trabajo. Universidad de Le\u00f3n.<\/a><\/p>\r\n<p><a href=\"https:\/\/centros.unileon.es\/cienciasdeltrabajo\/files\/2021\/02\/Jornadas-Por-un-empleo-digno-en-el-sector-cuidados.-Superando-los-roles-de-genero.-9-11-marzo-2021-1.pdf\">Jornadas \u00abPor un empleo digno en el sector cuidados: superando los roles de g\u00e9nero\u00bb. 9-11 marzo 2021. Facultades de Derecho y de Ciencias del Trabajo &#8211; Instituto de las Mujeres.<\/a><\/p>\r\n<p><a href=\"https:\/\/centros.unileon.es\/cienciasdeltrabajo\/files\/2021\/08\/Programa.docx\">Jornada \u00abProtagonistas y riesgos en el sector agrario Castellano y Leon\u00e9s: la prevenci\u00f3n como motor de sostenibilidad social, econ\u00f3mica y ambiental\u00bb. Facultades de Derecho y Ciencias del Trabajo. Universidad de Le\u00f3n. 15, 16, 22 y 23 de septiembre de 2021<\/a><\/p>\r\n<p><a href=\"https:\/\/centros.unileon.es\/cienciasdeltrabajo\/files\/2021\/09\/DIPTICO-Curso-TSPRL-1.pdf\">Curso para actualizaci\u00f3n de T\u00e9cnicos Superiores de Prevenci\u00f3n de Riesgos Laborales y asimilados. \u201cLa prevenci\u00f3n de riesgos laborales cl\u00e1sicos y emergentes: an\u00e1lisis de colectivos espec\u00edficos y con perspectiva de g\u00e9nero\u201d. Facultades de Derecho y de Ciencias del Trabajo. Universidad de Le\u00f3n. 14,15, 21 y 22 de septiembre de 2021<\/a><\/p>\r\n<p><a href=\"https:\/\/centros.unileon.es\/cienciasdeltrabajo\/files\/2022\/01\/Curso-Avanzando-en-transiciones-justas-en-la-Union-Europea.-El-trabajo-decente-como-motor-de-cambio.-1.pdf\">Curso Avanzando en transiciones justas en la Uni\u00f3n Europea. El trabajo decente como motor de cambio.<\/a> Febrero a junio de 2022 (jueves por la tarde). 3 Cr\u00e9ditos ECTS<\/p>\r\n<p><a href=\"https:\/\/centros.unileon.es\/cienciasdeltrabajo\/files\/2021\/11\/CARTEL-curso_negociacion-colectiva-21-22-ON-LINE-rvsd.pdf\">Curso <em>online<\/em> de extensi\u00f3n universitaria de negociaci\u00f3n colectiva y gesti\u00f3n de personas. Universidad de Valladolid. 1 de diciembre de 2021 a 27 de marzo de 2022. 3 cr\u00e9ditos ECTS <\/a><\/p>\r\n<p class=\"kt-adv-heading_478ba2-44 wp-block-kadence-advancedheading has-theme-palette-9-color has-text-color\" data-kb-block=\"kb-adv-heading_478ba2-44\"><a href=\"https:\/\/erlac.es\/V_Congreso_de_Centros_Universitarios_de_Relaciones_Laborales_y_Ciencias_del_Trabajo\/\">V Congreso de Centros Universitarios de Relaciones Laborales y Ciencias del Trabajo. A Coru\u00f1a. 20 a 22 de julio de 2022.<\/a><\/p>\r\n<p data-kb-block=\"kb-adv-heading_478ba2-44\"><a href=\"https:\/\/centros.unileon.es\/cienciasdeltrabajo\/files\/2022\/09\/Curso.pdf\">Curso para actualizaci\u00f3n de T\u00e9cnicos Superiores de Prevenci\u00f3n de Riesgos Laborales y asimilados. \u201cVulneraci\u00f3n frente al riesgo laboral y mecanismos de prevenci\u00f3n\u201d. Facultades de Derecho y de Ciencias del Trabajo. Universidad de Le\u00f3n. 14,15, 21 y 22 de septiembre de 2022<\/a><\/p>\r\n<p style=\"text-align: justify;\" data-kb-block=\"kb-adv-heading_478ba2-44\"><a href=\"https:\/\/centros.unileon.es\/cienciasdeltrabajo\/files\/2022\/09\/PROGRAMA-JORNADAS-LEON-2022-1.docx\">Jornada \u00abProtecci\u00f3n de la seguridad y salud laboral en los sectores productivos estrat\u00e9gicos en Castilla y Le\u00f3n: colectivos especialmente sensibles y riesgos heredados y emergentes\u00bb. Facultades de Derecho y Ciencias del Trabajo. Universidad de Le\u00f3n. 19, 20, 21 y 22 de septiembre de 2022<\/a><\/p>\r\n<p data-kb-block=\"kb-adv-heading_478ba2-44\"><a href=\"https:\/\/centros.unileon.es\/cienciasdeltrabajo\/files\/2022\/11\/Programa-Jornada-orden-social-de-la-jurisdiccion-y-eficiencia-procesal-23-11-2022.pdf\">Jornada \u00abOrden social de la jurisdicci\u00f3n y eficiencia procesal\u00bb. Facultad de Ciencias del Trabajo. Universidad de Le\u00f3n. 23 de noviembre de 2023<\/a><\/p>\r\n<p data-kb-block=\"kb-adv-heading_478ba2-44\"><a href=\"https:\/\/centros.unileon.es\/cienciasdeltrabajo\/files\/2022\/11\/Curso-sobre-Prevencion-de-riesgos-laborales-y-vigilancia-de-la-salud-de-los-trabajadores.-Marco-teorico-y-aplicacion-practica.-24-de-noviembre-de-2022.-1.pdf\">Curso sobre \u00abPrevenci\u00f3n de riesgos laborales y vigilancia de la salud de los trabajadores. Marco te\u00f3rico y aplicaci\u00f3n pr\u00e1ctica\u00bb. Facultad de Ciencias del Trabajo. Universidad de Le\u00f3n. 24 de noviembre de 2022.<\/a><\/p>\r\n<p data-kb-block=\"kb-adv-heading_478ba2-44\"><a href=\"https:\/\/centros.unileon.es\/cienciasdeltrabajo\/files\/2023\/04\/Jornada-nueva-Ley-de-Empleo.pdf\">Jornada sobre \u00abLa nueva Ley de Empleo (Ley 3\/2023)\u00bb. Facultad de Ciencias del Trabajo. Universidad de Le\u00f3n. 13 de abril de 2023.<\/a><\/p>\r\n<p data-kb-block=\"kb-adv-heading_478ba2-44\"><a href=\"https:\/\/centros.unileon.es\/cienciasdeltrabajo\/files\/2023\/05\/Jornada-Salidas-Profesionales-del-Grado-en-RRLLyRRHH.-17-mayo-2023.pdf\">Jornada sobre Salidas Profesionales para estudiantes de la Facultad de Ciencias del Trabajo. 27 mayo 2023<\/a><\/p>\r\n<p data-kb-block=\"kb-adv-heading_478ba2-44\"><a href=\"https:\/\/centros.unileon.es\/cienciasdeltrabajo\/files\/2023\/09\/Retos-juridicos-sector-sanitario.pdf\">I Jornada \u00abRetos jur\u00eddicos del sector sanitario frente a la rob\u00f3tica, la inteligencia artificial y el cambio clim\u00e1tico. UN enfoque laboral y sanitario. Facultad de Ciencias del Trabajo. Universidad de Le\u00f3n. 16 y 17 de octubre de 2023.<\/a><\/p>\r\n<p><span style=\"text-decoration: underline;\"><a href=\"https:\/\/centros.unileon.es\/cienciasdeltrabajo\/files\/2023\/11\/Jornada-igualdad-AEDTSS-17-noviembre-2023.pdf\">Jornada anual de igualdad de la Asociaci\u00f3n Espa\u00f1ola de Derecho del Trabajo y de la Seguridad Social. Sal\u00f3n de Grados. Facultades de Derecho y de Ciencias del Trabajo. 17 de noviembre de 2023<\/a><\/span><\/p>\r\n<p><a href=\"https:\/\/centros.unileon.es\/cienciasdeltrabajo\/files\/2023\/11\/Conferencia-20-noviembre-2023.pdf\">Conferencia sobre \u00abInnovaci\u00f3n, tradici\u00f3n y transici\u00f3n en la metodolog\u00eda docente del Derecho del Trabajo y de la Seguridad Social\u00bb. Sala de Juntas de las Facultades de Derecho y de Ciencias del Trabajo. 20 de noviembre de 2023. 16:00 horas. <\/a><\/p>\r\n<p data-kb-block=\"kb-adv-heading_478ba2-44\"><a href=\"https:\/\/centros.unileon.es\/cienciasdeltrabajo\/files\/2023\/11\/Jornada-de-estudio-sobre-Cuestiones-actuales-de-Derecho-del-Trabajo.-Hacia-una-transicion-justa.-21-noviembre-2023.docx\">Jornada de estudio sobre Cuestiones actuales de Derecho del Trabajo. Hacia una transici\u00f3n justa. Facultad de Ciencias del Trabajo. Sal\u00f3n de Grados. 21 noviembre 2023<\/a><\/p>\r\n<p data-kb-block=\"kb-adv-heading_478ba2-44\"><a href=\"https:\/\/centros.unileon.es\/cienciasdeltrabajo\/files\/2023\/11\/PROGRAMA-CURSO-DI\u0301AS-2728-Y-29.docx\">El trabajo aut\u00f3nomo como herramienta para el desarrollo sostenible e inclusivo de los territorios rurales. Sal\u00f3n de Grados de las Facultades de Derecho y de Ciencias del Trabajo.<\/a> <a href=\"https:\/\/centros.unileon.es\/cienciasdeltrabajo\/files\/2023\/11\/PROGRAMA-CURSO-DI\u0301AS-2728-Y-29.docx\">27, 28 y 29 de noviembre de 2023.<\/a><\/p>\r\n<p data-kb-block=\"kb-adv-heading_478ba2-44\"><a href=\"https:\/\/centros.unileon.es\/cienciasdeltrabajo\/files\/2024\/03\/SEMINARIO-SOBRE-TRABAJO-Y-GENERO-2024-1.pdf\">Seminario sobre Trabajo y g\u00e9nero. Transiciones justas hacia la igualdad laboral real. Sal\u00f3n de Grados de las Facultades de Derecho y de Ciencias del Trabajo. 14 y 21 de marzo y 11 y 18 de abril de 2024.<\/a><\/p>\r\n<p data-kb-block=\"kb-adv-heading_478ba2-44\"><a href=\"https:\/\/centros.unileon.es\/cienciasdeltrabajo\/files\/2024\/03\/Cartel-Jornada-Proceso-Social-20-marzo-2024.docx\">Jornada \u00abEl proceso social tras el Real Decreto Ley 6\/2023\u00bb. Facultad de Ciencias del Trabajo. Sal\u00f3n de Grados. 20 marzo 2024. 10:30 horas<\/a><\/p>\r\n<p data-kb-block=\"kb-adv-heading_478ba2-44\"><a href=\"https:\/\/centros.unileon.es\/cienciasdeltrabajo\/files\/2024\/04\/Team-day.-Facultad-Ciencias-del-Trabajo.-18-de-abril-de-2024.pdf\">Jornada Team Days. \u00daltimas tendencias en captaci\u00f3n gesti\u00f3n y retenci\u00f3n del talento. 18 de abril de 2024; 12:00 horas. Sal\u00f3n de Grados de la Facultad de Ciencias del Trabajo.<\/a><\/p>\r\n<p data-kb-block=\"kb-adv-heading_478ba2-44\"><a href=\"https:\/\/centros.unileon.es\/cienciasdeltrabajo\/files\/2024\/05\/PROGRAMARIS23MAYO2024.doc\">Jornada Red de Inclusi\u00f3n Social sobre \u00abFeminizaci\u00f3n de la pobreza\u00bb. 23 de mayo de 2024. 9:30-14:30. Sala Gord\u00f3n Ord\u00e1s. Edificio de Rectorado (Alb\u00e9itar). Universidad de Le\u00f3n<\/a><\/p>\r\n<p data-kb-block=\"kb-adv-heading_478ba2-44\"><a href=\"https:\/\/centros.unileon.es\/cienciasdeltrabajo\/files\/2024\/10\/II-Jornadas-Retos-juridicos-del-sector-sanitario-Zonas-de-dificil-cobertura-y-enfermedades-cronicas-15-y-16-septiembre-2024.docx\">II Jornada \u00abRetos jur\u00eddicos del sector sanitario. Zonas de dif\u00edcil cobertura y enfermedades cr\u00f3nicas. Facultad de Ciencias del Trabajo. Universidad de Le\u00f3n. 15 y 16 de octubre de 2024.<\/a><\/p>\r\n<p data-kb-block=\"kb-adv-heading_478ba2-44\"><a href=\"https:\/\/centros.unileon.es\/cienciasdeltrabajo\/files\/2024\/11\/Focus-Group-Programa-1.pdf\">Focus Group. Jornada del Programa de Doctorado \u00abDerecho: protecci\u00f3n jur\u00eddica y cohesi\u00f3n social\u00bb. Facultad de Ciencias del Trabajo. Universidad de Le\u00f3n. 26 de noviembre de 2024.<\/a><\/p>\r\n<p data-kb-block=\"kb-adv-heading_478ba2-44\"><a href=\"https:\/\/centros.unileon.es\/cienciasdeltrabajo\/files\/2025\/03\/PROGRAMA-SEMINARIO-SOBRE-TRABAJO-Y-GENERO-2025.docx\">Jornada Trabajo y G\u00e9nero: construyendo un mercado laboral de calidad y en igualdad para hombres y mujeres. Sal\u00f3n de Grados. Facultad de Ciencias del Trabajo. 6, 13, 20 y 27 de marzo de 2025. <\/a><\/p>\r\n<p><a href=\"https:\/\/centros.unileon.es\/cienciasdeltrabajo\/files\/2025\/10\/PROGRAMA-CORREGIDO-JORNADAS-con-enlace-RETOS-JURIDICOS-DEL-SECTOR-SANITARIO-4-2-1.pdf\">III Jornadas Retos Jur\u00eddicos del sector sanitario: \u00abCondiciones laborales y atenci\u00f3n a la diversidad\u00bb. Facultad de Ciencias del Trabajo. Universidad de Le\u00f3n. 14 y 15 de octubre de 2025.<\/a><\/p>\r\n<p><a href=\"https:\/\/centros.unileon.es\/cienciasdeltrabajo\/files\/2025\/10\/Jornada-de-actualizacion-juridico-laboral.-Salon-de-Grados-de-la-Facultad-de-Ciencias-del-Trabajo.-4-de-noviembre-de-2025.-1630-horas.pdf\">Jornada de actualizaci\u00f3n jur\u00eddico-laboral. Sal\u00f3n de Grados de la Facultad de Ciencias del Trabajo. 4 de noviembre de 2025. 16,30 horas<\/a><\/p>\r\n<p><a href=\"https:\/\/centros.unileon.es\/cienciasdeltrabajo\/files\/2025\/11\/PROGRAMA-SEMINARIO-.docx\">Seminario sobre cuestiones de Derecho del Trabajo y Seguridad Social: una visi\u00f3n comparada en docencia e investigaci\u00f3n. Facultad de Ciencias del Trabajo. 12 y 13 de noviembre de 2025<\/a><\/p>\r\n<p><a href=\"https:\/\/centros.unileon.es\/cienciasdeltrabajo\/files\/2025\/12\/programa_jornadas_11_12_diciembre_2025-1.pdf\">La inclusi\u00f3n social a trav\u00e9s de la renovaci\u00f3n de elementos de estructura, relaci\u00f3n y contenido en la negociaci\u00f3n colectiva. Facultad de Ciencias del Trabajo. 11 y 12 de diciembre de 2025.<\/a><\/p>\r\n<p><a href=\"https:\/\/centros.unileon.es\/cienciasdeltrabajo\/files\/2026\/02\/Salud-mental-y-bienestar-en-la-empresa.-Un-eje-estrategico-para-reducir-el-absentismo.pdf\">Jornada sobre \u00abSalud mental y bienestar en la empresa: un eje estrat\u00e9gico para reducir el absentismo\u00bb. Sala Gord\u00f3n Ord\u00e1s (Edificio El Alb\u00e9itar). 12 de febrero. 17:00 horas.\u00a0<\/a><\/p>\r\n<p><a href=\"https:\/\/centros.unileon.es\/cienciasdeltrabajo\/files\/2026\/02\/PROGRAMA-TRABAJO-Y-GENERO-2026.docx\">Jornada Trabajo y G\u00e9nero: construyendo un mercado laboral de calidad y en igualdad para las <\/a><a href=\"https:\/\/centros.unileon.es\/cienciasdeltrabajo\/files\/2026\/02\/PROGRAMA-TRABAJO-Y-GENERO-2026.docx\">mujeres. Sal\u00f3n de Grados. Facultad de Ciencias del Trabajo. 12, 13, 19 y 20 de marzo de 2026.<\/a><\/p>\r\n<p><a href=\"https:\/\/centros.unileon.es\/cienciasdeltrabajo\/files\/2026\/02\/Cartel-Jornada-12-mayo.docx\">Jornada de actualizaci\u00f3n jur\u00eddico-laboral sobre \u00abEl recurso de casaci\u00f3n para unificaci\u00f3n de doctrina. En especial, el inter\u00e9s casacional objetivo\u00bb. Sal\u00f3n de Grados de la Facultad de Ciencias del Trabajo. 12 de mayo de 2026. 17:00 horas.<\/a><\/p>\r\n<p>&nbsp;<\/p>","protected":false},"excerpt":{"rendered":"<p>PREMIOS, BECAS y AYUDAS &nbsp; Premio Excelencia al mejor TFM del Grado en RRLLy RRHH &#8211; Fundaci\u00f3n Justicia Social &nbsp; Becas de la Fundaci\u00f3n CEPA Gonz\u00e1lez D\u00edez para estudios de M\u00e1ster:\u00a0http:\/\/www.unileon.es\/estudiantes\/estudiantes-que-desean-acceder\/becas-y-ayudas\/fundaciones &nbsp; 5 Becas del Programa formativo para personas licenciadas y\/o diplomadas universitarias y\/o graduadas con el t\u00edtulo de T\u00e9cnico Superior en Prevenci\u00f3n de Riesgos [&hellip;]<\/p>\n","protected":false},"author":88,"featured_media":0,"parent":0,"menu_order":0,"comment_status":"closed","ping_status":"closed","template":"","meta":{"footnotes":""},"class_list":["post-1307","page","type-page","status-publish","hentry"],"_links":{"self":[{"href":"https:\/\/centros.unileon.es\/cienciasdeltrabajo\/wp-json\/wp\/v2\/pages\/1307","targetHints":{"allow":["GET"]}}],"collection":[{"href":"https:\/\/centros.unileon.es\/cienciasdeltrabajo\/wp-json\/wp\/v2\/pages"}],"about":[{"href":"https:\/\/centros.unileon.es\/cienciasdeltrabajo\/wp-json\/wp\/v2\/types\/page"}],"author":[{"embeddable":true,"href":"https:\/\/centros.unileon.es\/cienciasdeltrabajo\/wp-json\/wp\/v2\/users\/88"}],"replies":[{"embeddable":true,"href":"https:\/\/centros.unileon.es\/cienciasdeltrabajo\/wp-json\/wp\/v2\/comments?post=1307"}],"version-history":[{"count":89,"href":"https:\/\/centros.unileon.es\/cienciasdeltrabajo\/wp-json\/wp\/v2\/pages\/1307\/revisions"}],"predecessor-version":[{"id":3387,"href":"https:\/\/centros.unileon.es\/cienciasdeltrabajo\/wp-json\/wp\/v2\/pages\/1307\/revisions\/3387"}],"wp:attachment":[{"href":"https:\/\/centros.unileon.es\/cienciasdeltrabajo\/wp-json\/wp\/v2\/media?parent=1307"}],"curies":[{"name":"wp","href":"https:\/\/api.w.org\/{rel}","templated":true}]}}