{"id":95,"date":"2012-07-13T09:22:48","date_gmt":"2012-07-13T09:22:48","guid":{"rendered":"http:\/\/centros.unileon.es\/cienciasdelasalud\/?page_id=95"},"modified":"2026-02-10T09:41:26","modified_gmt":"2026-02-10T09:41:26","slug":"grado-en-enfermeria-campus-de-ponferrada","status":"publish","type":"page","link":"https:\/\/centros.unileon.es\/cienciasdelasalud\/horarios\/grado-en-enfermeria-campus-de-ponferrada\/","title":{"rendered":"Grado en Enfermer\u00eda (Campus de Ponferrada)"},"content":{"rendered":"<p><span style=\"color: #008000;\">Coordinador primer curso:<\/span> Dr. Cristian Mart\u00edn V\u00e1zquez<\/p>\n<p><a href=\"https:\/\/centros.unileon.es\/cienciasdelasalud\/files\/2025\/07\/Horario_2025-26_primero_Enfermeria_Ponferrada.pdf\">Horario 2025\/26<\/a><\/p>\n<p><span style=\"color: #ff0000;\"><strong>Aula docencia te\u00f3rica: <span style=\"color: #008000;\">Sal\u00f3n de actos del Aulario<\/span><\/strong><\/span><\/p>\n<p><strong>Seminarios:\u00a0 Principal: <b><span style=\"color: #38761d;\">Sal\u00f3n de actos del Aulario<\/span><\/b>; Aula de Apoyo: <span style=\"color: #008000;\">Seminario del Aulario<\/span><br \/>\n<\/strong><\/p>\n<p><iframe loading=\"lazy\" style=\"border-width: 0;\" src=\"\/\/calendar.google.com\/calendar\/embed?title=Horarios%201%C2%BA%20G.%20Enfermer%C3%ADa%20%28Campus%20Ponferrada%29&amp;mode=WEEK&amp;height=500&amp;wkst=2&amp;bgcolor=%23FFFFFF&amp;src=qov0fg20rp9jdkt99nu2v988eo%40group.calendar.google.com&amp;color=%232F6309&amp;src=8aph72p85cmvkhnvrmnsns65p8%40group.calendar.google.com&amp;color=%232952A3&amp;src=5ue5qacpnqvv7er6bqt65029l8%40group.calendar.google.com&amp;color=%23B1365F&amp;src=li96o8bng2evbiurtj3g3bvm0o%40group.calendar.google.com&amp;color=%23853104&amp;src=256e486045ak0ihlrcoi9it6m4%40group.calendar.google.com&amp;color=%238C500B&amp;src=u17lt76om643hsc09ej4vsr290%40group.calendar.google.com&amp;color=%238C500B&amp;src=i081e475vcp1sf1ehco2u25p38%40group.calendar.google.com&amp;color=%23691426&amp;src=fc06j2unuruev11shad0k02eg4%40group.calendar.google.com&amp;color=%23B1365F&amp;src=2beiing2369qhknvjj27vg2kcc%40group.calendar.google.com&amp;color=%235229A3&amp;src=calendario.lectivo.ule%40gmail.com&amp;color=%23691426&amp;ctz=Europe%2FMadrid\" width=\"600\" height=\"500\" frameborder=\"0\" scrolling=\"no\"><\/iframe><\/p>\n<p>&nbsp;<\/p>\n<p><span style=\"color: #008000;\">Coordinadora segundo curso:<\/span> Dra. Raquel D\u00edez L\u00e1iz<\/p>\n<p><a href=\"https:\/\/centros.unileon.es\/cienciasdelasalud\/files\/2025\/07\/Horario_2025-26_segundo_Enfermeria_Ponferrada.pdf\">Horario 2025\/26<\/a><\/p>\n<p><span style=\"color: #ff0000;\"><strong>Aula docencia te\u00f3rica: Aula 301C<\/strong><\/span><\/p>\n<p><strong>Seminarios<\/strong><strong>: Grupo 1 de B1 Aula 301C, Grupo 2 de B1 Aula 302C<\/strong><\/p>\n<p>Grupos de seminarios y pr\u00e1cticas<\/p>\n<p><iframe loading=\"lazy\" style=\"border-width: 0;\" src=\"\/\/calendar.google.com\/calendar\/b\/3\/embed?title=Horarios%202%C2%BA%20G.%20Enfermer%C3%ADa%20(Campus%20Ponferrada)&amp;mode=WEEK&amp;height=500&amp;wkst=2&amp;bgcolor=%23FFFFFF&amp;src=2k9ak5t9ooh0otlvcmh97bdp9c%40group.calendar.google.com&amp;color=%23B1365F&amp;src=oviaok0pj2fusa16mbocrk8iko%40group.calendar.google.com&amp;color=%232F6309&amp;src=lnd4age1d74o181d0mcmpa1unk%40group.calendar.google.com&amp;color=%23AB8B00&amp;src=n68grmr14mfdb321n26c5kad8s%40group.calendar.google.com&amp;color=%238D6F47&amp;src=qoj3pej4dd4d3kfsvfikn2cpok%40group.calendar.google.com&amp;color=%238C500B&amp;src=80ridd8u0triam6i06k8a7eceg%40group.calendar.google.com&amp;color=%2323164E&amp;src=0ae4chpe2010qmnks67233ae3o%40group.calendar.google.com&amp;color=%232F6309&amp;src=l05vf4c9r9655a8skavv3tjmb4%40group.calendar.google.com&amp;color=%23691426&amp;src=f7h1g1jlh359c3kqkt5plfbp1g%40group.calendar.google.com&amp;color=%23333333&amp;src=ugmh0h87avl8iraeh7ebdt5cgc%40group.calendar.google.com&amp;color=%232952A3&amp;src=nnhsuj0q6b7ct0gcl8enhb26pc%40group.calendar.google.com&amp;color=%236B3304&amp;src=calendario.lectivo.ule%40gmail.com&amp;color=%23691426&amp;ctz=Europe%2FMadrid\" width=\"600\" height=\"500\" frameborder=\"0\" scrolling=\"no\"><\/iframe><\/p>\n<p>&nbsp;<\/p>\n<p><span style=\"color: #008000;\">Coordinadora tercer curso:<\/span> Dra. Marta Arias Crespo<\/p>\n<p><a href=\"https:\/\/centros.unileon.es\/cienciasdelasalud\/files\/2025\/07\/Horario_2025-26_tercero_Enfermeria_Ponferrada.pdf\">Horario 2025\/26<\/a><\/p>\n<p><span style=\"color: #ff0000;\"><strong>Aula docencia te\u00f3rica: Aula 304C<\/strong><\/span><\/p>\n<p><strong>Seminarios: Grupo 1 de B1 Aula 304C, Grupo 2 de B1 Aula 305C<\/strong><\/p>\n<p><iframe loading=\"lazy\" style=\"border-width: 0;\" src=\"\/\/calendar.google.com\/calendar\/embed?title=Horarios%203%C2%BA%20G.%20Enfermer%C3%ADa%20%28Campus%20Ponferrada%29&amp;mode=WEEK&amp;height=500&amp;wkst=2&amp;bgcolor=%23FFFFFF&amp;src=5ulabm274lnq0h43bj0mtetsp4%40group.calendar.google.com&amp;color=%238C500B&amp;src=ccnoe5011bkcoij03c4sqcfkuk%40group.calendar.google.com&amp;color=%2342104A&amp;src=jqhc8b4pskim5o1i4vb7q84b2g%40group.calendar.google.com&amp;color=%232952A3&amp;src=hnohopkoelqk3o2iht979c9g2s%40group.calendar.google.com&amp;color=%235F6B02&amp;src=9in4ue2rer9j86rd69p9pein4o%40group.calendar.google.com&amp;color=%231B887A&amp;src=912qebagkr1ofste3evamm8fuk%40group.calendar.google.com&amp;color=%23B1365F&amp;src=j02f815783aonsr633fhrb7a10%40group.calendar.google.com&amp;color=%238D6F47&amp;src=aqi68b40hsfejcvpm2q9ghe324%40group.calendar.google.com&amp;color=%2329527A&amp;src=g7dkp3tpqtg6c45ng1arofoqks%40group.calendar.google.com&amp;color=%23182C57&amp;src=6jgeruqej5dfagu4aukk062ce0%40group.calendar.google.com&amp;color=%235F6B02&amp;src=f5bpd3h9p976kgbp6tilr8p7s0%40group.calendar.google.com&amp;color=%23AB8B00&amp;src=hh2te99p98bc4c3ej1bjguho70%40group.calendar.google.com&amp;color=%232952A3&amp;src=dpdimta71g7d86gib7sldv2jp8%40group.calendar.google.com&amp;color=%23B1365F&amp;src=calendario.lectivo.ule%40gmail.com&amp;color=%23691426&amp;ctz=Europe%2FMadrid\" width=\"600\" height=\"500\" frameborder=\"0\" scrolling=\"no\"><\/iframe><\/p>\n<p>&nbsp;<\/p>\n<p><span style=\"color: #008000;\">Coordinadora cuarto curso:<\/span> Dra. Laura Bello Corral<\/p>\n<p><a href=\"https:\/\/centros.unileon.es\/cienciasdelasalud\/files\/2025\/11\/Horarios-2025-26-cuarto-curso-plantilla-G.-Enfermeria-Propuesta-2-Modificada.pdf\">Horario 2025\/26<\/a><\/p>\n<p><span style=\"color: #ff0000;\"><strong>Aula docencia te\u00f3rica: Aula 304C<\/strong><\/span><\/p>\n<p><strong>Seminarios<\/strong><strong>: Grupo 1 de B1 Aula 304C, Grupo 2 de B1 Aula 305C<\/strong><\/p>\n<p><iframe loading=\"lazy\" style=\"border-width: 0;\" src=\"\/\/calendar.google.com\/calendar\/embed?title=Horarios%204%C2%BA%20G.%20Enfermer%C3%ADa%20%28Campus%20Ponferrada%29&amp;mode=WEEK&amp;height=500&amp;wkst=2&amp;bgcolor=%23FFFFFF&amp;src=jbhk1rgn15gqsjb4jqf6a6f2e0%40group.calendar.google.com&amp;color=%23853104&amp;src=s314559sf342oc9olsn3tot67g%40group.calendar.google.com&amp;color=%23182C57&amp;src=aumsrer8tdkvk7fs05m37eatss%40group.calendar.google.com&amp;color=%23691426&amp;src=9glod6j693c1lo3hkgaf0j4an0%40group.calendar.google.com&amp;color=%2329527A&amp;src=fiso7i8vdbca5rk8auph3d4uh8%40group.calendar.google.com&amp;color=%23711616&amp;src=irlrcmf3g1b5dhtdjkido89s2k%40group.calendar.google.com&amp;color=%23875509&amp;src=calendario.lectivo.ule%40gmail.com&amp;color=%23691426&amp;ctz=Europe%2FMadrid\" width=\"600\" height=\"500\" frameborder=\"0\" scrolling=\"no\"><\/iframe><\/p>\n<p>Los horarios de las asignaturas optativas (tercer y cuarto curso) se establecer\u00e1n en funci\u00f3n del n\u00famero de alumnos matriculados en cada una de ellas<\/p>\n","protected":false},"excerpt":{"rendered":"<p>Coordinador primer curso: Dr. Cristian Mart\u00edn V\u00e1zquez Horario 2025\/26 Aula docencia te\u00f3rica: Sal\u00f3n de actos del Aulario Seminarios:\u00a0 Principal: Sal\u00f3n de actos del Aulario; Aula de Apoyo: Seminario del Aulario &nbsp; Coordinadora segundo curso: Dra. Raquel D\u00edez L\u00e1iz Horario 2025\/26 &hellip; <a href=\"https:\/\/centros.unileon.es\/cienciasdelasalud\/horarios\/grado-en-enfermeria-campus-de-ponferrada\/\">Sigue leyendo <span class=\"meta-nav\">&rarr;<\/span><\/a><\/p>\n","protected":false},"author":49,"featured_media":0,"parent":79,"menu_order":1,"comment_status":"closed","ping_status":"open","template":"","meta":{"footnotes":""},"class_list":["post-95","page","type-page","status-publish","hentry"],"_links":{"self":[{"href":"https:\/\/centros.unileon.es\/cienciasdelasalud\/wp-json\/wp\/v2\/pages\/95","targetHints":{"allow":["GET"]}}],"collection":[{"href":"https:\/\/centros.unileon.es\/cienciasdelasalud\/wp-json\/wp\/v2\/pages"}],"about":[{"href":"https:\/\/centros.unileon.es\/cienciasdelasalud\/wp-json\/wp\/v2\/types\/page"}],"author":[{"embeddable":true,"href":"https:\/\/centros.unileon.es\/cienciasdelasalud\/wp-json\/wp\/v2\/users\/49"}],"replies":[{"embeddable":true,"href":"https:\/\/centros.unileon.es\/cienciasdelasalud\/wp-json\/wp\/v2\/comments?post=95"}],"version-history":[{"count":205,"href":"https:\/\/centros.unileon.es\/cienciasdelasalud\/wp-json\/wp\/v2\/pages\/95\/revisions"}],"predecessor-version":[{"id":5022,"href":"https:\/\/centros.unileon.es\/cienciasdelasalud\/wp-json\/wp\/v2\/pages\/95\/revisions\/5022"}],"up":[{"embeddable":true,"href":"https:\/\/centros.unileon.es\/cienciasdelasalud\/wp-json\/wp\/v2\/pages\/79"}],"wp:attachment":[{"href":"https:\/\/centros.unileon.es\/cienciasdelasalud\/wp-json\/wp\/v2\/media?parent=95"}],"curies":[{"name":"wp","href":"https:\/\/api.w.org\/{rel}","templated":true}]}}