{"id":92,"date":"2012-07-13T09:13:54","date_gmt":"2012-07-13T09:13:54","guid":{"rendered":"http:\/\/centros.unileon.es\/cienciasdelasalud\/?page_id=92"},"modified":"2026-03-27T14:16:08","modified_gmt":"2026-03-27T14:16:08","slug":"grado-en-enfermeria-campus-de-leon","status":"publish","type":"page","link":"https:\/\/centros.unileon.es\/cienciasdelasalud\/horarios\/grado-en-enfermeria-campus-de-leon\/","title":{"rendered":"Grado en Enfermer\u00eda (Campus de Le\u00f3n)"},"content":{"rendered":"<p><strong>PRIMER CURSO<\/strong><\/p>\n<p><a href=\"https:\/\/centros.unileon.es\/cienciasdelasalud\/files\/2025\/11\/1o-curso-1-Semestre-04-11-25.pdf\">Horario 2025\/26 primer semestre<\/a>. \u00daltima actualizaci\u00f3n 04\/11\/2025<\/p>\n<p><a href=\"https:\/\/centros.unileon.es\/cienciasdelasalud\/files\/2026\/03\/1o-curso-2-Semestre-19-03-26.pdf\">Horario 2025\/26 segundo semestre<\/a>. \u00daltima modificaci\u00f3n 19\/03\/2026<\/p>\n<p><a href=\"https:\/\/centros.unileon.es\/cienciasdelasalud\/files\/2025\/07\/DEF_Horario-1o-Enfermeria-Leon-1.pdf\">Horario 2025\/26<\/a>. \u00daltima actualizaci\u00f3n 10\/07\/2025<\/p>\n<p><span style=\"color: #008000;\">Coordinadora primer curso:<\/span> Dra. Mar\u00eda Jos\u00e9 Cuevas Gonz\u00e1lez<\/p>\n<p><a href=\"https:\/\/centros.unileon.es\/cienciasdelasalud\/files\/2025\/10\/Listado-grupos-2025-26-09-10-2025.pdf\">Grupos de primer curso 09\/10\/2025<\/a><\/p>\n<p>Los alumnos de segunda matr\u00edcula y sucesivas, deben incluirse en los grupos de seminarios y pr\u00e1cticas que les corresponda seg\u00fan sus apellidos<\/p>\n<p><span style=\"color: #ff0000;\"><strong>Aula docencia te\u00f3rica<\/strong><strong>:\u00a0 Aula 1<\/strong><\/span><\/p>\n<p><iframe loading=\"lazy\" style=\"border-width: 0px;\" src=\"\/\/calendar.google.com\/calendar\/embed?title=Horarios%201%C2%BA%20G.%20Enfermer%C3%ADa%20%28Campus%20Le%C3%B3n%29&amp;mode=WEEK&amp;height=500&amp;wkst=2&amp;bgcolor=%23FFFFFF&amp;src=onqv75m531sojsg25timf78ekc%40group.calendar.google.com&amp;color=%231B887A&amp;src=bss5k3hmbirdshjbgi3j5qs76o%40group.calendar.google.com&amp;src=kui7m00il9f45siq98ajq5v6ns%40group.calendar.google.com&amp;color=%23B1440E&amp;src=no4mq670u12o1p24me4vdd796s%40group.calendar.google.com&amp;color=%238C500B&amp;src=265u3dsorri2gjpq4v92lldgrk%40group.calendar.google.com&amp;color=%23182C57&amp;src=cv2auuh1eu4opnlg51fqhjca0c%40group.calendar.google.com&amp;color=%2329527A&amp;src=b97ekrgve385v0vpo1m1lkf32k%40group.calendar.google.com&amp;color=%23691426&amp;color=%235F6B02&amp;src=l2787b63qjbnlmcqr6rf6tf4cs%40group.calendar.google.com&amp;color=%232F6309&amp;src=eloac93kp4nck99u9nnnm49k14%40group.calendar.google.com&amp;color=%232952A3&amp;src=jl623kmsbk4an4nsv0ga8c1lts%40group.calendar.google.com&amp;color=%23711616&amp;src=calendario.lectivo.ule%40gmail.com&amp;color=%2342104A&amp;ctz=Europe%2FMadrid\" width=\"600\" height=\"500\" frameborder=\"0\" scrolling=\"no\"><span data-mce-type=\"bookmark\" style=\"display: inline-block; width: 0px; overflow: hidden; line-height: 0;\" class=\"mce_SELRES_start\">\ufeff<\/span><\/iframe><\/p>\n<p><span style=\"color: #000000;\"><strong><span style=\"color: #008000;\">SEGUNDO CURSO<\/span><\/strong><\/span><\/p>\n<p><a href=\"https:\/\/centros.unileon.es\/cienciasdelasalud\/files\/2025\/11\/2o-Curso-1-Semestre-3-11-25.pdf\">Horario 2025\/26 semestre 1.<\/a> \u00daltima actualizaci\u00f3n 03\/11\/2025<\/p>\n<p><a href=\"https:\/\/centros.unileon.es\/cienciasdelasalud\/files\/2026\/03\/2o-Curso-2-Semestre-19-03-26.pdf\">Horario 2025\/26 semestre 2<\/a>. \u00daltima actualizaci\u00f3n 19\/03\/2026<\/p>\n<p><span style=\"color: #008000;\">Coordinadora segundo curso:<\/span> Dra. M\u00aa N\u00e9lida Fern\u00e1ndez Mart\u00ednez<\/p>\n<p><a href=\"https:\/\/centros.unileon.es\/cienciasdelasalud\/files\/2026\/02\/Grupos-seminarios-y-practicas-segundo-2025_26-3.pdf\">Grupos de seminarios y pr\u00e1cticas segundo curso<\/a><\/p>\n<p>Los alumnos de segunda matr\u00edcula y sucesivas, deben incluirse en los grupos de seminarios y pr\u00e1cticas que les corresponda seg\u00fan sus apellidos<\/p>\n<p><span style=\"color: #ff0000;\"><strong>Aula docencia te\u00f3rica<\/strong><strong>: Aula 2<br \/>\n<\/strong><\/span><\/p>\n<p><iframe loading=\"lazy\" src=\"\/\/calendar.google.com\/calendar\/embed?title=Horarios%202%C2%BA%20G.%20Enfermer%C3%ADa%20%28Campus%20Le%C3%B3n%29&amp;mode=WEEK&amp;height=500&amp;wkst=2&amp;bgcolor=%23FFFFFF&amp;src=voaflu8bdb11j6305bohq4hhvk%40group.calendar.google.com&amp;color=%23711616&amp;src=o97u8kvihg3ncjkcp3k4l0e1rg%40group.calendar.google.com&amp;color=%23B1440E&amp;src=erchmo10o1pcoiv0gl5mm0ni6s%40group.calendar.google.com&amp;color=%23333333&amp;src=09qsmkfjm5epde7ih6v8r9a8sc%40group.calendar.google.com&amp;color=%235229A3&amp;src=dgd8tnfebi5qlq8gpgvhbqb3us%40group.calendar.google.com&amp;color=%23865A5A&amp;src=fq0h1bq7haeh5pbr60c0849jpc%40group.calendar.google.com&amp;color=%23333333&amp;src=v4o94igjafgqdbmrhp848hic2g%40group.calendar.google.com&amp;color=%23B1365F&amp;src=thfk05bn1s5ji6eei11mqf7vjs%40group.calendar.google.com&amp;color=%235F6B02&amp;src=1sl4temc9lj7v31kstoe8rd84c%40group.calendar.google.com&amp;color=%2323164E&amp;src=bprui7ob457egmkpq9o24c5hcs%40group.calendar.google.com&amp;color=%238C500B&amp;src=5md6agsseetaq64ag1mqk8ok10%40group.calendar.google.com&amp;color=%23B1440E&amp;src=calendario.lectivo.ule%40gmail.com&amp;color=%2342104A&amp;ctz=Europe%2FMadrid\" width=\"600\" height=\"500\" frameborder=\"0\" scrolling=\"no\"><\/iframe><\/p>\n<p><strong>TERCER CURSO<\/strong><\/p>\n<p><a href=\"https:\/\/centros.unileon.es\/cienciasdelasalud\/files\/2025\/12\/3o-curso-1-semestre-11-12-25.2.pdf\">Horario 2025\/26 semestre 1<\/a>. \u00daltima actualizaci\u00f3n 11\/12\/2025<\/p>\n<p><a href=\"https:\/\/centros.unileon.es\/cienciasdelasalud\/files\/2026\/03\/3o-curso-2-semestre-26-03-26-_v2.pdf\">Horario 2025\/26 semestre 2<\/a>. \u00daltima actualizaci\u00f3n 26\/03\/2026<\/p>\n<p><span style=\"color: #008000;\">Coordinadora tercer curso:<\/span> Dr. Jes\u00fas Antonio Fern\u00e1ndez Fern\u00e1ndez<\/p>\n<p><a href=\"https:\/\/centros.unileon.es\/cienciasdelasalud\/files\/2026\/03\/LISTADO-grupos-segundo-cuatrimestre_22_03_26_v1.pdf\"><span style=\"color: #003366;\">Grupos seminarios y practicas tercer curso segundo semestre<\/span><\/a><\/p>\n<p><a href=\"\/\/centros.unileon.es\/cienciasdelasalud\/files\/2018\/09\/Grupos-seminarios-y-practicas-tercero-2018_19.pdf\"><iframe loading=\"lazy\" src=\"\/\/calendar.google.com\/calendar\/embed?title=Horarios%203%C2%BA%20G.%20Enfermer%C3%ADa%20%28Campus%20Le%C3%B3n%29&amp;mode=WEEK&amp;height=500&amp;wkst=2&amp;bgcolor=%23FFFFFF&amp;src=m9m8q5h4aq7c44m9vchro98s0s%40group.calendar.google.com&amp;color=%23B1365F&amp;src=rsbn8866d2fmv7h6hiu40tmb0o%40group.calendar.google.com&amp;color=%232952A3&amp;src=h5un0skvg5le8esd1ggrrhtf80%40group.calendar.google.com&amp;color=%236B3304&amp;src=hlul2nv7sn0l5fe14d0rq88o24%40group.calendar.google.com&amp;color=%23B1365F&amp;src=ara58elv47iu5sljnq4o9a9kig%40group.calendar.google.com&amp;color=%23B1440E&amp;src=3nk2h0p6amcimjpjn7i8o2332o%40group.calendar.google.com&amp;color=%23B1365F&amp;src=4psc64kc2sdbvnr5h9leqbdfo0%40group.calendar.google.com&amp;color=%232F6309&amp;src=2fq04osr1bldj24oaqjlm3e4ck%40group.calendar.google.com&amp;color=%238D6F47&amp;src=3164e30dcrcbiimpk4mh65q6t0%40group.calendar.google.com&amp;color=%23875509&amp;src=pj4qp5q0gao3hcgoi1p36l68r0%40group.calendar.google.com&amp;color=%23865A5A&amp;src=g2hrkf8up6mfc2e9rvej7nrmco%40group.calendar.google.com&amp;color=%2329527A&amp;src=0c9o6jh40om5cl44ht9irlhplo%40group.calendar.google.com&amp;color=%23865A5A&amp;src=gtuuv8096cuk50nfaprs83c730%40group.calendar.google.com&amp;color=%23691426&amp;src=calendario.lectivo.ule%40gmail.com&amp;color=%2342104A&amp;ctz=Europe%2FMadrid\" width=\"600\" height=\"500\" frameborder=\"0\" scrolling=\"no\"><\/iframe><\/a><\/p>\n<p><strong><span style=\"color: #008000;\">CUARTO CURSO<\/span><\/strong><\/p>\n<p><a href=\"https:\/\/centros.unileon.es\/cienciasdelasalud\/files\/2026\/03\/4o-Curso-24-03-2026.pdf\">Horario 2025\/26<\/a>. \u00daltima actualizaci\u00f3n 24\/03\/2026<\/p>\n<p><span style=\"color: #008000;\">Coordinadora cuarto curso:<\/span> Dra. Brisamar Est\u00e9banez Gonz\u00e1lez<\/p>\n<p style=\"padding-left: 30px;\"><a href=\"https:\/\/centros.unileon.es\/cienciasdelasalud\/files\/2025\/11\/GRUPOS-4-curso-25-26.pdf\">Grupos de seminarios y pr\u00e1cticas cuarto curso<\/a><\/p>\n<p>Los horarios definitivos de las asignaturas optativas (tercer y cuarto curso) se establecer\u00e1n en funci\u00f3n del n\u00famero de alumnos matriculados en cada una de ellas<\/p>\n<p><iframe loading=\"lazy\" src=\"\/\/calendar.google.com\/calendar\/embed?title=Horarios%204%C2%BA%20G.%20Enfermer%C3%ADa%20%28Campus%20Le%C3%B3n%29&amp;mode=WEEK&amp;height=500&amp;wkst=2&amp;bgcolor=%23FFFFFF&amp;src=bXJjcXM0amJkbDUxajY5MjJqYmRnbTIyYmtAZ3JvdXAuY2FsZW5kYXIuZ29vZ2xlLmNvbQ&amp;src=OWd2NDVva24yaTA5ZWxmNGpxc3RkcDNuaTRAZ3JvdXAuY2FsZW5kYXIuZ29vZ2xlLmNvbQ&amp;src=aHVjMzF2OGY3MDJ0MjQycDZkNmU5M3VhMTRAZ3JvdXAuY2FsZW5kYXIuZ29vZ2xlLmNvbQ&amp;src=bmMwN3Rxc2I4ZGQ1MDd2YzY0ZDJkNW1mb3NAZ3JvdXAuY2FsZW5kYXIuZ29vZ2xlLmNvbQ&amp;src=cHUyZWNpdG5oOGg0bGs0bTBtOXR0aWgxMThAZ3JvdXAuY2FsZW5kYXIuZ29vZ2xlLmNvbQ&amp;src=aHJjcjYwamxvaWE5amU1ZGs0OXJqMGxnbzhAZ3JvdXAuY2FsZW5kYXIuZ29vZ2xlLmNvbQ&amp;;src=calendario.lectivo.ule%40gmail.com&amp;color=%2342104A&amp;ctz=Europe%2FMadrid\" width=\"600\" height=\"500\" frameborder=\"0\" scrolling=\"no\"><\/iframe><\/p>\n","protected":false},"excerpt":{"rendered":"<p>PRIMER CURSO Horario 2025\/26 primer semestre. \u00daltima actualizaci\u00f3n 04\/11\/2025 Horario 2025\/26 segundo semestre. \u00daltima modificaci\u00f3n 19\/03\/2026 Horario 2025\/26. \u00daltima actualizaci\u00f3n 10\/07\/2025 Coordinadora primer curso: Dra. Mar\u00eda Jos\u00e9 Cuevas Gonz\u00e1lez Grupos de primer curso 09\/10\/2025 Los alumnos de segunda matr\u00edcula y &hellip; <a href=\"https:\/\/centros.unileon.es\/cienciasdelasalud\/horarios\/grado-en-enfermeria-campus-de-leon\/\">Sigue leyendo <span class=\"meta-nav\">&rarr;<\/span><\/a><\/p>\n","protected":false},"author":49,"featured_media":0,"parent":79,"menu_order":0,"comment_status":"closed","ping_status":"open","template":"","meta":{"footnotes":""},"class_list":["post-92","page","type-page","status-publish","hentry"],"_links":{"self":[{"href":"https:\/\/centros.unileon.es\/cienciasdelasalud\/wp-json\/wp\/v2\/pages\/92","targetHints":{"allow":["GET"]}}],"collection":[{"href":"https:\/\/centros.unileon.es\/cienciasdelasalud\/wp-json\/wp\/v2\/pages"}],"about":[{"href":"https:\/\/centros.unileon.es\/cienciasdelasalud\/wp-json\/wp\/v2\/types\/page"}],"author":[{"embeddable":true,"href":"https:\/\/centros.unileon.es\/cienciasdelasalud\/wp-json\/wp\/v2\/users\/49"}],"replies":[{"embeddable":true,"href":"https:\/\/centros.unileon.es\/cienciasdelasalud\/wp-json\/wp\/v2\/comments?post=92"}],"version-history":[{"count":875,"href":"https:\/\/centros.unileon.es\/cienciasdelasalud\/wp-json\/wp\/v2\/pages\/92\/revisions"}],"predecessor-version":[{"id":5080,"href":"https:\/\/centros.unileon.es\/cienciasdelasalud\/wp-json\/wp\/v2\/pages\/92\/revisions\/5080"}],"up":[{"embeddable":true,"href":"https:\/\/centros.unileon.es\/cienciasdelasalud\/wp-json\/wp\/v2\/pages\/79"}],"wp:attachment":[{"href":"https:\/\/centros.unileon.es\/cienciasdelasalud\/wp-json\/wp\/v2\/media?parent=92"}],"curies":[{"name":"wp","href":"https:\/\/api.w.org\/{rel}","templated":true}]}}