{"id":79,"date":"2012-07-11T15:35:08","date_gmt":"2012-07-11T15:35:08","guid":{"rendered":"http:\/\/centros.unileon.es\/cienciasdelasalud\/?page_id=79"},"modified":"2025-10-15T08:45:59","modified_gmt":"2025-10-15T08:45:59","slug":"horarios","status":"publish","type":"page","link":"https:\/\/centros.unileon.es\/cienciasdelasalud\/horarios\/","title":{"rendered":"Horarios"},"content":{"rendered":"<h2>Horarios y fechas de ex\u00e1menes 2025\/26. Los cambios que se produzcan en los mismos se ir\u00e1n incorporando en esta p\u00e1gina web, por lo que se recomienda revisarla peri\u00f3dicamente<\/h2>\r\n<pre><a title=\"Grado en Enfermer\u00eda (Campus de Le\u00f3n)\" href=\"\/\/centros.unileon.es\/cienciasdelasalud\/horarios\/grado-en-enfermeria-campus-de-leon\/\">Horarios Grado en Enfermer\u00eda (Campus de Le\u00f3n)<\/a>\r\n\r\n<a href=\"https:\/\/centros.unileon.es\/cienciasdelasalud\/files\/2025\/07\/Calendario-examenes-Grado-Enfermeria-segunda-convocatoria-2025-26.pdf\">Calendario ex\u00e1menes Grado en Enfermer\u00eda segunda convocatoria 2025-2026<\/a><\/pre>\r\n<p style=\"padding-left: 40px;\">Ex\u00e1menes convocatoria extraordinaria de diciembre 2025<\/p>\r\n\r\n<pre><a href=\"https:\/\/centros.unileon.es\/cienciasdelasalud\/horarios\/grado-en-enfermeria-campus-de-ponferrada\/\">Horarios Grado en Enfermer\u00eda (Campus de Ponferrada)<\/a>\r\n\r\n<a href=\"https:\/\/centros.unileon.es\/cienciasdelasalud\/files\/2025\/10\/Calendario-examenes-Grado-Enfermeria-segunda-convocatoria-2025-26-Ponferrada.pdf\">Calendario ex\u00e1menes Grado en Enfermer\u00eda segunda convocatoria 2025-2026<\/a><\/pre>\r\n<p style=\"padding-left: 40px;\">Ex\u00e1menes convocatoria extraordinaria de diciembre 2025<\/p>\r\n\r\n<pre><a title=\"Grado en Fisioterapia\" href=\"\/\/centros.unileon.es\/cienciasdelasalud\/horarios\/grado-en-fisioterapia\/\">Horarios Grado en Fisioterapia<\/a>\r\n\r\n<a href=\"https:\/\/centros.unileon.es\/cienciasdelasalud\/files\/2025\/07\/Calendario-examenes-Fisioterapia-segunda-convocatoria-2025-26-DEFINITIVO.pdf\">Calendario ex\u00e1menes Grado en Fisioterapia segunda convocatoria 2025-2026<\/a><\/pre>\r\n<p style=\"padding-left: 40px;\">Ex\u00e1menes convocatoria extraordinaria de diciembre 2025<\/p>\r\n\r\n<pre><a href=\"\/\/centros.unileon.es\/cienciasdelasalud\/horarios\/grado-en-podologia\/\">Horarios Grado en Podolog\u00eda<\/a>\r\n\r\n<a href=\"https:\/\/centros.unileon.es\/cienciasdelasalud\/files\/2025\/07\/Calendario-examenes-Grado-Podologia-segunda-convocatoria-2025-26.pdf\">Calendario ex\u00e1menes Grado en Podolog\u00eda segunda convocatoria 2025-2026<\/a><\/pre>\r\n<p style=\"padding-left: 40px;\">Ex\u00e1menes convocatoria extraordinaria de diciembre 2025<\/p>\r\n\r\n<pre><a href=\"https:\/\/centros.unileon.es\/cienciasdelasalud\/horarios\/grado-en-nutricion-humana-y-dietetica\/\">Horarios Grado en Nutrici\u00f3n Humana y Diet\u00e9tica<\/a>\r\n\r\n<a href=\"https:\/\/centros.unileon.es\/cienciasdelasalud\/files\/2025\/07\/Calendario-examenes-Grado-Nutricion-segunda-convocatoria-2025-26.pdf\">Calendario ex\u00e1menes Grado en Nutrici\u00f3n Humana y Diet\u00e9tica segunda convocatoria 2025-2026<\/a><\/pre>\r\n<!-- \/wp:post-content -->","protected":false},"excerpt":{"rendered":"<p>Horarios y fechas de ex\u00e1menes 2025\/26. Los cambios que se produzcan en los mismos se ir\u00e1n incorporando en esta p\u00e1gina web, por lo que se recomienda revisarla peri\u00f3dicamente Horarios Grado en Enfermer\u00eda (Campus de Le\u00f3n) Calendario ex\u00e1menes Grado en Enfermer\u00eda &hellip; <a href=\"https:\/\/centros.unileon.es\/cienciasdelasalud\/horarios\/\">Sigue leyendo <span class=\"meta-nav\">&rarr;<\/span><\/a><\/p>\n","protected":false},"author":49,"featured_media":0,"parent":0,"menu_order":0,"comment_status":"closed","ping_status":"open","template":"","meta":{"footnotes":""},"class_list":["post-79","page","type-page","status-publish","hentry"],"_links":{"self":[{"href":"https:\/\/centros.unileon.es\/cienciasdelasalud\/wp-json\/wp\/v2\/pages\/79","targetHints":{"allow":["GET"]}}],"collection":[{"href":"https:\/\/centros.unileon.es\/cienciasdelasalud\/wp-json\/wp\/v2\/pages"}],"about":[{"href":"https:\/\/centros.unileon.es\/cienciasdelasalud\/wp-json\/wp\/v2\/types\/page"}],"author":[{"embeddable":true,"href":"https:\/\/centros.unileon.es\/cienciasdelasalud\/wp-json\/wp\/v2\/users\/49"}],"replies":[{"embeddable":true,"href":"https:\/\/centros.unileon.es\/cienciasdelasalud\/wp-json\/wp\/v2\/comments?post=79"}],"version-history":[{"count":118,"href":"https:\/\/centros.unileon.es\/cienciasdelasalud\/wp-json\/wp\/v2\/pages\/79\/revisions"}],"predecessor-version":[{"id":4615,"href":"https:\/\/centros.unileon.es\/cienciasdelasalud\/wp-json\/wp\/v2\/pages\/79\/revisions\/4615"}],"wp:attachment":[{"href":"https:\/\/centros.unileon.es\/cienciasdelasalud\/wp-json\/wp\/v2\/media?parent=79"}],"curies":[{"name":"wp","href":"https:\/\/api.w.org\/{rel}","templated":true}]}}