{"id":741,"date":"2015-07-11T09:39:09","date_gmt":"2015-07-11T09:39:09","guid":{"rendered":"http:\/\/centros.unileon.es\/cienciasdelasalud\/?page_id=741"},"modified":"2024-05-18T07:57:55","modified_gmt":"2024-05-18T07:57:55","slug":"buzon-de-sugerencias","status":"publish","type":"page","link":"https:\/\/centros.unileon.es\/cienciasdelasalud\/buzon-de-sugerencias\/","title":{"rendered":"Buz\u00f3n de sugerencias"},"content":{"rendered":"<p>Para cualquier queja o sugerencia se ruega remitir un correo electr\u00f3nico a la siguiente direcci\u00f3n: <a href=\"mailto:euedir@unileon.es\">euedir@unileon.es<\/a><\/p>\n","protected":false},"excerpt":{"rendered":"<p>Para cualquier queja o sugerencia se ruega remitir un correo electr\u00f3nico a la siguiente direcci\u00f3n: euedir@unileon.es<\/p>\n","protected":false},"author":49,"featured_media":0,"parent":0,"menu_order":0,"comment_status":"closed","ping_status":"open","template":"","meta":{"footnotes":""},"class_list":["post-741","page","type-page","status-publish","hentry"],"_links":{"self":[{"href":"https:\/\/centros.unileon.es\/cienciasdelasalud\/wp-json\/wp\/v2\/pages\/741","targetHints":{"allow":["GET"]}}],"collection":[{"href":"https:\/\/centros.unileon.es\/cienciasdelasalud\/wp-json\/wp\/v2\/pages"}],"about":[{"href":"https:\/\/centros.unileon.es\/cienciasdelasalud\/wp-json\/wp\/v2\/types\/page"}],"author":[{"embeddable":true,"href":"https:\/\/centros.unileon.es\/cienciasdelasalud\/wp-json\/wp\/v2\/users\/49"}],"replies":[{"embeddable":true,"href":"https:\/\/centros.unileon.es\/cienciasdelasalud\/wp-json\/wp\/v2\/comments?post=741"}],"version-history":[{"count":6,"href":"https:\/\/centros.unileon.es\/cienciasdelasalud\/wp-json\/wp\/v2\/pages\/741\/revisions"}],"predecessor-version":[{"id":4145,"href":"https:\/\/centros.unileon.es\/cienciasdelasalud\/wp-json\/wp\/v2\/pages\/741\/revisions\/4145"}],"wp:attachment":[{"href":"https:\/\/centros.unileon.es\/cienciasdelasalud\/wp-json\/wp\/v2\/media?parent=741"}],"curies":[{"name":"wp","href":"https:\/\/api.w.org\/{rel}","templated":true}]}}