{"id":50,"date":"2011-09-24T11:10:05","date_gmt":"2011-09-24T11:10:05","guid":{"rendered":"http:\/\/centros.unileon.es\/cienciasdelasalud\/?page_id=50"},"modified":"2025-11-26T10:57:56","modified_gmt":"2025-11-26T10:57:56","slug":"organos-directivos","status":"publish","type":"page","link":"https:\/\/centros.unileon.es\/cienciasdelasalud\/organos-directivos\/","title":{"rendered":"\u00d3rganos Directivos"},"content":{"rendered":"<div align=\"center\">\n<table border=\"0\" width=\"589\" cellspacing=\"0\" cellpadding=\"0\">\n<tbody>\n<tr>\n<td>\n<p align=\"center\"><strong>Decano\u00a0<\/strong><\/p>\n<\/td>\n<td>Dr. D. Daniel Fern\u00e1ndez Garc\u00eda<br \/>\ndecanato.salud@unileon.es<\/td>\n<td width=\"103\">\n<p align=\"center\">987 29 30 84<\/p>\n<\/td>\n<\/tr>\n<tr>\n<td>\n<p align=\"center\"><strong>Vicedecana<br \/>\nCampus de Le\u00f3n<\/strong><\/p>\n<\/td>\n<td>Dra. D\u00f1a. M\u00aa N\u00e9lida Fern\u00e1ndez Mart\u00ednez<\/td>\n<td width=\"103\">\n<p align=\"center\">987 29 30 83<br \/>\n987 29 30 92<\/p>\n<\/td>\n<\/tr>\n<tr>\n<td>\n<p align=\"center\"><strong>Vicedecana<br \/>\nCampus de Ponferrada (Enfermer\u00eda)<\/strong><\/p>\n<\/td>\n<td>Dra. D\u00f1a. In\u00e9s Casado Verdejo<\/td>\n<td width=\"103\">\n<p align=\"center\">987 44 20 40<\/p>\n<\/td>\n<\/tr>\n<tr>\n<td>\n<p align=\"center\"><strong>Vicedecano<br \/>\nCampus de Ponferrada (Fisioterapia)<\/strong><\/p>\n<\/td>\n<td>Dr. D. Ra\u00fal Cobreros Mielgo<\/td>\n<td width=\"103\">\n<p align=\"center\">987 44 20 66<\/p>\n<\/td>\n<\/tr>\n<tr>\n<td>\n<p align=\"center\"><strong>Secretaria de Centro<\/strong><\/p>\n<\/td>\n<td>Dra. D\u00f1a. Esther Nistal Gonz\u00e1lez<br \/>\nmenisg@unileon.es<\/td>\n<td width=\"103\">\n<p align=\"center\">987 29 30 85<\/p>\n<\/td>\n<\/tr>\n<\/tbody>\n<\/table>\n<\/div>\n","protected":false},"excerpt":{"rendered":"<p>Decano\u00a0 Dr. D. Daniel Fern\u00e1ndez Garc\u00eda decanato.salud@unileon.es 987 29 30 84 Vicedecana Campus de Le\u00f3n Dra. D\u00f1a. M\u00aa N\u00e9lida Fern\u00e1ndez Mart\u00ednez 987 29 30 83 987 29 30 92 Vicedecana Campus de Ponferrada (Enfermer\u00eda) Dra. D\u00f1a. In\u00e9s Casado Verdejo 987 &hellip; <a href=\"https:\/\/centros.unileon.es\/cienciasdelasalud\/organos-directivos\/\">Sigue leyendo <span class=\"meta-nav\">&rarr;<\/span><\/a><\/p>\n","protected":false},"author":49,"featured_media":0,"parent":0,"menu_order":0,"comment_status":"closed","ping_status":"open","template":"","meta":{"footnotes":""},"class_list":["post-50","page","type-page","status-publish","hentry"],"_links":{"self":[{"href":"https:\/\/centros.unileon.es\/cienciasdelasalud\/wp-json\/wp\/v2\/pages\/50","targetHints":{"allow":["GET"]}}],"collection":[{"href":"https:\/\/centros.unileon.es\/cienciasdelasalud\/wp-json\/wp\/v2\/pages"}],"about":[{"href":"https:\/\/centros.unileon.es\/cienciasdelasalud\/wp-json\/wp\/v2\/types\/page"}],"author":[{"embeddable":true,"href":"https:\/\/centros.unileon.es\/cienciasdelasalud\/wp-json\/wp\/v2\/users\/49"}],"replies":[{"embeddable":true,"href":"https:\/\/centros.unileon.es\/cienciasdelasalud\/wp-json\/wp\/v2\/comments?post=50"}],"version-history":[{"count":25,"href":"https:\/\/centros.unileon.es\/cienciasdelasalud\/wp-json\/wp\/v2\/pages\/50\/revisions"}],"predecessor-version":[{"id":4963,"href":"https:\/\/centros.unileon.es\/cienciasdelasalud\/wp-json\/wp\/v2\/pages\/50\/revisions\/4963"}],"wp:attachment":[{"href":"https:\/\/centros.unileon.es\/cienciasdelasalud\/wp-json\/wp\/v2\/media?parent=50"}],"curies":[{"name":"wp","href":"https:\/\/api.w.org\/{rel}","templated":true}]}}