{"id":478,"date":"2014-04-05T11:01:50","date_gmt":"2014-04-05T11:01:50","guid":{"rendered":"http:\/\/centros.unileon.es\/cienciasdelasalud\/?page_id=478"},"modified":"2025-10-29T12:43:11","modified_gmt":"2025-10-29T12:43:11","slug":"s-externas-extracurriculares","status":"publish","type":"page","link":"https:\/\/centros.unileon.es\/cienciasdelasalud\/s-externas-extracurriculares\/","title":{"rendered":"Pr\u00e1cticas externas extracurriculares"},"content":{"rendered":"<p><span style=\"color: #993366;\"><strong>Pueden realizarlas:<\/strong><\/span><\/p>\n<p>Los <strong>alumnos <\/strong><strong>que hayan superado el 50 % de los cr\u00e9ditos<\/strong> necesarios para obtener el t\u00edtulo<\/p>\n<p><span style=\"color: #993366;\"><strong>Cuando se hacen:<\/strong><\/span><\/p>\n<p>Durante <strong>todo el curso acad\u00e9mico <\/strong>(del 1 de octubre al 30 de septiembre)<\/p>\n<p><span style=\"color: #993366;\"><strong>Cuanto duran:<\/strong><\/span><\/p>\n<p>Un <strong>m\u00e1ximo<\/strong> de <strong>750 horas\/curso acad\u00e9mico<\/strong> (120 d\u00edas laborables)<\/p>\n<p><span style=\"color: #993366;\"><strong>Procedimiento general de solicitud:<\/strong><\/span><\/p>\n<p style=\"text-align: justify;\">El estudiante debe contactar con el responsable de pr\u00e1cticas externas de la entidad donde desea realizar las pr\u00e1cticas para obtener su conformidad<\/p>\n<p style=\"text-align: justify;\"><strong>Si existe un Acuerdo Marco de Colaboraci\u00f3n<\/strong> con la empresa, el alumno cumplimentar\u00e1 el\u00a0<span style=\"color: #800080;\">Anexo<\/span>\u00a0que ser\u00e1 firmado por el responsable de la empresa y el tutor de la Universidad (para ello lo entregar\u00e1 en la Unidad Administrativa, Secretar\u00eda,\u00a0del Centro: Le\u00f3n o Ponferrada).<br \/>\nEl estudiante tambi\u00e9n <a href=\"https:\/\/icaro.ual.es\/acceso\/?destino=demandantes\">se registrar\u00e1<\/a> en la base de datos del COIE<\/p>\n<p style=\"text-align: justify;\">\u00a0\u00a0\u00a0\u00a0\u00a0\u00a0\u00a0\u00a0\u00a0\u00a0\u00a0\u00a0\u00a0\u00a0\u00a0 Para comprobar si existe el Acuerdo Marco pinche <a href=\"http:\/\/coie.unileon.es\/buscador-de-empresas-con-acuerdo\/\">aqu\u00ed<\/a><\/p>\n<p style=\"text-align: justify;\"><strong>Si no existe un Acuerdo Marco de Colaboraci\u00f3n<\/strong> con la empresa, debe firmarse el <span style=\"color: #800080;\">Acuerdo de Colaboraci\u00f3n<\/span> y posteriormente, el alumno cumplimentar\u00e1 el <span style=\"color: #800080;\">Anexo<\/span> que ser\u00e1 firmado por el responsable de la empresa y el tutor de la Universidad (para ello lo entregar\u00e1 en la Unidad Administrativa, Secretar\u00eda,\u00a0del Centro: Le\u00f3n o Ponferrada).<br \/>\nTanto el <a href=\"https:\/\/icaro.ual.es\/acceso\/?destino=demandantes\">estudiante<\/a> como la <a href=\"https:\/\/icaro.ual.es\/acceso\/?destino=empresas\">empresa<\/a> se registrar\u00e1n en la base de datos del COIE<\/p>\n<p>Para m\u00e1s informaci\u00f3n pinche <a href=\"http:\/\/coie.unileon.es\/informacion_practicas\/\">aqu\u00ed<\/a><\/p>\n<p><a href=\"http:\/\/centros.unileon.es\/cienciasdelasalud\/files\/2018\/10\/Procedimiento-pr%C3%A1cticas-externas-extracurriculares-CAULE.pdf\">Procedimiento pr\u00e1cticas externas extracurriculares CAULE<\/a><\/p>\n<p><a href=\"https:\/\/centros.unileon.es\/cienciasdelasalud\/files\/2025\/05\/convenios_practicas_EXTRAACADEMICAS-Grado-Fisioterapia_ULe.pdf\">Convenios pr\u00e1cticas externas extracurriculares Grado Fisioterapia<\/a><\/p>\n<p><a href=\"http:\/\/coie.unileon.es\/modelos\/\">Modelos de acuerdos de colaboraci\u00f3n y anexos<\/a><\/p>\n<p><span style=\"color: #008000;\">Coordinador Campus de Le\u00f3n:<\/span> Dr. Jes\u00fas Antonio Fern\u00e1ndez Fern\u00e1ndez<\/p>\n<p><span style=\"color: #008000;\">Coordinadora Campus de Ponferrada:<\/span> Dr. Ra\u00fal Cobreros Mielgo<\/p>\n","protected":false},"excerpt":{"rendered":"<p>Pueden realizarlas: Los alumnos que hayan superado el 50 % de los cr\u00e9ditos necesarios para obtener el t\u00edtulo Cuando se hacen: Durante todo el curso acad\u00e9mico (del 1 de octubre al 30 de septiembre) Cuanto duran: Un m\u00e1ximo de 750 &hellip; <a href=\"https:\/\/centros.unileon.es\/cienciasdelasalud\/s-externas-extracurriculares\/\">Sigue leyendo <span class=\"meta-nav\">&rarr;<\/span><\/a><\/p>\n","protected":false},"author":49,"featured_media":0,"parent":0,"menu_order":0,"comment_status":"closed","ping_status":"open","template":"","meta":{"footnotes":""},"class_list":["post-478","page","type-page","status-publish","hentry"],"_links":{"self":[{"href":"https:\/\/centros.unileon.es\/cienciasdelasalud\/wp-json\/wp\/v2\/pages\/478","targetHints":{"allow":["GET"]}}],"collection":[{"href":"https:\/\/centros.unileon.es\/cienciasdelasalud\/wp-json\/wp\/v2\/pages"}],"about":[{"href":"https:\/\/centros.unileon.es\/cienciasdelasalud\/wp-json\/wp\/v2\/types\/page"}],"author":[{"embeddable":true,"href":"https:\/\/centros.unileon.es\/cienciasdelasalud\/wp-json\/wp\/v2\/users\/49"}],"replies":[{"embeddable":true,"href":"https:\/\/centros.unileon.es\/cienciasdelasalud\/wp-json\/wp\/v2\/comments?post=478"}],"version-history":[{"count":31,"href":"https:\/\/centros.unileon.es\/cienciasdelasalud\/wp-json\/wp\/v2\/pages\/478\/revisions"}],"predecessor-version":[{"id":4915,"href":"https:\/\/centros.unileon.es\/cienciasdelasalud\/wp-json\/wp\/v2\/pages\/478\/revisions\/4915"}],"wp:attachment":[{"href":"https:\/\/centros.unileon.es\/cienciasdelasalud\/wp-json\/wp\/v2\/media?parent=478"}],"curies":[{"name":"wp","href":"https:\/\/api.w.org\/{rel}","templated":true}]}}