{"id":386,"date":"2013-10-15T17:07:51","date_gmt":"2013-10-15T17:07:51","guid":{"rendered":"http:\/\/centros.unileon.es\/cienciasdelasalud\/?page_id=386"},"modified":"2026-03-04T16:03:20","modified_gmt":"2026-03-04T16:03:20","slug":"trabajo-fin-de-grado","status":"publish","type":"page","link":"https:\/\/centros.unileon.es\/cienciasdelasalud\/trabajo-fin-de-grado\/","title":{"rendered":"Trabajo fin de Grado"},"content":{"rendered":"<p style=\"text-align: left;\"><a href=\"https:\/\/centros.unileon.es\/cienciasdelasalud\/files\/2025\/01\/Reglamento-TGF-ULE_act-abril-2022.pdf\">Reglamento trabajos fin de Grado de la ULE<\/a><\/p>\n<p><a href=\"https:\/\/centros.unileon.es\/cienciasdelasalud\/files\/2020\/09\/Normativa-TFG-Fac-CC-Salud-2020-APROBADA.pdf\">Reglamento trabajos fin de Grado de la Facultad de Ciencias de la Salud <\/a>\u00a0Actualizado 24\/09\/2020<\/p>\n<p><a href=\"https:\/\/centros.unileon.es\/cienciasdelasalud\/files\/2021\/05\/TFG-resumen.pdf\">TFG (resumen)<\/a><\/p>\n<p><a href=\"\/\/centros.unileon.es\/cienciasdelasalud\/?p=449\">Impresos relacionados con el TFG<\/a><\/p>\n<p><a href=\"https:\/\/centros.unileon.es\/cienciasdelasalud\/files\/2020\/06\/Inscripcion_deposito_TFG-Alumno.pdf\">Instrucciones Solicitud y Dep\u00f3sito TFG &#8211; Alumnos<\/a><\/p>\n<p><a href=\"https:\/\/centros.unileon.es\/cienciasdelasalud\/files\/2020\/06\/Inscripcion_deposito_TFG-Tutor-NUEVO.pdf\">Instrucciones Solicitud y Dep\u00f3sito TFG &#8211; Tutores<\/a> Actualizado 19\/06\/2020<\/p>\n<p style=\"text-align: center;\"><strong><span style=\"color: #993366;\">Curso acad\u00e9mico 2025\/26<\/span><\/strong><\/p>\n<p><a href=\"https:\/\/centros.unileon.es\/cienciasdelasalud\/files\/2025\/10\/OFERTA_TUTORES-_ENFERMERIA_LEON_25_26-1.pdf\">Oferta de tutores y l\u00edneas para el TFG. Grado en Enfermer\u00eda Le\u00f3n<\/a><\/p>\n<p><a href=\"https:\/\/centros.unileon.es\/cienciasdelasalud\/files\/2025\/10\/Oferta_Tutores-Enfermeria_Ponferrada_25-26-.pdf\">Oferta de tutores y l\u00edneas para el TFG. Grado en Enfermer\u00eda Ponferrada<\/a><\/p>\n<p><a href=\"https:\/\/centros.unileon.es\/cienciasdelasalud\/files\/2025\/10\/Oferta_Tutores_Fisioterapia_25_26.pdf\">Oferta de tutores y l\u00edneas para el TFG. Grado en Fisioterapia<\/a><\/p>\n<p><a href=\"https:\/\/centros.unileon.es\/cienciasdelasalud\/files\/2025\/10\/Oferta_Tutores_Podologia_25_26.pdf\">Oferta de tutores y l\u00edneas para el TFG Grado en Podolog\u00eda<\/a><\/p>\n<p><a href=\"https:\/\/centros.unileon.es\/cienciasdelasalud\/files\/2026\/03\/ASIGNACION-TUTORES-TFG-ENFERMERIA-LEON-2025-2026-1.pdf\">Asignaci\u00f3n de tutores TFG Grado en Enfermer\u00eda Campus de Le\u00f3n<\/a><\/p>\n<p><a href=\"https:\/\/centros.unileon.es\/cienciasdelasalud\/files\/2026\/02\/13.02.2026_Asignacion-de-Tutores-TFG-Enfermeria-Ponferrada-2025-2026.pdf\">Asignaci\u00f3n de tutores TFG Grado en Enfermer\u00eda Campus de Ponferrada<\/a><\/p>\n<p><a href=\"https:\/\/centros.unileon.es\/cienciasdelasalud\/files\/2026\/02\/13.02.2026_Asignacion-de-Tutores-TFG-Fisioterapia-Ponferrada-2025-2026.pdf\">Asignaci\u00f3n de tutores TFG Grado en Fisioterapia<\/a><\/p>\n<p><a href=\"https:\/\/centros.unileon.es\/cienciasdelasalud\/files\/2025\/12\/ASIGNACION-TUTORES-TFG-PODOLOGIA-2025-2026.pdf\">Asignaci\u00f3n de tutores TFG Grado en Podolog\u00eda<\/a><\/p>\n<p style=\"text-align: center;\"><strong><span style=\"color: #993366;\">Fechas TFG Curso acad\u00e9mico 2025\/26<\/span><\/strong><\/p>\n<p style=\"text-align: left;\"><strong><span style=\"color: #993366;\">Convocatoria extraordinaria de diciembre Grado en Enfermer\u00eda (Le\u00f3n y Ponferrada) y Grado en Fisioterapia<\/span><\/strong><\/p>\n<ul>\n<li><span style=\"color: #0000ff;\"><strong>Exposici\u00f3n y defensa el 11 de diciembre de 2025<\/strong><\/span><\/li>\n<\/ul>\n<p style=\"padding-left: 80px;\">Entrega TFG.-\u00a0 hasta el 9 de diciembre de 2025<\/p>\n<p><span style=\"color: #993366;\"> \u00a0 \u00a0 \u00a0\u00a0 \u00a0\u00a0 \u00a0<\/span><span style=\"color: #993366;\">\u00a0 \u00a0 \u00a0<\/span><strong><span style=\"color: #993366;\">Convocatoria extraordinaria de febrero\u00a0<\/span><\/strong><\/p>\n<ul>\n<li><span style=\"color: #0000ff;\"><strong>Exposici\u00f3n y defensa el 26 de febrero de 2026<\/strong><\/span><\/li>\n<\/ul>\n<p style=\"padding-left: 80px;\">Entrega TFG.-\u00a0 hasta 23 de febrero de 2026<\/p>\n<p style=\"padding-left: 40px;\">Tribunales<\/p>\n<p style=\"text-align: left;\"><strong><span style=\"color: #993366;\">Primera convocatoria Grado en Enfermer\u00eda (Le\u00f3n y Ponferrada)<\/span><\/strong><\/p>\n<ul>\n<li><span style=\"color: #0000ff;\"><strong>Exposici\u00f3n y defensa el 2 de junio de 2026<\/strong><\/span><\/li>\n<\/ul>\n<p style=\"padding-left: 80px;\">Entrega TFG.-\u00a0 hasta 29 de mayo de 2026 a las 12h<\/p>\n<ul>\n<li><span style=\"color: #0000ff;\"><strong>Exposici\u00f3n y defensa el 23 de junio de 2026<\/strong><\/span><\/li>\n<\/ul>\n<p style=\"padding-left: 80px;\">Entrega TFG.-\u00a0 hasta 19 de junio de 2026 a las 12h<\/p>\n<p><span style=\"color: #993366;\"><a href=\"https:\/\/centros.unileon.es\/cienciasdelasalud\/files\/2025\/06\/Comisiones-evaluacion-Grado-en-Enfermeria-Campus-de-Leon-de-junio-24_25.pdf\">\u00a0 \u00a0 \u00a0 \u00a0 \u00a0 Tribunales Grado en Enfermer\u00eda (Le\u00f3n)<\/a><\/span><\/p>\n<p style=\"padding-left: 40px;\"><a href=\"https:\/\/centros.unileon.es\/cienciasdelasalud\/files\/2025\/06\/Comisiones-evaluacion-Grado-en-Enfermeria-Ponferrada-2024_2025-2.pdf\"><span style=\"color: #993366;\">Tribunales Grado en Enfermer\u00eda (Ponferrada)\u00a0<\/span><\/a><\/p>\n<p style=\"padding-left: 40px;\"><span style=\"color: #800000;\">Tribunal primera convocatoria 25 junio Grado en Enfermer\u00eda (Ponferrada)<\/span><\/p>\n<p style=\"padding-left: 40px;\"><span style=\"color: #800000;\">Tribunal primera convocatoria 25 junio Grado Enfermer\u00eda (Le\u00f3n)<\/span><\/p>\n<p style=\"text-align: left;\"><strong><span style=\"color: #993366;\">Primera convocatoria Grado en Fisioterapia<br \/>\n<\/span><\/strong><\/p>\n<ul>\n<li><span style=\"color: #0000ff;\"><strong>Exposici\u00f3n y defensa el 14 de julio de 2026<\/strong><\/span><\/li>\n<\/ul>\n<p style=\"padding-left: 80px;\">Entrega TFG.-\u00a0 hasta 10 de julio de 2026 a las 12h<\/p>\n<p style=\"padding-left: 40px;\"><span style=\"color: #993366;\">Tribunal primera convocatoria Grado Fisioterapia<\/span><\/p>\n<p style=\"text-align: left;\"><strong><span style=\"color: #993366;\">Primera convocatoria Grado en Podolog\u00eda<br \/>\n<\/span><\/strong><\/p>\n<ul>\n<li><span style=\"color: #0000ff;\"><strong>Exposici\u00f3n y defensa el 15 de julio de 2026<\/strong><\/span><\/li>\n<\/ul>\n<p style=\"padding-left: 80px;\">Entrega TFG.-\u00a0 hasta 10 de julio de 2026 a las 12h<\/p>\n<p style=\"padding-left: 40px;\"><span style=\"color: #800000;\">Tribunal primera convocatoria Grado Podolog\u00eda<\/span><\/p>\n<p style=\"text-align: left;\"><strong><span style=\"color: #993366;\">Segunda convocatoria Grado en Enfermer\u00eda (Le\u00f3n y Ponferrada), Grado en Fisioterapia y Grado en Podolog\u00eda<\/span><\/strong><\/p>\n<ul>\n<li><span style=\"color: #0000ff;\"><strong>Exposici\u00f3n y defensa el 11 de septiembre de 2026<\/strong><\/span><\/li>\n<\/ul>\n<p style=\"padding-left: 80px;\">Entrega TFG.-\u00a0 hasta 4 de septiembre de 2026 a las 12h<\/p>\n<p>&nbsp;<\/p>\n<p>&nbsp;<\/p>\n<p>&nbsp;<\/p>\n<p>&nbsp;<\/p>\n<p>&nbsp;<\/p>\n<p>&nbsp;<\/p>\n<p>&nbsp;<\/p>\n","protected":false},"excerpt":{"rendered":"<p>Reglamento trabajos fin de Grado de la ULE Reglamento trabajos fin de Grado de la Facultad de Ciencias de la Salud \u00a0Actualizado 24\/09\/2020 TFG (resumen) Impresos relacionados con el TFG Instrucciones Solicitud y Dep\u00f3sito TFG &#8211; Alumnos Instrucciones Solicitud y &hellip; <a href=\"https:\/\/centros.unileon.es\/cienciasdelasalud\/trabajo-fin-de-grado\/\">Sigue leyendo <span class=\"meta-nav\">&rarr;<\/span><\/a><\/p>\n","protected":false},"author":49,"featured_media":0,"parent":0,"menu_order":0,"comment_status":"closed","ping_status":"open","template":"","meta":{"footnotes":""},"class_list":["post-386","page","type-page","status-publish","hentry"],"_links":{"self":[{"href":"https:\/\/centros.unileon.es\/cienciasdelasalud\/wp-json\/wp\/v2\/pages\/386","targetHints":{"allow":["GET"]}}],"collection":[{"href":"https:\/\/centros.unileon.es\/cienciasdelasalud\/wp-json\/wp\/v2\/pages"}],"about":[{"href":"https:\/\/centros.unileon.es\/cienciasdelasalud\/wp-json\/wp\/v2\/types\/page"}],"author":[{"embeddable":true,"href":"https:\/\/centros.unileon.es\/cienciasdelasalud\/wp-json\/wp\/v2\/users\/49"}],"replies":[{"embeddable":true,"href":"https:\/\/centros.unileon.es\/cienciasdelasalud\/wp-json\/wp\/v2\/comments?post=386"}],"version-history":[{"count":429,"href":"https:\/\/centros.unileon.es\/cienciasdelasalud\/wp-json\/wp\/v2\/pages\/386\/revisions"}],"predecessor-version":[{"id":4945,"href":"https:\/\/centros.unileon.es\/cienciasdelasalud\/wp-json\/wp\/v2\/pages\/386\/revisions\/4945"}],"wp:attachment":[{"href":"https:\/\/centros.unileon.es\/cienciasdelasalud\/wp-json\/wp\/v2\/media?parent=386"}],"curies":[{"name":"wp","href":"https:\/\/api.w.org\/{rel}","templated":true}]}}