{"id":3304,"date":"2022-02-18T20:22:00","date_gmt":"2022-02-18T20:22:00","guid":{"rendered":"https:\/\/centros.unileon.es\/cienciasdelasalud\/?page_id=3304"},"modified":"2025-01-22T08:20:57","modified_gmt":"2025-01-22T08:20:57","slug":"audiencia-abierta-de-acsucyl","status":"publish","type":"page","link":"https:\/\/centros.unileon.es\/cienciasdelasalud\/audiencia-abierta-de-acsucyl\/","title":{"rendered":"RENOVACI\u00d3N DE LA ACREDITACI\u00d3N"},"content":{"rendered":"<p>GRADO EN PODOLOG\u00cdA<\/p>\n<ul type=\"disc\">\n<li class=\"m_1262861127958144918MsoListParagraph first-child last-child\"><a href=\"https:\/\/docsgc.acsucyl.com\/acsucyl\/opencms\/audiencia_abierta\/index.html\" target=\"_blank\" rel=\"noopener\" data-saferedirecturl=\"https:\/\/www.google.com\/url?q=https:\/\/docsgc.acsucyl.com\/acsucyl\/opencms\/audiencia_abierta\/index.html&amp;source=gmail&amp;ust=1705666029289000&amp;usg=AOvVaw20gRVkxUrFeUW1YeLFfaJK\">AUDIENCIA ABIERTA. Grado en Podolog\u00eda.<\/a> Se pone a disposici\u00f3n este enlace con objeto de facilitar la participaci\u00f3n y recoger aportaciones de los agentes implicados en el t\u00edtulo, dentro del proceso de evaluaci\u00f3n para la renovaci\u00f3n de la acreditaci\u00f3n de t\u00edtulos oficiales regulado por el Real Decreto 822\/2021, por el que se establece la organizaci\u00f3n de las ense\u00f1anzas universitarias oficiales y del procedimiento de aseguramiento de su calidad. <b>Hasta el 28 de marzo de 2025<\/b><\/li>\n<\/ul>\n<p>&nbsp;<\/p>\n<p>INFORME FINAL RENOVACI\u00d3N DE LA ACREDITACI\u00d3N &#8211; GRADOS ENFERMER\u00cdA y FISIOTERAPIA<\/p>\n<p><a href=\"https:\/\/seguimiento.calidad.unileon.es\/resumen.php\">https:\/\/seguimiento.calidad.unileon.es\/resumen.php<\/a><\/p>\n<p>RENOVACI\u00d3N ACREDITACI\u00d3N MU ENVEJECIMIENTO SALUDABLE Y CALIDAD DE VIDA<\/p>\n<ul type=\"disc\">\n<li class=\"m_1262861127958144918MsoListParagraph\"><a href=\"https:\/\/docsgc.acsucyl.com\/acsucyl\/opencms\/audiencia_abierta\/index.html\" target=\"_blank\" rel=\"noopener\" data-saferedirecturl=\"https:\/\/www.google.com\/url?q=https:\/\/docsgc.acsucyl.com\/acsucyl\/opencms\/audiencia_abierta\/index.html&amp;source=gmail&amp;ust=1705666029289000&amp;usg=AOvVaw20gRVkxUrFeUW1YeLFfaJK\">AUDIENCIA ABIERTA. M\u00e1ster Interuniversitario en Envejecimiento Saludable y Calidad de Vida.<\/a>\u00a0Se pone a disposici\u00f3n este enlace con objeto de facilitar la participaci\u00f3n y recoger aportaciones de los agentes implicados en el t\u00edtulo, dentro del proceso de evaluaci\u00f3n para la renovaci\u00f3n de la acreditaci\u00f3n de t\u00edtulos oficiales regulado por el Real Decreto 822\/2021, por el que se establece la organizaci\u00f3n de las ense\u00f1anzas universitarias oficiales y del procedimiento de aseguramiento de su calidad.<\/li>\n<\/ul>\n<p>&nbsp;<\/p>\n<p>&nbsp;<\/p>\n<p>&nbsp;<\/p>\n","protected":false},"excerpt":{"rendered":"<p>GRADO EN PODOLOG\u00cdA AUDIENCIA ABIERTA. Grado en Podolog\u00eda. Se pone a disposici\u00f3n este enlace con objeto de facilitar la participaci\u00f3n y recoger aportaciones de los agentes implicados en el t\u00edtulo, dentro del proceso de evaluaci\u00f3n para la renovaci\u00f3n de la &hellip; <a href=\"https:\/\/centros.unileon.es\/cienciasdelasalud\/audiencia-abierta-de-acsucyl\/\">Sigue leyendo <span class=\"meta-nav\">&rarr;<\/span><\/a><\/p>\n","protected":false},"author":49,"featured_media":0,"parent":0,"menu_order":0,"comment_status":"closed","ping_status":"closed","template":"","meta":{"footnotes":""},"class_list":["post-3304","page","type-page","status-publish","hentry"],"_links":{"self":[{"href":"https:\/\/centros.unileon.es\/cienciasdelasalud\/wp-json\/wp\/v2\/pages\/3304","targetHints":{"allow":["GET"]}}],"collection":[{"href":"https:\/\/centros.unileon.es\/cienciasdelasalud\/wp-json\/wp\/v2\/pages"}],"about":[{"href":"https:\/\/centros.unileon.es\/cienciasdelasalud\/wp-json\/wp\/v2\/types\/page"}],"author":[{"embeddable":true,"href":"https:\/\/centros.unileon.es\/cienciasdelasalud\/wp-json\/wp\/v2\/users\/49"}],"replies":[{"embeddable":true,"href":"https:\/\/centros.unileon.es\/cienciasdelasalud\/wp-json\/wp\/v2\/comments?post=3304"}],"version-history":[{"count":7,"href":"https:\/\/centros.unileon.es\/cienciasdelasalud\/wp-json\/wp\/v2\/pages\/3304\/revisions"}],"predecessor-version":[{"id":4491,"href":"https:\/\/centros.unileon.es\/cienciasdelasalud\/wp-json\/wp\/v2\/pages\/3304\/revisions\/4491"}],"wp:attachment":[{"href":"https:\/\/centros.unileon.es\/cienciasdelasalud\/wp-json\/wp\/v2\/media?parent=3304"}],"curies":[{"name":"wp","href":"https:\/\/api.w.org\/{rel}","templated":true}]}}