{"id":274,"date":"2013-07-08T07:52:49","date_gmt":"2013-07-08T07:52:49","guid":{"rendered":"http:\/\/centros.unileon.es\/cienciasdelasalud\/?page_id=274"},"modified":"2025-10-30T16:52:18","modified_gmt":"2025-10-30T16:52:18","slug":"normativa","status":"publish","type":"page","link":"https:\/\/centros.unileon.es\/cienciasdelasalud\/practicas-externas-curriculares\/normativa\/","title":{"rendered":"Normativa"},"content":{"rendered":"<p><a href=\"\/\/centros.unileon.es\/cienciasdelasalud\/files\/2018\/10\/BOE-A-2014-8138.pdf\">RD 592\/2014 de 11 de julio<\/a><\/p>\n<p><a href=\"\/\/centros.unileon.es\/cienciasdelasalud\/files\/2018\/10\/BOE-A-1986-20584-consolidado.pdf\">RD 1652\/1991 de 11 de octubre<\/a><\/p>\n<p><a href=\"https:\/\/centros.unileon.es\/cienciasdelasalud\/files\/2021\/12\/NUEVO-Protocolo-SACyL-Universidades-2021.pdf\">Protocolo de colaboraci\u00f3n entre la Gerencia Regional de Salud y las Universidades p\u00fablicas de Castilla y Le\u00f3n<\/a><\/p>\n<p><a href=\"https:\/\/centros.unileon.es\/cienciasdelasalud\/files\/2021\/12\/Convenio-especifico-SACYL-firmado.pdf\">Concierto Espec\u00edfico de Colaboraci\u00f3n entre la Gerencia Regional de Salud de Castilla y Le\u00f3n y la Universidad de Le\u00f3n<\/a><\/p>\n<p><a href=\"https:\/\/centros.unileon.es\/cienciasdelasalud\/files\/2025\/05\/convenios_practicas_academicas_externas-Grado-Fisioterapia_ULe.pdf\">Convenios pr\u00e1cticas externas curriculares Grado Fisioterapia<\/a><\/p>\n<p><a href=\"\/\/centros.unileon.es\/cienciasdelasalud\/files\/2019\/01\/Reglamento-practicas-externas-F-Ciencias-de-la-Salud-2017.pdf\">Reglamento practicas externas Facultad de\u00a0Ciencias de la Salud<\/a><\/p>\n<p><a href=\"https:\/\/centros.unileon.es\/cienciasdelasalud\/files\/2025\/10\/NORMAS-PRACTICAS-CLINICAS-2025_26_PROVISIONAL-1-1.pdf\">Normas internas<\/a> (incluyendo fechas de recuperaci\u00f3n). Curso acad\u00e9mico 2025-26<\/p>\n<p><a href=\"\/\/centros.unileon.es\/cienciasdelasalud\/files\/2018\/10\/GUIA-DE-ACOGIDA-A-LOS-ESTUDIANTES-DE-GRADO-DE-ENFERMERIA-EN-SU-INCORPRACION-AL-COMPLEJO-ASITEMCIAL-UNIVERSITARIO-DE-LEON.pdf\">GUIA DE ACOGIDA A LOS ESTUDIANTES DE GRADO DE ENFERMERIA EN SU INCORPORACION AL COMPLEJO ASITENCIAL UNIVERSITARIO DE LEON<\/a><\/p>\n<p><a href=\"https:\/\/servicios.unileon.es\/oficina-de-practicas-y-empleabilidad\/files\/2024\/05\/PROTOCOLO-DE-ACTUACION-ACCIDENTE_ENFERMEDAD-ESTUDIANTES.pdf\">Protocolo de actuaci\u00f3n en caso de accidente o enfermedad de estudiantes en pr\u00e1cticas<\/a>. \u00daltima actualizaci\u00f3n 10\/10\/2024<\/p>\n","protected":false},"excerpt":{"rendered":"<p>RD 592\/2014 de 11 de julio RD 1652\/1991 de 11 de octubre Protocolo de colaboraci\u00f3n entre la Gerencia Regional de Salud y las Universidades p\u00fablicas de Castilla y Le\u00f3n Concierto Espec\u00edfico de Colaboraci\u00f3n entre la Gerencia Regional de Salud de &hellip; <a href=\"https:\/\/centros.unileon.es\/cienciasdelasalud\/practicas-externas-curriculares\/normativa\/\">Sigue leyendo <span class=\"meta-nav\">&rarr;<\/span><\/a><\/p>\n","protected":false},"author":49,"featured_media":0,"parent":167,"menu_order":0,"comment_status":"closed","ping_status":"open","template":"","meta":{"footnotes":""},"class_list":["post-274","page","type-page","status-publish","hentry"],"_links":{"self":[{"href":"https:\/\/centros.unileon.es\/cienciasdelasalud\/wp-json\/wp\/v2\/pages\/274","targetHints":{"allow":["GET"]}}],"collection":[{"href":"https:\/\/centros.unileon.es\/cienciasdelasalud\/wp-json\/wp\/v2\/pages"}],"about":[{"href":"https:\/\/centros.unileon.es\/cienciasdelasalud\/wp-json\/wp\/v2\/types\/page"}],"author":[{"embeddable":true,"href":"https:\/\/centros.unileon.es\/cienciasdelasalud\/wp-json\/wp\/v2\/users\/49"}],"replies":[{"embeddable":true,"href":"https:\/\/centros.unileon.es\/cienciasdelasalud\/wp-json\/wp\/v2\/comments?post=274"}],"version-history":[{"count":63,"href":"https:\/\/centros.unileon.es\/cienciasdelasalud\/wp-json\/wp\/v2\/pages\/274\/revisions"}],"predecessor-version":[{"id":4917,"href":"https:\/\/centros.unileon.es\/cienciasdelasalud\/wp-json\/wp\/v2\/pages\/274\/revisions\/4917"}],"up":[{"embeddable":true,"href":"https:\/\/centros.unileon.es\/cienciasdelasalud\/wp-json\/wp\/v2\/pages\/167"}],"wp:attachment":[{"href":"https:\/\/centros.unileon.es\/cienciasdelasalud\/wp-json\/wp\/v2\/media?parent=274"}],"curies":[{"name":"wp","href":"https:\/\/api.w.org\/{rel}","templated":true}]}}