{"id":261,"date":"2013-07-06T10:57:46","date_gmt":"2013-07-06T10:57:46","guid":{"rendered":"http:\/\/centros.unileon.es\/cienciasdelasalud\/?page_id=261"},"modified":"2024-01-25T13:49:16","modified_gmt":"2024-01-25T13:49:16","slug":"movilidad","status":"publish","type":"page","link":"https:\/\/centros.unileon.es\/cienciasdelasalud\/movilidad\/","title":{"rendered":"Movilidad"},"content":{"rendered":"<p><a href=\"https:\/\/www.unileon.es\/estudiantes\/internacional-movilidad\">Internacional y Movilidad en la Universidad de Le\u00f3n<\/a><\/p>\n<ul>\n<li><a href=\"http:\/\/www.unileon.es\/estudiantes\/internacional-movilidad\/estudiantes\/movilidad-internacional\/erasmus-estudio\/plazas?sr=7&amp;c=11\">Destinos para el programa Erasmus<\/a><\/li>\n<li><a href=\"http:\/\/www.unileon.es\/estudiantes\/internacional-movilidad\/estudiantes\/movilidad-nacional-sicue\/plazas-ofertadas?c=11\">Movilidad nacional SICUE<\/a><\/li>\n<li><a href=\"https:\/\/www.unileon.es\/amicus\">Destinos Amicus<\/a><\/li>\n<\/ul>\n<p style=\"text-align: center;\"><span style=\"color: #800080;\">Coordinador de los programas de movilidad en el Campus de Le\u00f3n<\/span><\/p>\n<p>Brisamar Est\u00e9banez Gonz\u00e1lez. E-mail: <a href=\"mailto:bestg@unileon.es\" target=\"_blank\" rel=\"noopener\">bestg@unileon.es<\/a><\/p>\n<p style=\"text-align: center;\"><span style=\"color: #800080;\">\u00a0 \u00a0 \u00a0 \u00a0 \u00a0 \u00a0 Coordinadora de los programas de movilidad en el Campus de Ponferrada<\/span><\/p>\n<p>Cristina L\u00f3pez Cadenas. Tf.: 987 44 20 50. 987 29 18 46. E-mail: clopcd@unileon.es<\/p>\n","protected":false},"excerpt":{"rendered":"<p>Internacional y Movilidad en la Universidad de Le\u00f3n Destinos para el programa Erasmus Movilidad nacional SICUE Destinos Amicus Coordinador de los programas de movilidad en el Campus de Le\u00f3n Brisamar Est\u00e9banez Gonz\u00e1lez. E-mail: bestg@unileon.es \u00a0 \u00a0 \u00a0 \u00a0 \u00a0 \u00a0 &hellip; <a href=\"https:\/\/centros.unileon.es\/cienciasdelasalud\/movilidad\/\">Sigue leyendo <span class=\"meta-nav\">&rarr;<\/span><\/a><\/p>\n","protected":false},"author":49,"featured_media":0,"parent":0,"menu_order":0,"comment_status":"closed","ping_status":"closed","template":"","meta":{"footnotes":""},"class_list":["post-261","page","type-page","status-publish","hentry"],"_links":{"self":[{"href":"https:\/\/centros.unileon.es\/cienciasdelasalud\/wp-json\/wp\/v2\/pages\/261","targetHints":{"allow":["GET"]}}],"collection":[{"href":"https:\/\/centros.unileon.es\/cienciasdelasalud\/wp-json\/wp\/v2\/pages"}],"about":[{"href":"https:\/\/centros.unileon.es\/cienciasdelasalud\/wp-json\/wp\/v2\/types\/page"}],"author":[{"embeddable":true,"href":"https:\/\/centros.unileon.es\/cienciasdelasalud\/wp-json\/wp\/v2\/users\/49"}],"replies":[{"embeddable":true,"href":"https:\/\/centros.unileon.es\/cienciasdelasalud\/wp-json\/wp\/v2\/comments?post=261"}],"version-history":[{"count":12,"href":"https:\/\/centros.unileon.es\/cienciasdelasalud\/wp-json\/wp\/v2\/pages\/261\/revisions"}],"predecessor-version":[{"id":4036,"href":"https:\/\/centros.unileon.es\/cienciasdelasalud\/wp-json\/wp\/v2\/pages\/261\/revisions\/4036"}],"wp:attachment":[{"href":"https:\/\/centros.unileon.es\/cienciasdelasalud\/wp-json\/wp\/v2\/media?parent=261"}],"curies":[{"name":"wp","href":"https:\/\/api.w.org\/{rel}","templated":true}]}}