{"id":250,"date":"2013-07-06T10:29:31","date_gmt":"2013-07-06T10:29:31","guid":{"rendered":"http:\/\/centros.unileon.es\/cienciasdelasalud\/?page_id=250"},"modified":"2022-03-09T07:41:44","modified_gmt":"2022-03-09T07:41:44","slug":"estudios-de-posgrado","status":"publish","type":"page","link":"https:\/\/centros.unileon.es\/cienciasdelasalud\/estudios-de-posgrado\/","title":{"rendered":"Estudios de posgrado"},"content":{"rendered":"<p><span style=\"color: #0000ff;\"><strong>M\u00e1steres oficiales:<\/strong><\/span><\/p>\n<p><span style=\"color: #993366;\">M\u00e1ster Universitario en Envejecimiento Saludable\u00a0y Calidad de Vida (Interuniversitario)<\/span><\/p>\n<p style=\"padding-left: 60px;\"><span style=\"color: #666699;\">Modalidad presencial (en extinci\u00f3n)<\/span><\/p>\n<p style=\"padding-left: 60px;\"><span style=\"color: #666699;\"><a style=\"color: #666699;\" href=\"https:\/\/www.unileon.es\/estudiantes\/oferta-academica\/masteres\/mu-envejecimiento-saludable-y-calidad-de-vida-online\">Modalidad a distancia<\/a><\/span><\/p>\n<p><span style=\"color: #0000ff;\"><strong>Otros M\u00e1steres oficiales ofertados por la Universidad de Le\u00f3n que tambi\u00e9n pueden cursar los titulados en Ciencias de la salud:<\/strong><\/span><\/p>\n<p><span style=\"color: #993366;\">M\u00e1ster Universitario en Innovaci\u00f3n en Ciencias Biom\u00e9dicas y de la Salud.<\/span><\/p>\n<p style=\"padding-left: 60px;\"><span style=\"color: #666699;\"><a style=\"color: #666699;\" href=\"http:\/\/www.unileon.es\/estudiantes\/estudiantes-master\/oferta-titulaciones\/mu-innovacion-ciencias-biomedicas-salud\">Modalidad presencial<\/a><\/span><\/p>\n<p style=\"padding-left: 60px;\"><span style=\"color: #666699;\"><a style=\"color: #666699;\" href=\"http:\/\/www.unileon.es\/estudiantes\/estudiantes-master\/oferta-titulaciones\/mu-innovacion-ciencias-biomedicas-salud-a-distancia\">Modalidad a distancia<\/a><\/span><\/p>\n<p><span style=\"color: #993366;\">M\u00e1ster Universitario en Investigaci\u00f3n en Ciencias Sociosanitarias (<a style=\"color: #993366;\" href=\"http:\/\/www.unileon.es\/estudiantes\/estudiantes-master\/oferta-titulaciones\/mu-investigacion-ciencias-sociosanitarias\">Semipresencial<\/a>)<\/span><\/p>\n<p><a href=\"http:\/\/www.unileon.es\/estudiantes\/estudiantes-master\/oferta-titulaciones\/mu-enfermeria-cuidados-criticos-y-urgencias\">M\u00e1ster Universitario en Enfermer\u00eda en Cuidados Cr\u00edticos y Urgencias<\/a><\/p>\n<p><a href=\"https:\/\/www.unileon.es\/estudiantes\/estudiantes-master\/oferta-titulaciones\/mu-innovacion-investigacion-ciencias-afd\">M\u00e1ster Universitario en Innovaci\u00f3n e Investigaci\u00f3n en Ciencias de la actividad f\u00edsica y el deporte <\/a><\/p>\n<p><span style=\"color: #0000ff;\"><span style=\"color: #3366ff;\"><b>T\u00edtulos<\/b><\/span><strong style=\"color: #0000ff;\"><span style=\"color: #3366ff;\">\u00a0propios<\/span>:<\/strong><\/span><\/p>\n<p><a href=\"http:\/\/grupos.unileon.es\/master-en-adicciones\/\"><span style=\"color: #993366;\">M\u00e1ster en adicciones<\/span><\/a><\/p>\n<p><a href=\"http:\/\/www.ifses.es\/cursos-examen-eir\">Experto en Cuidados Avanzados en Enfermer\u00eda Aplicada<\/a>, en colaboraci\u00f3n con IFSES<\/p>\n","protected":false},"excerpt":{"rendered":"<p>M\u00e1steres oficiales: M\u00e1ster Universitario en Envejecimiento Saludable\u00a0y Calidad de Vida (Interuniversitario) Modalidad presencial (en extinci\u00f3n) Modalidad a distancia Otros M\u00e1steres oficiales ofertados por la Universidad de Le\u00f3n que tambi\u00e9n pueden cursar los titulados en Ciencias de la salud: M\u00e1ster Universitario &hellip; <a href=\"https:\/\/centros.unileon.es\/cienciasdelasalud\/estudios-de-posgrado\/\">Sigue leyendo <span class=\"meta-nav\">&rarr;<\/span><\/a><\/p>\n","protected":false},"author":49,"featured_media":0,"parent":0,"menu_order":0,"comment_status":"closed","ping_status":"open","template":"","meta":{"footnotes":""},"class_list":["post-250","page","type-page","status-publish","hentry"],"_links":{"self":[{"href":"https:\/\/centros.unileon.es\/cienciasdelasalud\/wp-json\/wp\/v2\/pages\/250","targetHints":{"allow":["GET"]}}],"collection":[{"href":"https:\/\/centros.unileon.es\/cienciasdelasalud\/wp-json\/wp\/v2\/pages"}],"about":[{"href":"https:\/\/centros.unileon.es\/cienciasdelasalud\/wp-json\/wp\/v2\/types\/page"}],"author":[{"embeddable":true,"href":"https:\/\/centros.unileon.es\/cienciasdelasalud\/wp-json\/wp\/v2\/users\/49"}],"replies":[{"embeddable":true,"href":"https:\/\/centros.unileon.es\/cienciasdelasalud\/wp-json\/wp\/v2\/comments?post=250"}],"version-history":[{"count":28,"href":"https:\/\/centros.unileon.es\/cienciasdelasalud\/wp-json\/wp\/v2\/pages\/250\/revisions"}],"predecessor-version":[{"id":3318,"href":"https:\/\/centros.unileon.es\/cienciasdelasalud\/wp-json\/wp\/v2\/pages\/250\/revisions\/3318"}],"wp:attachment":[{"href":"https:\/\/centros.unileon.es\/cienciasdelasalud\/wp-json\/wp\/v2\/media?parent=250"}],"curies":[{"name":"wp","href":"https:\/\/api.w.org\/{rel}","templated":true}]}}