{"id":238,"date":"2013-07-05T10:27:34","date_gmt":"2013-07-05T10:27:34","guid":{"rendered":"http:\/\/centros.unileon.es\/cienciasdelasalud\/?page_id=238"},"modified":"2026-04-15T07:14:09","modified_gmt":"2026-04-15T07:14:09","slug":"grado-en-enfermeria-campus-de-leon","status":"publish","type":"page","link":"https:\/\/centros.unileon.es\/cienciasdelasalud\/grado-en-enfermeria-campus-de-leon\/","title":{"rendered":"Grados"},"content":{"rendered":"<p><span style=\"color: #0000ff;\">CAMPUS DE LE\u00d3N<\/span><\/p>\n<p><a href=\"https:\/\/www.unileon.es\/estudiantes\/oferta-academica\/grados\/grado-en-enfermeria\">GRADO EN ENFERMER\u00cdA<\/a><\/p>\n<p>GRADO EN MEDICINA<\/p>\n<p><span style=\"color: #0000ff;\">CAMPUS DE PONFERRADA<\/span><\/p>\n<p><a href=\"https:\/\/www.unileon.es\/estudiantes\/oferta-academica\/grados\/grado-en-enfermeria-ponferrada\">GRADO EN ENFERMER\u00cdA\u00a0<\/a><\/p>\n<p><a href=\"https:\/\/www.unileon.es\/estudiantes\/oferta-academica\/grados\/grado-en-fisioterapia\">GRADO EN FISIOTERAPIA<\/a><\/p>\n<p><a href=\"https:\/\/www.unileon.es\/estudiantes\/oferta-academica\/grados\/grado-en-podologia\">GRADO EN PODOLOG\u00cdA<\/a><\/p>\n<p><a href=\"https:\/\/www.unileon.es\/estudiantes\/oferta-academica\/grados\/grado-en-nutricion-y-dietetica\">GRADO EN NUTRICI\u00d3N HUMANA Y DIET\u00c9TICA<\/a><\/p>\n<p>&nbsp;<\/p>\n<p>&nbsp;<\/p>\n<p>&nbsp;<\/p>\n","protected":false},"excerpt":{"rendered":"<p>CAMPUS DE LE\u00d3N GRADO EN ENFERMER\u00cdA GRADO EN MEDICINA CAMPUS DE PONFERRADA GRADO EN ENFERMER\u00cdA\u00a0 GRADO EN FISIOTERAPIA GRADO EN PODOLOG\u00cdA GRADO EN NUTRICI\u00d3N HUMANA Y DIET\u00c9TICA &nbsp; &nbsp; &nbsp;<\/p>\n","protected":false},"author":49,"featured_media":0,"parent":0,"menu_order":0,"comment_status":"closed","ping_status":"open","template":"","meta":{"footnotes":""},"class_list":["post-238","page","type-page","status-publish","hentry"],"_links":{"self":[{"href":"https:\/\/centros.unileon.es\/cienciasdelasalud\/wp-json\/wp\/v2\/pages\/238","targetHints":{"allow":["GET"]}}],"collection":[{"href":"https:\/\/centros.unileon.es\/cienciasdelasalud\/wp-json\/wp\/v2\/pages"}],"about":[{"href":"https:\/\/centros.unileon.es\/cienciasdelasalud\/wp-json\/wp\/v2\/types\/page"}],"author":[{"embeddable":true,"href":"https:\/\/centros.unileon.es\/cienciasdelasalud\/wp-json\/wp\/v2\/users\/49"}],"replies":[{"embeddable":true,"href":"https:\/\/centros.unileon.es\/cienciasdelasalud\/wp-json\/wp\/v2\/comments?post=238"}],"version-history":[{"count":22,"href":"https:\/\/centros.unileon.es\/cienciasdelasalud\/wp-json\/wp\/v2\/pages\/238\/revisions"}],"predecessor-version":[{"id":2243,"href":"https:\/\/centros.unileon.es\/cienciasdelasalud\/wp-json\/wp\/v2\/pages\/238\/revisions\/2243"}],"wp:attachment":[{"href":"https:\/\/centros.unileon.es\/cienciasdelasalud\/wp-json\/wp\/v2\/media?parent=238"}],"curies":[{"name":"wp","href":"https:\/\/api.w.org\/{rel}","templated":true}]}}