{"id":17,"date":"2010-10-08T11:46:47","date_gmt":"2010-10-08T11:46:47","guid":{"rendered":"http:\/\/centros.unileon.es\/cienciasdelasalud\/"},"modified":"2026-02-16T12:06:52","modified_gmt":"2026-02-16T12:06:52","slug":"informacion-de-interes","status":"publish","type":"page","link":"https:\/\/centros.unileon.es\/cienciasdelasalud\/informacion-de-interes\/","title":{"rendered":"Informaci\u00f3n de inter\u00e9s"},"content":{"rendered":"<p><span style=\"color: #ff0000;\">OFERTAS DE EMPLEO<\/span><\/p>\n<p><strong><span style=\"color: #0000ff;\">Ofertas Enfermer\u00eda<\/span><\/strong><\/p>\n<p><a href=\"https:\/\/centros.unileon.es\/cienciasdelasalud\/files\/2026\/02\/oferta-due-membrete-25.pdf\">Emergency Staff Group<\/a><\/p>\n<p>&nbsp;<\/p>\n<p>&nbsp;<\/p>\n<p><span style=\"color: #ff0000;\">CONVENIO CONSEJO GENERAL DE<\/span><br \/>\n<span style=\"color: #ff0000;\">FISIOTERAPEUTAS DE ESPA\u00d1A (CGCFE) Y UNIVERSIDAD DE LE\u00d3N<\/span><\/p>\n<p><a href=\"https:\/\/centros.unileon.es\/cienciasdelasalud\/files\/2021\/12\/Convenio-CNDFE.pdf\">Convenio CGCFE<\/a><\/p>\n","protected":false},"excerpt":{"rendered":"<p>OFERTAS DE EMPLEO Ofertas Enfermer\u00eda Emergency Staff Group &nbsp; &nbsp; CONVENIO CONSEJO GENERAL DE FISIOTERAPEUTAS DE ESPA\u00d1A (CGCFE) Y UNIVERSIDAD DE LE\u00d3N Convenio CGCFE<\/p>\n","protected":false},"author":1,"featured_media":0,"parent":0,"menu_order":0,"comment_status":"closed","ping_status":"closed","template":"","meta":{"footnotes":""},"class_list":["post-17","page","type-page","status-publish","hentry"],"_links":{"self":[{"href":"https:\/\/centros.unileon.es\/cienciasdelasalud\/wp-json\/wp\/v2\/pages\/17","targetHints":{"allow":["GET"]}}],"collection":[{"href":"https:\/\/centros.unileon.es\/cienciasdelasalud\/wp-json\/wp\/v2\/pages"}],"about":[{"href":"https:\/\/centros.unileon.es\/cienciasdelasalud\/wp-json\/wp\/v2\/types\/page"}],"author":[{"embeddable":true,"href":"https:\/\/centros.unileon.es\/cienciasdelasalud\/wp-json\/wp\/v2\/users\/1"}],"replies":[{"embeddable":true,"href":"https:\/\/centros.unileon.es\/cienciasdelasalud\/wp-json\/wp\/v2\/comments?post=17"}],"version-history":[{"count":180,"href":"https:\/\/centros.unileon.es\/cienciasdelasalud\/wp-json\/wp\/v2\/pages\/17\/revisions"}],"predecessor-version":[{"id":5041,"href":"https:\/\/centros.unileon.es\/cienciasdelasalud\/wp-json\/wp\/v2\/pages\/17\/revisions\/5041"}],"wp:attachment":[{"href":"https:\/\/centros.unileon.es\/cienciasdelasalud\/wp-json\/wp\/v2\/media?parent=17"}],"curies":[{"name":"wp","href":"https:\/\/api.w.org\/{rel}","templated":true}]}}