{"id":167,"date":"2012-09-04T09:48:30","date_gmt":"2012-09-04T09:48:30","guid":{"rendered":"http:\/\/centros.unileon.es\/cienciasdelasalud\/?page_id=167"},"modified":"2026-02-10T09:42:12","modified_gmt":"2026-02-10T09:42:12","slug":"practicas-externas-curriculares","status":"publish","type":"page","link":"https:\/\/centros.unileon.es\/cienciasdelasalud\/practicas-externas-curriculares\/","title":{"rendered":"Pr\u00e1cticas externas curriculares"},"content":{"rendered":"<p><a href=\"\/\/centros.unileon.es\/cienciasdelasalud\/impreso-cambio-de-practicas-clinicas\/normativa\/\">Normativa<\/a><\/p>\n<p style=\"text-align: center;\"><strong>Curso acad\u00e9mico 2025\/26<\/strong><\/p>\n<p><span style=\"color: #008080;\"><strong>Coordinador Campus de Le\u00f3n (Enfermer\u00eda): <\/strong><\/span>Dr. Jes\u00fas Antonio Fern\u00e1ndez Fern\u00e1ndez<\/p>\n<p>&nbsp;<\/p>\n<p><span style=\"color: #008080;\"><strong>Coordinadora Campus de Ponferrada (Enfermer\u00eda):<\/strong><\/span> Dra. In\u00e9s Casado Verdejo<\/p>\n<p>&nbsp;<\/p>\n<p><span style=\"color: #008080;\"><strong>Coordinadora Campus de Ponferrada (Fisioterapia): <\/strong><\/span>Dra. Ana Felicitas L\u00f3pez Rodriguez<\/p>\n<p>&nbsp;<\/p>\n<p><strong><span style=\"color: #008080;\">Coordinadora Campus de Ponferrada (Podolog\u00eda)<\/span>:<\/strong> Dra. Bibiana Treviss\u00f3n Redondo<\/p>\n<p><strong>Cambio de rotaci\u00f3n:<\/strong> Para cambiar el lugar de realizaci\u00f3n de las pr\u00e1cticas con otro compa\u00f1ero, utilizar el impreso que se adjunta y entregar en Decanato de la Facultad de Ciencias de la Salud\u00a0(Campus de Le\u00f3n) o en los Vicedecanatos (Campus de Ponferrada).\u00a0<a href=\"https:\/\/centros.unileon.es\/cienciasdelasalud\/files\/2020\/11\/Hoja-cambio-rotaci\u00f3n.docx\">Hoja-cambio-rotaci\u00f3n<\/a><\/p>\n<p><a href=\"\/\/centros.unileon.es\/cienciasdelasalud\/files\/2012\/09\/Proyecto-formativo-Grado-en-Enfermer%C3%ADa.pdf\">Proyecto formativo Grado en Enfermer\u00eda<\/a><\/p>\n<p><a href=\"\/\/centros.unileon.es\/cienciasdelasalud\/files\/2012\/09\/Proyecto-formativo-Grado-en-Fisioterapia.pdf\">Proyecto formativo Grado en Fisioterapia<\/a><\/p>\n<p><strong>Tutores Grado en Enfermer\u00eda (Le\u00f3n)<br \/>\n<\/strong><\/p>\n<p><a href=\"https:\/\/centros.unileon.es\/cienciasdelasalud\/files\/2025\/10\/Asignacion-Tutores-Academicos_Tutores-Externos-Practicum-2025-2026-1-1.pdf\">Tutores acad\u00e9micos y externos curso 2025_26<\/a><\/p>\n<p><strong>Tutores Grado en Enfermer\u00eda (Ponferrada)<br \/>\n<\/strong><\/p>\n<p><a href=\"https:\/\/centros.unileon.es\/cienciasdelasalud\/files\/2026\/02\/10.02.2026-Asignacion-Tutores-Academicos_Tutores-Externos-Practicum-2025-2026.pdf\">Tutores acad\u00e9micos y externos curso 2025_26<\/a><\/p>\n<p><strong>Tutores Grado en Fisioterapia (Ponferrada)<br \/>\n<\/strong><\/p>\n<p><a href=\"https:\/\/centros.unileon.es\/cienciasdelasalud\/files\/2025\/03\/aSOCIADOS-CLINICOS-Y-Tutores-fisioterapia.pdf\">Tutores acad\u00e9micos y externos curso 2024_25<\/a><\/p>\n<p><span style=\"color: #800080;\"><strong>Memoria final<\/strong><\/span><\/p>\n<p><a href=\"https:\/\/centros.unileon.es\/cienciasdelasalud\/files\/2020\/11\/Caracter\u00edsticas-Generales-de-la-Memoria-de-los-Pr\u00e1cticum-Grado-en-Enfermer\u00eda1516.pdf\">Caracter\u00edsticas Generales de la Memoria de los Pr\u00e1cticum (Grado en Enfermer\u00eda)<\/a><\/p>\n<p><a href=\"https:\/\/centros.unileon.es\/cienciasdelasalud\/files\/2020\/11\/Caracter\u00edsticas-Generales-de-la-Memoria-de-los-Pr\u00e1cticum-Grado-en-Fisioterapia.pdf\">Caracter\u00edsticas Generales de la Memoria de los Pr\u00e1cticum (Grado en Fisioterapia)<\/a><\/p>\n<p><strong><a href=\"https:\/\/centros.unileon.es\/cienciasdelasalud\/files\/2025\/10\/Compromiso-confidencialidad-25_26.pdf\">Compromiso confidencialidad<\/a><\/strong><\/p>\n<p><a href=\"https:\/\/centros.unileon.es\/cienciasdelasalud\/files\/2025\/12\/DECLARACION-ESTUDIANTE_revSAE.pdf\">Declaraci\u00f3n del estudiante (enfermedad)<\/a><\/p>\n<p><a href=\"https:\/\/www.unileon.es\/estudiantes\/futuros-estudiantes\/becas-ayudas\/becas-generales\"><b>AYUDA POR DESPLAZAMIENTO PARA REALIZACI\u00d3N DE PR\u00c1CTICAS CURRICULARES. GRADO EN FISIOTERAPIA. FACULTAD DE CIENCIAS DE LA SALUD<\/b><\/a><\/p>\n","protected":false},"excerpt":{"rendered":"<p>Normativa Curso acad\u00e9mico 2025\/26 Coordinador Campus de Le\u00f3n (Enfermer\u00eda): Dr. Jes\u00fas Antonio Fern\u00e1ndez Fern\u00e1ndez &nbsp; Coordinadora Campus de Ponferrada (Enfermer\u00eda): Dra. In\u00e9s Casado Verdejo &nbsp; Coordinadora Campus de Ponferrada (Fisioterapia): Dra. Ana Felicitas L\u00f3pez Rodriguez &nbsp; Coordinadora Campus de Ponferrada &hellip; <a href=\"https:\/\/centros.unileon.es\/cienciasdelasalud\/practicas-externas-curriculares\/\">Sigue leyendo <span class=\"meta-nav\">&rarr;<\/span><\/a><\/p>\n","protected":false},"author":49,"featured_media":0,"parent":0,"menu_order":0,"comment_status":"closed","ping_status":"open","template":"","meta":{"footnotes":""},"class_list":["post-167","page","type-page","status-publish","hentry"],"_links":{"self":[{"href":"https:\/\/centros.unileon.es\/cienciasdelasalud\/wp-json\/wp\/v2\/pages\/167","targetHints":{"allow":["GET"]}}],"collection":[{"href":"https:\/\/centros.unileon.es\/cienciasdelasalud\/wp-json\/wp\/v2\/pages"}],"about":[{"href":"https:\/\/centros.unileon.es\/cienciasdelasalud\/wp-json\/wp\/v2\/types\/page"}],"author":[{"embeddable":true,"href":"https:\/\/centros.unileon.es\/cienciasdelasalud\/wp-json\/wp\/v2\/users\/49"}],"replies":[{"embeddable":true,"href":"https:\/\/centros.unileon.es\/cienciasdelasalud\/wp-json\/wp\/v2\/comments?post=167"}],"version-history":[{"count":156,"href":"https:\/\/centros.unileon.es\/cienciasdelasalud\/wp-json\/wp\/v2\/pages\/167\/revisions"}],"predecessor-version":[{"id":5024,"href":"https:\/\/centros.unileon.es\/cienciasdelasalud\/wp-json\/wp\/v2\/pages\/167\/revisions\/5024"}],"wp:attachment":[{"href":"https:\/\/centros.unileon.es\/cienciasdelasalud\/wp-json\/wp\/v2\/media?parent=167"}],"curies":[{"name":"wp","href":"https:\/\/api.w.org\/{rel}","templated":true}]}}