{"id":10,"date":"2010-10-08T11:32:08","date_gmt":"2010-10-08T11:32:08","guid":{"rendered":"http:\/\/centros.unileon.es\/cienciasdelasalud\/"},"modified":"2015-03-23T10:00:27","modified_gmt":"2015-03-23T10:00:27","slug":"ubicacion-e-informacion-de-contacto","status":"publish","type":"page","link":"https:\/\/centros.unileon.es\/cienciasdelasalud\/ubicacion-e-informacion-de-contacto\/","title":{"rendered":"\u00dabicaci\u00f3n e Informaci\u00f3n de Contacto"},"content":{"rendered":"<table class=\"extendida\">\n<thead>\n<tr>\n<td><\/td>\n<td>Campus de Le\u00f3n<\/td>\n<td>Campus de Ponferrada<\/td>\n<\/tr>\n<\/thead>\n<tbody>\n<tr>\n<th>P\u00e1gina Web<\/th>\n<td colspan=\"2\"><\/td>\n<\/tr>\n<tr>\n<th>Direcci\u00f3n Postal<\/th>\n<td>Facultad de Ciencias de la Salud<br \/>\nCampus Vegazana, s\/n<br \/>\n24071 LE\u00d3N<\/td>\n<td>Extensi\u00f3n Facultad de Ciencias de la Salud<br \/>\nAvda. Astorga s\/n<br \/>\n24400 Ponferrada LE\u00d3N<\/td>\n<\/tr>\n<tr>\n<th>Tel\u00e9fono<\/th>\n<td>987 29 30 80<\/td>\n<td>987 44 20 00<\/td>\n<\/tr>\n<tr>\n<th>FAX<\/th>\n<td>987 29 30 89<\/td>\n<td>987 44 20 70<\/td>\n<\/tr>\n<tr>\n<th>Buz\u00f3n electr\u00f3nico<\/th>\n<td><a href=\"mailto:eueadm@unileon.es\">eueadm@unileon.es<\/a><\/td>\n<td><a href=\"mailto:beiaadm@unileon.es\">beiaadm@unileon.es<\/a><\/td>\n<\/tr>\n<\/tbody>\n<\/table>\n<p>&nbsp;<\/p>\n","protected":false},"excerpt":{"rendered":"<p>Campus de Le\u00f3n Campus de Ponferrada P\u00e1gina Web Direcci\u00f3n Postal Facultad de Ciencias de la Salud Campus Vegazana, s\/n 24071 LE\u00d3N Extensi\u00f3n Facultad de Ciencias de la Salud Avda. Astorga s\/n 24400 Ponferrada LE\u00d3N Tel\u00e9fono 987 29 30 80 987 &hellip; <a href=\"https:\/\/centros.unileon.es\/cienciasdelasalud\/ubicacion-e-informacion-de-contacto\/\">Sigue leyendo <span class=\"meta-nav\">&rarr;<\/span><\/a><\/p>\n","protected":false},"author":1,"featured_media":0,"parent":0,"menu_order":0,"comment_status":"closed","ping_status":"closed","template":"","meta":{"footnotes":""},"class_list":["post-10","page","type-page","status-publish","hentry"],"_links":{"self":[{"href":"https:\/\/centros.unileon.es\/cienciasdelasalud\/wp-json\/wp\/v2\/pages\/10","targetHints":{"allow":["GET"]}}],"collection":[{"href":"https:\/\/centros.unileon.es\/cienciasdelasalud\/wp-json\/wp\/v2\/pages"}],"about":[{"href":"https:\/\/centros.unileon.es\/cienciasdelasalud\/wp-json\/wp\/v2\/types\/page"}],"author":[{"embeddable":true,"href":"https:\/\/centros.unileon.es\/cienciasdelasalud\/wp-json\/wp\/v2\/users\/1"}],"replies":[{"embeddable":true,"href":"https:\/\/centros.unileon.es\/cienciasdelasalud\/wp-json\/wp\/v2\/comments?post=10"}],"version-history":[{"count":6,"href":"https:\/\/centros.unileon.es\/cienciasdelasalud\/wp-json\/wp\/v2\/pages\/10\/revisions"}],"predecessor-version":[{"id":669,"href":"https:\/\/centros.unileon.es\/cienciasdelasalud\/wp-json\/wp\/v2\/pages\/10\/revisions\/669"}],"wp:attachment":[{"href":"https:\/\/centros.unileon.es\/cienciasdelasalud\/wp-json\/wp\/v2\/media?parent=10"}],"curies":[{"name":"wp","href":"https:\/\/api.w.org\/{rel}","templated":true}]}}