{"id":9942,"date":"2020-05-29T09:27:16","date_gmt":"2020-05-29T09:27:16","guid":{"rendered":"https:\/\/centros.unileon.es\/biologia\/?page_id=9942"},"modified":"2021-07-29T10:04:11","modified_gmt":"2021-07-29T10:04:11","slug":"curso-2020-2021","status":"publish","type":"page","link":"https:\/\/centros.unileon.es\/biologia\/curso-2020-2021\/","title":{"rendered":"Curso 2020-2021"},"content":{"rendered":"<p>&nbsp;<\/p>\r\n<h2>Septiembre de 2021<\/h2>\r\n<div align=\"center\">\r\n<table>\r\n<tbody>\r\n<tr>\r\n<th>Septiembre<\/th>\r\n<th colspan=\"2\">Convocatoria<\/th>\r\n<\/tr>\r\n<tr>\r\n<td rowspan=\"2\"><strong>2 de septiembre -9 de septiembre a las<span style=\"color: #ff0000;\"> 14:00<\/span> horas <br \/>\r\n<\/strong><\/td>\r\n<td><strong>ESTUDIANTE<\/strong><\/td>\r\n<td><strong>TUTOR<\/strong><\/td>\r\n<\/tr>\r\n<tr>\r\n<td>\r\n<p>Realizar\u00e1 la\u00a0<strong>SOLICITUD Y EL DEP\u00d3SITO del TFG<\/strong>\u00a0en la Plataforma de la Universidad de Le\u00f3n \u201cSolicitud y dep\u00f3sito de TFGs\/TFM\u201d:<\/p>\r\n<p>\u00a0<a href=\"https:\/\/tfg.unileon.es\/home\">https:\/\/tfg.unileon.es\/home<\/a><\/p>\r\n<p>&nbsp;<\/p>\r\n<p>-Enviar\u00e1 a la Unidad Administrativa \u00a0<strong>(fbiadm@unileon.es)<\/strong> el\u00a0<strong>Informe del alumno sobre la publicaci\u00f3n en abierto (Impreso 7).<\/strong><\/p>\r\n<\/td>\r\n<td>\r\n<p>Deber\u00e1 enviar a la Unidad Administrativa (<strong>fbiadm@unileon.es<\/strong>):<\/p>\r\n<p>\u2013<strong>INFORME DEL TUTOR SOBRE LA CALIDAD Y M\u00c9RITOS DEL TFG (Impreso 5).<\/strong><\/p>\r\n<p>\u2013<strong>INFORME DEL TUTOR SOBRE LA PUBLICACI\u00d3N EN ABIERTO (Impreso 6).<\/strong><\/p>\r\n<p>Los dos impresos anteriores (Impreso 5 e Impreso 6) deber\u00e1n ser tambi\u00e9n firmados por el segundo tutor.<\/p>\r\n<p>Firma manuscrita o con informe de firmas (portafirmas)<\/p>\r\n<p>-Deber\u00e1 estar atento a su mail institucional para <strong>ACEPTAR el dep\u00f3sito del TFG del alumno al que tutoriza.<\/strong> El dep\u00f3sito y la aceptaci\u00f3n se realizar\u00e1n en la Plataforma de la Universidad de Le\u00f3n \u201cSolicitud y dep\u00f3sito de TFGs\/TFM\u201d:<\/p>\r\n<p>\u00a0<a href=\"https:\/\/tfg.unileon.es\/home\">https:\/\/tfg.unileon.es\/home<\/a><\/p>\r\n<\/td>\r\n<\/tr>\r\n<tr>\r\n<td><strong>17 de septiembre <br \/>\r\n<\/strong><\/td>\r\n<td colspan=\"2\"><strong>Acto p\u00fablico de defensa del TFG ante la Comisi\u00f3n de Evaluaci\u00f3n. Publicaci\u00f3n de las actas provisionales<\/strong><\/td>\r\n<\/tr>\r\n<tr>\r\n<td><strong>22 de septiembre<br \/>\r\n<\/strong><\/td>\r\n<td colspan=\"2\"><strong>Revisi\u00f3n de calificaciones y Cierre de Actas<br \/>\r\n<\/strong><\/td>\r\n<\/tr>\r\n<\/tbody>\r\n<\/table>\r\n<\/div>\r\n<h2><strong>Convocatoria de Defensa TFGs (Julio de 2021)<\/strong><\/h2>\r\n<p><a href=\"https:\/\/centros.unileon.es\/biologia\/files\/2021\/07\/TFGs-Comisiones-evaluacionTFGs-2020-2021_Biologia.pdf\">TFGs Comisiones evaluacionTFGs 2020-2021_Biolog\u00eda<\/a><\/p>\r\n<p><a href=\"https:\/\/centros.unileon.es\/biologia\/files\/2021\/07\/TFGs-Comisiones-evaluacionTFGs-2020-2021_BIOTECNOLOGIA.pdf\">TFGs Comisiones evaluacionTFGs 2020-2021_BIOTECNOLOG\u00cdA<\/a><\/p>\r\n<p><a href=\"https:\/\/centros.unileon.es\/biologia\/files\/2021\/07\/TFGs-Comisiones-evaluacionTFGs-2020-2021_CCAA.pdf\">TFGs Comisiones evaluacionTFGs 2020-2021_CCAA<\/a><\/p>\r\n<p>&nbsp;<\/p>\r\n<h2>Julio de 2021<\/h2>\r\n<div align=\"center\">\r\n<table>\r\n<tbody>\r\n<tr>\r\n<th>Julio<\/th>\r\n<th colspan=\"2\">Convocatoria<\/th>\r\n<\/tr>\r\n<tr>\r\n<td rowspan=\"2\"><strong>25 de junio -2 de julio a las <span style=\"color: #ff0000;\">14:00<\/span> horas <br \/>\r\n<\/strong><\/td>\r\n<td><strong>ESTUDIANTE<\/strong><\/td>\r\n<td><strong>TUTOR<\/strong><\/td>\r\n<\/tr>\r\n<tr>\r\n<td>\r\n<p>Realizar\u00e1 la\u00a0<strong>SOLICITUD Y EL DEP\u00d3SITO del TFG<\/strong>\u00a0en la Plataforma de la Universidad de Le\u00f3n \u201cSolicitud y dep\u00f3sito de TFGs\/TFM\u201d:<\/p>\r\n<p>\u00a0<a href=\"https:\/\/tfg.unileon.es\/home\">https:\/\/tfg.unileon.es\/home<\/a><\/p>\r\n<p>&nbsp;<\/p>\r\n<p>-Enviar\u00e1 a la Unidad Administrativa \u00a0<strong>(fbiadm@unileon.es)<\/strong> el\u00a0<strong>Informe del alumno sobre la publicaci\u00f3n en abierto (Impreso 7).<\/strong><\/p>\r\n<\/td>\r\n<td>\r\n<p>Deber\u00e1 enviar a la Unidad Administrativa (<strong>fbiadm@unileon.es<\/strong>):<\/p>\r\n<p>\u2013<strong>INFORME DEL TUTOR SOBRE LA CALIDAD Y M\u00c9RITOS DEL TFG (Impreso 5).<\/strong><\/p>\r\n<p>\u2013<strong>INFORME DEL TUTOR SOBRE LA PUBLICACI\u00d3N EN ABIERTO (Impreso 6).<\/strong><\/p>\r\n<p>Los dos impresos anteriores (Impreso 5 e Impreso 6) deber\u00e1n ser tambi\u00e9n firmados por el segundo tutor.<\/p>\r\n<p>Firma manuscrita o con informe de firmas (portafirmas)<\/p>\r\n<p>-Deber\u00e1 estar atento a su mail institucional para <strong>ACEPTAR el dep\u00f3sito del TFG del alumno al que tutoriza.<\/strong> El dep\u00f3sito y la aceptaci\u00f3n se realizar\u00e1n en la Plataforma de la Universidad de Le\u00f3n \u201cSolicitud y dep\u00f3sito de TFGs\/TFM\u201d:<\/p>\r\n<p>\u00a0<a href=\"https:\/\/tfg.unileon.es\/home\">https:\/\/tfg.unileon.es\/home<\/a><\/p>\r\n<\/td>\r\n<\/tr>\r\n<tr>\r\n<td><strong>7 de julio <br \/>\r\n<\/strong><\/td>\r\n<td colspan=\"2\"><strong>Acto p\u00fablico de defensa del TFG ante la Comisi\u00f3n de Evaluaci\u00f3n. Publicaci\u00f3n de las actas provisionales<\/strong><\/td>\r\n<\/tr>\r\n<tr>\r\n<td><strong>9 de julio<br \/>\r\n<\/strong><\/td>\r\n<td colspan=\"2\"><strong>Revisi\u00f3n de calificaciones y Cierre de Actas<br \/>\r\n<\/strong><\/td>\r\n<\/tr>\r\n<\/tbody>\r\n<\/table>\r\n<\/div>\r\n<h2>\u00a0<\/h2>\r\n<h2><strong>ASIGNACI\u00d3N DEFINITIVA DE TFGs FEBRERO (2020\/2021)<\/strong><\/h2>\r\n<p><a href=\"https:\/\/centros.unileon.es\/biologia\/files\/2021\/03\/Adjudicacion-DEFINITIVA-de-TFG_Febrero_BIOTECNOLOGIA.pdf\">Listado DEFINITIVO de TFG asignados_BIOTECNOLOG\u00cdA<\/a><\/p>\r\n<p><a href=\"https:\/\/centros.unileon.es\/biologia\/files\/2021\/03\/Adjudicacion-DEFINITIVA-de-TFG_Febrero_CCAA-1.pdf\">Listado DEFINITIVO de TFG asignados_CCAA<\/a><\/p>\r\n<p><a href=\"https:\/\/centros.unileon.es\/biologia\/files\/2021\/03\/Adjudicacion-DEFINITIVA-de-TFG_Febrero_BIOLOGIA-1.pdf\">Listado DEFINITIVO de TFG asignados_BIOLOG\u00cdA<\/a><\/p>\r\n<h3>\u00a0<\/h3>\r\n<h3><strong>Calendario de Adjudicaci\u00f3n de TFGs FEBRERO (2020\/20201)<\/strong><\/h3>\r\n<table>\r\n<tbody>\r\n<tr>\r\n<td><strong>26 Febrero-4 Marzo<\/strong><\/td>\r\n<td><strong>\u00a1ESTUDIANTES!<\/strong>\u00a0Presentaci\u00f3n de las solicitudes de TFG Generales (<strong>Impreso 2<\/strong>) o TFG Espec\u00edficos (<strong>Impreso 3<\/strong>) debidamente firmadas.<\/td>\r\n<\/tr>\r\n<tr>\r\n<td><strong>9 Marzo<\/strong><\/td>\r\n<td>Asignaci\u00f3n provisional de los TFGs y publicaci\u00f3n en la web de la Facultad.<\/td>\r\n<\/tr>\r\n<tr>\r\n<td><strong>10-12 Marzo<\/strong><\/td>\r\n<td>Presentaci\u00f3n de posibles solicitudes de cambio de tutor o tema de TFG.<\/td>\r\n<\/tr>\r\n<tr>\r\n<td><strong>15 Marzo<br \/>\r\n<\/strong><\/td>\r\n<td>Asignaci\u00f3n definitiva de los TFGs y publicaci\u00f3n en la web de la Facultad.<\/td>\r\n<\/tr>\r\n<\/tbody>\r\n<\/table>\r\n<h2><strong>OFERTA DE TFGs GENERALES FEBRERO (2020\/2021)<\/strong><\/h2>\r\n<p><strong>TFGS GENERALES PROPUESTOS PARA BIOLOG\u00cdA<\/strong><\/p>\r\n<p><a href=\"https:\/\/centros.unileon.es\/biologia\/files\/2021\/02\/2-Listados-TFG-febrero-Biologia-2020-2021.pdf\"> Listados TFG febrero &#8211; Biolog\u00eda 2020-2021<\/a><\/p>\r\n<p><strong>TFGS GENERALES PROPUESTOS PARA BIOTECNOLOG\u00cdA<\/strong><\/p>\r\n<p><a href=\"https:\/\/centros.unileon.es\/biologia\/files\/2021\/02\/2-Listados-TFG-febrero-Biotecnologia-2020-2021.pdf\">Listados TFG febrero &#8211; Biotecnolog\u00eda 2020-2021<\/a><\/p>\r\n<p><strong>TFGS GENERALES PROPUESTOS PARA CIENCIAS AMBIENTALES<\/strong><\/p>\r\n<p><a href=\"https:\/\/centros.unileon.es\/biologia\/files\/2021\/02\/2-Listados-TFG-febrero-CC.-Ambientales-2020-2021.pdf\">Listados TFG febrero &#8211; CC. Ambientales 2020-2021<\/a><\/p>\r\n<h2>Febrero de 2021<\/h2>\r\n<p><a href=\"https:\/\/centros.unileon.es\/biologia\/files\/2021\/01\/solicitud_convocatoria_febrero2020.pdf\">Impreso solicitud convocatoria febrero de 2021<\/a><\/p>\r\n<p><span style=\"color: #ff0000;\">Este impreso deber\u00e1 presentarlo en la Unidad Administrativa del Centro\u00a0 durante la semana siguiente al cierre de actas de la segunda convocatoria de Febrero<\/span><\/p>\r\n<h2>Febrero de 2021<\/h2>\r\n<div align=\"center\">\r\n<table>\r\n<tbody>\r\n<tr>\r\n<th>Febrero<\/th>\r\n<th colspan=\"2\">Convocatoria Extraordinaria<\/th>\r\n<\/tr>\r\n<tr>\r\n<td rowspan=\"2\"><strong>1 de Marzo de 2021-4 de Marzo de 2021<\/strong><\/td>\r\n<td><strong>ESTUDIANTE<\/strong><\/td>\r\n<td><strong>TUTOR<\/strong><\/td>\r\n<\/tr>\r\n<tr>\r\n<td>\r\n<p>Realizar\u00e1 la\u00a0<strong>SOLICITUD Y EL DEP\u00d3SITO del TFG<\/strong>\u00a0en la Plataforma de la Universidad de Le\u00f3n \u201cSolicitud y dep\u00f3sito de TFGs\/TFM\u201d:<\/p>\r\n<p>\u00a0<a href=\"https:\/\/tfg.unileon.es\/home\">https:\/\/tfg.unileon.es\/home<\/a><\/p>\r\n<p>-El TFG depositado en la Plataforma debe estar <strong>firmado por el alumno.<\/strong><\/p>\r\n<p>-Enviar\u00e1 a la Unidad Administrativa \u00a0<strong>(fbiadm@unileon.es)<\/strong> el\u00a0<strong>Informe del alumno sobre la publicaci\u00f3n en abierto (Impreso 7).<\/strong><\/p>\r\n<\/td>\r\n<td>\r\n<p>Deber\u00e1 enviar a la Unidad Administrativa (<strong>fbiadm@unileon.es<\/strong>):<\/p>\r\n<p>\u2013<strong>INFORME DEL TUTOR SOBRE LA CALIDAD Y M\u00c9RITOS DEL TFG (Impreso 5).<\/strong><\/p>\r\n<p>\u2013<strong>INFORME DEL TUTOR SOBRE LA PUBLICACI\u00d3N EN ABIERTO (Impreso 6).<\/strong><\/p>\r\n<p>Los dos impresos anteriores (Impreso 5 e Impreso 6) deber\u00e1n ser tambi\u00e9n firmados por el segundo tutor.<\/p>\r\n<p>-Deber\u00e1 estar atento a su mail institucional para <strong>ACEPTAR el dep\u00f3sito del TFG del alumno al que tutoriza.<\/strong> El dep\u00f3sito y la aceptaci\u00f3n se realizar\u00e1n en la Plataforma de la Universidad de Le\u00f3n \u201cSolicitud y dep\u00f3sito de TFGs\/TFM\u201d:<\/p>\r\n<p>\u00a0<a href=\"https:\/\/tfg.unileon.es\/home\">https:\/\/tfg.unileon.es\/home<\/a><\/p>\r\n<\/td>\r\n<\/tr>\r\n<tr>\r\n<td><strong>12 de Marzo de 2021<\/strong><\/td>\r\n<td colspan=\"2\"><strong>Acto p\u00fablico de defensa del TFG ante la Comisi\u00f3n de Evaluaci\u00f3n. Publicaci\u00f3n de las actas provisionales<\/strong><\/td>\r\n<\/tr>\r\n<tr>\r\n<td><strong>16 de Marzo<\/strong><\/td>\r\n<td colspan=\"2\"><strong>Revisi\u00f3n de calificaciones<\/strong><\/td>\r\n<\/tr>\r\n<tr>\r\n<td><strong>19 de Marzo<\/strong><\/td>\r\n<td colspan=\"2\"><strong>Cierre de Actas<\/strong><\/td>\r\n<\/tr>\r\n<\/tbody>\r\n<\/table>\r\n<\/div>\r\n<h2>\u00a0<\/h2>\r\n<h2><span style=\"color: #800000;\"><strong>ASIGNACI\u00d3N DEFINITIVA DE TFGs JULIO (2020\/2021)<\/strong><\/span><\/h2>\r\n<p><a href=\"https:\/\/centros.unileon.es\/biologia\/files\/2020\/10\/1.2-Listado-DEFINITIVO-de-TFG-asignados-BIOTECNOLOGIA-JULIO-CURSO-2020-2021.pdf\">Listado DEFINITIVO de TFG asignados &#8211; BIOTECNOLOGIA <\/a><\/p>\r\n<p><a href=\"https:\/\/centros.unileon.es\/biologia\/files\/2020\/10\/1.2-Listado-DEFINITIVO-de-TFG-asignados-CC.AA_.-JULIO-CURSO-2020-2021.pdf\">Listado DEFINITIVO de TFG asignados &#8211; CC.AA. <\/a><\/p>\r\n<p><a href=\"https:\/\/centros.unileon.es\/biologia\/files\/2020\/10\/1.2-Listado-DEFINITIVO-de-TFG-asignados-BIOLOGIA-JULIO-CURSO-2020-2021.pdf\">Listado DEFINITIVO de TFG asignados &#8211; BIOLOGIA <\/a><\/p>\r\n<p>&nbsp;<\/p>\r\n<h3><span style=\"color: #800000;\"><strong>Calendario de Adjudicaci\u00f3n de TFGs (2020\/20201)<\/strong><\/span><\/h3>\r\n<table>\r\n<tbody>\r\n<tr>\r\n<td>6-9 Octubre<\/td>\r\n<td>Presentaci\u00f3n de posibles solicitudes de cambio de tutor o tema de TFG.<\/td>\r\n<\/tr>\r\n<tr>\r\n<td>13-16 Octubre<\/td>\r\n<td>Asignaci\u00f3n definitiva de los TFGs y publicaci\u00f3n en la web de la Facultad.<\/td>\r\n<\/tr>\r\n<\/tbody>\r\n<\/table>\r\n<p>&nbsp;<\/p>\r\n<h2><span style=\"color: #800000;\"><strong>OFERTA DE TFGs GENERALES (2020\/2021)<\/strong><\/span><\/h2>\r\n<p><strong>TFGS GENERALES PROPUESTOS PARA BIOLOG\u00cdA<\/strong><\/p>\r\n<p><a href=\"https:\/\/centros.unileon.es\/biologia\/files\/2020\/06\/1-Listados-TFG-julio-Biolog\u00eda-2020-2021.pdf\">Listados TFG julio &#8211; Biolog\u00eda 2020-2021<\/a><\/p>\r\n<p><a href=\"https:\/\/centros.unileon.es\/biologia\/files\/2020\/06\/Propuestas-TFG-Biologia-2020-2021-comprimido.pdf\">Propuestas detalladas TFG Biolog\u00eda 2020-2021-comprimido<\/a><\/p>\r\n<p><strong>TFGS GENERALES PROPUESTOS PARA BIOTECNOLOG\u00cdA<\/strong><\/p>\r\n<p><a href=\"https:\/\/centros.unileon.es\/biologia\/files\/2020\/06\/1-Listados-TFG-julio-Biotecnolog\u00eda-2020-2021.pdf\">Listados TFG julio &#8211; Biotecnolog\u00eda 2020-2021<\/a><\/p>\r\n<p><a href=\"https:\/\/centros.unileon.es\/biologia\/files\/2020\/06\/Propuestas-TFG-Biotecnologia-2020-2021-comprimido.pdf\">Propuestas detalladas TFG Biotecnologia 2020-2021-comprimido<\/a><\/p>\r\n<p><strong>TFGS GENERALES PROPUESTOS PARA CIENCIAS AMBIENTALES<\/strong><\/p>\r\n<p><a href=\"https:\/\/centros.unileon.es\/biologia\/files\/2020\/06\/1-Listados-TFG-julio-CC.-Ambientales-2020-2021.pdf\">Listados TFG julio &#8211; CC. Ambientales 2020-2021<\/a><\/p>\r\n<p><a href=\"https:\/\/centros.unileon.es\/biologia\/files\/2020\/06\/Propuestas-TFG-CCAA-2020-2021-comprimido.pdf\">Propuestas detalladas TFG CCAA 2020-2021-comprimido<\/a><\/p>\r\n<p>&nbsp;<\/p>\r\n<h2><span style=\"color: #800000;\"><strong>Calendario RESUMEN de asignaci\u00f3n de los TFGs (2020\/2021)<\/strong><\/span><\/h2>\r\n<table width=\"0\">\r\n<tbody>\r\n<tr>\r\n<td>\r\n<p>15-16 de Junio<\/p>\r\n<\/td>\r\n<td>\r\n<p>Publicaci\u00f3n en la p\u00e1gina web de la Facultad de:<br \/>\r\n-Oferta de TFGs Generales.<\/p>\r\n<\/td>\r\n<\/tr>\r\n<tr>\r\n<td>\r\n<p><span style=\"color: #ff0000;\"><strong>01-14 de Julio<\/strong><\/span><\/p>\r\n<\/td>\r\n<td>\r\n<p><strong>\u00a1ESTUDIANTES!<\/strong>\u00a0Presentaci\u00f3n de las solicitudes de TFG Generales (<strong>Impreso 2<\/strong>) o TFG Espec\u00edficos (<strong>Impreso 3<\/strong>) debidamente firmadas.<br \/>\r\n\u2013 Remitir a la Secretar\u00eda del centro por correo electr\u00f3nico (fbiadm@unileon.es), indicando en el asunto del mensaje: TFG_Grado_Apellidos_Nombre.<\/p>\r\n<\/td>\r\n<\/tr>\r\n<tr>\r\n<td>\r\n<p><strong><span style=\"color: #800000;\">28-29 Julio<\/span><\/strong><\/p>\r\n<\/td>\r\n<td>\r\n<p>Asignaci\u00f3n provisional de los TFGs y publicaci\u00f3n en la web de la Facultad.<\/p>\r\n<\/td>\r\n<\/tr>\r\n<\/tbody>\r\n<\/table>\r\n<p><a href=\"https:\/\/centros.unileon.es\/biologia\/files\/2020\/05\/ASIGNACI\u00d3N-DEL-TRABAJO-DE-FIN-DE-GRADO-FCCBA.pdf\"><strong><br \/>\r\n\u00a0INFORMACI\u00d3N IMPORTANTE SOBRE EL TFG, TIPOS, PROCESO DE ASIGNACI\u00d3N, ETC<\/strong><\/a><\/p>","protected":false},"excerpt":{"rendered":"<p>&nbsp; Septiembre de 2021 Septiembre Convocatoria 2 de septiembre -9 de septiembre a las 14:00 horas ESTUDIANTE TUTOR Realizar\u00e1 la\u00a0SOLICITUD Y EL DEP\u00d3SITO del TFG\u00a0en la Plataforma de la Universidad de Le\u00f3n \u201cSolicitud y dep\u00f3sito de TFGs\/TFM\u201d: \u00a0https:\/\/tfg.unileon.es\/home &nbsp; -Enviar\u00e1 a la Unidad Administrativa \u00a0(fbiadm@unileon.es) el\u00a0Informe del alumno sobre la publicaci\u00f3n en abierto (Impreso 7). [&hellip;]<\/p>\n","protected":false},"author":3,"featured_media":0,"parent":0,"menu_order":0,"comment_status":"closed","ping_status":"closed","template":"","meta":{"footnotes":""},"class_list":["post-9942","page","type-page","status-publish","hentry"],"_links":{"self":[{"href":"https:\/\/centros.unileon.es\/biologia\/wp-json\/wp\/v2\/pages\/9942","targetHints":{"allow":["GET"]}}],"collection":[{"href":"https:\/\/centros.unileon.es\/biologia\/wp-json\/wp\/v2\/pages"}],"about":[{"href":"https:\/\/centros.unileon.es\/biologia\/wp-json\/wp\/v2\/types\/page"}],"author":[{"embeddable":true,"href":"https:\/\/centros.unileon.es\/biologia\/wp-json\/wp\/v2\/users\/3"}],"replies":[{"embeddable":true,"href":"https:\/\/centros.unileon.es\/biologia\/wp-json\/wp\/v2\/comments?post=9942"}],"version-history":[{"count":32,"href":"https:\/\/centros.unileon.es\/biologia\/wp-json\/wp\/v2\/pages\/9942\/revisions"}],"predecessor-version":[{"id":10775,"href":"https:\/\/centros.unileon.es\/biologia\/wp-json\/wp\/v2\/pages\/9942\/revisions\/10775"}],"wp:attachment":[{"href":"https:\/\/centros.unileon.es\/biologia\/wp-json\/wp\/v2\/media?parent=9942"}],"curies":[{"name":"wp","href":"https:\/\/api.w.org\/{rel}","templated":true}]}}