{"id":9851,"date":"2020-02-14T11:20:43","date_gmt":"2020-02-14T11:20:43","guid":{"rendered":"https:\/\/centros.unileon.es\/biologia\/?page_id=9851"},"modified":"2026-01-28T11:48:35","modified_gmt":"2026-01-28T11:48:35","slug":"informacion-curso-pat","status":"publish","type":"page","link":"https:\/\/centros.unileon.es\/biologia\/informacion-curso-pat\/","title":{"rendered":"Informaci\u00f3n Curso 2025\/2026"},"content":{"rendered":"<h3><strong>Coordinadora del Plan de Acci\u00f3n Tutorial de la FCCBA<\/strong><\/h3>\r\n<p><span style=\"color: #800000;\"><strong>Dra. Ana M\u00aa Vega Maray<\/strong><\/span><\/p>\r\n<table class=\"directory\">\r\n<tbody>\r\n<tr>\r\n<th>Correo<\/th>\r\n<td>ana.vega@unileon.es<\/td>\r\n<\/tr>\r\n<tr>\r\n<th>Tel\u00e9fono<\/th>\r\n<td>98729-1556<\/td>\r\n<\/tr>\r\n<tr>\r\n<td colspan=\"2\">Edificio Facultad de CC. Biol\u00f3gicas y Ambientales. \u00c1rea de Bot\u00e1nica<\/td>\r\n<\/tr>\r\n<\/tbody>\r\n<\/table>\r\n<h3><a href=\"https:\/\/centros.unileon.es\/biologia\/files\/2025\/09\/PAT-25_26-tutores.pdf\">Tutores del PAT del curso 2025-2026<\/a><\/h3>\r\n<h3><strong>Horarios del PAT Curso 2025-26<\/strong><\/h3>\r\n<ul>\r\n\t<li><a href=\"https:\/\/centros.unileon.es\/biologia\/files\/2025\/09\/25_26-Horarios-1a-sesion-PAT.pdf\">1\u00aa sesi\u00f3n del PAT curso 2025-2026<\/a><\/li>\r\n\t<li><a href=\"https:\/\/centros.unileon.es\/biologia\/files\/2026\/01\/Horarios-2a-sesion-PAT_curso25_26.pdf\">2\u00aa sesi\u00f3n del PAT curso 2025-2026<\/a><\/li>\r\n\t<li><a href=\"https:\/\/centros.unileon.es\/biologia\/files\/2026\/01\/25_26-Horarios-3a-sesion-PAT.pdf\">3\u00aa sesi\u00f3n del PAT curso 2025-2026<\/a><\/li>\r\n<\/ul>\r\n<p>&nbsp;<\/p>","protected":false},"excerpt":{"rendered":"<p>Coordinadora del Plan de Acci\u00f3n Tutorial de la FCCBA Dra. Ana M\u00aa Vega Maray Correo ana.vega@unileon.es Tel\u00e9fono 98729-1556 Edificio Facultad de CC. Biol\u00f3gicas y Ambientales. \u00c1rea de Bot\u00e1nica Tutores del PAT del curso 2025-2026 Horarios del PAT Curso 2025-26 1\u00aa sesi\u00f3n del PAT curso 2025-2026 2\u00aa sesi\u00f3n del PAT curso 2025-2026 3\u00aa sesi\u00f3n del PAT [&hellip;]<\/p>\n","protected":false},"author":3,"featured_media":0,"parent":0,"menu_order":0,"comment_status":"closed","ping_status":"closed","template":"","meta":{"footnotes":""},"class_list":["post-9851","page","type-page","status-publish","hentry"],"_links":{"self":[{"href":"https:\/\/centros.unileon.es\/biologia\/wp-json\/wp\/v2\/pages\/9851","targetHints":{"allow":["GET"]}}],"collection":[{"href":"https:\/\/centros.unileon.es\/biologia\/wp-json\/wp\/v2\/pages"}],"about":[{"href":"https:\/\/centros.unileon.es\/biologia\/wp-json\/wp\/v2\/types\/page"}],"author":[{"embeddable":true,"href":"https:\/\/centros.unileon.es\/biologia\/wp-json\/wp\/v2\/users\/3"}],"replies":[{"embeddable":true,"href":"https:\/\/centros.unileon.es\/biologia\/wp-json\/wp\/v2\/comments?post=9851"}],"version-history":[{"count":27,"href":"https:\/\/centros.unileon.es\/biologia\/wp-json\/wp\/v2\/pages\/9851\/revisions"}],"predecessor-version":[{"id":13490,"href":"https:\/\/centros.unileon.es\/biologia\/wp-json\/wp\/v2\/pages\/9851\/revisions\/13490"}],"wp:attachment":[{"href":"https:\/\/centros.unileon.es\/biologia\/wp-json\/wp\/v2\/media?parent=9851"}],"curies":[{"name":"wp","href":"https:\/\/api.w.org\/{rel}","templated":true}]}}