{"id":9816,"date":"2020-02-13T16:58:00","date_gmt":"2020-02-13T16:58:00","guid":{"rendered":"https:\/\/centros.unileon.es\/biologia\/?page_id=9816"},"modified":"2025-12-16T11:35:22","modified_gmt":"2025-12-16T11:35:22","slug":"informacion-sigc","status":"publish","type":"page","link":"https:\/\/centros.unileon.es\/biologia\/informacion-sigc\/","title":{"rendered":"INFORMACI\u00d3N SGIC"},"content":{"rendered":"<h2 style=\"text-align: left;\"><span style=\"color: #800000;\"><strong>Sistema de Garant\u00eda Interno de Calidad de la Facultad de Ciencias Biol\u00f3gicas y Ambientales (SGIC)<\/strong><\/span><\/h2>\r\n<p>En la Universidad de Le\u00f3n (ULE) el objetivo de disponer de una pol\u00edtica de calidad y su compromiso con una cultura de calidad de las ense\u00f1anzas universitarias, siguiendo las directrices de la ENQUA (<em>European Association for Quality Assurance<\/em>), impuls\u00f3 el desarrollo del Sistema de Garant\u00eda de Calidad (SGC) y la creaci\u00f3n de la Comisi\u00f3n de Calidad de la ULE en 2008, cuyo Reglamento de R\u00e9gimen Interno fue aprobado en Consejo de Gobierno el 16 de julio de 2013 y modificado en 2019. La gesti\u00f3n y correcto seguimiento de las pol\u00edticas y procedimientos de calidad de la ULE son llevadas a cabo por la Oficina de Evaluaci\u00f3n y Calidad (OEC).<\/p>\r\n<p style=\"text-align: justify;\">Siguiendo las directrices del Sistema de Garant\u00eda de Calidad de la ULE (SGC-ULE, actualizado en 2022), cada Facultad o Escuela ha implantado su propio Sistema de Garant\u00eda Interno de Calidad (SGIC), que asume como propios la pol\u00edtica y procedimientos del SGC, con el fin de garantizar la calidad de las ense\u00f1anzas impartidas en la ULE. En la Facultad de Ciencias Biol\u00f3gicas y Ambientales (FCCBA), el dise\u00f1o del SGIC se realiz\u00f3 paralelamente al de los <strong>Grados en Biolog\u00eda, Biotecnolog\u00eda y Ciencias Ambientales<\/strong>. A lo largo de la d\u00e9cada transcurrida, el SGIC de la FCCBA <strong>se ha implantado plenamente<\/strong> y cubre las titulaciones que dependen acad\u00e9micamente de la FCCBA: los tres grados mencionados -que comenzaron a impartirse en el curso 2009-2010- y los t\u00edtulos de m\u00e1ster <strong>M\u00e1ster Universitario en Riesgos Naturales (MRN)<\/strong> implantado en el curso 2013-2014, y <strong>M\u00e1ster Universitario en Investigaci\u00f3n en Biotecnolog\u00eda<\/strong> <strong>y Biomedicina (MUIBB)<\/strong>, que comenz\u00f3 a impartirse en el curso 2021-2022 en sustituci\u00f3n de un m\u00e1ster anterior equivalente.<\/p>\r\n<h3><strong><span style=\"color: #800000;\">Dise\u00f1o del SGIC de la Facultad (Programa AUDIT)<\/span><\/strong><\/h3>\r\n<ul>\r\n\t<li><a href=\"http:\/\/centros.unileon.es\/biologia\/files\/2011\/04\/AUDIT_BIOLOG_090615-143-2-4-2010-12-20-12-07-44.pdf\">Memoria elaborada por la Oficina de Evaluaci\u00f3n y Calidad de la ULE y la Comisi\u00f3n de dise\u00f1o AUDIT de la Facultad<\/a><\/li>\r\n<\/ul>\r\n<ul>\r\n\t<li><a href=\"http:\/\/centros.unileon.es\/biologia\/files\/2011\/04\/audit-REDUCIDO.pdf\">Resumen<\/a><\/li>\r\n<\/ul>\r\n<h3 style=\"text-align: justify;\"><span style=\"color: #800000;\"><strong>Comisi\u00f3n de Garant\u00eda Interna de Calidad\u00a0<\/strong><\/span><\/h3>\r\n<p style=\"text-align: justify;\">Una pieza clave del SGIC es la Comisi\u00f3n de Garant\u00eda de Calidad de la FCCBA, que se rige por lo estipulado en el SGC y en el Reglamento de R\u00e9gimen Interno de la FCCBA. Tiene como funci\u00f3n la supervisi\u00f3n de los distintos t\u00edtulos, asegurando el cumplimiento de los requisitos generales del Manual del SGC-ULE, de la Pol\u00edtica y los Objetivos de Calidad y de los requisitos contemplados en las gu\u00edas de evaluaci\u00f3n de las Agencias de Calidad que corresponda, y certificaci\u00f3n, en su caso.<\/p>\r\n<p><span style=\"color: #800000;\"><strong><u>Composici\u00f3n de la Comisi\u00f3n Curso 2024\/2025:<\/u><\/strong><\/span><\/p>\r\n<ul>\r\n\t<li>Decana: Dra. Laura L\u00f3pez Campano<\/li>\r\n\t<li>Secretaria del Centro: Dra. Elena Colmenero Hidalgo<\/li>\r\n\t<li>Coordinador del Sistema de Garant\u00eda Interna de Calidad del Centro: Dr. Roberto L\u00f3pez Gonz\u00e1lez<\/li>\r\n\t<li>Coordinadora del Plan de Acci\u00f3n Tutorial: Dra. Ana Mar\u00eda Vega Maray<\/li>\r\n\t<li>Coordinadora del Grado en Biolog\u00eda: Dra. M\u00aa Luz Valbuena Relea<\/li>\r\n\t<li>Coordinadora del Grado en Biotecnolog\u00eda: Dra. Honorina Mart\u00ednez Blanco<\/li>\r\n\t<li>Coordinador del Grado en Ciencias Ambientales: Dr. Fernando Jos\u00e9 Pereira Garc\u00eda<\/li>\r\n\t<li>Coordinadora del M\u00e1ster U. en Investigaci\u00f3n en Biotecnolog\u00eda y Biomedicina: Dra. Lorena L\u00f3pez Ferreras<\/li>\r\n\t<li>Coordinadora del M\u00e1ster en Riesgos Naturales: Dra. Montserrat Ferrer Juli\u00e0.<\/li>\r\n\t<li>Coordinadores del Centro para Movilidad Nacional e Internacional: Dra. Margarita Marqu\u00e9s Mart\u00ednez (Grado Biotecnolog\u00eda), Dr. Luis S\u00e1enz de Miera Carnicer (Grado Biolog\u00eda), Dra. Ana Isabel Gonz\u00e1lez Cordero (Grado CC. Ambientales)<\/li>\r\n\t<li>Coordinadora de Pr\u00e1cticas Externas: Dra. Ana Isabel Gonz\u00e1lez Cordero<\/li>\r\n\t<li>Representante del P.T.G.A.S.: D\u00aa. Marta Fern\u00e1ndez Caso (suplente: D\u00aa. Guadalupe Machado Garc\u00eda)<\/li>\r\n\t<li>Representante de estudiantes del Centro: D. Carlos A. Cuenya Duarte (suplente: D\u00aa Mar\u00eda Hern\u00e1ndez Gord\u00f3n)<\/li>\r\n<\/ul>\r\n<p><span style=\"color: #800000;\"><strong><u>Funciones de la Comisi\u00f3n de Garant\u00eda Interna de Calidad<\/u><\/strong><\/span><\/p>\r\n<p style=\"text-align: justify;\">Esta Comisi\u00f3n se re\u00fane, al menos una vez por semestre, para analizar los informes recibidos desde los \u00f3rganos y comisiones referidas y los obtenidos por la OEC, con el fin de llevar a cabo el seguimiento de la eficacia del proceso de ense\u00f1anza-aprendizaje de los estudiantes, mediante los indicadores asociados, adem\u00e1s de revisar sus propios procedimientos de obtenci\u00f3n de datos y de an\u00e1lisis de los mismos.<\/p>\r\n<p style=\"text-align: justify;\">Los acuerdos y propuestas de acciones de mejora, derivados del an\u00e1lisis de indicadores y del propio SGIC, se remiten a trav\u00e9s del Equipo Directivo del Centro a la Junta de Facultad. Adem\u00e1s, el Equipo Directivo del Centro realiza un seguimiento diario del funcionamiento docente y se re\u00fane peri\u00f3dicamente para analizar y resolver incidencias, planificar posibles acciones de mejora y evaluar los resultados obtenidos. Para ello, cuentan tambi\u00e9n con la informaci\u00f3n y herramientas de la OEC. Finalmente, la Junta de Facultad -en la que est\u00e1n representados todos los grupos de inter\u00e9s- atiende y valora cualquier informaci\u00f3n y acci\u00f3n de mejora remitida desde los \u00f3rganos anteriores y decide sobre su implementaci\u00f3n y\/o transmite la petici\u00f3n a otros \u00f3rganos de la Universidad.\u00a0<\/p>\r\n<p style=\"text-align: justify;\">Como parte de la cultura de calidad del Centro y de la ULE, siguiendo los procedimientos establecidos por el SGC, todos los t\u00edtulos de la FCCBA se someten a un <strong>seguimiento anual<\/strong> utilizando la informaci\u00f3n disponible, que es analizada por la Comisi\u00f3n de Calidad y plasmada en <strong>Informes anuales de Seguimiento<\/strong>, en los que se incluyen las acciones de mejora. Estos Informes son revisados por la OEC de la ULE y aprobados por la Comisi\u00f3n de Calidad \u00a0y la Junta de Facultad, garantiz\u00e1ndose as\u00ed -sobre todo en este \u00faltimo paso- el acceso a la informaci\u00f3n y la participaci\u00f3n de todos los grupos de inter\u00e9s en el proceso de elaboraci\u00f3n. Una vez analizados los informes anuales de seguimiento de los diferentes t\u00edtulos del Centro y sus planes de mejora, la Comisi\u00f3n de Calidad del Centro elabora el <a href=\"https:\/\/centros.unileon.es\/biologia\/files\/2025\/06\/Plan-de-Mejora-Facultad-24-25.pdf\">Plan de Mejora Anual del Centro 24-25<\/a><strong>.<\/strong><\/p>\r\n<p style=\"text-align: justify;\">Por tanto, la estructura definida del SGIC y su implantaci\u00f3n es coherente con la estructura del Centro y permea su organizaci\u00f3n acad\u00e9mica y administrativa, y tanto en la implantaci\u00f3n del SGIC como en su mantenimiento, revisi\u00f3n y mejora est\u00e1n involucrados los diferentes grupos de inter\u00e9s, especialmente los estudiantes. La estructura de la Comisi\u00f3n de Calidad y los procesos de flujo de informaci\u00f3n en la FCCBA y en el SGIC \u00a0permiten el an\u00e1lisis, la revisi\u00f3n y la mejora de los procedimientos y actividades realizados por el Centro, lo que ha redundado en la calidad de los programas formativos ofertados, en la adquisici\u00f3n por los estudiantes de las competencias necesarias en cada titulaci\u00f3n y en la satisfacci\u00f3n de los diferentes grupos de inter\u00e9s.<\/p>\r\n<p style=\"text-align: justify;\">Con el fin de hacer m\u00e1s visible la estructura interna del Centro y del SIGC, adem\u00e1s de resaltar la importancia de la participaci\u00f3n de los estudiantes en los procesos de toma de decisiones y animarles a que se interesen por ellos, la Coordinadora de Calidad toma parte en la bienvenida a los estudiantes de nuevo ingreso en la Jornada de Acogida que se celebra en septiembre.\u00a0<\/p>","protected":false},"excerpt":{"rendered":"<p>Sistema de Garant\u00eda Interno de Calidad de la Facultad de Ciencias Biol\u00f3gicas y Ambientales (SGIC) En la Universidad de Le\u00f3n (ULE) el objetivo de disponer de una pol\u00edtica de calidad y su compromiso con una cultura de calidad de las ense\u00f1anzas universitarias, siguiendo las directrices de la ENQUA (European Association for Quality Assurance), impuls\u00f3 el [&hellip;]<\/p>\n","protected":false},"author":3,"featured_media":0,"parent":0,"menu_order":0,"comment_status":"closed","ping_status":"closed","template":"","meta":{"footnotes":""},"class_list":["post-9816","page","type-page","status-publish","hentry"],"_links":{"self":[{"href":"https:\/\/centros.unileon.es\/biologia\/wp-json\/wp\/v2\/pages\/9816","targetHints":{"allow":["GET"]}}],"collection":[{"href":"https:\/\/centros.unileon.es\/biologia\/wp-json\/wp\/v2\/pages"}],"about":[{"href":"https:\/\/centros.unileon.es\/biologia\/wp-json\/wp\/v2\/types\/page"}],"author":[{"embeddable":true,"href":"https:\/\/centros.unileon.es\/biologia\/wp-json\/wp\/v2\/users\/3"}],"replies":[{"embeddable":true,"href":"https:\/\/centros.unileon.es\/biologia\/wp-json\/wp\/v2\/comments?post=9816"}],"version-history":[{"count":30,"href":"https:\/\/centros.unileon.es\/biologia\/wp-json\/wp\/v2\/pages\/9816\/revisions"}],"predecessor-version":[{"id":13416,"href":"https:\/\/centros.unileon.es\/biologia\/wp-json\/wp\/v2\/pages\/9816\/revisions\/13416"}],"wp:attachment":[{"href":"https:\/\/centros.unileon.es\/biologia\/wp-json\/wp\/v2\/media?parent=9816"}],"curies":[{"name":"wp","href":"https:\/\/api.w.org\/{rel}","templated":true}]}}