{"id":9793,"date":"2020-02-13T16:12:17","date_gmt":"2020-02-13T16:12:17","guid":{"rendered":"https:\/\/centros.unileon.es\/biologia\/?page_id=9793"},"modified":"2025-12-19T09:44:39","modified_gmt":"2025-12-19T09:44:39","slug":"informacion-acad-doble-itt","status":"publish","type":"page","link":"https:\/\/centros.unileon.es\/biologia\/informacion-acad-doble-itt\/","title":{"rendered":"Informaci\u00f3n Acad\u00e9mica"},"content":{"rendered":"<h3>\u00a0<\/h3>\r\n<h2 style=\"text-align: center;\"><span style=\"color: #003366;\"><strong>INFORMACI\u00d3N ACAD\u00c9MICA CURSO 2025\/2026<\/strong><\/span><\/h2>\r\n<h2>Calendario escolar<\/h2>\r\n<ul>\r\n\t<li>\r\n<h4 style=\"text-align: justify;\"><strong><a href=\"https:\/\/centros.unileon.es\/biologia\/files\/2025\/09\/calendario_escolar_grados_master_2025_2026_20250728.pdf\">CALENDARIO 2025-26<img decoding=\"async\" style=\"margin-left: 3px; width: 16px; height: 16px;\" src=\"chrome-extension:\/\/gmpljdlgcdkljlppaekciacdmdlhfeon\/images\/beside-link-icon.svg\" \/><\/a><a id=\"5de4cdbf-6827-444a-912c-4012dbcd242a\" title=\"View this pdf file\" href=\"https:\/\/docs.google.com\/viewer?url=https%3A%2F%2Fcentros.unileon.es%2Fbiologia%2Ffiles%2F2023%2F09%2Fcalendario_escolar_grados2023_2024_DEF-2.pdf&amp;embedded=true&amp;chrome=false&amp;dov=1\"><img decoding=\"async\" style=\"margin-left: 3px; width: 16px; height: 16px;\" src=\"chrome-extension:\/\/gmpljdlgcdkljlppaekciacdmdlhfeon\/images\/beside-link-icon.svg\" \/><\/a><\/strong><\/h4>\r\n<\/li>\r\n<\/ul>\r\n<h2>Aulas disponibles para la docencia<\/h2>\r\n<ul>\r\n\t<li><a href=\"https:\/\/centros.unileon.es\/biologia\/files\/2025\/11\/Aulas_25-26.pdf\"><strong>Aulas docencia 2025-26<\/strong><\/a><a id=\"ffab33e5-1db7-4dad-94f0-3b2675f7ae2f\" title=\"View this pdf file\" href=\"https:\/\/docs.google.com\/viewer?url=https%3A%2F%2Fcentros.unileon.es%2Fbiologia%2Ffiles%2F2023%2F09%2FAulas_2023-24.pdf&amp;embedded=true&amp;chrome=false&amp;dov=1\"><img decoding=\"async\" style=\"margin-left: 3px; width: 16px; height: 16px;\" src=\"chrome-extension:\/\/gmpljdlgcdkljlppaekciacdmdlhfeon\/images\/beside-link-icon.svg\" \/><\/a><\/li>\r\n\t<li><a href=\"http:\/\/severoochoa1.unileon.es\/aulas\/\"><span style=\"color: #800000;\"><strong>Acceso al gestor de aulas de la Facultad<\/strong><\/span><\/a><\/li>\r\n<\/ul>\r\n<h2>Agendas de Actividades<\/h2>\r\n<ul>\r\n\t<li>\r\n<h4><strong><a href=\"https:\/\/centros.unileon.es\/biologia\/files\/2025\/07\/Jornada-de-acogida-y-presentacion-2025_2026-1.pdf\">Jornadas de acogida y presentaci\u00f3n de Primer Curso de los tres Grados 2025-26<\/a><a id=\"4ca5d28a-86c5-4f37-b31a-a99bd9163899\" title=\"View this pdf file\" href=\"https:\/\/docs.google.com\/viewer?url=https%3A%2F%2Fcentros.unileon.es%2Fbiologia%2Ffiles%2F2023%2F09%2FJornada-de-acogida-y-presentacion-2023-24_R-1.pdf&amp;embedded=true&amp;chrome=false&amp;dov=1\"><img decoding=\"async\" style=\"margin-left: 3px; width: 16px; height: 16px;\" src=\"chrome-extension:\/\/gmpljdlgcdkljlppaekciacdmdlhfeon\/images\/beside-link-icon.svg\" \/><\/a><\/strong><\/h4>\r\n<\/li>\r\n<\/ul>\r\n<ul>\r\n\t<li><a href=\"https:\/\/centros.unileon.es\/biologia\/agendas-ciencias-ambientales-1er-semestre\/\"><span style=\"color: #800000;\"><strong>Agendas aprobadas en la Junta de Facultad.\u00a0<\/strong><\/span><\/a><\/li>\r\n<\/ul>\r\n<h2>Calendario de evaluaci\u00f3n<\/h2>\r\n<ul>\r\n\t<li><a href=\"https:\/\/centros.unileon.es\/biologia\/files\/2025\/12\/IMPRESO-2_2a-conv-25-26_modif-BasesIngBiotec_dic25.pdf\">Cuadro-horario de ex\u00e1menes de la Segunda Convocatoria Ordinaria. Curso 2025-2026<\/a><\/li>\r\n<\/ul>\r\n<h2>Organizaci\u00f3n docente<\/h2>\r\n<ul>\r\n\t<li><strong>Coordinador del Grado en Ciencias Ambientales:<\/strong> D. Fernando J. Pereira Garc\u00eda<\/li>\r\n<\/ul>\r\n<ul>\r\n\t<li><a href=\"https:\/\/centros.unileon.es\/biologia\/files\/2025\/12\/Comision-de-coord-CCAA-2025-2026.pdf\">Comisi\u00f3n de Coordinaci\u00f3n y Tribunal de Compensaci\u00f3n: Comisi\u00f3n de Coordinaci\u00f3n del Grado en Ciencias Ambientales 2025-2026<\/a><\/li>\r\n<\/ul>\r\n<ul>\r\n\t<li><a href=\"https:\/\/centros.unileon.es\/biologia\/files\/2025\/12\/Coordinadores-de-Grado-y-curso-2025-2026_noviem25.pdf\">Coordinadores de Grado y curso 2025-2026<\/a><\/li>\r\n<\/ul>\r\n<ul>\r\n\t<li><a href=\"https:\/\/centros.unileon.es\/biologia\/files\/2025\/10\/DELEGADOS-GRADO-EN-CCAA-25-26.pdf\">Representantes de estudiantes Grado en Ciencias Ambientales 2025-2026<\/a><\/li>\r\n<\/ul>\r\n<p>&nbsp;<\/p>","protected":false},"excerpt":{"rendered":"<p>\u00a0 INFORMACI\u00d3N ACAD\u00c9MICA CURSO 2025\/2026 Calendario escolar CALENDARIO 2025-26 Aulas disponibles para la docencia Aulas docencia 2025-26 Acceso al gestor de aulas de la Facultad Agendas de Actividades Jornadas de acogida y presentaci\u00f3n de Primer Curso de los tres Grados 2025-26 Agendas aprobadas en la Junta de Facultad.\u00a0 Calendario de evaluaci\u00f3n Cuadro-horario de ex\u00e1menes de [&hellip;]<\/p>\n","protected":false},"author":3,"featured_media":0,"parent":0,"menu_order":0,"comment_status":"closed","ping_status":"closed","template":"","meta":{"footnotes":""},"class_list":["post-9793","page","type-page","status-publish","hentry"],"_links":{"self":[{"href":"https:\/\/centros.unileon.es\/biologia\/wp-json\/wp\/v2\/pages\/9793","targetHints":{"allow":["GET"]}}],"collection":[{"href":"https:\/\/centros.unileon.es\/biologia\/wp-json\/wp\/v2\/pages"}],"about":[{"href":"https:\/\/centros.unileon.es\/biologia\/wp-json\/wp\/v2\/types\/page"}],"author":[{"embeddable":true,"href":"https:\/\/centros.unileon.es\/biologia\/wp-json\/wp\/v2\/users\/3"}],"replies":[{"embeddable":true,"href":"https:\/\/centros.unileon.es\/biologia\/wp-json\/wp\/v2\/comments?post=9793"}],"version-history":[{"count":35,"href":"https:\/\/centros.unileon.es\/biologia\/wp-json\/wp\/v2\/pages\/9793\/revisions"}],"predecessor-version":[{"id":13461,"href":"https:\/\/centros.unileon.es\/biologia\/wp-json\/wp\/v2\/pages\/9793\/revisions\/13461"}],"wp:attachment":[{"href":"https:\/\/centros.unileon.es\/biologia\/wp-json\/wp\/v2\/media?parent=9793"}],"curies":[{"name":"wp","href":"https:\/\/api.w.org\/{rel}","templated":true}]}}