{"id":9738,"date":"2020-02-12T16:14:01","date_gmt":"2020-02-12T16:14:01","guid":{"rendered":"https:\/\/centros.unileon.es\/biologia\/?page_id=9738"},"modified":"2025-12-19T09:43:00","modified_gmt":"2025-12-19T09:43:00","slug":"informacion-academica-curso-2019-2020-biologia","status":"publish","type":"page","link":"https:\/\/centros.unileon.es\/biologia\/informacion-academica-curso-2019-2020-biologia\/","title":{"rendered":"Informaci\u00f3n Acad\u00e9mica"},"content":{"rendered":"<div align=\"center\">\r\n<p style=\"text-align: justify;\" align=\"center\">El t\u00edtulo de Grado en Biolog\u00eda por la Universidad de Le\u00f3n es heredero de la Licenciatura que desde 1953 se viene impartiendo, por lo que estos estudios ya tienen una larga tradici\u00f3n. En la Universidad de Le\u00f3n la titulaci\u00f3n fue autorizada en 1961, lo que la hac\u00eda la tercera de Espa\u00f1a despu\u00e9s de Madrid y Barcelona. No obstante, siendo entonces dependiente de la Universidad de Oviedo, los estudios no se implantaron hasta el curso 1968-69. En el devenir de estos 40 a\u00f1os ha adquirido un elevado prestigio entre los t\u00edtulos que se imparten en la Universidad espa\u00f1ola.<\/p>\r\n<h3 style=\"text-align: left;\" align=\"center\"><a href=\"https:\/\/seguimiento.calidad.unileon.es\/descargaPublico.php?localizacion=uploads\/ACSUCYL_RA_2014_ULE_G.Biologia_Inf_Final-407-2-4-2016-04-20-13-05-01.pdf\"><span style=\"color: #800000;\"><strong>Informe Final de Acreditaci\u00f3n (20\/04\/2016)<\/strong><\/span><\/a><\/h3>\r\n<h3 style=\"text-align: left;\" align=\"center\"><a href=\"https:\/\/seguimiento.calidad.unileon.es\/descargaPublico.php?localizacion=uploads\/MODIFBIOLOGIA20110729-214-2-4-2011-11-10-12-16-47.pdf\"><span style=\"color: #800000;\"><strong>Modificaci\u00f3n Memoria de Verificaci\u00f3n del Grado en Biolog\u00eda (28\/05\/2015)<\/strong><\/span><\/a><\/h3>\r\n<h3 style=\"text-align: left;\" align=\"center\"><a href=\"https:\/\/seguimiento.calidad.unileon.es\/descargaPublico.php?localizacion=uploads\/MEMORIA-143-2-4-2010-12-17-13-21-06.pdf\"><span style=\"color: #800000;\"><strong>Memoria de Verificaci\u00f3n del Grado en Biolog\u00eda (24\/02\/2011)<\/strong><\/span><\/a><\/h3>\r\n<div align=\"center\"><img decoding=\"async\" src=\"http:\/\/centros.unileon.es\/biologia\/files\/2010\/10\/gbio.jpg\" alt=\"\" \/><\/div>\r\n<\/div>\r\n<div align=\"center\">\u00a0<\/div>\r\n<h2 style=\"text-align: center;\"><span style=\"color: #003366;\"><strong>INFORMACI\u00d3N ACAD\u00c9MICA CURSO 2025\/2026<\/strong><\/span><\/h2>\r\n<h2>Calendario escolar<\/h2>\r\n<ul>\r\n\t<li>\r\n<h4 style=\"text-align: justify;\"><strong><a href=\"https:\/\/centros.unileon.es\/biologia\/files\/2025\/07\/calendario_escolar_grados_master_ULE_2025_2026.pdf\">CALENDARIO 2025-26<\/a><a id=\"393e2028-d6c6-492e-96a5-8bc68f912573\" title=\"View this pdf file\" href=\"https:\/\/docs.google.com\/viewer?url=https%3A%2F%2Fcentros.unileon.es%2Fbiologia%2Ffiles%2F2023%2F09%2Fcalendario_escolar_grados2023_2024_sep.pdf&amp;embedded=true&amp;chrome=false&amp;dov=1\"><img decoding=\"async\" style=\"margin-left: 3px; width: 16px; height: 16px;\" src=\"chrome-extension:\/\/gmpljdlgcdkljlppaekciacdmdlhfeon\/images\/beside-link-icon.svg\" \/><\/a><a id=\"fdb82f9d-2f3d-459a-94f4-3b4a21a72efd\" title=\"View this pdf file\" href=\"https:\/\/docs.google.com\/viewer?url=https%3A%2F%2Fcentros.unileon.es%2Fbiologia%2Ffiles%2F2023%2F09%2Fcalendario_escolar_grados2023_2024_DEF-2.pdf&amp;embedded=true&amp;chrome=false&amp;dov=1\"><img decoding=\"async\" style=\"margin-left: 3px; width: 16px; height: 16px;\" src=\"chrome-extension:\/\/gmpljdlgcdkljlppaekciacdmdlhfeon\/images\/beside-link-icon.svg\" \/><\/a><\/strong><\/h4>\r\n<\/li>\r\n<\/ul>\r\n<h2>Aulas disponibles para la docencia<\/h2>\r\n<ul>\r\n\t<li><a href=\"https:\/\/centros.unileon.es\/biologia\/files\/2025\/11\/Aulas_25-26.pdf\">Aulas docencia 2025-26<\/a><\/li>\r\n\t<li><a href=\"http:\/\/severoochoa1.unileon.es\/aulas\/\"><span style=\"color: #800000;\"><strong>Acceso al gestor de aulas de la Facultad<\/strong><\/span><\/a><\/li>\r\n<\/ul>\r\n<h2>Agendas de Actividades<\/h2>\r\n<ul>\r\n\t<li>\r\n<h4><strong><a href=\"https:\/\/centros.unileon.es\/biologia\/files\/2025\/07\/Jornada-de-acogida-y-presentacion-2025_2026.pdf\">Jornadas de acogida y presentaci\u00f3n de Primer Curso de los tres Grados 2025-26<\/a><a id=\"4ca5d28a-86c5-4f37-b31a-a99bd9163899\" title=\"View this pdf file\" href=\"https:\/\/docs.google.com\/viewer?url=https%3A%2F%2Fcentros.unileon.es%2Fbiologia%2Ffiles%2F2023%2F09%2FJornada-de-acogida-y-presentacion-2023-24_R-1.pdf&amp;embedded=true&amp;chrome=false&amp;dov=1\"><img decoding=\"async\" style=\"margin-left: 3px; width: 16px; height: 16px;\" src=\"chrome-extension:\/\/gmpljdlgcdkljlppaekciacdmdlhfeon\/images\/beside-link-icon.svg\" \/><\/a><\/strong><\/h4>\r\n<\/li>\r\n\t<li><a href=\"https:\/\/centros.unileon.es\/biologia\/agendas-biologia-1er-semestre\/\"><span style=\"color: #800000;\"><strong>Agendas aprobadas en la Junta de Facultad.\u00a0<\/strong><\/span><\/a><\/li>\r\n<\/ul>\r\n<h2>Calendario de evaluaci\u00f3n<\/h2>\r\n<ul>\r\n\t<li><a href=\"https:\/\/centros.unileon.es\/biologia\/files\/2025\/12\/IMPRESO-2_2a-conv-25-26_modif-BasesIngBiotec_dic25.pdf\">Cuadro-horario de ex\u00e1menes de la Segunda Convocatoria Ordinaria. Curso 2025-2026<\/a><\/li>\r\n<\/ul>\r\n<h2>Organizaci\u00f3n docente<\/h2>\r\n<ul>\r\n\t<li><strong>Coordinadora del Grado en Biolog\u00eda:<\/strong> D\u00f1a. M\u00aa Luz Valbuena Relea<\/li>\r\n<\/ul>\r\n<ul>\r\n\t<li><a href=\"https:\/\/centros.unileon.es\/biologia\/files\/2025\/12\/Comision-de-coord-BIOLOGIA-2025-2026.pdf\">Comisi\u00f3n de Coordinaci\u00f3n y Tribunal de Compensaci\u00f3n del Grado en Biolog\u00eda 2025-2026<\/a><\/li>\r\n<\/ul>\r\n<ul>\r\n\t<li><a href=\"https:\/\/centros.unileon.es\/biologia\/files\/2025\/12\/Coordinadores-de-Grado-y-curso-2025-2026_noviem25.pdf\">Coordinadores de Grado y curso 2025-2026<\/a><\/li>\r\n<\/ul>\r\n<ul>\r\n\t<li><a href=\"https:\/\/centros.unileon.es\/biologia\/files\/2025\/10\/DELEGADOS-GRADO-EN-BIOLOGIA-25-26.pdf\">Representantes de estudiantes Grado en Biolog\u00eda 2025-2026<\/a><\/li>\r\n<\/ul>\r\n<div align=\"left\">\u00a0<\/div>\r\n<div align=\"center\">\u00a0<\/div>","protected":false},"excerpt":{"rendered":"<p>El t\u00edtulo de Grado en Biolog\u00eda por la Universidad de Le\u00f3n es heredero de la Licenciatura que desde 1953 se viene impartiendo, por lo que estos estudios ya tienen una larga tradici\u00f3n. En la Universidad de Le\u00f3n la titulaci\u00f3n fue autorizada en 1961, lo que la hac\u00eda la tercera de Espa\u00f1a despu\u00e9s de Madrid y [&hellip;]<\/p>\n","protected":false},"author":3,"featured_media":0,"parent":0,"menu_order":0,"comment_status":"closed","ping_status":"closed","template":"","meta":{"footnotes":""},"class_list":["post-9738","page","type-page","status-publish","hentry"],"_links":{"self":[{"href":"https:\/\/centros.unileon.es\/biologia\/wp-json\/wp\/v2\/pages\/9738","targetHints":{"allow":["GET"]}}],"collection":[{"href":"https:\/\/centros.unileon.es\/biologia\/wp-json\/wp\/v2\/pages"}],"about":[{"href":"https:\/\/centros.unileon.es\/biologia\/wp-json\/wp\/v2\/types\/page"}],"author":[{"embeddable":true,"href":"https:\/\/centros.unileon.es\/biologia\/wp-json\/wp\/v2\/users\/3"}],"replies":[{"embeddable":true,"href":"https:\/\/centros.unileon.es\/biologia\/wp-json\/wp\/v2\/comments?post=9738"}],"version-history":[{"count":105,"href":"https:\/\/centros.unileon.es\/biologia\/wp-json\/wp\/v2\/pages\/9738\/revisions"}],"predecessor-version":[{"id":13458,"href":"https:\/\/centros.unileon.es\/biologia\/wp-json\/wp\/v2\/pages\/9738\/revisions\/13458"}],"wp:attachment":[{"href":"https:\/\/centros.unileon.es\/biologia\/wp-json\/wp\/v2\/media?parent=9738"}],"curies":[{"name":"wp","href":"https:\/\/api.w.org\/{rel}","templated":true}]}}