{"id":9452,"date":"2019-06-03T08:29:43","date_gmt":"2019-06-03T08:29:43","guid":{"rendered":"http:\/\/centros.unileon.es\/biologia\/?page_id=9452"},"modified":"2020-07-28T15:01:02","modified_gmt":"2020-07-28T15:01:02","slug":"curso-2019-2020","status":"publish","type":"page","link":"https:\/\/centros.unileon.es\/biologia\/curso-2019-2020\/","title":{"rendered":"Curso 2019\/2020"},"content":{"rendered":"<h2><span style=\"color: #800000;\"><strong>Curso 2019\/2020. Convocatoria de SEPTIEMBRE DE 2020<\/strong><\/span><\/h2>\r\n<table width=\"0\">\r\n<tbody>\r\n<tr>\r\n<td>\r\n<p>Septiembre<\/p>\r\n<\/td>\r\n<td colspan=\"2\">\r\n<p>Convocatoria\u00a0<\/p>\r\n<\/td>\r\n<\/tr>\r\n<tr>\r\n<td rowspan=\"2\">\r\n<p><span style=\"color: #800000;\"><strong>1 de Septiembre al 4 de Septiembre de 2020<\/strong><\/span><\/p>\r\n<\/td>\r\n<td>\r\n<p><strong>ESTUDIANTE<\/strong><\/p>\r\n<\/td>\r\n<td>\r\n<p><strong>TUTOR<\/strong><\/p>\r\n<\/td>\r\n<\/tr>\r\n<tr>\r\n<td>\r\n<p>Realizar\u00e1 la\u00a0<strong>SOLICITUD Y EL DEP\u00d3SITO del TFG<\/strong>\u00a0en la Plataforma de la Universidad de Le\u00f3n \u201cSolicitud y dep\u00f3sito de TFGs\/TFM\u201d:<\/p>\r\n<p>\u00a0<a href=\"https:\/\/tfg.unileon.es\/home\">https:\/\/tfg.unileon.es\/home<\/a><\/p>\r\n<p>-El TFG depositado en la Plataforma debe estar <strong>firmado por el alumno.<\/strong><\/p>\r\n<p>-Enviar\u00e1 a la Unidad Administrativa \u00a0<strong>(fbiadm@unileon.es)<\/strong> el\u00a0<strong>Informe del alumno sobre la publicaci\u00f3n en abierto (Impreso 7).<\/strong><\/p>\r\n<\/td>\r\n<td>\r\n<p>Deber\u00e1 enviar a la Unidad Administrativa (<strong>fbiadm@unileon.es<\/strong>):<\/p>\r\n<p>\u2013<strong>INFORME DEL TUTOR SOBRE LA CALIDAD Y M\u00c9RITOS DEL TFG (Impreso 5).<\/strong><\/p>\r\n<p>\u2013<strong>INFORME DEL TUTOR SOBRE LA PUBLICACI\u00d3N EN ABIERTO (Impreso 6).<\/strong><\/p>\r\n<p>En el caso de estudiantes que tengan un co-tutor externo, \u00e9ste deber\u00e1 rellenar y firmar los dos impresos anteriores (Impreso 5 e Impreso 6).<\/p>\r\n<p>&nbsp;<\/p>\r\n<p>-Deber\u00e1 estar atento a su mail institucional para <strong>ACEPTAR el dep\u00f3sito del TFG del alumno al que tutoriza.<\/strong> El dep\u00f3sito y la aceptaci\u00f3n se realizar\u00e1n en la Plataforma de la Universidad de Le\u00f3n \u201cSolicitud y dep\u00f3sito de TFGs\/TFM\u201d:<\/p>\r\n<p>\u00a0<a href=\"https:\/\/tfg.unileon.es\/home\">https:\/\/tfg.unileon.es\/home<\/a><\/p>\r\n<\/td>\r\n<\/tr>\r\n<tr>\r\n<td>\r\n<p><span style=\"color: #800000;\"><strong>15<\/strong><\/span><span style=\"color: #800000;\"><strong> y 16 de Septiembre de 2020<\/strong><\/span><\/p>\r\n<\/td>\r\n<td colspan=\"2\">\r\n<p><span style=\"color: #800000;\"><strong>Actos de defensa del TFG ante la Comisi\u00f3n de Evaluaci\u00f3n por videoconferencia y\/o Presencial. \u00a0Publicaci\u00f3n de las actas provisionales<\/strong><\/span><\/p>\r\n<\/td>\r\n<\/tr>\r\n<tr>\r\n<td>\r\n<p>21 de Septiembre<\/p>\r\n<\/td>\r\n<td colspan=\"2\">\r\n<p>Revisi\u00f3n de calificaciones<\/p>\r\n<\/td>\r\n<\/tr>\r\n<tr>\r\n<td>\r\n<p>21 de Septiembre<\/p>\r\n<\/td>\r\n<td colspan=\"2\">\r\n<p>Cierre de Actas<\/p>\r\n<\/td>\r\n<\/tr>\r\n<\/tbody>\r\n<\/table>\r\n<h2>\u00a0<\/h2>\r\n<h2><span style=\"color: #800000;\"><strong>Convocatoria de Defensa TFGs (Julio de 2020)<\/strong><\/span><\/h2>\r\n<p><a href=\"https:\/\/centros.unileon.es\/biologia\/files\/2020\/05\/TFGs-Comisiones-evaluacionTFGs-2019-2020-Pres-Sec-Voc-Biolog\u00eda_v2-1.pdf\">TFGs Comisiones evaluaci\u00f3n TFGs 2019-2020 Pres-Sec-Voc-Biolog\u00eda<\/a><\/p>\r\n<p><a href=\"https:\/\/centros.unileon.es\/biologia\/files\/2020\/05\/TFGs-Comisiones-evaluaci\u00f3nTFGs-2019-2020-Pres-Sec-Voc-Biotec.pdf\">TFGs Comisiones evaluaci\u00f3n TFGs 2019-2020 Pres-Sec-Voc-Biotec<\/a><\/p>\r\n<p><a href=\"https:\/\/centros.unileon.es\/biologia\/files\/2020\/05\/TFGs-Comisiones-evaluacionTFGs-2019-2020-Pres-Sec-Voc-CCAA_v2.pdf\">TFGs Comisiones evaluaci\u00f3n TFGs 2019-2020 Pres-Sec-Voc-CCAA<\/a><\/p>\r\n<h2><span style=\"color: #800000;\"><strong>Curso 2019\/2020<\/strong><\/span><\/h2>\r\n<table width=\"0\">\r\n<tbody>\r\n<tr>\r\n<td>\r\n<p>Julio<\/p>\r\n<\/td>\r\n<td colspan=\"2\">\r\n<p>Convocatoria\u00a0<\/p>\r\n<\/td>\r\n<\/tr>\r\n<tr>\r\n<td rowspan=\"2\">\r\n<p><span style=\"color: #800000;\"><strong>22 de Junio al 1 de Julio de 2020<\/strong><\/span><\/p>\r\n<\/td>\r\n<td>\r\n<p><strong>ESTUDIANTE<\/strong><\/p>\r\n<\/td>\r\n<td>\r\n<p><strong>TUTOR<\/strong><\/p>\r\n<\/td>\r\n<\/tr>\r\n<tr>\r\n<td>\r\n<p>Realizar\u00e1 la\u00a0<strong>SOLICITUD Y EL DEP\u00d3SITO del TFG<\/strong>\u00a0en la Plataforma de la Universidad de Le\u00f3n \u201cSolicitud y dep\u00f3sito de TFGs\/TFM\u201d:<\/p>\r\n<p>\u00a0<a href=\"https:\/\/tfg.unileon.es\/home\">https:\/\/tfg.unileon.es\/home<\/a><\/p>\r\n<p>-El TFG depositado en la Plataforma debe estar <strong>firmado por el alumno.<\/strong><\/p>\r\n<p>-Enviar\u00e1 a la Unidad Administrativa \u00a0<strong>(fbiadm@unileon.es)<\/strong> el\u00a0<strong>Informe del alumno sobre la publicaci\u00f3n en abierto (Impreso 7).<\/strong><\/p>\r\n<\/td>\r\n<td>\r\n<p>Deber\u00e1 enviar a la Unidad Administrativa (<strong>fbiadm@unileon.es<\/strong>):<\/p>\r\n<p>\u2013<strong>INFORME DEL TUTOR SOBRE LA CALIDAD Y M\u00c9RITOS DEL TFG (Impreso 5).<\/strong><\/p>\r\n<p>\u2013<strong>INFORME DEL TUTOR SOBRE LA PUBLICACI\u00d3N EN ABIERTO (Impreso 6).<\/strong><\/p>\r\n<p>En el caso de estudiantes que tengan un co-tutor externo, \u00e9ste deber\u00e1 rellenar y firmar los dos impresos anteriores (Impreso 5 e Impreso 6).<\/p>\r\n<p>&nbsp;<\/p>\r\n<p>-Deber\u00e1 estar atento a su mail institucional para <strong>ACEPTAR el dep\u00f3sito del TFG del alumno al que tutoriza.<\/strong> El dep\u00f3sito y la aceptaci\u00f3n se realizar\u00e1n en la Plataforma de la Universidad de Le\u00f3n \u201cSolicitud y dep\u00f3sito de TFGs\/TFM\u201d:<\/p>\r\n<p>\u00a0<a href=\"https:\/\/tfg.unileon.es\/home\">https:\/\/tfg.unileon.es\/home<\/a><\/p>\r\n<\/td>\r\n<\/tr>\r\n<tr>\r\n<td>\r\n<p><span style=\"color: #800000;\"><strong>14 y 15 de Julio de 2020<\/strong><\/span><\/p>\r\n<\/td>\r\n<td colspan=\"2\">\r\n<p><span style=\"color: #800000;\"><strong>Actos de defensa del TFG ante la Comisi\u00f3n de Evaluaci\u00f3n por videoconferencia. \u00a0Publicaci\u00f3n de las actas provisionales<\/strong><\/span><\/p>\r\n<\/td>\r\n<\/tr>\r\n<tr>\r\n<td>\r\n<p>17 de Julio<\/p>\r\n<\/td>\r\n<td colspan=\"2\">\r\n<p>Revisi\u00f3n de calificaciones<\/p>\r\n<\/td>\r\n<\/tr>\r\n<tr>\r\n<td>\r\n<p>17 de Julio<\/p>\r\n<\/td>\r\n<td colspan=\"2\">\r\n<p>Cierre de Actas<\/p>\r\n<\/td>\r\n<\/tr>\r\n<\/tbody>\r\n<\/table>\r\n<p>&nbsp;<\/p>\r\n<h2 style=\"text-align: justify;\"><strong><span style=\"color: #800000;\">Asignaci\u00f3n extraordinaria de TFGs <\/span><span style=\"color: #800000;\"> para el curso 2019\/2020 (Marzo de 2020)<\/span><\/strong><\/h2>\r\n<p><a href=\"https:\/\/centros.unileon.es\/biologia\/files\/2020\/03\/ASIGNACI\u00d3N-EXTRAORDINARIA-DE-TFGS_FEBRERO-DE-2020_TODOS-LOS-GRADOS.pdf\">ASIGNACI\u00d3N EXTRAORDINARIA DE TFGS_FEBRERO DE 2020_TODOS LOS GRADOS<\/a><\/p>\r\n<h2><strong><span style=\"color: #993300;\">Febrero de 2020_ Nueva Convocatoria _Curso 2019\/2020<\/span><\/strong><\/h2>\r\n<div align=\"center\">\r\n<table>\r\n<tbody>\r\n<tr>\r\n<th>Febrero<\/th>\r\n<th colspan=\"2\">Convocatoria\u00a0<\/th>\r\n<\/tr>\r\n<tr>\r\n<td rowspan=\"2\"><strong>12 de Febrero al 18 de Febrero de 2020<\/strong><\/td>\r\n<td><strong>ESTUDIANTE<\/strong><\/td>\r\n<td><strong>TUTOR<\/strong><\/td>\r\n<\/tr>\r\n<tr>\r\n<td>\r\n<p style=\"text-align: justify;\">Realizar\u00e1 la <strong>SOLICITUD Y EL DEP\u00d3SITO del TFG<\/strong> en la Plataforma de la Universidad de Le\u00f3n \u201cSolicitud y dep\u00f3sito de TFGs\/TFM\u201d:<\/p>\r\n<p style=\"text-align: justify;\">\u00a0<a href=\"https:\/\/tfg.unileon.es\/home\">https:\/\/tfg.unileon.es\/home<\/a><\/p>\r\n<p style=\"text-align: justify;\"><br \/>\r\n\u2013Presentar\u00e1 en la Unidad Administrativa una <strong>copia escrita de la memoria del TFG, encuadernada y firmada por el alumno. <\/strong><\/p>\r\n\r\n-Presentar\u00e1 en la Unidad Administrativa el <strong>Informe del alumno sobre la publicaci\u00f3n en abierto (Impreso 7).<\/strong><\/td>\r\n<td><br \/>\r\n<p style=\"text-align: justify;\">Deber\u00e1 presentar en la Unidad Administrativa:<\/p>\r\n<p style=\"text-align: justify;\">&#8211;<strong>INFORME DEL TUTOR SOBRE LA CALIDAD Y M\u00c9RITOS DEL TFG (Impreso 5).<\/strong><\/p>\r\n<p style=\"text-align: justify;\">&#8211;<strong>INFORME DEL TUTOR SOBRE LA PUBLICACI\u00d3N EN ABIERTO (Impreso 6).<\/strong><\/p>\r\n<p style=\"text-align: justify;\"><span style=\"font-family: inherit;\">En el caso de estudiantes que tengan un co-tutor externo, \u00e9ste deber\u00e1 rellenar y firmar los dos impresos anteriores (Impreso 5 e Impreso 6)<\/span><\/p>\r\n<\/td>\r\n<\/tr>\r\n<tr>\r\n<td><span style=\"color: #800000;\"><strong>28 de Febrero de 2020<\/strong><\/span><\/td>\r\n<td colspan=\"2\"><span style=\"color: #800000;\"><strong>Acto de defensa del TFG ante la Comisi\u00f3n de Evaluaci\u00f3n. Publicaci\u00f3n de las actas provisionales<\/strong><\/span><\/td>\r\n<\/tr>\r\n<tr>\r\n<td>2 de Marzo<\/td>\r\n<td colspan=\"2\">Revisi\u00f3n de calificaciones<\/td>\r\n<\/tr>\r\n<tr>\r\n<td>2 de Marzo<\/td>\r\n<td colspan=\"2\">Cierre de Actas<\/td>\r\n<\/tr>\r\n<\/tbody>\r\n<\/table>\r\n<\/div>\r\n<h2 style=\"text-align: left;\"><strong><span style=\"color: #993300;\">Asignaci\u00f3n extraordinaria de TFGs (Febrero 2020)<\/span><\/strong><\/h2>\r\n<div align=\"center\">\r\n<table>\r\n<tbody>\r\n<tr>\r\n<td>25-28 Febrero de 2020<\/td>\r\n<td><strong><span style=\"color: #800000;\">\u00a1ESTUDIANTES!<\/span><\/strong> Presentaci\u00f3n de las solicitudes de TFG Generales (<strong>Impreso 2<\/strong>) o TFG Espec\u00edficos (<strong>Impreso 3<\/strong>) debidamente firmadas.<br \/>\r\n&#8211; Opci\u00f3n 1: Remitir a la Secretar\u00eda del centro por correo electr\u00f3nico (fbiadm@unileon.es), indicando en el asunto del mensaje: TFG_Grado_Apellidos_Nombre<br \/>\r\n&#8211; Opci\u00f3n 2: Entregar personalmente en la Unidad Administrativa de la Facultad.<\/td>\r\n<\/tr>\r\n<tr>\r\n<td>06-11 Marzo<\/td>\r\n<td>Asignaci\u00f3n de los TFGs Generales y Espec\u00edficos (Febrero)<br \/>\r\nPublicaci\u00f3n en la web de la Facultad de la asignaci\u00f3n definitiva de los TFGs del curso 2019-2020.<\/td>\r\n<\/tr>\r\n<\/tbody>\r\n<\/table>\r\n<\/div>\r\n<h3><strong>Listado de TFGs Generales Disponibles<\/strong><\/h3>\r\n<p><a href=\"https:\/\/centros.unileon.es\/biologia\/files\/2020\/02\/Listados-TFG-FEBRERO-Biolog\u00eda-2019-2020.pdf\">Listados TFG FEBRERO &#8211; Biolog\u00eda 2019-2020<\/a><\/p>\r\n<p><a href=\"https:\/\/centros.unileon.es\/biologia\/files\/2020\/02\/Listados-TFG-FEBRERO-CC.-Ambientales-2019-2020.pdf\">Listados TFG FEBRERO &#8211; CC. Ambientales 2019-2020<\/a><\/p>\r\n<p><a href=\"https:\/\/centros.unileon.es\/biologia\/files\/2020\/02\/Listados-TFG-FEBRERO-Biotecnolog\u00eda-2019-2020.pdf\">Listados TFG FEBRERO &#8211; Biotecnolog\u00eda 2019-2020<\/a><\/p>\r\n<h2 style=\"text-align: left;\"><span style=\"color: #800000;\">Convocatoria Extraordinaria Diciembre 2019<\/span><\/h2>\r\n<h2 style=\"text-align: left;\"><span style=\"color: #800000;\">Convocatorias de Defensa_ 17 de Diciembre de 2019<\/span><\/h2>\r\n<p><a href=\"https:\/\/centros.unileon.es\/biologia\/files\/2019\/12\/TFGs-Comisiones-evaluacionTFGs-2019-2020-Pres-Sec-Voc-DICIEMBRE.pdf\">Tribunales Diciembre 2019_Grado en Biolog\u00eda, Biotecnolog\u00eda y Ciencias Ambientales<\/a><\/p>\r\n<p><a href=\"https:\/\/centros.unileon.es\/biologia\/files\/2019\/12\/Tribunal-3-de-Biolog\u00eda.pdf\">Convocatoria y Orden de Defensa_Tribunal 3 de Biolog\u00eda<\/a><\/p>\r\n<p><a href=\"https:\/\/centros.unileon.es\/biologia\/files\/2019\/12\/Tribunal-5-de-Biolog\u00eda.pdf\">Convocatoria y Orden de Defensa_Tribunal 5 de Biolog\u00eda<\/a><\/p>\r\n<p><a href=\"https:\/\/centros.unileon.es\/biologia\/files\/2019\/12\/Comisi\u00f3n-1-ambientales.pdf\">Convocatoria y Orden de Defensa_Tribunal 1 de Ciencias Ambientales<\/a><\/p>\r\n<p><a href=\"https:\/\/centros.unileon.es\/biologia\/files\/2019\/12\/Comisi\u00f3n-1-Biotecnolog\u00eda.pdf\">Convocatoria y Orden de Defensa_Tribunal 1 de Biotecnolog\u00eda<\/a><\/p>\r\n<h2><span style=\"color: #993300;\">Diciembre de 2019_ Convocatoria Extraordinaria-Curso 2019\/2020<\/span><\/h2>\r\n<div align=\"center\">\r\n<table>\r\n<tbody>\r\n<tr>\r\n<th>Diciembre<\/th>\r\n<th colspan=\"2\">Convocatoria Extraordinaria<\/th>\r\n<\/tr>\r\n<tr>\r\n<td rowspan=\"2\"><strong>28 de Noviembre de 2018-05 de Diciembre de 2019<\/strong><\/td>\r\n<td><strong>ESTUDIANTE<\/strong><\/td>\r\n<td><strong>TUTOR<\/strong><\/td>\r\n<\/tr>\r\n<tr>\r\n<td>\u2013 Cargar\u00e1 la versi\u00f3n electr\u00f3nica del trabajo en la p\u00e1gina\u00a0<strong>Moodle de la asignatura<\/strong> (desde las 9.00 horas del d\u00eda 28 de Noviembre hasta las 14.00 horas del d\u00eda 05 de Diciembre).<br \/>\r\nEl nombre del archivo tendr\u00e1 el siguiente formato: TFG_Grado_Apellidos_Nombre. Por ejemplo: TFG_Biologia_Font Belmonte_Enrique<br \/>\r\n\u2013 Presentar\u00e1 una copia escrita de la memoria, encuadernada y firmada, que deber\u00e1 incluir el documento normalizado con la firma del tutor (<strong>Impreso 5<\/strong>)<br \/>\r\n\u2013 Presentar\u00e1 en la Unidad Administrativa la solicitud de defensa y evaluaci\u00f3n del TFG (<strong>Impreso 7<\/strong>)<\/td>\r\n<td>-Deber\u00e1 presentar en la Unidad Administrativa la valoraci\u00f3n y calificaci\u00f3n del TFG (Impreso 6). En el caso de estudiantes que tengan un co-tutor externo, \u00e9ste deber\u00e1 rellenar y firmar el\u00a0<strong>Impreso 6<\/strong>, y enviarlo al tutor acad\u00e9mico del trabajo, quien firmar\u00e1 el\u00a0<strong>Impreso 5<\/strong>\u00a0de autorizaci\u00f3n.<\/td>\r\n<\/tr>\r\n<tr>\r\n<td><span style=\"color: #800000;\"><strong>17 de Diciembre de 2019<\/strong><\/span><\/td>\r\n<td colspan=\"2\"><span style=\"color: #800000;\"><strong>Acto p\u00fablico de defensa del TFG ante la Comisi\u00f3n de Evaluaci\u00f3n. Publicaci\u00f3n de las actas provisionales<\/strong><\/span><\/td>\r\n<\/tr>\r\n<tr>\r\n<td>20 de Diciembre<\/td>\r\n<td colspan=\"2\">Revisi\u00f3n de calificaciones<\/td>\r\n<\/tr>\r\n<tr>\r\n<td>20 de Diciembre<\/td>\r\n<td colspan=\"2\">Cierre de Actas<\/td>\r\n<\/tr>\r\n<\/tbody>\r\n<\/table>\r\n<p>&nbsp;<\/p>\r\n<\/div>\r\n<h2 style=\"text-align: left;\"><span style=\"color: #800000;\">Asignaci\u00f3n definitiva de TFGs <\/span><span style=\"color: #800000;\"> para el curso 2019\/2020<\/span><\/h2>\r\n<p>Las solicitudes de cambio de tutor o tema se resolver\u00e1n, de acuerdo con el calendario de asignaci\u00f3n, entre el 13 y el 16 de Octubre.<\/p>\r\n<p><a href=\"https:\/\/centros.unileon.es\/biologia\/files\/2019\/11\/SOLICITUDES-APROBADAS-DE-CAMBIO-DE-TEMA-O-TUTOR.pdf\">SOLICITUDES APROBADAS DE CAMBIO DE TUTOR Y\/O TEMA<\/a><\/p>\r\n<p><a href=\"https:\/\/centros.unileon.es\/biologia\/files\/2019\/09\/GRADO-EN-BIOLOG\u00cdA-SEPTIEMBRE.pdf\">ASIGNACI\u00d3N DEFINITIVA GRADO EN BIOLOG\u00cdA SEPTIEMBRE<\/a><\/p>\r\n<p><a href=\"https:\/\/centros.unileon.es\/biologia\/files\/2019\/09\/GRADO-EN-BIOTECNOLOG\u00cdA-septiembre.pdf\">ASIGNACI\u00d3N DEFINITIVA GRADO EN BIOTECNOLOG\u00cdA SEPTIEMBRE<\/a><\/p>\r\n<p><a href=\"https:\/\/centros.unileon.es\/biologia\/files\/2019\/09\/GRADO-EN-CIENCIAS-AMBIENTALES-septiembre.pdf\">ASIGNACI\u00d3N DEFINITIVA GRADO EN CIENCIAS AMBIENTALES SEPTIEMBRE<\/a><\/p>\r\n<p><a href=\"https:\/\/centros.unileon.es\/biologia\/files\/2019\/09\/DOBLE-GRADO-CIENCIAS-AMBIENTALES-E-INGENIER\u00cdA-FORESTAL-septiembre.pdf\">ASIGNACI\u00d3N DEFINITIVA DOBLE GRADO CIENCIAS AMBIENTALES E INGENIER\u00cdA FORESTAL SEPTIEMBRE<\/a><\/p>\r\n<h2 style=\"text-align: left;\"><span style=\"color: #800000;\">Asignaci\u00f3n provisional de TFGs <\/span><span style=\"color: #800000;\"> para el curso 2019\/2020<\/span><\/h2>\r\n<p style=\"text-align: justify;\">En el fichero \u00ab<em>Listado numerado de TFGs GENERALES<\/em>\u00bb se encuentran los TFGs Generales ofertados, su numeraci\u00f3n, el T\u00edtulo y el nombre del tutor o tutores.<\/p>\r\n<p style=\"text-align: justify;\">En el fichero \u00ab<em>Asignaci\u00f3n provisional TFGs JULIO<\/em>\u00ab, se asignan TFGs GENERALES (seg\u00fan numeraci\u00f3n) o ESPEC\u00cdFICOS (presentados por el alumno).<\/p>\r\n<h2>Grado en Biolog\u00eda<\/h2>\r\n<p><a href=\"\/\/centros.unileon.es\/biologia\/files\/2019\/06\/1-Listados-TFG-JULIO-Biolog\u00eda-2019-2020.pdf\">Listado numerado de TFGs GENERALES &#8211; Biolog\u00eda 2019-2020<\/a><\/p>\r\n<p><a href=\"https:\/\/centros.unileon.es\/biologia\/files\/2019\/07\/GRADO-EN-BIOLOG\u00cdA-2.pdf\">Asignaci\u00f3n provisional TFGs JULIO 2019- Biolog\u00eda 2019-2020<\/a><\/p>\r\n<h2>Grado en Ciencias Ambientales<\/h2>\r\n<p><a href=\"\/\/centros.unileon.es\/biologia\/files\/2019\/06\/1-Listados-TFG-JULIO-CC.-Ambientales-2019-2020.pdf\">Listado numerado de TFGs GENERALES &#8211; CC. Ambientales 2019-2020<\/a><\/p>\r\n<p><a href=\"https:\/\/centros.unileon.es\/biologia\/files\/2019\/07\/GRADO-EN-CIENCIAS-AMBIENTALES.pdf\">Asignaci\u00f3n provisional TFGs JULIO 2019- Ciencias Ambientales 2019-2020<\/a><\/p>\r\n<h2>Grado en Biotecnolog\u00eda<\/h2>\r\n<p><a href=\"\/\/centros.unileon.es\/biologia\/files\/2019\/06\/1-Listados-TFG-julio-Biotecnolog\u00eda-2019-2020_PG.pdf\"> Listado numerado de TFGs GENERALES &#8211; Biotecnolog\u00eda 2019-2020<\/a><\/p>\r\n<p><a href=\"https:\/\/centros.unileon.es\/biologia\/files\/2019\/07\/GRADO-EN-BIOTECNOLOG\u00cdA.pdf\">Asignaci\u00f3n provisional TFGs JULIO 2019- Biotecnolog\u00eda 2019-2020<\/a><\/p>\r\n<h2>Doble Grado en Ciencias Ambientales e Ingenier\u00eda Forestal<\/h2>\r\n<p><a href=\"https:\/\/centros.unileon.es\/biologia\/files\/2019\/07\/DOBLE-GRADO-CIENCIAS-AMBIENTALES-E-INGENIER\u00cdA-FORESTAL.pdf\">Asignaci\u00f3n provisional TFGs JULIO 2019- Doble Grado 2019-2020<\/a><\/p>\r\n<p>&nbsp;<\/p>\r\n<h2 style=\"text-align: left;\"><span style=\"color: #800000;\">Oferta de TFGs Generales para el curso 2019\/2020<\/span><\/h2>\r\n<h2>Grado en Biolog\u00eda<\/h2>\r\n<p><a href=\"\/\/centros.unileon.es\/biologia\/files\/2019\/06\/1-Listados-TFG-JULIO-Biolog\u00eda-2019-2020.pdf\">Listados TFG JULIO &#8211; Biolog\u00eda 2019-2020<\/a><\/p>\r\n<p><a href=\"\/\/centros.unileon.es\/biologia\/files\/2019\/06\/Propuestas-TFG-Biologia-2019-2020.pdf\">Propuestas TFG Biolog\u00eda 2019-2020<\/a><\/p>\r\n<h2>Grado en Ciencias Ambientales<\/h2>\r\n<p><a href=\"\/\/centros.unileon.es\/biologia\/files\/2019\/06\/1-Listados-TFG-JULIO-CC.-Ambientales-2019-2020.pdf\">Listados TFG JULIO &#8211; CC. Ambientales 2019-2020<\/a><\/p>\r\n<p><a href=\"\/\/centros.unileon.es\/biologia\/files\/2019\/06\/Propuestas-TFG-CCAA-2019-2020.pdf\">Propuestas TFG CCAA 2019-2020<\/a><\/p>\r\n<h2>Grado en Biotecnolog\u00eda<\/h2>\r\n<p><a href=\"\/\/centros.unileon.es\/biologia\/files\/2019\/06\/1-Listados-TFG-julio-Biotecnolog\u00eda-2019-2020_PG.pdf\"> Listados TFG julio &#8211; Biotecnolog\u00eda 2019-2020<\/a><\/p>\r\n<p><a href=\"\/\/centros.unileon.es\/biologia\/files\/2019\/06\/Propuestas-TFG-Biotecnologia-2019-2020-ACTUALIZADO.pdf\">Propuestas TFG Biotecnolog\u00eda 2019-2020-ACTUALIZADO<\/a><\/p>\r\n<h2><span style=\"color: #800000;\">Calendario de asignaci\u00f3n de los TFGs para el Curso 2019\/2020<\/span><\/h2>\r\n<div align=\"center\">\r\n<table>\r\n<tbody>\r\n<tr>\r\n<th>Curso 2019\/2020<\/th>\r\n<\/tr>\r\n<tr>\r\n<td>03 de Junio<\/td>\r\n<td>Publicaci\u00f3n en la p\u00e1gina web de la Facultad de:<br \/>\r\n-Oferta de TFGs Generales.<br \/>\r\n-Criterios de asignaci\u00f3n.<\/td>\r\n<\/tr>\r\n<tr>\r\n<td><span style=\"color: #993300;\"><strong>04-12 de Julio<\/strong><\/span><\/td>\r\n<td><span style=\"color: #000000;\"><span style=\"color: #993300;\"><strong>\u00a1ESTUDIANTES!<\/strong><\/span> Presentaci\u00f3n de las solicitudes de TFG Generales (<strong>Impreso 2<\/strong>) o TFG Espec\u00edficos (<strong>Impreso 3<\/strong>) debidamente firmadas.<\/span><br \/>\r\n<span style=\"color: #000000;\">&#8211; Opci\u00f3n 1: Remitir a la Secretar\u00eda del centro por correo electr\u00f3nico (fbiadm@unileon.es), indicando en el asunto del mensaje: TFG_Grado_Apellidos_Nombre.<\/span><br \/>\r\n<span style=\"color: #000000;\">&#8211; Opci\u00f3n 2: Entregar personalmente en la Unidad Administrativa de la Facultad.<\/span><\/td>\r\n<\/tr>\r\n<tr>\r\n<td>29 Julio<\/td>\r\n<td>Asignaci\u00f3n provisional de los TFGs y publicaci\u00f3n en la web de la Facultad.<\/td>\r\n<\/tr>\r\n<tr>\r\n<td>&nbsp;<\/td>\r\n<td>&nbsp;<\/td>\r\n<\/tr>\r\n<tr>\r\n<td>&nbsp;<\/td>\r\n<td>&nbsp;<\/td>\r\n<\/tr>\r\n<tr>\r\n<td>6-09 Octubre<\/td>\r\n<td>Presentaci\u00f3n de posibles solicitudes de cambio de tutor o tema de TFG.<\/td>\r\n<\/tr>\r\n<tr>\r\n<td>13-16 Octubre<\/td>\r\n<td>Asignaci\u00f3n definitiva de los TFGs y publicaci\u00f3n en la web de la Facultad.<\/td>\r\n<\/tr>\r\n<\/tbody>\r\n<\/table>\r\n<h2 style=\"text-align: left;\">Criterios de asignaci\u00f3n<\/h2>\r\n<p style=\"text-align: left;\">Para la asignaci\u00f3n de los TFGs Generales se considerar\u00e1n la nota media del expediente acad\u00e9mico y, en la medida de lo posible, las preferencias manifestadas por los estudiantes. La asignaci\u00f3n de los TFGs espec\u00edficos propuestos por un estudiante y que tengan el visto bueno del tutor y del Departamento ser\u00e1 autom\u00e1tica.<\/p>\r\n<p style=\"text-align: left;\">\u00a0<\/p>\r\n<\/div>","protected":false},"excerpt":{"rendered":"<p>Curso 2019\/2020. Convocatoria de SEPTIEMBRE DE 2020 Septiembre Convocatoria\u00a0 1 de Septiembre al 4 de Septiembre de 2020 ESTUDIANTE TUTOR Realizar\u00e1 la\u00a0SOLICITUD Y EL DEP\u00d3SITO del TFG\u00a0en la Plataforma de la Universidad de Le\u00f3n \u201cSolicitud y dep\u00f3sito de TFGs\/TFM\u201d: \u00a0https:\/\/tfg.unileon.es\/home -El TFG depositado en la Plataforma debe estar firmado por el alumno. -Enviar\u00e1 a la [&hellip;]<\/p>\n","protected":false},"author":3,"featured_media":0,"parent":0,"menu_order":0,"comment_status":"closed","ping_status":"closed","template":"","meta":{"footnotes":""},"class_list":["post-9452","page","type-page","status-publish","hentry"],"_links":{"self":[{"href":"https:\/\/centros.unileon.es\/biologia\/wp-json\/wp\/v2\/pages\/9452","targetHints":{"allow":["GET"]}}],"collection":[{"href":"https:\/\/centros.unileon.es\/biologia\/wp-json\/wp\/v2\/pages"}],"about":[{"href":"https:\/\/centros.unileon.es\/biologia\/wp-json\/wp\/v2\/types\/page"}],"author":[{"embeddable":true,"href":"https:\/\/centros.unileon.es\/biologia\/wp-json\/wp\/v2\/users\/3"}],"replies":[{"embeddable":true,"href":"https:\/\/centros.unileon.es\/biologia\/wp-json\/wp\/v2\/comments?post=9452"}],"version-history":[{"count":40,"href":"https:\/\/centros.unileon.es\/biologia\/wp-json\/wp\/v2\/pages\/9452\/revisions"}],"predecessor-version":[{"id":10040,"href":"https:\/\/centros.unileon.es\/biologia\/wp-json\/wp\/v2\/pages\/9452\/revisions\/10040"}],"wp:attachment":[{"href":"https:\/\/centros.unileon.es\/biologia\/wp-json\/wp\/v2\/media?parent=9452"}],"curies":[{"name":"wp","href":"https:\/\/api.w.org\/{rel}","templated":true}]}}