{"id":9093,"date":"2018-06-06T11:50:19","date_gmt":"2018-06-06T11:50:19","guid":{"rendered":"http:\/\/centros.unileon.es\/biologia\/?page_id=9093"},"modified":"2024-06-10T11:37:07","modified_gmt":"2024-06-10T11:37:07","slug":"curso-2018-2019","status":"publish","type":"page","link":"https:\/\/centros.unileon.es\/biologia\/curso-2018-2019\/","title":{"rendered":"Curso 2024-2025"},"content":{"rendered":"<h2><strong>OFERTA DE TFGs GENERALES (2024\/2025)<\/strong><\/h2>\r\n<p><strong>TFGS GENERALES PROPUESTOS PARA BIOLOG\u00cdA<\/strong><\/p>\r\n<p><a href=\"https:\/\/centros.unileon.es\/biologia\/files\/2024\/06\/1-Listado-TFG-julio-Biologia-2024-2025.pdf\">Listados TFG julio \u2013 Biolog\u00eda 2024-2025<\/a><\/p>\r\n<p><a href=\"https:\/\/centros.unileon.es\/biologia\/files\/2024\/06\/TFG_B_unidos_2024-2025.pdf\">Propuestas detalladas TFG Biolog\u00eda 2024-2025<\/a><\/p>\r\n<p><strong>TFGS GENERALES PROPUESTOS PARA BIOTECNOLOG\u00cdA<\/strong><\/p>\r\n<p><a href=\"https:\/\/centros.unileon.es\/biologia\/files\/2024\/06\/1-Listado-TFG-julio-Biotecnologia-2024-2025.pdf\">Listados TFG julio \u2013 Biotecnolog\u00eda 2024-2025<\/a><\/p>\r\n<p><a href=\"https:\/\/centros.unileon.es\/biologia\/files\/2024\/06\/TFG_BT_unidos_2024-2025.pdf\">Propuestas detalladas TFG Biotecnolog\u00eda 2024-2025<\/a><\/p>\r\n<p><strong>TFGS GENERALES PROPUESTOS PARA CIENCIAS AMBIENTALES<\/strong><\/p>\r\n<p><a href=\"https:\/\/centros.unileon.es\/biologia\/files\/2024\/06\/1-Listado-TFG-julio-CC.-AA.-y-D.G.-2024-2025.pdf\">Listados TFG julio \u2013 CC. AA. y D.G. 2024-2025<\/a><\/p>\r\n<p><a href=\"https:\/\/centros.unileon.es\/biologia\/files\/2024\/06\/TFG_CA_unidos_2024-2025.pdf\">Propuestas detalladas TFG CC.AA. y D.G. 2024-2025<\/a><\/p>\r\n<p>&nbsp;<\/p>\r\n<h2><strong>Calendario RESUMEN de asignaci\u00f3n de los TFGs (2024\/2025)<\/strong><\/h2>\r\n<table width=\"0\">\r\n<tbody>\r\n<tr>\r\n<td>\r\n<p><strong>10 de Junio<\/strong><\/p>\r\n<\/td>\r\n<td>\r\n<p>Publicaci\u00f3n en la p\u00e1gina web de la Facultad de:<br \/>\r\n-Oferta de TFGs Generales.<\/p>\r\n<\/td>\r\n<\/tr>\r\n<tr>\r\n<td>\r\n<p><strong>26 de Junio-11 Julio<\/strong><\/p>\r\n<\/td>\r\n<td>\r\n<p><strong>\u00a1ESTUDIANTES!<\/strong>\u00a0Presentaci\u00f3n de las solicitudes de TFG Generales (<strong>Impreso 2<\/strong>) o TFG Espec\u00edficos (<strong>Impreso 3<\/strong>) con\u00a0 firma manuscrita o con el informe de firmas de Portafirmas.<\/p>\r\n<p>\u2013 Remitir a la Secretar\u00eda del centro por correo electr\u00f3nico (fbiadm@unileon.es), indicando en el asunto del mensaje y en el nombre del archivo: TFG_Grado_Apellidos_Nombre.<\/p>\r\n<\/td>\r\n<\/tr>\r\n<tr>\r\n<td>\r\n<p><strong>24 de Julio<\/strong><\/p>\r\n<\/td>\r\n<td>\r\n<p>Asignaci\u00f3n provisional de los TFGs y publicaci\u00f3n en la web de la Facultad.<\/p>\r\n<\/td>\r\n<\/tr>\r\n<\/tbody>\r\n<\/table>\r\n<h2>Criterios de asignaci\u00f3n<\/h2>\r\n<p>Para la asignaci\u00f3n de los TFGs Generales se considerar\u00e1 la nota media del expediente acad\u00e9mico. La asignaci\u00f3n de los TFGs espec\u00edficos propuestos por un estudiante y que tengan el visto bueno del tutor y del Departamento ser\u00e1 autom\u00e1tica.<\/p>\r\n<p><strong><u>En septiembre se abrir\u00e1n unas fechas para la presentaci\u00f3n de posibles solicitudes de cambio de tutor o tema de TFG (muy justificadas y con el acuerdo del tutor).<\/u><\/strong><\/p>\r\n<h3><strong>Calendario de Adjudicaci\u00f3n de TFGs (2024\/2025)<\/strong><\/h3>\r\n<table style=\"width: 100%; height: 96px;\">\r\n<tbody>\r\n<tr style=\"height: 48px;\">\r\n<td style=\"height: 48px;\">18-20 Septiembre<\/td>\r\n<td style=\"height: 48px;\">Presentaci\u00f3n de posibles solicitudes de cambio de tutor o tema de TFG.<\/td>\r\n<\/tr>\r\n<tr style=\"height: 48px;\">\r\n<td style=\"height: 48px;\">26 Septiembre<\/td>\r\n<td style=\"height: 48px;\">Asignaci\u00f3n definitiva de los TFGs y publicaci\u00f3n en la web de la Facultad.<\/td>\r\n<\/tr>\r\n<\/tbody>\r\n<\/table>\r\n<h2>\u00a0<\/h2>","protected":false},"excerpt":{"rendered":"<p>OFERTA DE TFGs GENERALES (2024\/2025) TFGS GENERALES PROPUESTOS PARA BIOLOG\u00cdA Listados TFG julio \u2013 Biolog\u00eda 2024-2025 Propuestas detalladas TFG Biolog\u00eda 2024-2025 TFGS GENERALES PROPUESTOS PARA BIOTECNOLOG\u00cdA Listados TFG julio \u2013 Biotecnolog\u00eda 2024-2025 Propuestas detalladas TFG Biotecnolog\u00eda 2024-2025 TFGS GENERALES PROPUESTOS PARA CIENCIAS AMBIENTALES Listados TFG julio \u2013 CC. AA. y D.G. 2024-2025 Propuestas detalladas TFG [&hellip;]<\/p>\n","protected":false},"author":3,"featured_media":0,"parent":0,"menu_order":0,"comment_status":"closed","ping_status":"closed","template":"","meta":{"footnotes":""},"class_list":["post-9093","page","type-page","status-publish","hentry"],"_links":{"self":[{"href":"https:\/\/centros.unileon.es\/biologia\/wp-json\/wp\/v2\/pages\/9093","targetHints":{"allow":["GET"]}}],"collection":[{"href":"https:\/\/centros.unileon.es\/biologia\/wp-json\/wp\/v2\/pages"}],"about":[{"href":"https:\/\/centros.unileon.es\/biologia\/wp-json\/wp\/v2\/types\/page"}],"author":[{"embeddable":true,"href":"https:\/\/centros.unileon.es\/biologia\/wp-json\/wp\/v2\/users\/3"}],"replies":[{"embeddable":true,"href":"https:\/\/centros.unileon.es\/biologia\/wp-json\/wp\/v2\/comments?post=9093"}],"version-history":[{"count":37,"href":"https:\/\/centros.unileon.es\/biologia\/wp-json\/wp\/v2\/pages\/9093\/revisions"}],"predecessor-version":[{"id":12488,"href":"https:\/\/centros.unileon.es\/biologia\/wp-json\/wp\/v2\/pages\/9093\/revisions\/12488"}],"wp:attachment":[{"href":"https:\/\/centros.unileon.es\/biologia\/wp-json\/wp\/v2\/media?parent=9093"}],"curies":[{"name":"wp","href":"https:\/\/api.w.org\/{rel}","templated":true}]}}