{"id":902,"date":"2011-05-30T08:34:29","date_gmt":"2011-05-30T08:34:29","guid":{"rendered":"http:\/\/centros.unileon.es\/biologia\/?page_id=902"},"modified":"2026-02-23T08:56:35","modified_gmt":"2026-02-23T08:56:35","slug":"estudiantes","status":"publish","type":"page","link":"https:\/\/centros.unileon.es\/biologia\/estudiantes\/","title":{"rendered":""},"content":{"rendered":"<h1><a href=\"https:\/\/centros.unileon.es\/biologia\/files\/2024\/05\/image.png\"><img loading=\"lazy\" decoding=\"async\" class=\"alignnone wp-image-12389\" src=\"https:\/\/centros.unileon.es\/biologia\/files\/2024\/05\/image.png\" alt=\"\" width=\"82\" height=\"100\" srcset=\"https:\/\/centros.unileon.es\/biologia\/files\/2024\/05\/image.png 2350w, https:\/\/centros.unileon.es\/biologia\/files\/2024\/05\/image-245x300.png 245w, https:\/\/centros.unileon.es\/biologia\/files\/2024\/05\/image-835x1024.png 835w, https:\/\/centros.unileon.es\/biologia\/files\/2024\/05\/image-768x942.png 768w, https:\/\/centros.unileon.es\/biologia\/files\/2024\/05\/image-1252x1536.png 1252w, https:\/\/centros.unileon.es\/biologia\/files\/2024\/05\/image-1669x2048.png 1669w\" sizes=\"auto, (max-width: 82px) 100vw, 82px\" \/><\/a>\u00a0 \u00a0<span style=\"color: #339966;\">Representaci\u00f3n de Estudiantes<\/span><\/h1>\r\n<p>&nbsp;<\/p>\r\n<h2>Delegaci\u00f3n de Estudiantes de la Facultad<\/h2>\r\n<hr \/>\r\n<p><a href=\"mailto:uledab@unileon.es\"><img loading=\"lazy\" decoding=\"async\" class=\"alignnone wp-image-13502 size-full\" src=\"https:\/\/centros.unileon.es\/biologia\/files\/2026\/02\/Datos-DelegFCBA.png\" alt=\"\" width=\"932\" height=\"216\" srcset=\"https:\/\/centros.unileon.es\/biologia\/files\/2026\/02\/Datos-DelegFCBA.png 932w, https:\/\/centros.unileon.es\/biologia\/files\/2026\/02\/Datos-DelegFCBA-300x70.png 300w, https:\/\/centros.unileon.es\/biologia\/files\/2026\/02\/Datos-DelegFCBA-768x178.png 768w\" sizes=\"auto, (max-width: 932px) 100vw, 932px\" \/><\/a><\/p>\r\n<p><a href=\"https:\/\/centros.unileon.es\/biologia\/files\/2024\/05\/REGLAMENTO-DE-LAS-DELEGACIONES-DE-ESTUDIANTES-DE-LAS-FACULTADES-Y-ESCUELAS-DE-LA-UNIVERSIDAD-DE-LEON-19_12_2022.pdf\"><img loading=\"lazy\" decoding=\"async\" class=\"alignnone wp-image-12393\" src=\"https:\/\/centros.unileon.es\/biologia\/files\/2024\/05\/REGLAMENTO-DE-LAS-DELEGACIONES-DE-ESTUDIANTES-DE-LAS-FACULTADES-Y-ESCUELAS-DE-LA-UNIVERSIDAD-DE-LEON-19_12_2022_page-0001.jpg\" alt=\"\" width=\"177\" height=\"250\" srcset=\"https:\/\/centros.unileon.es\/biologia\/files\/2024\/05\/REGLAMENTO-DE-LAS-DELEGACIONES-DE-ESTUDIANTES-DE-LAS-FACULTADES-Y-ESCUELAS-DE-LA-UNIVERSIDAD-DE-LEON-19_12_2022_page-0001.jpg 1241w, https:\/\/centros.unileon.es\/biologia\/files\/2024\/05\/REGLAMENTO-DE-LAS-DELEGACIONES-DE-ESTUDIANTES-DE-LAS-FACULTADES-Y-ESCUELAS-DE-LA-UNIVERSIDAD-DE-LEON-19_12_2022_page-0001-212x300.jpg 212w, https:\/\/centros.unileon.es\/biologia\/files\/2024\/05\/REGLAMENTO-DE-LAS-DELEGACIONES-DE-ESTUDIANTES-DE-LAS-FACULTADES-Y-ESCUELAS-DE-LA-UNIVERSIDAD-DE-LEON-19_12_2022_page-0001-724x1024.jpg 724w, https:\/\/centros.unileon.es\/biologia\/files\/2024\/05\/REGLAMENTO-DE-LAS-DELEGACIONES-DE-ESTUDIANTES-DE-LAS-FACULTADES-Y-ESCUELAS-DE-LA-UNIVERSIDAD-DE-LEON-19_12_2022_page-0001-768x1087.jpg 768w, https:\/\/centros.unileon.es\/biologia\/files\/2024\/05\/REGLAMENTO-DE-LAS-DELEGACIONES-DE-ESTUDIANTES-DE-LAS-FACULTADES-Y-ESCUELAS-DE-LA-UNIVERSIDAD-DE-LEON-19_12_2022_page-0001-1086x1536.jpg 1086w\" sizes=\"auto, (max-width: 177px) 100vw, 177px\" \/><\/a><a href=\"https:\/\/centros.unileon.es\/biologia\/files\/2024\/05\/ORGANIGRAMA-DE-LA-DELEGACION-DE-ESTUDIANTES-DE-LA-FCCBBAA.png\">\u00a0 \u00a0\u00a0 <\/a><a href=\"https:\/\/centros.unileon.es\/biologia\/files\/2025\/11\/ORGANIGRAMA-DE-LA-DELEGACION-DE-ESTUDIANTES-DE-LA-FCBA.pdf\"><img loading=\"lazy\" decoding=\"async\" class=\"alignnone wp-image-13375\" src=\"https:\/\/centros.unileon.es\/biologia\/files\/2025\/11\/ORGANIGRAMA-DE-LA-DELEGACION-DE-ESTUDIANTES-DE-LA-FCBA.png\" alt=\"\" width=\"159\" height=\"250\" srcset=\"https:\/\/centros.unileon.es\/biologia\/files\/2025\/11\/ORGANIGRAMA-DE-LA-DELEGACION-DE-ESTUDIANTES-DE-LA-FCBA.png 1519w, https:\/\/centros.unileon.es\/biologia\/files\/2025\/11\/ORGANIGRAMA-DE-LA-DELEGACION-DE-ESTUDIANTES-DE-LA-FCBA-191x300.png 191w, https:\/\/centros.unileon.es\/biologia\/files\/2025\/11\/ORGANIGRAMA-DE-LA-DELEGACION-DE-ESTUDIANTES-DE-LA-FCBA-651x1024.png 651w, https:\/\/centros.unileon.es\/biologia\/files\/2025\/11\/ORGANIGRAMA-DE-LA-DELEGACION-DE-ESTUDIANTES-DE-LA-FCBA-768x1207.png 768w, https:\/\/centros.unileon.es\/biologia\/files\/2025\/11\/ORGANIGRAMA-DE-LA-DELEGACION-DE-ESTUDIANTES-DE-LA-FCBA-977x1536.png 977w, https:\/\/centros.unileon.es\/biologia\/files\/2025\/11\/ORGANIGRAMA-DE-LA-DELEGACION-DE-ESTUDIANTES-DE-LA-FCBA-1303x2048.png 1303w\" sizes=\"auto, (max-width: 159px) 100vw, 159px\" \/><\/a><a href=\"https:\/\/centros.unileon.es\/biologia\/files\/2024\/05\/FCCBA_Norma_Prelacion_Pruebas_Evaluacion_page-0001.jpg\">\u00a0 <\/a><a href=\"https:\/\/centros.unileon.es\/biologia\/files\/2024\/05\/FCCBA_Norma_Prelacion_Pruebas_Evaluacion.pdf\"><img loading=\"lazy\" decoding=\"async\" class=\"alignnone wp-image-12388\" src=\"https:\/\/centros.unileon.es\/biologia\/files\/2024\/05\/FCCBA_Norma_Prelacion_Pruebas_Evaluacion_page-0001.jpg\" alt=\"\" width=\"177\" height=\"250\" srcset=\"https:\/\/centros.unileon.es\/biologia\/files\/2024\/05\/FCCBA_Norma_Prelacion_Pruebas_Evaluacion_page-0001.jpg 1241w, https:\/\/centros.unileon.es\/biologia\/files\/2024\/05\/FCCBA_Norma_Prelacion_Pruebas_Evaluacion_page-0001-212x300.jpg 212w, https:\/\/centros.unileon.es\/biologia\/files\/2024\/05\/FCCBA_Norma_Prelacion_Pruebas_Evaluacion_page-0001-724x1024.jpg 724w, https:\/\/centros.unileon.es\/biologia\/files\/2024\/05\/FCCBA_Norma_Prelacion_Pruebas_Evaluacion_page-0001-768x1086.jpg 768w, https:\/\/centros.unileon.es\/biologia\/files\/2024\/05\/FCCBA_Norma_Prelacion_Pruebas_Evaluacion_page-0001-1086x1536.jpg 1086w\" sizes=\"auto, (max-width: 177px) 100vw, 177px\" \/><\/a><a href=\"https:\/\/centros.unileon.es\/biologia\/files\/2025\/10\/Listado-definitivo-de-candidatos-electos-delegados_as-y-subdelegados_as-2025-2026.pdf\"><img loading=\"lazy\" decoding=\"async\" class=\"alignnone wp-image-13287\" src=\"https:\/\/centros.unileon.es\/biologia\/files\/2025\/10\/Listado-definitivo-de-candidatos-electos-delegados_as-y-subdelegados_as-2025-2026_page-0001.jpg\" alt=\"\" width=\"177\" height=\"250\" srcset=\"https:\/\/centros.unileon.es\/biologia\/files\/2025\/10\/Listado-definitivo-de-candidatos-electos-delegados_as-y-subdelegados_as-2025-2026_page-0001.jpg 1242w, https:\/\/centros.unileon.es\/biologia\/files\/2025\/10\/Listado-definitivo-de-candidatos-electos-delegados_as-y-subdelegados_as-2025-2026_page-0001-212x300.jpg 212w, https:\/\/centros.unileon.es\/biologia\/files\/2025\/10\/Listado-definitivo-de-candidatos-electos-delegados_as-y-subdelegados_as-2025-2026_page-0001-725x1024.jpg 725w, https:\/\/centros.unileon.es\/biologia\/files\/2025\/10\/Listado-definitivo-de-candidatos-electos-delegados_as-y-subdelegados_as-2025-2026_page-0001-768x1085.jpg 768w, https:\/\/centros.unileon.es\/biologia\/files\/2025\/10\/Listado-definitivo-de-candidatos-electos-delegados_as-y-subdelegados_as-2025-2026_page-0001-1087x1536.jpg 1087w\" sizes=\"auto, (max-width: 177px) 100vw, 177px\" \/><\/a><\/p>\r\n<p><span style=\"color: #008080;\"><strong>Buz\u00f3n de quejas y sugerencias<\/strong><\/span><\/p>\r\n<p><a href=\"https:\/\/forms.gle\/6xJDYHrfqUDgWSRf7\"><img loading=\"lazy\" decoding=\"async\" class=\"alignnone size-full wp-image-12396\" src=\"https:\/\/centros.unileon.es\/biologia\/files\/2024\/05\/Web-Delegacion-3.png\" alt=\"\" width=\"693\" height=\"109\" srcset=\"https:\/\/centros.unileon.es\/biologia\/files\/2024\/05\/Web-Delegacion-3.png 693w, https:\/\/centros.unileon.es\/biologia\/files\/2024\/05\/Web-Delegacion-3-300x47.png 300w\" sizes=\"auto, (max-width: 693px) 100vw, 693px\" \/><\/a><\/p>\r\n<p><span style=\"color: #008080;\"><strong>Canal de WhatsApp &#8211; Actividades, eventos y m\u00e1s<\/strong><\/span><\/p>\r\n<p><a href=\"https:\/\/whatsapp.com\/channel\/0029VajrLwb1Hsq1CXRv6A13\"><img loading=\"lazy\" decoding=\"async\" class=\"alignnone wp-image-12667\" src=\"https:\/\/centros.unileon.es\/biologia\/files\/2024\/09\/Canal-Whatsapp.png\" alt=\"\" width=\"693\" height=\"115\" srcset=\"https:\/\/centros.unileon.es\/biologia\/files\/2024\/09\/Canal-Whatsapp.png 705w, https:\/\/centros.unileon.es\/biologia\/files\/2024\/09\/Canal-Whatsapp-300x50.png 300w\" sizes=\"auto, (max-width: 693px) 100vw, 693px\" \/><\/a><\/p>\r\n<p><a href=\"https:\/\/drive.google.com\/drive\/folders\/1lyT9lb4ssKxjTugA4JnYwYdn3S3Gu6at\"><img loading=\"lazy\" decoding=\"async\" class=\"alignnone size-full wp-image-13016\" src=\"https:\/\/centros.unileon.es\/biologia\/files\/2025\/04\/Normativa-Web-Delegacion.jpg\" alt=\"\" width=\"703\" height=\"124\" srcset=\"https:\/\/centros.unileon.es\/biologia\/files\/2025\/04\/Normativa-Web-Delegacion.jpg 703w, https:\/\/centros.unileon.es\/biologia\/files\/2025\/04\/Normativa-Web-Delegacion-300x53.jpg 300w\" sizes=\"auto, (max-width: 703px) 100vw, 703px\" \/><\/a><\/p>\r\n<p><span style=\"color: #008080;\"><strong>Nuestro portal de LinkedIn<\/strong><\/span><\/p>\r\n<p><a href=\"https:\/\/www.linkedin.com\/company\/delegaci%C3%B3n-de-estudiantes-facultad-de-ciencias-biol%C3%B3gicas-y-ambientales-universidad-de-le%C3%B3n\/\"><img loading=\"lazy\" decoding=\"async\" class=\"alignnone wp-image-13504 size-full\" src=\"https:\/\/centros.unileon.es\/biologia\/files\/2026\/02\/LinkedIn_2021.svg_-e1771836858596.png\" alt=\"\" width=\"700\" height=\"175\" \/><\/a><\/p>\r\n<h2>Consejo de Estudiantes<\/h2>\r\n<hr \/>\r\n<p><a href=\"https:\/\/centros.unileon.es\/biologia\/files\/2024\/05\/Web-Delegacion-1.png\"><img loading=\"lazy\" decoding=\"async\" class=\"alignnone size-full wp-image-12394\" src=\"https:\/\/centros.unileon.es\/biologia\/files\/2024\/05\/Web-Delegacion-1.png\" alt=\"\" width=\"514\" height=\"103\" srcset=\"https:\/\/centros.unileon.es\/biologia\/files\/2024\/05\/Web-Delegacion-1.png 514w, https:\/\/centros.unileon.es\/biologia\/files\/2024\/05\/Web-Delegacion-1-300x60.png 300w\" sizes=\"auto, (max-width: 514px) 100vw, 514px\" \/><\/a><\/p>\r\n<p><blockquote class=\"wp-embedded-content\" data-secret=\"QS5uPhhynh\"><a href=\"https:\/\/ceule.unileon.es\/\">Inicio<\/a><\/blockquote><iframe loading=\"lazy\" class=\"wp-embedded-content\" sandbox=\"allow-scripts\" security=\"restricted\" style=\"position: absolute; visibility: hidden;\" title=\"\u00abInicio\u00bb \u2014 CEULE  Consejo de Estudiantes de la Universidad de Le\u00f3n\" src=\"https:\/\/ceule.unileon.es\/embed\/#?secret=5B7N1JA6li#?secret=QS5uPhhynh\" data-secret=\"QS5uPhhynh\" width=\"600\" height=\"338\" frameborder=\"0\" marginwidth=\"0\" marginheight=\"0\" scrolling=\"no\"><\/iframe><\/p>\r\n<p>&nbsp;<\/p>\r\n<h2>Asociaci\u00f3n de Estudiantes de Biociencias de Espa\u00f1a<\/h2>\r\n<hr \/>\r\n<p><a href=\"https:\/\/centros.unileon.es\/biologia\/files\/2024\/05\/Web-Delegacion-2.png\"><img loading=\"lazy\" decoding=\"async\" class=\"alignnone size-full wp-image-12395\" src=\"https:\/\/centros.unileon.es\/biologia\/files\/2024\/05\/Web-Delegacion-2.png\" alt=\"\" width=\"542\" height=\"112\" srcset=\"https:\/\/centros.unileon.es\/biologia\/files\/2024\/05\/Web-Delegacion-2.png 542w, https:\/\/centros.unileon.es\/biologia\/files\/2024\/05\/Web-Delegacion-2-300x62.png 300w\" sizes=\"auto, (max-width: 542px) 100vw, 542px\" \/><\/a><\/p>\r\n<p><blockquote class=\"wp-embedded-content\" data-secret=\"jIPDzDGIOv\"><a href=\"https:\/\/aebesp.es\/\">\u00a1BIENVENIDOS\/AS!<\/a><\/blockquote><iframe loading=\"lazy\" class=\"wp-embedded-content\" sandbox=\"allow-scripts\" security=\"restricted\" style=\"position: absolute; visibility: hidden;\" title=\"\u00ab\u00a1BIENVENIDOS\/AS!\u00bb \u2014 Asociaci\u00f3n de Estudiantes de Biociencias de Espa\u00f1a\" src=\"https:\/\/aebesp.es\/embed\/#?secret=0IyXZ2uxsx#?secret=jIPDzDGIOv\" data-secret=\"jIPDzDGIOv\" width=\"600\" height=\"338\" frameborder=\"0\" marginwidth=\"0\" marginheight=\"0\" scrolling=\"no\"><\/iframe><\/p>","protected":false},"excerpt":{"rendered":"<p>\u00a0 \u00a0Representaci\u00f3n de Estudiantes &nbsp; Delegaci\u00f3n de Estudiantes de la Facultad \u00a0 \u00a0\u00a0 \u00a0 Buz\u00f3n de quejas y sugerencias Canal de WhatsApp &#8211; Actividades, eventos y m\u00e1s Nuestro portal de LinkedIn Consejo de Estudiantes Inicio &nbsp; Asociaci\u00f3n de Estudiantes de Biociencias de Espa\u00f1a \u00a1BIENVENIDOS\/AS!<\/p>\n","protected":false},"author":3,"featured_media":0,"parent":0,"menu_order":0,"comment_status":"closed","ping_status":"open","template":"","meta":{"footnotes":""},"class_list":["post-902","page","type-page","status-publish","hentry"],"_links":{"self":[{"href":"https:\/\/centros.unileon.es\/biologia\/wp-json\/wp\/v2\/pages\/902","targetHints":{"allow":["GET"]}}],"collection":[{"href":"https:\/\/centros.unileon.es\/biologia\/wp-json\/wp\/v2\/pages"}],"about":[{"href":"https:\/\/centros.unileon.es\/biologia\/wp-json\/wp\/v2\/types\/page"}],"author":[{"embeddable":true,"href":"https:\/\/centros.unileon.es\/biologia\/wp-json\/wp\/v2\/users\/3"}],"replies":[{"embeddable":true,"href":"https:\/\/centros.unileon.es\/biologia\/wp-json\/wp\/v2\/comments?post=902"}],"version-history":[{"count":221,"href":"https:\/\/centros.unileon.es\/biologia\/wp-json\/wp\/v2\/pages\/902\/revisions"}],"predecessor-version":[{"id":13507,"href":"https:\/\/centros.unileon.es\/biologia\/wp-json\/wp\/v2\/pages\/902\/revisions\/13507"}],"wp:attachment":[{"href":"https:\/\/centros.unileon.es\/biologia\/wp-json\/wp\/v2\/media?parent=902"}],"curies":[{"name":"wp","href":"https:\/\/api.w.org\/{rel}","templated":true}]}}