{"id":886,"date":"2011-05-30T08:37:39","date_gmt":"2011-05-30T08:37:39","guid":{"rendered":"http:\/\/centros.unileon.es\/biologia\/?page_id=886"},"modified":"2022-11-08T12:48:05","modified_gmt":"2022-11-08T12:48:05","slug":"premio-vitatene","status":"publish","type":"page","link":"https:\/\/centros.unileon.es\/biologia\/premio-vitatene\/","title":{"rendered":"Premios"},"content":{"rendered":"<p><div id=\"metaslider-id-7486\" style=\"max-width: 800px;\" class=\"ml-slider-3-100-1 ml-slider-pro-2-48-0 metaslider metaslider-nivo metaslider-7486 ml-slider ms-theme-default\" role=\"region\" aria-label=\"Premios Vitatene-Gadea\" data-height=\"600\" data-width=\"800\">\n    <div id=\"metaslider_container_7486\">\n        <div class='slider-wrapper theme-default'><div class='ribbon'><\/div><div id='metaslider_7486' class='nivoSlider'><img loading=\"lazy\" decoding=\"async\" src=\"https:\/\/centros.unileon.es\/biologia\/files\/2015\/12\/Vitatene_2015-800x600.jpg\" height=\"600\" width=\"800\" data-caption=\"Premio DSM-Vitatene 2015 y Acc&eacute;sit del Premio (Festividad de San Alberto Magno)\" alt=\"\" class=\"slider-7486 slide-7905 msDefaultImage\" \/><img loading=\"lazy\" decoding=\"async\" src=\"https:\/\/centros.unileon.es\/biologia\/files\/2015\/12\/Gadea_2015-800x600.jpg\" height=\"600\" width=\"800\" data-caption=\"Premio Gadea Biopharma 2015  y Menci&oacute;n Honor&iacute;fica (Festividad de San Alberto Magno)\" alt=\"\" class=\"slider-7486 slide-7904 msDefaultImage\" \/><img loading=\"lazy\" decoding=\"async\" src=\"https:\/\/centros.unileon.es\/biologia\/files\/2015\/05\/img_9141-800x600.jpg\" height=\"600\" width=\"800\" data-caption=\"Premio Vitatene 2014 (Festividad de San Alberto Magno)\" alt=\"\" class=\"slider-7486 slide-7483 msDefaultImage\" \/><img loading=\"lazy\" decoding=\"async\" src=\"https:\/\/centros.unileon.es\/biologia\/files\/2015\/05\/img_9156-800x600.jpg\" height=\"600\" width=\"800\" data-caption=\"Premio Gadea Biopharma 2014  y Menci&oacute;n Honor&iacute;fica (Festividad de San Alberto Magno)\" alt=\"\" class=\"slider-7486 slide-7484 msDefaultImage\" \/><img loading=\"lazy\" decoding=\"async\" src=\"https:\/\/centros.unileon.es\/biologia\/files\/2015\/05\/DSCN2169-800x600.jpg\" height=\"600\" width=\"800\" data-caption=\"Premio Vitatene 2013  y Menci&oacute;n Honor&iacute;fica (Festividad de San Alberto Magno)\" alt=\"\" class=\"slider-7486 slide-7480 msDefaultImage\" \/><img loading=\"lazy\" decoding=\"async\" src=\"https:\/\/centros.unileon.es\/biologia\/files\/2015\/05\/img_5333-800x600.jpg\" height=\"600\" width=\"800\" data-caption=\"Premio Vitatene 2013 (Festividad de San Isidoro de Sevilla)\" alt=\"\" class=\"slider-7486 slide-7481 msDefaultImage\" \/><img loading=\"lazy\" decoding=\"async\" src=\"https:\/\/centros.unileon.es\/biologia\/files\/2015\/05\/DSCN2174-800x600.jpg\" height=\"600\" width=\"800\" data-caption=\"Premio Gadea Biopharma 2013  y Menci&oacute;n Honor&iacute;fica (Festividad de San Alberto Magno)\" alt=\"\" class=\"slider-7486 slide-7479 msDefaultImage\" \/><img loading=\"lazy\" decoding=\"async\" src=\"https:\/\/centros.unileon.es\/biologia\/files\/2015\/05\/img_5334-800x600.jpg\" height=\"600\" width=\"800\" data-caption=\"Premio Gadea Biopharma 2013 (Festividad de San Isidoro de Sevilla)\" alt=\"\" class=\"slider-7486 slide-7482 msDefaultImage\" \/><img loading=\"lazy\" decoding=\"async\" src=\"https:\/\/centros.unileon.es\/biologia\/files\/2015\/05\/Sara1-800x600.jpg\" height=\"600\" width=\"800\" data-caption=\"Premio Vitatene 2012 y Menci&oacute;n Honor&iacute;fica (Festividad de San Alberto Magno)\" alt=\"\" class=\"slider-7486 slide-7477 msDefaultImage\" \/><img loading=\"lazy\" decoding=\"async\" src=\"https:\/\/centros.unileon.es\/biologia\/files\/2015\/05\/Romina-800x600.jpg\" height=\"600\" width=\"800\" data-caption=\"Premio Gadea Biopharma 2012 (Festividad de San Alberto Magno)\" alt=\"\" class=\"slider-7486 slide-7478 msDefaultImage\" \/><img loading=\"lazy\" decoding=\"async\" src=\"https:\/\/centros.unileon.es\/biologia\/files\/2015\/05\/09-Noviembre-2012-Premio-Gadea-Biopharma-800x600.jpg\" height=\"600\" width=\"800\" data-caption=\"Premio Gadea Biopharma 2012  y Menci&oacute;n Honor&iacute;fica (Festividad de San Alberto Magno)\" alt=\"\" class=\"slider-7486 slide-7485 msDefaultImage\" \/><img loading=\"lazy\" decoding=\"async\" src=\"https:\/\/centros.unileon.es\/biologia\/files\/2024\/04\/artem-bali-680991-unsplash-1-800x600.jpg\" height=\"600\" width=\"800\" title=\"artem-bali-680991-unsplash-1\" alt=\"\" class=\"slider-7486 slide-12181 msDefaultImage\" \/><img loading=\"lazy\" decoding=\"async\" src=\"https:\/\/centros.unileon.es\/biologia\/files\/2024\/04\/ella-olsson-1094090-unsplash-1-800x600.jpg\" height=\"600\" width=\"800\" title=\"ella-olsson-1094090-unsplash-1\" alt=\"\" class=\"slider-7486 slide-12189 msDefaultImage\" \/><\/div><\/div>\n        \n    <\/div>\n<\/div><br \/>\r\n\u00a0<\/p>\r\n<h3><span style=\"color: #800000;\">Vitatene Award for Academic Excellence<\/span><\/h3>\r\n<p align=\"justify\">La Universidad de Le\u00f3n y la empresa VITATENE, S.A, tienen suscrito un convenio marco de colaboraci\u00f3n de fecha 28 de abril de 2010 con una vigencia de cinco a\u00f1os, susceptible de pr\u00f3rroga. Dicho convenio contempla entre otras actuaciones y l\u00edneas prioritarias, potenciar y colaborar en las actividades de formaci\u00f3n relacionadas con los sectores y actividades en aplicaciones biotecnol\u00f3gicas de la microbiolog\u00eda industrial.<br \/>\r\nCon el fin de incentivar la formaci\u00f3n cient\u00edfica de los alumnos de los estudios de Biotecnolog\u00eda de la Universidad de Le\u00f3n, ambas partes acordaron el establecimiento de un Premio Anual, que se otorga al mejor expediente de la titulaci\u00f3n de Licenciado\/Graduado en Biotecnolog\u00eda de la Universidad de Le\u00f3n.<br \/>\r\nEl premio \u00abVITATENE AWARDS FOR ACADEMIC EXCELLENCE\u00bb est\u00e1 dotado con la cantidad de TRESMIL EUROS (3.000\u20ac), que son aportados \u00edntegramente por Vitatene S.A.<\/p>\r\n<ul>\r\n\t<li><a href=\"https:\/\/centros.unileon.es\/biologia\/files\/2022\/10\/ACTA_Premio_Vitatene_2020.pdf\">Premio Vitatene 2020<\/a><\/li>\r\n\t<li><a href=\"https:\/\/centros.unileon.es\/biologia\/files\/2020\/12\/ACTA_Premio_Vitatene_2019bis.pdf\">Premio Vitatene 2019<\/a><\/li>\r\n\t<li><a href=\"https:\/\/centros.unileon.es\/biologia\/files\/2020\/12\/ACTA_Premio_Vitatene_2018bis.pdf\">Premio Vitatene 2018<\/a><\/li>\r\n\t<li><a href=\"https:\/\/centros.unileon.es\/biologia\/files\/2020\/12\/ACTA_Premio_Vitatene_2017bis.pdf\">Premio Vitatene 2017<\/a><\/li>\r\n\t<li><a href=\"https:\/\/centros.unileon.es\/biologia\/files\/2020\/12\/ACTA_Premio_Vitatene_2016-bis.pdf\">Premio Vitatene 2016<\/a><\/li>\r\n\t<li><a href=\"http:\/\/centros.unileon.es\/biologia\/files\/2011\/05\/Premio_Vitatene_2015_web.pdf\">Premio Vitatene 2015<\/a><\/li>\r\n\t<li><a href=\"http:\/\/centros.unileon.es\/biologia\/files\/2015\/05\/Premio_Vitatene_2014_web.pdf\">Premio Vitatene 2014<\/a><\/li>\r\n\t<li><a href=\"http:\/\/centros.unileon.es\/biologia\/files\/2011\/05\/Premio_Vitatene_2013_web.pdf\">Premio Vitatene 2013<\/a><\/li>\r\n\t<li><a href=\"http:\/\/centros.unileon.es\/biologia\/files\/2011\/05\/Premio_Vitatene_2012_web.pdf\">Premio Vitatene 2012<\/a><\/li>\r\n\t<li><a href=\"http:\/\/centros.unileon.es\/biologia\/files\/2011\/05\/PREMIO-vITATENE-2011-12.pdf\">Premio Vitatene 2011<\/a><\/li>\r\n\t<li><a href=\"http:\/\/centros.unileon.es\/biologia\/files\/2011\/05\/premio-vitatene-2009-10.pdf\">Premio Vitatene 2010<\/a><\/li>\r\n<\/ul>\r\n<p>&nbsp;<\/p>\r\n<h3><span style=\"color: #800000;\">Premio Fin de Carrera GADEA BIOPHARMA<\/span><\/h3>\r\n<p align=\"justify\">La Universidad de Le\u00f3n y la empresa GADEA BIOPHARMA S.L. , tienen suscrito un convenio marco de colaboraci\u00f3n de fecha 15 de julio de 2011 con una vigencia de cinco a\u00f1os, susceptible de pr\u00f3rroga. Dicho convenio contempla entre otras actuaciones y l\u00edneas prioritarias, potenciar y colaborar en las actividades de formaci\u00f3n relacionadas con los sectores y actividades en aplicaciones biotecnol\u00f3gicas de la microbiolog\u00eda industrial.<br \/>\r\nCon el fin de incentivar la formaci\u00f3n cient\u00edfica de los alumnos de los estudios de Biolog\u00eda de la Universidad de Le\u00f3n, ambas partes acordaron el establecimiento de un Premio Anual, que se otorga al mejor expediente de la titulaci\u00f3n de Licenciado\/Graduado en Biolog\u00eda de la Universidad de Le\u00f3n.<br \/>\r\nEl premio \u00abPremio Fin de Carrera GADEA BIOPHARMA, S.L.\u00bb est\u00e1 dotado con la cantidad de TRESMIL EUROS (3.000\u20ac), que son aportados \u00edntegramente por Gadea BioPharma, S.L.<\/p>\r\n<ul>\r\n\t<li><a href=\"http:\/\/centros.unileon.es\/biologia\/files\/2011\/05\/CONVENIO_PREMIO_GADEA.pdf\">Convenio del Premio Gadea<\/a><\/li>\r\n\t<li><a href=\"https:\/\/centros.unileon.es\/biologia\/files\/2020\/12\/ACTA_Premio_Gadea_2018bis.pdf\">Premio Gadea Biopharma 2018<\/a><\/li>\r\n\t<li><a href=\"https:\/\/centros.unileon.es\/biologia\/files\/2020\/12\/ACTA_Premio_Gadea_2017bis.pdf\">Premio Gadea Biopharma 2017<\/a><\/li>\r\n\t<li><a href=\"https:\/\/centros.unileon.es\/biologia\/files\/2020\/12\/ACTA_Premio_Gadea_2016-bis.pdf\">Premio Gadea Biopharma 2016<\/a><\/li>\r\n\t<li><a href=\"http:\/\/centros.unileon.es\/biologia\/files\/2011\/05\/Premio_Gadea_2015_web.pdf\">Premio Gadea Biopharma 2015<\/a><\/li>\r\n\t<li><a href=\"http:\/\/centros.unileon.es\/biologia\/files\/2015\/05\/Premio_Gadea_2014_web.pdf\">Premio Gadea Biopharma 2014<\/a><\/li>\r\n\t<li><a href=\"http:\/\/centros.unileon.es\/biologia\/files\/2011\/05\/Premio_Gadea_2013_web.pdf\">Premio Gadea Biopharma 2013<\/a><\/li>\r\n\t<li><a href=\"http:\/\/centros.unileon.es\/biologia\/files\/2011\/05\/Premio_Gadea_2012_web.pdf\">Premio Gadea Biopharma 2012<\/a><\/li>\r\n<\/ul>\r\n<p>&nbsp;<\/p>\r\n<h3><span style=\"color: #800000;\">Otros Premiados en la Facultad<\/span><\/h3>\r\n<p><img loading=\"lazy\" decoding=\"async\" class=\"alignleft size-full wp-image-4430\" style=\"margin: 0px 10px 10px 10px; float: left;\" src=\"http:\/\/centros.unileon.es\/biologia\/files\/2011\/05\/image002.jpg\" alt=\"image\" width=\"250\" height=\"200\" \/><\/p>\r\n<p align=\"justify\"><br \/>\r\n<a href=\"http:\/\/www.quarrylifeaward.es\/node\/388\"><strong> \u00a1Enhorabuena!<\/strong> al proyecto de Adri\u00e1n Villastrigo Carbajo y otros estudiantes del M\u00e1ster en Riesgos Naturales (Curso 2014-15) por el 4\u00ba Premio del Voto del P\u00fablico en el <strong><em>\u00abQuarry Life Award 2014\u00bb<\/em><\/strong>, certamen internacional del grupo <em>Heidelberg Cement<\/em>, que pretende impulsar buenas pr\u00e1cticas de biodiversidad y sostenibilidad ambiental en torno a las actividades de la empresa.<\/a><\/p>\r\n<p><br \/>\r\n<img loading=\"lazy\" decoding=\"async\" class=\"alignleft size-full wp-image-4430\" style=\"margin: 0px 10px 10px 10px; float: left;\" src=\"http:\/\/centros.unileon.es\/biologia\/files\/2015\/12\/ACGen_Alberto_Acedo_MIT_2014.jpg\" alt=\"image\" width=\"250\" height=\"200\" \/><\/p>\r\n<p align=\"justify\"><br \/>\r\n<a href=\"http:\/\/www.technologyreview.es\/tr35espana\/1489\/alberto-acedo\/\"><strong> \u00a1Enhorabuena!<\/strong> al Dr. Alberto Acedo, antiguo alumno de la Facultad, por haber sido reconocido por la edici\u00f3n espa\u00f1ola de la revista del Instituto Tecnol\u00f3gico de Massachusets, <strong><em>MIT Technology Review<\/em><\/strong>, como uno de los <strong>10 Innovadores espa\u00f1oles menores de 35 a\u00f1os<\/strong>.<\/a><\/p>\r\n<p><br \/>\r\n<img loading=\"lazy\" decoding=\"async\" class=\"alignleft size-full wp-image-4430\" style=\"margin: 0px 10px 10px 10px; float: left;\" src=\"http:\/\/centros.unileon.es\/biologia\/files\/2011\/06\/y16d13790.jpg\" alt=\"image\" width=\"250\" height=\"200\" \/><\/p>\r\n<p align=\"justify\"><br \/>\r\n<a href=\"http:\/\/www.diariodeleon.es\/noticias\/leon\/premio-innovadores_845856.html\"><strong> \u00a1Enhorabuena!<\/strong> a la Dra. Laura L\u00f3pez Campano y el Grupo de F\u00edsica de la Atm\u00f3sfera de la Universidad de Le\u00f3n, por el Premio <strong>Premio Innovadores 2013<\/strong>, otorgado por el Diario de Le\u00f3n.<\/a><\/p>\r\n<p><br \/>\r\n<a href=\"http:\/\/centros.unileon.es\/biologia\/files\/2011\/06\/image.jpeg\"><img loading=\"lazy\" decoding=\"async\" class=\"alignleft size-full wp-image-4430\" style=\"margin: 0px 10px 10px 10px; float: left;\" src=\"http:\/\/centros.unileon.es\/biologia\/files\/2011\/06\/image.jpeg\" alt=\"image\" width=\"250\" height=\"200\" \/><\/a><\/p>\r\n<p align=\"justify\"><br \/>\r\n<a href=\"http:\/\/www.diariodeleon.es\/noticias\/provincia\/purroy-premiado-por-gobierno-por-su-lucha-por-medio-ambiente_792773.html\"><strong> \u00a1Enhorabuena!<\/strong> al Dr. Francisco Jos\u00e9 (Pancho) Purroy por la concesi\u00f3n de la <strong>Gran Cruz de la Orden Civil del M\u00e9rito Medioambiental<\/strong>. Esta distinci\u00f3n, otorgada por el Consejo de Ministros (BOE 04\/05\/2013), viene a reconocer su destacada labor en defensa del medio ambiente.<\/a><\/p>\r\n<p>&nbsp;<\/p>\r\n<ul>\r\n\t<li style=\"text-align: justify;\">La alumna <strong>D\u00aa Raquel del Pino Garc\u00eda<\/strong>, Premio Vitatene 2010, ha sido galardonada con el <span style=\"color: #333399;\"><strong>Premio Nacional de Fin de Carrera de la Licenciatura en Biotecnolog\u00eda<\/strong><\/span> del Curso Acad\u00e9mico 2009-2010. Igualmente, <strong>D\u00aa Indira \u00c1lvarez Fern\u00e1ndez<\/strong>, tambi\u00e9n estudiante de nuestra Facultad, ha recibido el <strong><span style=\"color: #333399;\">Accesit del Premio Nacional de Fin de Carrera de la Licenciatura en Biolog\u00eda<\/span><\/strong> del mismo Curso Acad\u00e9mico (BOE 16 de abril de 2013).<\/li>\r\n<\/ul>\r\n<div align=\"center\"><a href=\"http:\/\/centros.unileon.es\/biologia\/\">Inicio<\/a><\/div>","protected":false},"excerpt":{"rendered":"<p>\u00a0 Vitatene Award for Academic Excellence La Universidad de Le\u00f3n y la empresa VITATENE, S.A, tienen suscrito un convenio marco de colaboraci\u00f3n de fecha 28 de abril de 2010 con una vigencia de cinco a\u00f1os, susceptible de pr\u00f3rroga. Dicho convenio contempla entre otras actuaciones y l\u00edneas prioritarias, potenciar y colaborar en las actividades de formaci\u00f3n [&hellip;]<\/p>\n","protected":false},"author":3,"featured_media":0,"parent":0,"menu_order":0,"comment_status":"closed","ping_status":"open","template":"","meta":{"footnotes":""},"class_list":["post-886","page","type-page","status-publish","hentry"],"_links":{"self":[{"href":"https:\/\/centros.unileon.es\/biologia\/wp-json\/wp\/v2\/pages\/886","targetHints":{"allow":["GET"]}}],"collection":[{"href":"https:\/\/centros.unileon.es\/biologia\/wp-json\/wp\/v2\/pages"}],"about":[{"href":"https:\/\/centros.unileon.es\/biologia\/wp-json\/wp\/v2\/types\/page"}],"author":[{"embeddable":true,"href":"https:\/\/centros.unileon.es\/biologia\/wp-json\/wp\/v2\/users\/3"}],"replies":[{"embeddable":true,"href":"https:\/\/centros.unileon.es\/biologia\/wp-json\/wp\/v2\/comments?post=886"}],"version-history":[{"count":153,"href":"https:\/\/centros.unileon.es\/biologia\/wp-json\/wp\/v2\/pages\/886\/revisions"}],"predecessor-version":[{"id":11501,"href":"https:\/\/centros.unileon.es\/biologia\/wp-json\/wp\/v2\/pages\/886\/revisions\/11501"}],"wp:attachment":[{"href":"https:\/\/centros.unileon.es\/biologia\/wp-json\/wp\/v2\/media?parent=886"}],"curies":[{"name":"wp","href":"https:\/\/api.w.org\/{rel}","templated":true}]}}