{"id":8639,"date":"2017-05-31T11:15:15","date_gmt":"2017-05-31T11:15:15","guid":{"rendered":"http:\/\/centros.unileon.es\/biologia\/?page_id=8639"},"modified":"2018-09-04T12:30:36","modified_gmt":"2018-09-04T12:30:36","slug":"curso-2017-2018","status":"publish","type":"page","link":"https:\/\/centros.unileon.es\/biologia\/curso-2017-2018\/","title":{"rendered":"Curso 2017-2018"},"content":{"rendered":"<h2>Tribunales TFGs 6 de Septiembre de 2018<\/h2>\r\n<a href=\"http:\/\/centros.unileon.es\/biologia\/files\/2018\/09\/Comisiones-evaluacionTFGs-2017-2018-Pres-Sec-Voc-SEPT-2018.pdf\">Comisiones evaluaci\u00f3nTFGs 2017-2018 SEPTIEMBRE 2018<\/a>\r\n<h2><span style=\"color: #993300;\"><em>Convocatorias del Acto de Defensa (6 de septiembre de 2018)<\/em><\/span><\/h2>\r\n<span style=\"color: #993300;\"><strong>Grado en Biotecnolog\u00eda<\/strong><\/span>\r\n\r\n<a href=\"http:\/\/centros.unileon.es\/biologia\/files\/2018\/09\/Biotec-septiembre-tribunal-1.pdf\">Comisi\u00f3n de Evaluaci\u00f3n 1_ EDIFICIO CENTRAL SAL\u00d3N DE GRADOS<\/a>\r\n\r\n<a href=\"http:\/\/centros.unileon.es\/biologia\/files\/2018\/09\/biotec-septiembre-tribunal2.pdf\">Comisi\u00f3n de Evaluaci\u00f3n 2_ EDIFICIO CENTRAL AULA MAGNA<\/a>\r\n\r\n<span style=\"color: #993300;\"><strong>Grado en Biolog\u00eda<\/strong><\/span>\r\n\r\n<a href=\"http:\/\/centros.unileon.es\/biologia\/files\/2018\/09\/tribunal-1-biolog\u00eda.pdf\">Comisi\u00f3n de Evaluaci\u00f3n 1_ EDIFICIO DARWIN 3.1<\/a>\r\n\r\n<a href=\"http:\/\/centros.unileon.es\/biologia\/files\/2018\/09\/tribunal-2-biolog\u00eda.pdf\">Comisi\u00f3n de Evaluaci\u00f3n 2_\u00a0EDIFICIO DARWIN 3.3<\/a>\r\n\r\n<a href=\"http:\/\/centros.unileon.es\/biologia\/files\/2018\/09\/tribunal-4-biolog\u00eda.pdf\">Comisi\u00f3n de Evaluaci\u00f3n 4_EDIFICIO DARWIN 3.4<\/a>\r\n\r\n<span style=\"color: #993300;\"><strong>Grado en Ciencias Ambientales<\/strong><\/span>\r\n\r\n<a href=\"http:\/\/centros.unileon.es\/biologia\/files\/2018\/09\/tribunal-1-ccaa-septiembre.pdf\">Comisi\u00f3n de Evaluaci\u00f3n 1_ EDIFICIO DARWIN 2.1<\/a>\r\n\r\n<a href=\"http:\/\/centros.unileon.es\/biologia\/files\/2018\/09\/tribunal-2-ccaa-septiembre.pdf\">Comisi\u00f3n de Evaluaci\u00f3n 2_\u00a0EDIFICIO DARWIN 2.2<\/a>\r\n\r\n<a href=\"http:\/\/centros.unileon.es\/biologia\/files\/2018\/09\/tribunal-3-ccaa-septiembre.pdf\">Comisi\u00f3n de Evaluaci\u00f3n 3_EDIFICIO DARWIN 3.2<\/a>\r\n<h2><span style=\"color: #993300;\"><em>Convocatorias del Acto de Defensa (29 de junio de 2018)<\/em><\/span><\/h2>\r\n<span style=\"color: #993300;\"><strong>Grado en Biotecnolog\u00eda<\/strong><\/span>\r\n\r\n<a href=\"http:\/\/centros.unileon.es\/biologia\/files\/2018\/06\/BT-Acta-TRIBUNAL-1-1.pdf\">Comisi\u00f3n de Evaluaci\u00f3n 1_ EDIFICIO CENTRAL AULA 12<\/a>\r\n\r\n<a href=\"http:\/\/centros.unileon.es\/biologia\/files\/2018\/06\/BT-Acta-TRIBUNAL-2-1.pdf\">Comisi\u00f3n de Evaluaci\u00f3n 2_ EDIFICIO CENTRAL AULA\u00a0 10<\/a>\r\n\r\n<a href=\"http:\/\/centros.unileon.es\/biologia\/files\/2018\/06\/BT-Acta-TRIBUNAL-3.pdf\">Comisi\u00f3n de Evaluaci\u00f3n 3_ EDIFICIO CENTRAL AULA MAGNA<\/a>\r\n\r\n<span style=\"color: #993300;\"><strong>Grado en Ciencias Ambientales<\/strong><\/span>\r\n\r\n<a href=\"http:\/\/centros.unileon.es\/biologia\/files\/2018\/06\/CCAA-Acta-TRIBUNAL-1.pdf\">Comisi\u00f3n de Evaluaci\u00f3n 1_ EDIFICIO CENTRAL AULA 4<\/a>\r\n\r\n<a href=\"http:\/\/centros.unileon.es\/biologia\/files\/2018\/06\/CCAA-Acta-TRIBUNAL-2.pdf\">Comisi\u00f3n de Evaluaci\u00f3n 2_ EDIFICIO CENTRAL SAL\u00d3N DE GRADOS<\/a>\r\n\r\n<a href=\"http:\/\/centros.unileon.es\/biologia\/files\/2018\/06\/CCAA-Acta-TRIBUNAL-3.pdf\">Comisi\u00f3n de Evaluaci\u00f3n 3_ EDIFICIO CENTRAL AULA 8<\/a>\r\n\r\n<span style=\"color: #993300;\"><strong>Grado en Biolog\u00eda<\/strong><\/span>\r\n\r\n<a href=\"http:\/\/centros.unileon.es\/biologia\/files\/2018\/06\/B-Acta-TRIBUNAL-1-1.pdf\">Comisi\u00f3n de Evaluaci\u00f3n 1_ EDIFICIO DARWIN AULA\u00a0 1.3<\/a>\r\n\r\n<a href=\"http:\/\/centros.unileon.es\/biologia\/files\/2018\/06\/B-Acta-TRIBUNAL-2.pdf\">Comisi\u00f3n de Evaluaci\u00f3n 2_ EDIFICIO DARWIN AULA\u00a0 0.1<\/a>.\r\n\r\n<a href=\"http:\/\/centros.unileon.es\/biologia\/files\/2018\/06\/B-Acta-TRIBUNAL-3.pdf\">Comisi\u00f3n de Evaluaci\u00f3n 3_ EDIFICIO DARWIN AULA 1.2<\/a>\r\n\r\n<a href=\"http:\/\/centros.unileon.es\/biologia\/files\/2018\/06\/B-Acta-TRIBUNAL-4.pdf\">Comisi\u00f3n de Evaluaci\u00f3n 4_ EDIFICIO DARWIN AULA\u00a0 0.3<\/a>\r\n\r\n<a href=\"http:\/\/centros.unileon.es\/biologia\/files\/2018\/06\/B-Acta-TRIBUNAL-5.pdf\">Comisi\u00f3n de Evaluaci\u00f3n 5_ EDIFICIO DARWIN AULA\u00a0 1.1<\/a>\r\n<h2><span style=\"color: #993300;\">Tribunales Trabajos de Fin de Grado 2018<\/span><\/h2>\r\n<a href=\"http:\/\/centros.unileon.es\/biologia\/files\/2018\/06\/Comisiones-evaluacionTFGs-2017-2018-Pres-Sec-Voc-FINAL.pdf\">Comisiones evaluaci\u00f3n TFGs 2017-2018 FINALES<\/a>\r\n<h2 style=\"text-align: left;\"><span style=\"color: #800000;\">Calendario de presentaci\u00f3n y defensa de los TFGs \u00a0(2018)<\/span><\/h2>\r\n<div align=\"center\">\r\n<table>\r\n<tbody>\r\n<tr>\r\n<th>Julio<\/th>\r\n<th colspan=\"2\">1\u00aa Convocatoria Ordinaria<\/th>\r\n<\/tr>\r\n<tr>\r\n<td rowspan=\"2\"><strong>08 de junio de 2018-14 de junio de 2018<\/strong><\/td>\r\n<td><strong>ESTUDIANTE<\/strong><\/td>\r\n<td><strong>TUTOR<\/strong><\/td>\r\n<\/tr>\r\n<tr>\r\n<td>&#8211; Cargar\u00e1 la versi\u00f3n electr\u00f3nica del trabajo en la p\u00e1gina <strong>Moodle de la asignatura<\/strong> (desde las 9.00 horas del d\u00eda 08 de Junio hasta las 14.00 horas del d\u00eda 14 de Junio).\r\nEl nombre del archivo tendr\u00e1 el siguiente formato: TFG_Grado_Apellidos_Nombre. Por ejemplo: TFG_Biologia_Font Belmonte_Enrique\r\n&#8211; Presentar\u00e1 una copia escrita de la memoria, encuadernada y firmada, que deber\u00e1 incluir el documento normalizado con la firma del tutor (<strong>Impreso 5<\/strong>)\r\n&#8211; Presentar\u00e1 en la Unidad Administrativa la solicitud de defensa y evaluaci\u00f3n del TFG (<strong>Impreso 7<\/strong>)<\/td>\r\n<td>-Deber\u00e1 presentar en la Unidad Administrativa la valoraci\u00f3n y calificaci\u00f3n del TFG (Impreso 6). En el caso de estudiantes que tengan un co-tutor externo, \u00e9ste deber\u00e1 rellenar y firmar el <strong>Impreso 6<\/strong>, y enviarlo al tutor acad\u00e9mico del trabajo, quien firmar\u00e1 el <strong>Impreso 5<\/strong> de autorizaci\u00f3n.<\/td>\r\n<\/tr>\r\n<tr>\r\n<td><span style=\"color: #800000;\"><strong>29 de junio de 2018<\/strong><\/span><\/td>\r\n<td colspan=\"2\"><span style=\"color: #800000;\"><strong>Acto p\u00fablico de defensa del TFG ante la Comisi\u00f3n de Evaluaci\u00f3n<\/strong><\/span><\/td>\r\n<\/tr>\r\n<tr>\r\n<td><strong>29 de junio<\/strong><\/td>\r\n<td colspan=\"2\"><strong>Publicaci\u00f3n de las actas provisionales<\/strong><\/td>\r\n<\/tr>\r\n<tr>\r\n<td>02-03 de julio<\/td>\r\n<td colspan=\"2\">Periodo de revisi\u00f3n de las calificaciones<\/td>\r\n<\/tr>\r\n<tr>\r\n<td>03 de julio<\/td>\r\n<td colspan=\"2\">Cierre de Actas<\/td>\r\n<\/tr>\r\n<tr>\r\n<th>Septiembre<\/th>\r\n<th colspan=\"2\">2\u00aa Convocatoria Ordinaria<\/th>\r\n<\/tr>\r\n<tr>\r\n<td rowspan=\"2\">26 a 31 de julio y 3 de septiembre<\/td>\r\n<td><strong>ESTUDIANTE<\/strong><\/td>\r\n<td><strong>TUTOR<\/strong><\/td>\r\n<\/tr>\r\n<tr>\r\n<td>&#8211; Cargar\u00e1 la versi\u00f3n electr\u00f3nica del trabajo en la p\u00e1gina <strong>Moodle de la asignatura<\/strong> (desde las 9.00 horas del d\u00eda 26 de julio hasta las 14.00 horas del d\u00eda 31 de julio y desde las 9.00 a las 14.00 horas del d\u00eda 3 de septiembre )\r\n&#8211; Presentar\u00e1 una copia escrita de la memoria, encuadernada y firmada, que deber\u00e1 incluir el documento normalizado con la firma del tutor (<strong>Impreso 5)<\/strong>\r\n&#8211; Presentar\u00e1 en la Unidad Administrativa la solicitud de defensa y evaluaci\u00f3n del TFG (<strong>Impreso 7<\/strong>)<\/td>\r\n<td>&#8211; Deber\u00e1 presentar en la Unidad Administrativa la valoraci\u00f3n y calificaci\u00f3n del TFG (Impreso 6). En el caso de estudiantes que tengan un co-tutor externo, \u00e9ste deber\u00e1 rellenar y firmar el <strong>Impreso 6<\/strong>, y enviarlo al tutor acad\u00e9mico del trabajo, quien firmar\u00e1 el <strong>Impreso 5<\/strong> de autorizaci\u00f3n.<\/td>\r\n<\/tr>\r\n<tr>\r\n<td>6 de septiembre<\/td>\r\n<td colspan=\"2\">Acto p\u00fablico de defensa del TFG ante la Comisi\u00f3n de Evaluaci\u00f3n<\/td>\r\n<\/tr>\r\n<tr>\r\n<td>6 de septiembre<\/td>\r\n<td colspan=\"2\">Publicaci\u00f3n de las actas provisionales<\/td>\r\n<\/tr>\r\n<tr>\r\n<td>10 de septiembre<\/td>\r\n<td colspan=\"2\">Revisi\u00f3n de las calificaciones y cierre de Actas<\/td>\r\n<\/tr>\r\n<\/tbody>\r\n<\/table>\r\n<\/div>\r\n<h2 style=\"text-align: left;\"><\/h2>\r\n<h2 style=\"text-align: left;\"><strong><span style=\"color: #993300;\">Asignaci\u00f3n extraordinaria de TFGs (Febrero 2018)<\/span><\/strong><\/h2>\r\n<div align=\"center\">\r\n<table>\r\n<tbody>\r\n<tr>\r\n<td>20-23 Febrero<\/td>\r\n<td><strong><span style=\"color: #800000;\">\u00a1ESTUDIANTES!<\/span><\/strong> Presentaci\u00f3n de las solicitudes de TFG Generales (<strong>Impreso 2<\/strong>) o TFG Espec\u00edficos (<strong>Impreso 3<\/strong>) debidamente firmadas.\r\n&#8211; Opci\u00f3n 1: Remitir a la Secretar\u00eda del centro por correo electr\u00f3nico (fbiadm@unileon.es), indicando en el asunto del mensaje: TFG_Grado_Apellidos_Nombre\r\n&#8211; Opci\u00f3n 2: Entregar personalmente en la Unidad Administrativa de la Facultad.<\/td>\r\n<\/tr>\r\n<tr>\r\n<td>12-15 Marzo<\/td>\r\n<td>Asignaci\u00f3n de los TFGs Generales y Espec\u00edficos (Febrero)\r\nPublicaci\u00f3n en la web de la Facultad de la asignaci\u00f3n definitiva de los TFGs del curso 2017-2018.<\/td>\r\n<\/tr>\r\n<\/tbody>\r\n<\/table>\r\n<\/div>\r\n<h3><span style=\"color: #000000;\"><a style=\"color: #000000;\" href=\"http:\/\/centros.unileon.es\/biologia\/files\/2018\/03\/3-Listado-Provisional-Adjudicaci\u00f3n-TFGs-febrero-2018.pdf\">Asignaci\u00f3n Extraordinaria TFGs Marzo de 2018<\/a><\/span><\/h3>\r\n<h2><span style=\"color: #993300;\">Oferta de TFGs Generales (Febrero 2018)<\/span><\/h2>\r\n<a href=\"http:\/\/centros.unileon.es\/biologia\/files\/2018\/02\/2-Listados-TFG-CC.-Ambientales-2017-2018-FEBRERO-quitados-adjudicados-JULIO.doc\">Listado de TFGs Generales_Ciencias Ambientales<\/a>\r\n\r\n<a href=\"http:\/\/centros.unileon.es\/biologia\/files\/2018\/02\/2-Listados-TFG-Biolog\u00eda-2017-2018-FEBRERO-quitados-adjudicados-JULIO.doc\">Listado de TFGs Generales_Biolog\u00eda<\/a>\r\n\r\n<a href=\"http:\/\/centros.unileon.es\/biologia\/files\/2018\/02\/2-Listados-TFG-Biotecnolog\u00eda-2017-2018-FEBRERO-quitados-adjudicados-JULIO.doc\">Listado de TFGs Generales_Biotecnolog\u00eda<\/a>\r\n<h2><span style=\"color: #993300;\">Calendario de presentaci\u00f3n y defensa de los TFGs \u00a0<\/span><\/h2>\r\n<a href=\"http:\/\/centros.unileon.es\/biologia\/files\/2017\/12\/Convocatoria-de-Defensa-Biolog\u00eda.pdf\">Convocatoria de Exposici\u00f3n-Biolog\u00eda. AULA MAGNA<\/a>\r\n\r\n<a href=\"http:\/\/centros.unileon.es\/biologia\/files\/2017\/12\/FCCBA_TFG_Convocatoria-Ambientales.pdf\">Convocatoria de Exposici\u00f3n-Ciencias Ambientales. AULA MAGNA.\u00a0<\/a>\r\n\r\n<a href=\"http:\/\/centros.unileon.es\/biologia\/files\/2017\/12\/Comisiones-evaluacionTFGs-2016-2017-DICIEMBRE.docx\">Tribunales TFGs_ Diciembre de 2017<\/a>\r\n<h2><span style=\"color: #993300;\">Diciembre de 2017<\/span><\/h2>\r\n<div align=\"center\">\r\n<table>\r\n<tbody>\r\n<tr>\r\n<th>Diciembre<\/th>\r\n<th colspan=\"2\">Convocatoria Extraordinaria<\/th>\r\n<\/tr>\r\n<tr>\r\n<td rowspan=\"2\"><strong>01 de Diciembre de 2017-11 de Diciembre de 2017<\/strong><\/td>\r\n<td><strong>ESTUDIANTE<\/strong><\/td>\r\n<td><strong>TUTOR<\/strong><\/td>\r\n<\/tr>\r\n<tr>\r\n<td>\u2013 Cargar\u00e1 la versi\u00f3n electr\u00f3nica del trabajo en la p\u00e1gina\u00a0<strong>Moodle de la asignatura<\/strong>\u00a0(desde las 9.00 horas del d\u00eda 01 de Diciembre hasta las 14.00 horas del d\u00eda 11 de Diciembre).\r\nEl nombre del archivo tendr\u00e1 el siguiente formato: TFG_Grado_Apellidos_Nombre. Por ejemplo: TFG_Biologia_Font Belmonte_Enrique\r\n\u2013 Presentar\u00e1 una copia escrita de la memoria, encuadernada y firmada, que deber\u00e1 incluir el documento normalizado con la firma del tutor (<strong>Impreso 5<\/strong>)\r\n\u2013 Presentar\u00e1 en la Unidad Administrativa la solicitud de defensa y evaluaci\u00f3n del TFG (<strong>Impreso 7<\/strong>)<\/td>\r\n<td>-Deber\u00e1 presentar en la Unidad Administrativa la valoraci\u00f3n y calificaci\u00f3n del TFG (Impreso 6). En el caso de estudiantes que tengan un co-tutor externo, \u00e9ste deber\u00e1 rellenar y firmar el\u00a0<strong>Impreso 6<\/strong>, y enviarlo al tutor acad\u00e9mico del trabajo, quien firmar\u00e1 el\u00a0<strong>Impreso 5<\/strong>\u00a0de autorizaci\u00f3n.<\/td>\r\n<\/tr>\r\n<tr>\r\n<td><strong>18 de Diciembre de 2016<\/strong><\/td>\r\n<td colspan=\"2\"><strong>Acto p\u00fablico de defensa del TFG ante la Comisi\u00f3n de Evaluaci\u00f3n. Publicaci\u00f3n de las actas provisionales<\/strong><\/td>\r\n<\/tr>\r\n<tr>\r\n<td>21 de Diciembre<\/td>\r\n<td colspan=\"2\">Revisi\u00f3n de calificaciones<\/td>\r\n<\/tr>\r\n<tr>\r\n<td>21 de Diciembre<\/td>\r\n<td colspan=\"2\">Cierre de Actas<\/td>\r\n<\/tr>\r\n<\/tbody>\r\n<\/table>\r\n<\/div>\r\n<h2><\/h2>\r\n<h2><span style=\"color: #800000;\">Asignaci\u00f3n definitiva de TFGs (Octubre de 2017)<\/span><\/h2>\r\n<a href=\"http:\/\/centros.unileon.es\/biologia\/files\/2017\/05\/2-BIOLOGIA-Asignacion-DEFINITIVA-de-TFGs-julio-curso-2017-2018.pdf\">Grado en Biolog\u00eda<\/a>\r\n\r\n<a href=\"http:\/\/centros.unileon.es\/biologia\/files\/2017\/05\/2-CCAA-Asignacion-DEFINITIVA-de-TFGs-julio-curso-2017-2018.pdf\">Grado en Ciencias Ambientales<\/a>\r\n\r\n<a href=\"http:\/\/centros.unileon.es\/biologia\/files\/2017\/05\/2-BIOTECNOLOGIA-Asignacion-DEFINITIVA-de-TFGs-julio-curso-2017-2018.pdf\">Grado en Biotecnolog\u00eda<\/a>\r\n<h2><span style=\"color: #800000;\">Asignaci\u00f3n provisional de TFGs (27 de julio de 2017)<\/span><\/h2>\r\n<h4><a href=\"http:\/\/centros.unileon.es\/biologia\/files\/2017\/05\/Asignacion-Provisional-TFGs-julio-BIOLOGIA-curso-2017-2018-3.pdf\">Grado en Biolog\u00eda<\/a><\/h4>\r\n<h4><a href=\"http:\/\/centros.unileon.es\/biologia\/files\/2017\/05\/Asignacion-Provisional-TFGs-julio-CCAA-curso-2017-2018.pdf\">Grado en Ciencias Ambientales<\/a><\/h4>\r\n<h4><a href=\"http:\/\/centros.unileon.es\/biologia\/files\/2017\/05\/Asignacion-Provisional-TFGs-julio-BIOTECNOLOGIA-curso-2017-2018-3.pdf\">Grado en Biotecnolog\u00eda\u00a0<\/a><\/h4>\r\n<h2><\/h2>\r\n<h2 style=\"text-align: left;\"><span style=\"color: #800000;\">Oferta de TFGs Gene<\/span><span style=\"color: #800000;\">rales para el curso 2017\/2018<\/span><\/h2>\r\n<h2>Grado en Biolog\u00eda<\/h2>\r\n<a href=\"http:\/\/centros.unileon.es\/biologia\/files\/2017\/05\/1-Listados-TFG-Biolog\u00eda-2017-2018.pdf\">Listados TFG &#8211; Biolog\u00eda 2017-2018<\/a>\r\n\r\n<a href=\"http:\/\/centros.unileon.es\/biologia\/files\/2017\/05\/Propuestas-TFG-Biologia-Julio-Laura.pdf\">Propuestas detalladas TFG Biolog\u00eda-Julio<\/a>\r\n<h2>Grado en Ciencias Ambientales<\/h2>\r\n<a href=\"http:\/\/centros.unileon.es\/biologia\/files\/2017\/05\/1-Listados-TFG-CC.-Ambientales-2017-2018.pdf\">Listados TFG &#8211; CC. Ambientales 2017-2018<\/a>\r\n\r\n<a href=\"http:\/\/centros.unileon.es\/biologia\/files\/2017\/05\/Propuestas-TFG-CCAA-Julio-Laura.pdf\">Propuestas detalladas TFG CCAA-Julio<\/a>\r\n<h2>Grado en Biotecnolog\u00eda<\/h2>\r\n<a href=\"http:\/\/centros.unileon.es\/biologia\/files\/2017\/05\/1-Listados-TFG-Biotecnolog\u00eda-2017-2018.pdf\">Listados TFG &#8211; Biotecnolog\u00eda 2017-2018<\/a>\r\n\r\n<a href=\"http:\/\/centros.unileon.es\/biologia\/files\/2017\/05\/Propuestas-TFG-Biotecnologia-Julio-Laura.pdf\">Propuestas detalladas TFG Biotecnolog\u00eda-Julio<\/a>\r\n\r\n&nbsp;\r\n<h2><span style=\"color: #800000;\">Calendario de asignaci\u00f3n de los TFGs para el Curso 2017\/2018<\/span><\/h2>\r\n<div align=\"center\">\r\n<table>\r\n<tbody>\r\n<tr>\r\n<th>Curso 2017\/2018<\/th>\r\n<\/tr>\r\n<tr>\r\n<td>31 de Mayo<\/td>\r\n<td>Publicaci\u00f3n en la p\u00e1gina web de la Facultad de:\r\n-Oferta de TFGs Generales.\r\n-Criterios de asignaci\u00f3n.<\/td>\r\n<\/tr>\r\n<tr>\r\n<td><span style=\"color: #993300;\"><strong>10-14 Julio<\/strong><\/span><\/td>\r\n<td><span style=\"color: #000000;\"><span style=\"color: #993300;\"><strong>\u00a1ESTUDIANTES!<\/strong><\/span> Presentaci\u00f3n de las solicitudes de TFG Generales (<strong>Impreso 2<\/strong>) o TFG Espec\u00edficos (<strong>Impreso 3<\/strong>) debidamente firmadas.<\/span>\r\n<span style=\"color: #000000;\">&#8211; Opci\u00f3n 1: Remitir a la Secretar\u00eda del centro por correo electr\u00f3nico (fbiadm@unileon.es), indicando en el asunto del mensaje: TFG_Grado_Apellidos_Nombre.<\/span>\r\n<span style=\"color: #000000;\">&#8211; Opci\u00f3n 2: Entregar personalmente en la Unidad Administrativa de la Facultad.<\/span><\/td>\r\n<\/tr>\r\n<tr>\r\n<td>27-31 Julio<\/td>\r\n<td>Asignaci\u00f3n provisional de los TFGs y publicaci\u00f3n en la web de la Facultad.<\/td>\r\n<\/tr>\r\n<tr>\r\n<td><\/td>\r\n<td><\/td>\r\n<\/tr>\r\n<tr>\r\n<td><\/td>\r\n<td><\/td>\r\n<\/tr>\r\n<tr>\r\n<td>6-09 Octubre<\/td>\r\n<td>Presentaci\u00f3n de posibles solicitudes de cambio de tutor o tema de TFG.<\/td>\r\n<\/tr>\r\n<tr>\r\n<td>13-16 Octubre<\/td>\r\n<td>Asignaci\u00f3n definitiva de los TFGs y publicaci\u00f3n en la web de la Facultad.<\/td>\r\n<\/tr>\r\n<\/tbody>\r\n<\/table>\r\n<h2 style=\"text-align: left;\">Criterios de asignaci\u00f3n<\/h2>\r\n<p style=\"text-align: left;\">Para la asignaci\u00f3n de los TFGs Generales se considerar\u00e1n la nota media del expediente acad\u00e9mico y, en la medida de lo posible, las preferencias manifestadas por los estudiantes. La asignaci\u00f3n de los TFGs espec\u00edficos propuestos por un estudiante y que tengan el visto bueno del tutor y del Departamento ser\u00e1 autom\u00e1tica.<\/p>\r\n<p style=\"text-align: left;\"><\/p>\r\n\r\n<\/div>","protected":false},"excerpt":{"rendered":"<p>Tribunales TFGs 6 de Septiembre de 2018 Comisiones evaluaci\u00f3nTFGs 2017-2018 SEPTIEMBRE 2018 Convocatorias del Acto de Defensa (6 de septiembre de 2018) Grado en Biotecnolog\u00eda Comisi\u00f3n de Evaluaci\u00f3n 1_ EDIFICIO CENTRAL SAL\u00d3N DE GRADOS Comisi\u00f3n de Evaluaci\u00f3n 2_ EDIFICIO CENTRAL AULA MAGNA Grado en Biolog\u00eda Comisi\u00f3n de Evaluaci\u00f3n 1_ EDIFICIO DARWIN 3.1 Comisi\u00f3n de Evaluaci\u00f3n [&hellip;]<\/p>\n","protected":false},"author":3,"featured_media":0,"parent":0,"menu_order":0,"comment_status":"closed","ping_status":"closed","template":"","meta":{"footnotes":""},"class_list":["post-8639","page","type-page","status-publish","hentry"],"_links":{"self":[{"href":"https:\/\/centros.unileon.es\/biologia\/wp-json\/wp\/v2\/pages\/8639","targetHints":{"allow":["GET"]}}],"collection":[{"href":"https:\/\/centros.unileon.es\/biologia\/wp-json\/wp\/v2\/pages"}],"about":[{"href":"https:\/\/centros.unileon.es\/biologia\/wp-json\/wp\/v2\/types\/page"}],"author":[{"embeddable":true,"href":"https:\/\/centros.unileon.es\/biologia\/wp-json\/wp\/v2\/users\/3"}],"replies":[{"embeddable":true,"href":"https:\/\/centros.unileon.es\/biologia\/wp-json\/wp\/v2\/comments?post=8639"}],"version-history":[{"count":32,"href":"https:\/\/centros.unileon.es\/biologia\/wp-json\/wp\/v2\/pages\/8639\/revisions"}],"predecessor-version":[{"id":9155,"href":"https:\/\/centros.unileon.es\/biologia\/wp-json\/wp\/v2\/pages\/8639\/revisions\/9155"}],"wp:attachment":[{"href":"https:\/\/centros.unileon.es\/biologia\/wp-json\/wp\/v2\/media?parent=8639"}],"curies":[{"name":"wp","href":"https:\/\/api.w.org\/{rel}","templated":true}]}}