{"id":8222,"date":"2016-05-17T11:00:26","date_gmt":"2016-05-17T11:00:26","guid":{"rendered":"http:\/\/centros.unileon.es\/biologia\/?page_id=8222"},"modified":"2017-09-18T11:52:18","modified_gmt":"2017-09-18T11:52:18","slug":"curso-2016-2017","status":"publish","type":"page","link":"https:\/\/centros.unileon.es\/biologia\/curso-2016-2017\/","title":{"rendered":"Curso 2016-2017"},"content":{"rendered":"<h2><span style=\"color: #800000;\"><em>Convocatorias del Acto de Defensa (20 de septiembre de 2017)<\/em><\/span><\/h2>\r\n<strong>Actas de Orden de Presentaci\u00f3n con horarios y Aulas\u00a0<\/strong>\r\n\r\n<strong><a href=\"http:\/\/centros.unileon.es\/biologia\/files\/2016\/05\/BIOTEC-TRIBUNAL-2-SEPTIEMBRE.docx\">Comisiones de Biotecnolog\u00eda (Tribunal 2)<\/a><\/strong>\r\n\r\n<a href=\"http:\/\/centros.unileon.es\/biologia\/files\/2016\/05\/BT-Acta-TRIBUNAL-2.pdf\">BT-Tribunal 2 septiembre<\/a>\r\n\r\n<strong><a href=\"http:\/\/centros.unileon.es\/biologia\/files\/2016\/05\/Comisiones-evaluacion-TFG-septiembre-2017_AMBIENTALES.doc\">Comisiones de Ciencias Ambientales (Tribunal 1)<\/a><\/strong>\r\n\r\n<a href=\"http:\/\/centros.unileon.es\/biologia\/files\/2016\/05\/CA-Acta-TRIBUNAL-1.pdf\">CA-Acta TRIBUNAL 1 septiembre<\/a>\r\n\r\n<strong><a href=\"http:\/\/centros.unileon.es\/biologia\/files\/2016\/05\/Comisiones-evaluacionTFG-septiembre-2017_BIOLOG\u00cdA.doc\">Comisiones de Biolog\u00eda (Tribunales 2 y 3)<\/a><\/strong>\r\n\r\n<a href=\"http:\/\/centros.unileon.es\/biologia\/files\/2016\/05\/B-Acta-TRIBUNAL-2-.pdf\">Biolog\u00eda_TRIBUNAL 2_SEPTIEMBRE<\/a>\r\n\r\n<a href=\"http:\/\/centros.unileon.es\/biologia\/files\/2016\/05\/BI_Acta-TRIBUNAL-3_-Septiembre.pdf\">Biolog\u00eda TRIBUNAL 3 SEPTIEMBRE<\/a>\r\n<h2>\u00a0<span style=\"color: #800000;\">Tribunales 2017\/2017\u00a0<\/span><\/h2>\r\n<strong>Actas de Orden de Presentaci\u00f3n con horarios y Aulas<\/strong>\r\n<h3><a href=\"http:\/\/centros.unileon.es\/biologia\/files\/2016\/05\/Comisiones-evaluacion-TFG-julio-2017_AMBIENTALES.doc\">Comisiones finales evaluaci\u00f3n TFG Ambientales<\/a><\/h3>\r\n<a href=\"http:\/\/centros.unileon.es\/biologia\/files\/2016\/05\/CA-Acta-TRIBUNAL1.pdf\">Tribunal 1<\/a> SAL\u00d3N DE GRADOS (EDIFICIO CENTRAL FCCBA)\r\n\r\n<a href=\"http:\/\/centros.unileon.es\/biologia\/files\/2016\/05\/AMBIENTALES-TRIBUNAL-2.pdf\">Tribunal 2<\/a> AULA 9 (EDIFICIO CENTRAL FCCBA)\r\n<h3><a href=\"http:\/\/centros.unileon.es\/biologia\/files\/2016\/05\/Comisiones-evaluacionTFG-julio-2017_BIOLOG\u00cdA.doc\">Comisiones finales evaluaci\u00f3n TFG Biolog\u00eda<\/a><\/h3>\r\n<a href=\"http:\/\/centros.unileon.es\/biologia\/files\/2016\/05\/B-Acta-TRIBUNAL1.pdf\">Tribunal 1<\/a> AULA MAGNA (EDIFICIO CENTRAL FCCBA)\r\n\r\n<a href=\"http:\/\/centros.unileon.es\/biologia\/files\/2016\/05\/B-Acta-TRIBUNAL2.pdf\">Tribunal 2<\/a> AULA 4 (EDIFICIO CENTRAL FCCBA)\r\n\r\n<a href=\"http:\/\/centros.unileon.es\/biologia\/files\/2016\/05\/B-Acta-TRIBUNAL3-bio-1.pdf\">Tribunal 3<\/a> AULA 12 (EDIFICIO CENTRAL FCCBA)\r\n\r\n<a href=\"http:\/\/centros.unileon.es\/biologia\/files\/2016\/05\/B-Acta-TRIBUNAL4.pdf\">Tribunal 4<\/a> AULA 10 (EDIFICIO CENTRAL FCCBA)\r\n\r\n<a href=\"http:\/\/centros.unileon.es\/biologia\/files\/2016\/05\/ACTA-TRIBUNAL-5-ED-BIOLOGIA-DELIA.pdf\">Tribunal 5<\/a> AULA 8 (EDIFICIO CENTRAL FCCBA)\r\n<h3><a href=\"http:\/\/centros.unileon.es\/biologia\/files\/2016\/05\/Comisiones-evaluacionTFG-julio-2017_BIOTECNOLOG\u00cdA.doc\">Comisiones finales evaluaci\u00f3n TFG Biotecnolog\u00eda<\/a><\/h3>\r\n<a href=\"http:\/\/centros.unileon.es\/biologia\/files\/2016\/05\/acta-biotec-final.pdf\">Tribunal 1<\/a> AULA 0.1 (EDIFICIO DARWIN)\r\n\r\n<a href=\"http:\/\/centros.unileon.es\/biologia\/files\/2016\/05\/BT-Acta-TRIBUNAL2.pdf\">Tribunal 2<\/a> AULA 0.2 (EDIFICIO DARWIN)\r\n\r\n<a href=\"http:\/\/centros.unileon.es\/biologia\/files\/2016\/05\/BT-Acta-TRIBUNAL3.pdf\">Tribunal 3<\/a> AULA 0.3 (EDIFICIO DARWIN)\r\n<h2 style=\"text-align: left;\"><span style=\"color: #800000;\">Calendario de presentaci\u00f3n y defensa de los TFGs \u00a0(2017)<\/span><\/h2>\r\n<div align=\"center\">\r\n<table>\r\n<tbody>\r\n<tr>\r\n<th>Julio<\/th>\r\n<th colspan=\"2\">1\u00aa Convocatoria Ordinaria<\/th>\r\n<\/tr>\r\n<tr>\r\n<td rowspan=\"2\"><strong>21 de junio de 2017-28 de junio de 2017<\/strong><\/td>\r\n<td><strong>ESTUDIANTE<\/strong><\/td>\r\n<td><strong>TUTOR<\/strong><\/td>\r\n<\/tr>\r\n<tr>\r\n<td>&#8211; Cargar\u00e1 la versi\u00f3n electr\u00f3nica del trabajo en la p\u00e1gina <strong>Moodle de la asignatura<\/strong> (desde las 9.00 horas del d\u00eda 21 de Junio hasta las 14.00 horas del d\u00eda 28 de Junio).\r\nEl nombre del archivo tendr\u00e1 el siguiente formato: TFG_Grado_Apellidos_Nombre. Por ejemplo: TFG_Biologia_Font Belmonte_Enrique\r\n&#8211; Presentar\u00e1 una copia escrita de la memoria, encuadernada y firmada, que deber\u00e1 incluir el documento normalizado con la firma del tutor (<strong>Impreso 5<\/strong>)\r\n&#8211; Presentar\u00e1 en la Unidad Administrativa la solicitud de defensa y evaluaci\u00f3n del TFG (<strong>Impreso 7<\/strong>)<\/td>\r\n<td>-Deber\u00e1 presentar en la Unidad Administrativa la valoraci\u00f3n y calificaci\u00f3n del TFG (Impreso 6). En el caso de estudiantes que tengan un co-tutor externo, \u00e9ste deber\u00e1 rellenar y firmar el <strong>Impreso 6<\/strong>, y enviarlo al tutor acad\u00e9mico del trabajo, quien firmar\u00e1 el <strong>Impreso 5<\/strong> de autorizaci\u00f3n.<\/td>\r\n<\/tr>\r\n<tr>\r\n<td><span style=\"color: #800000;\"><strong>10 de julio de 2017<\/strong><\/span><\/td>\r\n<td colspan=\"2\"><span style=\"color: #800000;\"><strong>Acto p\u00fablico de defensa del TFG ante la Comisi\u00f3n de Evaluaci\u00f3n<\/strong><\/span><\/td>\r\n<\/tr>\r\n<tr>\r\n<td><strong><span style=\"color: #800000;\">10-11 de julio<\/span><\/strong><\/td>\r\n<td colspan=\"2\"><strong><span style=\"color: #800000;\">Publicaci\u00f3n de las actas provisionales<\/span><\/strong><\/td>\r\n<\/tr>\r\n<tr>\r\n<td>13 de julio<\/td>\r\n<td colspan=\"2\">Periodo de revisi\u00f3n de las calificaciones<\/td>\r\n<\/tr>\r\n<tr>\r\n<td>14 de julio<\/td>\r\n<td colspan=\"2\">Cierre de Actas<\/td>\r\n<\/tr>\r\n<tr>\r\n<th>Septiembre<\/th>\r\n<th colspan=\"2\">2\u00aa Convocatoria Ordinaria<\/th>\r\n<\/tr>\r\n<tr>\r\n<td rowspan=\"2\">6 de septiembre a 11 de septiembre<\/td>\r\n<td><strong>ESTUDIANTE<\/strong><\/td>\r\n<td><strong>TUTOR<\/strong><\/td>\r\n<\/tr>\r\n<tr>\r\n<td>&#8211; Cargar\u00e1 la versi\u00f3n electr\u00f3nica del trabajo en la p\u00e1gina <strong>Moodle de la asignatura<\/strong> (desde las 9.00 horas del d\u00eda 6 de Septiembre hasta las 14.00 horas del d\u00eda 11 de Septiembre)\r\n&#8211; Presentar\u00e1 una copia escrita de la memoria, encuadernada y firmada, que deber\u00e1 incluir el documento normalizado con la firma del tutor (<strong>Impreso 5)<\/strong>\r\n&#8211; Presentar\u00e1 en la Unidad Administrativa la solicitud de defensa y evaluaci\u00f3n del TFG (<strong>Impreso 7<\/strong>)<\/td>\r\n<td>&#8211; Deber\u00e1 presentar en la Unidad Administrativa la valoraci\u00f3n y calificaci\u00f3n del TFG (Impreso 6). En el caso de estudiantes que tengan un co-tutor externo, \u00e9ste deber\u00e1 rellenar y firmar el <strong>Impreso 6<\/strong>, y enviarlo al tutor acad\u00e9mico del trabajo, quien firmar\u00e1 el <strong>Impreso 5<\/strong> de autorizaci\u00f3n.<\/td>\r\n<\/tr>\r\n<tr>\r\n<td>20 de septiembre<\/td>\r\n<td colspan=\"2\">Acto p\u00fablico de defensa del TFG ante la Comisi\u00f3n de Evaluaci\u00f3n<\/td>\r\n<\/tr>\r\n<tr>\r\n<td>20-21 de septiembre<\/td>\r\n<td colspan=\"2\">Publicaci\u00f3n de las actas provisionales<\/td>\r\n<\/tr>\r\n<tr>\r\n<td>25 de septiembre<\/td>\r\n<td colspan=\"2\">Revisi\u00f3n de las calificaciones y cierre de Actas<\/td>\r\n<\/tr>\r\n<\/tbody>\r\n<\/table>\r\n<\/div>\r\n<h2 style=\"text-align: left;\"><\/h2>\r\n<h2 style=\"text-align: left;\"><strong><span style=\"color: #993300;\">Asignaci\u00f3n extraordinaria de TFGs (Febrero 2017)<\/span><\/strong><\/h2>\r\n<div align=\"center\">\r\n<table>\r\n<tbody>\r\n<tr>\r\n<td>15-22 Febrero<\/td>\r\n<td><strong><span style=\"color: #800000;\">\u00a1ESTUDIANTES!<\/span><\/strong> Presentaci\u00f3n de las solicitudes de TFG Generales (<strong>Impreso 2<\/strong>) o TFG Espec\u00edficos (<strong>Impreso 3<\/strong>) debidamente firmadas.\r\n&#8211; Opci\u00f3n 1: Remitir a la Secretar\u00eda del centro por correo electr\u00f3nico (fbiadm@unileon.es), indicando en el asunto del mensaje: TFG_Grado_Apellidos_Nombre\r\n&#8211; Opci\u00f3n 2: Entregar personalmente en la Unidad Administrativa de la Facultad<\/td>\r\n<\/tr>\r\n<tr>\r\n<td>01-03 Marzo<\/td>\r\n<td>Asignaci\u00f3n de los TFGs Generales y Espec\u00edficos (Febrero)\r\nPublicaci\u00f3n en la web de la Facultad de la asignaci\u00f3n definitiva de los TFGs del curso 2016-2017<\/td>\r\n<\/tr>\r\n<\/tbody>\r\n<\/table>\r\n<p style=\"text-align: left;\"><strong><span style=\"color: #800000;\"><a style=\"color: #800000;\" href=\"http:\/\/centros.unileon.es\/biologia\/files\/2016\/05\/Laura-Asignacion-PROVISIONAL-TFGs-febrero-curso-2016-2017.pdf\">Asignaci\u00f3n provisional de los TFGs MARZO de 2017.<\/a><\/span><\/strong><\/p>\r\n\r\n<h4 style=\"text-align: left;\">Grado en Biolog\u00eda<\/h4>\r\n<p style=\"text-align: left;\"><a href=\"http:\/\/centros.unileon.es\/biologia\/files\/2016\/05\/2-Listados-TFG-Biolog\u00eda-2016-2017-FEBRERO.doc\">Oferta de TFGs generales<\/a><\/p>\r\n<p style=\"text-align: left;\"><a href=\"http:\/\/centros.unileon.es\/biologia\/files\/2016\/05\/2-Propuestas-Biolog\u00eda-febrero1.pdf\">Propuestas detalladas de los trabajos<\/a><\/p>\r\n\r\n<h4 style=\"text-align: left;\">Grado en Ciencias Ambientales<\/h4>\r\n<p style=\"text-align: left;\"><a href=\"http:\/\/centros.unileon.es\/biologia\/files\/2016\/05\/2-Listados-TFG-CC.-Ambientales-2016-2017-FEBRERO.doc\">Oferta de TFGs generales<\/a><\/p>\r\n<p style=\"text-align: left;\"><a href=\"http:\/\/centros.unileon.es\/biologia\/files\/2016\/05\/2-Propuestas-Ciencias-Ambientales-febrero.pdf\">Propuestas detalladas de los trabajos<\/a><\/p>\r\n\r\n<h4 style=\"text-align: left;\">Grado en Biotecnolog\u00eda<\/h4>\r\n<p style=\"text-align: left;\"><a href=\"http:\/\/centros.unileon.es\/biologia\/files\/2016\/05\/2-Listados-TFG-Biotecnolog\u00eda-2016-2017-FEBRERO.doc\">Oferta de TFGs generales<\/a><\/p>\r\n<p style=\"text-align: left;\"><a href=\"http:\/\/centros.unileon.es\/biologia\/files\/2016\/05\/2-Propuestas-Biotecnolog\u00eda-febrero.pdf\">Propuestas detalladas de los trabajos<\/a><\/p>\r\n\r\n<h2 style=\"text-align: left;\"><\/h2>\r\n<\/div>\r\n<h2 style=\"text-align: left;\"><strong><span style=\"color: #800000;\">Convocatorias del Acto de Defensa <\/span><\/strong><strong><span style=\"color: #800000;\">(16 de Diciembre de 2016)<\/span><\/strong><\/h2>\r\n<h4><a href=\"http:\/\/centros.unileon.es\/biologia\/files\/2016\/05\/Comisiones-evaluacionTFGs-2015-2016-DICIEMBRE-def.docx\">Tribunales en la Convocatoria de Diciembre<\/a><\/h4>\r\n<h2>Grado en Biotecnolog\u00eda<\/h2>\r\n<a href=\"http:\/\/centros.unileon.es\/biologia\/files\/2016\/05\/Convocatoria-BIOTEC-Tribunal-2.pdf\">Biotecnolog\u00eda Tribunal 2<\/a>\r\n<h2>Grado en Biolog\u00eda<\/h2>\r\n<a href=\"http:\/\/centros.unileon.es\/biologia\/files\/2016\/05\/Convocatoria-TFG-diciembre-BIO_Tribunal-4.pdf\">Biolog\u00eda_Tribunal 4<\/a>\r\n\r\n<a href=\"http:\/\/centros.unileon.es\/biologia\/files\/2016\/05\/Biolog\u00eda-Tribunal-5.pdf\">Biolog\u00eda Tribunal 5<\/a>\r\n<h2>Grado en Ciencias Ambientales<\/h2>\r\n<p style=\"text-align: left;\"><a href=\"http:\/\/centros.unileon.es\/biologia\/files\/2016\/05\/Convocatoria-Ambientales-Tribunal-2.pdf\">Ciencias Ambientales Tribunal 2<\/a><\/p>\r\n<p style=\"text-align: left;\"><a href=\"http:\/\/centros.unileon.es\/biologia\/files\/2016\/05\/tRIBUNAL-1-AMB.pdf\">Ciencias Ambientales Tribunal 1<\/a><\/p>\r\n\r\n<h2 style=\"text-align: left;\"><\/h2>\r\n<h2 style=\"text-align: left;\"><span style=\"color: #800000;\">Calendario de presentaci\u00f3n y defensa de los TFGs \u00a0<\/span><\/h2>\r\n<h2 style=\"text-align: left;\"><span style=\"color: #800000;\">Diciembre de 2016<\/span><\/h2>\r\n<div align=\"center\">\r\n<table>\r\n<tbody>\r\n<tr>\r\n<th>Diciembre<\/th>\r\n<th colspan=\"2\">Convocatoria Extraordinaria<\/th>\r\n<\/tr>\r\n<tr>\r\n<td rowspan=\"2\"><strong>01 de Diciembre de 2016-9 de Diciembre de 2016<\/strong><\/td>\r\n<td><strong>ESTUDIANTE<\/strong><\/td>\r\n<td><strong>TUTOR<\/strong><\/td>\r\n<\/tr>\r\n<tr>\r\n<td>&#8211; Cargar\u00e1 la versi\u00f3n electr\u00f3nica del trabajo en la p\u00e1gina <strong>Moodle de la asignatura<\/strong> (desde las 9.00 horas del d\u00eda 01 de Diciembre hasta las 14.00 horas del d\u00eda 9 de Diciembre).\r\nEl nombre del archivo tendr\u00e1 el siguiente formato: TFG_Grado_Apellidos_Nombre. Por ejemplo: TFG_Biologia_Font Belmonte_Enrique\r\n&#8211; Presentar\u00e1 una copia escrita de la memoria, encuadernada y firmada, que deber\u00e1 incluir el documento normalizado con la firma del tutor (<strong>Impreso 5<\/strong>)\r\n&#8211; Presentar\u00e1 en la Unidad Administrativa la solicitud de defensa y evaluaci\u00f3n del TFG (<strong>Impreso 7<\/strong>)<\/td>\r\n<td>-Deber\u00e1 presentar en la Unidad Administrativa la valoraci\u00f3n y calificaci\u00f3n del TFG (Impreso 6). En el caso de estudiantes que tengan un co-tutor externo, \u00e9ste deber\u00e1 rellenar y firmar el <strong>Impreso 6<\/strong>, y enviarlo al tutor acad\u00e9mico del trabajo, quien firmar\u00e1 el <strong>Impreso 5<\/strong> de autorizaci\u00f3n.<\/td>\r\n<\/tr>\r\n<tr>\r\n<td><strong><span style=\"color: #ff0000;\">16 de Diciembre de 2016<\/span><\/strong><\/td>\r\n<td colspan=\"2\"><strong><span style=\"color: #ff0000;\">Acto p\u00fablico de defensa del TFG ante la Comisi\u00f3n de Evaluaci\u00f3n. Publicaci\u00f3n de las actas provisionales<\/span><\/strong><\/td>\r\n<\/tr>\r\n<tr>\r\n<td>21 de Diciembre<\/td>\r\n<td colspan=\"2\">Revisi\u00f3n de calificaciones<\/td>\r\n<\/tr>\r\n<tr>\r\n<td>22 de Diciembre<\/td>\r\n<td colspan=\"2\">Cierre de Actas<\/td>\r\n<\/tr>\r\n<\/tbody>\r\n<\/table>\r\n<\/div>\r\n<h2 style=\"text-align: left;\"><\/h2>\r\n<h2><span style=\"color: #993300;\">Asignaci\u00f3n definitiva de Trabajos de Fin de Grado\u00a0 Generales y Espec\u00edficos para el Curso 2016\/2017<\/span><\/h2>\r\n<strong>Grado en Biolog\u00eda<\/strong>\r\n\r\n<a href=\"http:\/\/centros.unileon.es\/biologia\/files\/2016\/05\/B-Asignacion-DEFINITIVA-TFGs-julio-curso-2016-2017.pdf\">Biolog\u00eda-asignaci\u00f3n-definitiva-tfgs-julio-curso-2016-2017<\/a>\r\n\r\n<strong>Grado en Ciencias Ambientales\r\n<\/strong>\r\n\r\n<a href=\"http:\/\/centros.unileon.es\/biologia\/files\/2016\/05\/CA-Asignacion-DEFINITIVA-TFGs-julio-curso-2016-2017.pdf\">C. Ambientales-asignaci\u00f3n-definitiva-tfgs-julio-curso-2016-2017<\/a>\r\n\r\n<strong>Grado en Biolotecnolog\u00eda<\/strong>\r\n\r\n<a href=\"http:\/\/centros.unileon.es\/biologia\/files\/2016\/05\/BT-Asignacion-DEFINITIVA-TFGs-julio-curso-2016-2017.pdf\">Biotecnolog\u00eda-asignaci\u00f3n-definitiva-tfgs-julio-curso-2016-2017<\/a>\r\n<h2><\/h2>\r\n<h2><span style=\"color: #993300;\">Asignaci\u00f3n provisional de Trabajos de Fin de Grado\u00a0 Generales y Espec\u00edficos para el Curso 2016\/2017<\/span><\/h2>\r\n<strong>Grado en Biolog\u00eda<\/strong>\r\n\r\n<a href=\"http:\/\/centros.unileon.es\/biologia\/files\/2016\/05\/1-Asignacion-PROVISIONAL-TFGs-julio-B-curso-2016-2017.pdf\">Asignacion PROVISIONAL TFGs julio B &#8211; curso 2016-2017<\/a>\r\n\r\n<strong>Grado en Ciencias Ambientales\r\n<\/strong>\r\n\r\n<a href=\"http:\/\/centros.unileon.es\/biologia\/files\/2016\/05\/1-Asignacion-PROVISIONAL-TFGs-julio-CA-curso-2016-2017.pdf\">Asignacion PROVISIONAL TFGs julio CA &#8211; curso 2016-2017<\/a>\r\n\r\n<strong>Grado en Biolotecnolog\u00eda<\/strong>\r\n\r\n<a href=\"http:\/\/centros.unileon.es\/biologia\/files\/2016\/05\/1-Asignacion-PROVISIONAL-TFGs-julio-BT-curso-2016-2017.pdf\">Asignacion PROVISIONAL TFGs julio BT &#8211; curso 2016-2017<\/a>\r\n\r\n&nbsp;\r\n<h2><span style=\"color: #993300;\">Oferta de Trabajos de Fin de Grado Generales \u00a0para el Curso 2016\/2017<\/span><\/h2>\r\n<strong>Grado en Biolog\u00eda<\/strong>\r\n\r\n<a href=\"http:\/\/centros.unileon.es\/biologia\/files\/2016\/05\/1-Listados-TFG-Biolog\u00eda-2016-2017.pdf\">Listado TFGs Biolog\u00eda 2016-2017<\/a>\r\n\r\n<a href=\"http:\/\/centros.unileon.es\/biologia\/files\/2016\/05\/Propuestas-Biolog\u00eda.pdf\">TFGs Biolog\u00eda_descripci\u00f3n detallada<\/a>\r\n\r\n<strong>Grado en Biotecnolog\u00eda<\/strong>\r\n\r\n<a href=\"http:\/\/centros.unileon.es\/biologia\/files\/2016\/05\/1-Listados-TFG-Biotecnolog\u00eda-2016-2017.pdf\">Listado TFGs Biotecnolog\u00eda 2016-2017<\/a>\r\n\r\n<a href=\"http:\/\/centros.unileon.es\/biologia\/files\/2016\/05\/Propuestas-Biotecnolog\u00eda.pdf\">TFGs Biotecnolog\u00eda_descripci\u00f3n detallada<\/a>\r\n\r\n<strong>Grado en Ciencias Ambientales<\/strong>\r\n\r\n<a href=\"http:\/\/centros.unileon.es\/biologia\/files\/2016\/05\/1-Listados-TFG-CC.-Ambientales-2016-2017.pdf\">Listados TFGs CC. Ambientales 2016-2017<\/a>\r\n\r\n<a href=\"http:\/\/centros.unileon.es\/biologia\/files\/2016\/05\/Propuestas-Ciencias-Ambientales.pdf\">TFGs Ciencias Ambientales descripci\u00f3n detallada<\/a>\r\n<h2>Calendario de asignaci\u00f3n de los TFGs para el Curso 2016\/2017<\/h2>\r\n<div align=\"center\">\r\n<table>\r\n<tbody>\r\n<tr>\r\n<th>Curso 2016\/2017<\/th>\r\n<\/tr>\r\n<tr>\r\n<td>25-29 Mayo<\/td>\r\n<td>Publicaci\u00f3n en la p\u00e1gina web de la Facultad de:\r\n-Oferta de TFGs Generales.\r\n-Criterios de asignaci\u00f3n.<\/td>\r\n<\/tr>\r\n<tr>\r\n<td><span style=\"color: #993300;\"><strong>11-15 Julio<\/strong><\/span><\/td>\r\n<td><span style=\"color: #000000;\"><span style=\"color: #993300;\"><strong>\u00a1ESTUDIANTES!<\/strong><\/span> Presentaci\u00f3n de las solicitudes de TFG Generales (<strong>Impreso 2<\/strong>) o TFG Espec\u00edficos (<strong>Impreso 3<\/strong>) debidamente firmadas.<\/span>\r\n<span style=\"color: #000000;\"> &#8211; Opci\u00f3n 1: Remitir a la Secretar\u00eda del centro por correo electr\u00f3nico (fbiadm@unileon.es), indicando en el asunto del mensaje: TFG_Grado_Apellidos_Nombre.<\/span>\r\n<span style=\"color: #000000;\"> &#8211; Opci\u00f3n 2: Entregar personalmente en la Unidad Administrativa de la Facultad.<\/span><\/td>\r\n<\/tr>\r\n<tr>\r\n<td>25-28 Julio<\/td>\r\n<td>Asignaci\u00f3n provisional de los TFGs y publicaci\u00f3n en la web de la Facultad.<\/td>\r\n<\/tr>\r\n<tr>\r\n<td><\/td>\r\n<td><\/td>\r\n<\/tr>\r\n<tr>\r\n<td><\/td>\r\n<td><\/td>\r\n<\/tr>\r\n<tr>\r\n<td>6-09 Octubre<\/td>\r\n<td>Presentaci\u00f3n de posibles solicitudes de cambio de tutor o tema de TFG.<\/td>\r\n<\/tr>\r\n<tr>\r\n<td>13-16 Octubre<\/td>\r\n<td>Asignaci\u00f3n definitiva de los TFGs y publicaci\u00f3n en la web de la Facultad.<\/td>\r\n<\/tr>\r\n<\/tbody>\r\n<\/table>\r\n<h2 style=\"text-align: left;\">Criterios de asignaci\u00f3n<\/h2>\r\n<p style=\"text-align: left;\">Para la asignaci\u00f3n de los TFGs Generales se considerar\u00e1n la nota media del expediente acad\u00e9mico y, en la medida de lo posible, las preferencias manifestadas por los estudiantes. La asignaci\u00f3n de los TFGs espec\u00edficos propuestos por un estudiante y que tengan el visto bueno del tutor y del Departamento ser\u00e1 autom\u00e1tica.<\/p>\r\n\r\n<\/div>","protected":false},"excerpt":{"rendered":"<p>Convocatorias del Acto de Defensa (20 de septiembre de 2017) Actas de Orden de Presentaci\u00f3n con horarios y Aulas\u00a0 Comisiones de Biotecnolog\u00eda (Tribunal 2) BT-Tribunal 2 septiembre Comisiones de Ciencias Ambientales (Tribunal 1) CA-Acta TRIBUNAL 1 septiembre Comisiones de Biolog\u00eda (Tribunales 2 y 3) Biolog\u00eda_TRIBUNAL 2_SEPTIEMBRE Biolog\u00eda TRIBUNAL 3 SEPTIEMBRE \u00a0Tribunales 2017\/2017\u00a0 Actas de Orden [&hellip;]<\/p>\n","protected":false},"author":3,"featured_media":0,"parent":0,"menu_order":0,"comment_status":"closed","ping_status":"closed","template":"","meta":{"footnotes":""},"class_list":["post-8222","page","type-page","status-publish","hentry"],"_links":{"self":[{"href":"https:\/\/centros.unileon.es\/biologia\/wp-json\/wp\/v2\/pages\/8222","targetHints":{"allow":["GET"]}}],"collection":[{"href":"https:\/\/centros.unileon.es\/biologia\/wp-json\/wp\/v2\/pages"}],"about":[{"href":"https:\/\/centros.unileon.es\/biologia\/wp-json\/wp\/v2\/types\/page"}],"author":[{"embeddable":true,"href":"https:\/\/centros.unileon.es\/biologia\/wp-json\/wp\/v2\/users\/3"}],"replies":[{"embeddable":true,"href":"https:\/\/centros.unileon.es\/biologia\/wp-json\/wp\/v2\/comments?post=8222"}],"version-history":[{"count":46,"href":"https:\/\/centros.unileon.es\/biologia\/wp-json\/wp\/v2\/pages\/8222\/revisions"}],"predecessor-version":[{"id":8669,"href":"https:\/\/centros.unileon.es\/biologia\/wp-json\/wp\/v2\/pages\/8222\/revisions\/8669"}],"wp:attachment":[{"href":"https:\/\/centros.unileon.es\/biologia\/wp-json\/wp\/v2\/media?parent=8222"}],"curies":[{"name":"wp","href":"https:\/\/api.w.org\/{rel}","templated":true}]}}