{"id":820,"date":"2011-05-30T08:19:10","date_gmt":"2011-05-30T08:19:10","guid":{"rendered":"http:\/\/centros.unileon.es\/biologia\/?page_id=820"},"modified":"2011-11-08T09:57:38","modified_gmt":"2011-11-08T09:57:38","slug":"licenciatura-en-biotecnologia-2","status":"publish","type":"page","link":"https:\/\/centros.unileon.es\/biologia\/licenciatura-en-biotecnologia-2\/","title":{"rendered":"Licenciatura en Biotecnolog\u00eda"},"content":{"rendered":"<div align=\"center\"><a href=\"http:\/\/centros.unileon.es\/biologia\/files\/2010\/10\/gbiot.jpg\"><img decoding=\"async\" src=\"http:\/\/centros.unileon.es\/biologia\/files\/2010\/10\/gbiot.jpg\" alt=\"\" \/><\/a><\/div>\r\n<br>En el curso 2004\/2005 comienza a impartirse en la Facultad de Ciencias Biol\u00f3gicas y Ambientales de la Universidad de Le\u00f3n el t\u00edtulo oficial de Licenciado en Biotecnolog\u00eda. Es un t\u00edtulo de primero y segundo ciclo lo que supone un nuevo reto para la Universidad de Le\u00f3n.Es un t\u00edtulo de primero y segundo ciclo con una carga lectiva de 310 cr\u00e9ditos distribuidos en cinco cursos acad\u00e9micos tres de primer ciclo y dos de segundo.Las disciplinas que constituyen el bloque principal de la titulaci\u00f3n son, Bioqu\u00edmica, Microbiolog\u00eda, Gen\u00e9tica, Ingenier\u00eda Qu\u00edmica y Biolog\u00eda Celular.Por otra parte estas materias est\u00e1n claramente interrelacinoadas con la investigaci\u00f3n que se lleva a cabo, tanto en el propio seno de la Universidad de Le\u00f3n, como en los Institutos de Investigaci\u00f3n. La cada vez m\u00e1s evidente necesidad de apoyo de las titulaciones universitarias en el \u201ctejido empresarial\u201d pr\u00f3ximo, aparte de proporcionar la inserci\u00f3n laboral de los titulados, posibilita la contrataci\u00f3n de profesorado asociado y la realizaci\u00f3n de pr\u00e1cticas de alumnos en empresa. <\/br><p><\/p><p><\/p>\r\n<h2>Objetivos<\/h2>\r\n<br>El principal objetivo es formar Licenciados en Biotecnolog\u00eda, esto es, t\u00e9cnicos en la utilizaci\u00f3n de c\u00e9lulas vivas (microorganismos, c\u00e9lulas vegetales, c\u00e9lulas animales), cultivos celulares o mol\u00e9culas derivadas de un organismo para obtener o modificar un producto (alimento, medicamento), mejorar una planta o un animal o desarrollar un organismo para utilizarlo con un prop\u00f3sito espec\u00edfico. Se formar\u00e1 a los estudiantes en la aplicaci\u00f3n de principios cient\u00edficos y de ingenier\u00eda para el proceso de materiales, a trav\u00e9s de agentes biol\u00f3gicos, para obtener bienes y servicios; y la aplicaci\u00f3n de la ciencia y de la ingenier\u00eda con el uso de organismos vivos o partes de ellos, o sus productos en su forma natural o modificada.<\/br>\r\n<p><\/p><p><\/p>\r\n<h2>Salidas Profesionales<\/h2>\r\n<br>Los profesionales de la Biotecnolog\u00eda est\u00e1n capacitados para realizar su actividad laboral en la investigaci\u00f3n b\u00e1sica y aplicada en Ciencias de la vida y especialmente en el desarrollo de procesos industriales para la obtenci\u00f3n de productos dirigidos a las industrias farmac\u00e9utica y veterinaria, agroalimentaria y qu\u00edmica, as\u00ed como las relacionadas con el medio ambiente y la miner\u00eda. <\/br><p><\/p><p><\/p>\r\n<h2>Programas de Asignaturas (en extinci\u00f3n)<\/h2>\r\n<br>El plan de estudios conducente a la obtenci\u00f3n del t\u00edtulo oficial de Licenciado en Biotecnolog\u00eda tiene una duraci\u00f3n total de cinco a\u00f1os, distribuy\u00e9ndose en dos ciclos con una carga lectiva total de 310,0 cr\u00e9ditos (1 cr\u00e9dito igual a 10 horas lectivas), que se dividen en materias troncales, materias obligatorias, materias optativas, m\u00e1s un n\u00famero limitado de cr\u00e9ditos de libre configuraci\u00f3n.<\/br><p><\/p>\r\n<div align=\"center\">\r\n<p>\r\n<\/p>\r\n<table>\r\n<tbody>\r\n<tr>\r\n<th colspan=\"3\" align=\"center\"><span style=\"color: #0101df\"> &nbsp; &nbsp; &nbsp;  &nbsp; &nbsp; &nbsp;  &nbsp; &nbsp; &nbsp; &nbsp; &nbsp; &nbsp;  &nbsp; &nbsp; &nbsp;  &nbsp; &nbsp; &nbsp;  &nbsp; &nbsp; &nbsp;   &nbsp; &nbsp; &nbsp;  Cuarto curso &nbsp; &nbsp; &nbsp;  &nbsp; &nbsp; &nbsp;  &nbsp; &nbsp; &nbsp; &nbsp; &nbsp; &nbsp;  &nbsp; &nbsp; &nbsp;  &nbsp; &nbsp; &nbsp;  &nbsp; &nbsp; &nbsp;   &nbsp; &nbsp; &nbsp;  <\/span><\/th>\r\n<\/tr>\r\n<tr bgcolor=\"#0101df\">\r\n<th><span style=\"color: #0080FF\">1<sup>er<\/sup> Cuatrimestre &#8211; Asignaturas &nbsp; &nbsp; &nbsp; &nbsp; &nbsp; &nbsp; &nbsp; &nbsp; <\/span><\/th>\r\n<th><span style=\"color: #0080FF\">N\u00ba Cr\u00e9ditos<\/span><\/th>\r\n<th><span style=\"color: #0080FF\">Tipo<br>asignatura<\/br><\/span><\/th>\r\n<\/tr>\r\n<tr>\r\n<td>Bioinform\u00e1tica<\/td>\r\n<td align=\"center\">6<\/td>\r\n<td>Troncal<\/td>\r\n<\/tr>\r\n<tr>\r\n<td>Ingenier\u00eda gen\u00e9tica molecular<\/td>\r\n<td align=\"center\">6<\/td>\r\n<td>Troncal<\/td>\r\n<\/tr>\r\n<tr>\r\n<td>Inmunolog\u00eda<\/td>\r\n<td align=\"center\">4,5<\/td>\r\n<td>Troncal<\/td>\r\n<\/tr>\r\n<tr>\r\n<td>Prote\u00f3mica<\/td>\r\n<td align=\"center\">4,5<\/td>\r\n<td>Troncal<\/td>\r\n<\/tr>\r\n<tr>\r\n<td>Qu\u00edmica e ingeniar\u00eda de prote\u00ednas<\/td>\r\n<td align=\"center\">6<\/td>\r\n<td>Troncal<\/td>\r\n<\/tr>\r\n<tr>\r\n<td>T\u00e9cnicas instrumentales avanzadas<\/td>\r\n<td align=\"center\">4,5<\/td>\r\n<td>Troncal<\/td>\r\n<\/tr>\r\n<tr bgcolor=\"#0101df\">\r\n<th><span style=\"color: #0080FF\">2<sup>o<\/sup> Cuatrimestre &#8211; Asignaturas <\/span><\/th>\r\n<th><\/th>\r\n<\/tr>\r\n<tr>\r\n<td>Aspectos legales y sociales<br>de la biolog\u00eda<\/br><\/td>\r\n<td align=\"center\">6<\/td>\r\n<td>Troncal<\/td>\r\n<\/tr>\r\n<tr>\r\n<td>Biorreactores<\/td>\r\n<td align=\"center\">7,5<\/td>\r\n<td>Troncal<\/td>\r\n<\/tr>\r\n<tr>\r\n<td>Cultivos celulares<\/td>\r\n<td align=\"center\">4,5<\/td>\r\n<td>Troncal<\/td>\r\n<\/tr>\r\n<tr>\r\n<td>Procesos y productos biotecnol\u00f3gicos<\/td>\r\n<td align=\"center\">8,5<\/td>\r\n<td>Troncal<\/td>\r\n<\/tr>\r\n<tr>\r\n<td>Virolog\u00eda<\/td>\r\n<td align=\"center\">4,5<\/td>\r\n<td>Troncal<\/td>\r\n<\/tr>\r\n<tr>\r\n<td bgcolor=\"#ffffff\"><\/td>\r\n<td align=\"center\" bgcolor=\"#0101df\"><span style=\"color: #0080FF\">Total: 63<\/span><\/td>\r\n<td><\/td>\r\n<\/tr>\r\n<\/tbody>\r\n<\/table>\r\n<p>\r\n<\/p>\r\n<table>\r\n<tbody>\r\n<tr>\r\n<th colspan=\"3\" align=\"center\"><span style=\"color: #0101df\"> &nbsp; &nbsp; &nbsp;  &nbsp; &nbsp; &nbsp;  &nbsp; &nbsp; &nbsp; &nbsp; &nbsp; &nbsp;  &nbsp; &nbsp; &nbsp;  &nbsp; &nbsp; &nbsp;  &nbsp; &nbsp; &nbsp;   &nbsp; &nbsp; &nbsp;  Quinto curso &nbsp; &nbsp; &nbsp;  &nbsp; &nbsp; &nbsp;  &nbsp; &nbsp; &nbsp; &nbsp; &nbsp; &nbsp;  &nbsp; &nbsp; &nbsp;  &nbsp; &nbsp; &nbsp;  &nbsp; &nbsp; &nbsp;   &nbsp; &nbsp; &nbsp;  <\/span><\/th>\r\n<\/tr>\r\n<tr bgcolor=\"#0101df\">\r\n<th><span style=\"color: #0080FF\">1<sup>er<\/sup> Cuatrimestre &#8211; Asignaturas &nbsp; &nbsp; &nbsp; &nbsp; &nbsp; &nbsp; &nbsp; &nbsp; <\/span><\/th>\r\n<th><span style=\"color: #0080FF\">N\u00ba Cr\u00e9ditos<\/span><\/th>\r\n<th><span style=\"color: #0080FF\">Tipo<br>asignatura<\/br><\/span><\/th>\r\n<\/tr>\r\n<tr>\r\n<td>Bases ecol\u00f3gicas en biotecnolog\u00eda<\/td>\r\n<td align=\"center\">4,5<\/td>\r\n<td>Optativa<\/td>\r\n<\/tr>\r\n<tr>\r\n<td>Bio\u00e9tica<\/td>\r\n<td align=\"center\">6<\/td>\r\n<td>Optativa<\/td>\r\n<\/tr>\r\n<tr>\r\n<td>Biotecnolog\u00eda alimentaria<\/td>\r\n<td align=\"center\">6<\/td>\r\n<td>Optativa<\/td>\r\n<\/tr>\r\n<tr>\r\n<td>Metabolitos microbianos<\/td>\r\n<td align=\"center\">6<\/td>\r\n<td>Optativa<\/td>\r\n<\/tr>\r\n<tr>\r\n<td>Patogenicidad microbiana y dise\u00f1o de vacunas<\/td>\r\n<td align=\"center\">4,5<\/td>\r\n<td>Optativa<\/td>\r\n<\/tr>\r\n<tr>\r\n<td>Producci\u00f3n de antibi\u00f3ticos<\/td>\r\n<td align=\"center\">4,5<\/td>\r\n<td>Optativa<\/td>\r\n<\/tr>\r\n<tr>\r\n<td>Regulaci\u00f3n de la expresi\u00f3n g\u00e9nica<br>en eucariones<\/br><\/td>\r\n<td align=\"center\">4,5<\/td>\r\n<td>Optativa<\/td>\r\n<\/tr>\r\n<tr>\r\n<td>Biotecnolog\u00eda de la reproducci\u00f3n<\/td>\r\n<td align=\"center\">4,5<\/td>\r\n<td>Optativa<\/td>\r\n<\/tr>\r\n<tr>\r\n<td>Biotecnolog\u00eda y producci\u00f3n animal<\/td>\r\n<td align=\"center\">6<\/td>\r\n<td>Optativa<\/td>\r\n<\/tr>\r\n<tr>\r\n<td>Biotecnolog\u00eda vegetal<\/td>\r\n<td align=\"center\">6<\/td>\r\n<td>Optativa<\/td>\r\n<\/tr>\r\n<tr>\r\n<td>T\u00e9cnicas bot\u00e1nicas<\/td>\r\n<td align=\"center\">6<\/td>\r\n<td>Optativa<\/td>\r\n<\/tr>\r\n<tr bgcolor=\"#0101df\">\r\n<th><span style=\"color: #0080FF\">2<sup>o<\/sup> Cuatrimestre &#8211; Asignaturas <\/span><\/th>\r\n<th><span style=\"color: #0080FF\"><\/span><\/th>\r\n<\/tr>\r\n<tr>\r\n<td>Biodegradaci\u00f3n y biorremediaci\u00f3n<\/td>\r\n<td align=\"center\">6<\/td>\r\n<td>Optativa<\/td>\r\n<\/tr>\r\n<tr>\r\n<td>Biomedicina y productos biotecnol\u00f3gicos<\/td>\r\n<td align=\"center\">6<\/td>\r\n<td>Optativa<\/td>\r\n<\/tr>\r\n<tr>\r\n<td>Biotecnolog\u00eda de hongos filamentosos<br>y levaduras<\/br><\/td>\r\n<td align=\"center\">4,5<\/td>\r\n<td>Optativa<\/td>\r\n<\/tr>\r\n<tr>\r\n<td>Biotecnolog\u00eda y procesos ambientales<\/td>\r\n<td align=\"center\">6<\/td>\r\n<td>Optativa<\/td>\r\n<\/tr>\r\n<tr>\r\n<td>Calidad de procesos biotecnol\u00f3gicos<\/td>\r\n<td align=\"center\">6<\/td>\r\n<td>Optativa<\/td>\r\n<\/tr>\r\n<tr>\r\n<td>Redes neuronales y algoritmos gen\u00e9ticos<\/td>\r\n<td align=\"center\">6<\/td>\r\n<td>Optativa<\/td>\r\n<\/tr>\r\n<tr>\r\n<td>Biotecnolog\u00eda forestal<\/td>\r\n<td align=\"center\">6<\/td>\r\n<td>Optativa<\/td>\r\n<\/tr>\r\n<tr>\r\n<td>T\u00e9cnicas aplicadas a la conservaci\u00f3n<br>de plantas<\/br><\/td>\r\n<td align=\"center\">4,5<\/td>\r\n<td>Optativa<\/td>\r\n<\/tr>\r\n<tr>\r\n<td>T\u00e9cnicas en biolog\u00eda celular<\/td>\r\n<td align=\"center\">4,5<\/td>\r\n<td>Optativa<\/td>\r\n<\/tr>\r\n<tr>\r\n<td>T\u00e9cnicas zool\u00f3gicas<\/td>\r\n<td align=\"center\">4,5<\/td>\r\n<td>Optativa<\/td>\r\n<\/tr>\r\n<tr>\r\n<td bgcolor=\"#ffffff\"><\/td>\r\n<td align=\"center\" bgcolor=\"#0101df\"><span style=\"color: #0080FF\">Total: 60<\/span><\/td>\r\n<td><\/td>\r\n<\/tr>\r\n<\/tbody>\r\n<\/table>\r\n<\/div>\r\n<br><\/br><div align=\"center\"><a href=\"http:\/\/centros.unileon.es\/biologia\/pagina-de-inicio\/\">Inicio<\/a><\/div>","protected":false},"excerpt":{"rendered":"<p>En el curso 2004\/2005 comienza a impartirse en la Facultad de Ciencias Biol\u00f3gicas y Ambientales de la Universidad de Le\u00f3n el t\u00edtulo oficial de Licenciado en Biotecnolog\u00eda. Es un t\u00edtulo de primero y segundo ciclo lo que supone un nuevo reto para la Universidad de Le\u00f3n.Es un t\u00edtulo de primero y segundo ciclo con una [&hellip;]<\/p>\n","protected":false},"author":3,"featured_media":0,"parent":0,"menu_order":0,"comment_status":"closed","ping_status":"open","template":"","meta":{"footnotes":""},"class_list":["post-820","page","type-page","status-publish","hentry"],"_links":{"self":[{"href":"https:\/\/centros.unileon.es\/biologia\/wp-json\/wp\/v2\/pages\/820","targetHints":{"allow":["GET"]}}],"collection":[{"href":"https:\/\/centros.unileon.es\/biologia\/wp-json\/wp\/v2\/pages"}],"about":[{"href":"https:\/\/centros.unileon.es\/biologia\/wp-json\/wp\/v2\/types\/page"}],"author":[{"embeddable":true,"href":"https:\/\/centros.unileon.es\/biologia\/wp-json\/wp\/v2\/users\/3"}],"replies":[{"embeddable":true,"href":"https:\/\/centros.unileon.es\/biologia\/wp-json\/wp\/v2\/comments?post=820"}],"version-history":[{"count":30,"href":"https:\/\/centros.unileon.es\/biologia\/wp-json\/wp\/v2\/pages\/820\/revisions"}],"predecessor-version":[{"id":2648,"href":"https:\/\/centros.unileon.es\/biologia\/wp-json\/wp\/v2\/pages\/820\/revisions\/2648"}],"wp:attachment":[{"href":"https:\/\/centros.unileon.es\/biologia\/wp-json\/wp\/v2\/media?parent=820"}],"curies":[{"name":"wp","href":"https:\/\/api.w.org\/{rel}","templated":true}]}}