{"id":8180,"date":"2016-03-10T11:36:19","date_gmt":"2016-03-10T11:36:19","guid":{"rendered":"http:\/\/centros.unileon.es\/biologia\/?page_id=8180"},"modified":"2020-02-20T17:20:25","modified_gmt":"2020-02-20T17:20:25","slug":"normativa-de-la-facultad","status":"publish","type":"page","link":"https:\/\/centros.unileon.es\/biologia\/normativa-de-la-facultad\/","title":{"rendered":"Normativa de la Facultad"},"content":{"rendered":"<ul>\r\n\t<li><a href=\"http:\/\/centros.unileon.es\/biologia\/files\/2016\/03\/FCCBA_Reglamento_Regimen_Interno_2015.pdf\">Reglamento de R\u00e9gimen Interno de la Facultad de Ciencias Biol\u00f3gicas y Ambientales (aprobado en sesi\u00f3n de la Junta de Facultad de 22-10-2015)<\/a><\/li>\r\n<\/ul>\r\n<p>&nbsp;<\/p>\r\n<ul>\r\n\t<li><a href=\"http:\/\/centros.unileon.es\/biologia\/files\/2016\/03\/FCCBA_Norma_Prelacion_Pruebas_Evaluacion.pdf\">Norma de Prelaci\u00f3n, en caso de coincidencia, de las pruebas de evaluaci\u00f3n de primera y segunda convocatoria de los Grados de la Facultad de Ciencias Biol\u00f3gicas y Ambientales (aprobada en sesi\u00f3n de la Junta de Facultad de 18-12-2015)<\/a><\/li>\r\n<\/ul>\r\n<p>&nbsp;<\/p>\r\n<p>&nbsp;<\/p>","protected":false},"excerpt":{"rendered":"<p>Reglamento de R\u00e9gimen Interno de la Facultad de Ciencias Biol\u00f3gicas y Ambientales (aprobado en sesi\u00f3n de la Junta de Facultad de 22-10-2015) &nbsp; Norma de Prelaci\u00f3n, en caso de coincidencia, de las pruebas de evaluaci\u00f3n de primera y segunda convocatoria de los Grados de la Facultad de Ciencias Biol\u00f3gicas y Ambientales (aprobada en sesi\u00f3n de [&hellip;]<\/p>\n","protected":false},"author":3,"featured_media":0,"parent":0,"menu_order":0,"comment_status":"closed","ping_status":"closed","template":"","meta":{"footnotes":""},"class_list":["post-8180","page","type-page","status-publish","hentry"],"_links":{"self":[{"href":"https:\/\/centros.unileon.es\/biologia\/wp-json\/wp\/v2\/pages\/8180","targetHints":{"allow":["GET"]}}],"collection":[{"href":"https:\/\/centros.unileon.es\/biologia\/wp-json\/wp\/v2\/pages"}],"about":[{"href":"https:\/\/centros.unileon.es\/biologia\/wp-json\/wp\/v2\/types\/page"}],"author":[{"embeddable":true,"href":"https:\/\/centros.unileon.es\/biologia\/wp-json\/wp\/v2\/users\/3"}],"replies":[{"embeddable":true,"href":"https:\/\/centros.unileon.es\/biologia\/wp-json\/wp\/v2\/comments?post=8180"}],"version-history":[{"count":10,"href":"https:\/\/centros.unileon.es\/biologia\/wp-json\/wp\/v2\/pages\/8180\/revisions"}],"predecessor-version":[{"id":9881,"href":"https:\/\/centros.unileon.es\/biologia\/wp-json\/wp\/v2\/pages\/8180\/revisions\/9881"}],"wp:attachment":[{"href":"https:\/\/centros.unileon.es\/biologia\/wp-json\/wp\/v2\/media?parent=8180"}],"curies":[{"name":"wp","href":"https:\/\/api.w.org\/{rel}","templated":true}]}}